{"id":6139,"date":"2020-06-09T19:26:47","date_gmt":"2020-06-09T11:26:47","guid":{"rendered":"http:\/\/dmi65.com\/certification-qualite-de-leau\/"},"modified":"2020-06-09T19:26:49","modified_gmt":"2020-06-09T11:26:49","slug":"certification-qualite-de-leau","status":"publish","type":"page","link":"https:\/\/dmi65.com\/fr\/technique\/certification-qualite-de-leau\/","title":{"rendered":"Certification et qualit\u00e9 de l\u2019eau"},"content":{"rendered":"<div class=\"wpb-content-wrapper\"><p>[vc_row][vc_column width=\u00a0\u00bb2\/3&Prime;][vc_column_text]<\/p>\n<h4>Association de la qualit\u00e9 de l\u2019eau<\/h4>\n<p><strong>COMPOSANTS CERTIFI\u00c9S DU SYST\u00c8ME D\u2019EAU POTABLE<\/strong><\/p>\n<p>NSF\/ANSI-61 (03\/05\/2012): Composants du syst\u00e8me d\u2019eau potable &#8211; Effets sur la sant\u00e9 est dans la port\u00e9e approuv\u00e9e par l\u2019ANSI et le CSS de l\u2019ADM dans le cadre du programme de composantes du syst\u00e8me d\u2019eau potable<\/p>\n<p>Cette norme \u00e9tablit des exigences minimales en mati\u00e8re d\u2019effets sur la sant\u00e9 pour les contaminants chimiques et les impuret\u00e9s qui sont indirectement transmises \u00e0 l\u2019eau potable provenant des produits, des composants et des mat\u00e9riaux utilis\u00e9s dans les r\u00e9seaux d\u2019eau potable. Cette norme n\u2019\u00e9tablit pas de performances, de go\u00fbt et d\u2019odeur, ni d\u2019exigences de soutien \u00e0 la croissance microbienne pour les produits, les composants ou les mat\u00e9riaux des syst\u00e8mes d\u2019eau potable.<\/p>\n<p>Les produits de traitement de l\u2019eau potable certifi\u00e9s NSF\/ANSI 61 n\u2019ont pas \u00e9t\u00e9 test\u00e9s ou \u00e9valu\u00e9s pour obtenir des performances de r\u00e9duction des contaminants. Les demandes d\u2019essai et de certification de r\u00e9duction des contaminants doivent \u00eatre \u00e9valu\u00e9es par l\u2019entremise des normes de traitement de l\u2019eau potable r\u00e9sidentielle de l\u2019industrie.<\/p>\n<p><strong>Angleterre et Pays de Galles<\/strong><\/p>\n<p><em>En vertu du R\u00e8glement 31(4) (a) des r\u00e8glements de 2010 sur l\u2019approvisionnement en eau (qualit\u00e9 de l\u2019eau)<\/em>[\/vc_column_text][\/vc_column][vc_column width=\u00a0\u00bb1\/3&Prime;][vc_single_image image=\u00a0\u00bb4791&Prime; img_size=\u00a0\u00bbfull\u00a0\u00bb][vc_single_image image=\u00a0\u00bb5126&Prime; img_size=\u00a0\u00bbfull\u00a0\u00bb onclick=\u00a0\u00bblink_image\u00a0\u00bb][\/vc_column][\/vc_row]<\/p>\n<\/div>","protected":false},"excerpt":{"rendered":"<p>[vc_row][vc_column width=\u00a0\u00bb2\/3&Prime;][vc_column_text] Association de la qualit\u00e9 de l\u2019eau COMPOSANTS CERTIFI\u00c9S DU SYST\u00c8ME D\u2019EAU POTABLE NSF\/ANSI-61 (03\/05\/2012): Composants du syst\u00e8me d\u2019eau potable &#8211; Effets sur la sant\u00e9 est dans la port\u00e9e approuv\u00e9e par l\u2019ANSI et le CSS de l\u2019ADM dans le cadre du programme de composantes du syst\u00e8me d\u2019eau potable Cette norme \u00e9tablit des exigences minimales&hellip;<\/p>\n","protected":false},"author":1,"featured_media":0,"parent":7162,"menu_order":0,"comment_status":"closed","ping_status":"closed","template":"","meta":{"content-type":"","footnotes":""},"class_list":["post-6139","page","type-page","status-publish","hentry","description-off"],"yoast_head":"<!-- This site is optimized with the Yoast SEO plugin v25.2 - https:\/\/yoast.com\/wordpress\/plugins\/seo\/ -->\n<title>Certification et qualit\u00e9 de l\u2019eau - DMI-65\u00ae<\/title>\n<meta name=\"robots\" content=\"index, follow, max-snippet:-1, max-image-preview:large, max-video-preview:-1\" \/>\n<link rel=\"canonical\" href=\"https:\/\/dmi65.com\/fr\/technique\/certification-qualite-de-leau\/\" \/>\n<meta property=\"og:locale\" content=\"fr_FR\" \/>\n<meta property=\"og:type\" content=\"article\" \/>\n<meta property=\"og:title\" content=\"Certification et qualit\u00e9 de l\u2019eau - DMI-65\u00ae\" \/>\n<meta property=\"og:description\" content=\"[vc_row][vc_column width=\u00a0\u00bb2\/3&Prime;][vc_column_text] Association de la qualit\u00e9 de l\u2019eau COMPOSANTS CERTIFI\u00c9S DU SYST\u00c8ME D\u2019EAU POTABLE NSF\/ANSI-61 (03\/05\/2012): Composants du syst\u00e8me d\u2019eau potable &#8211; Effets sur la sant\u00e9 est dans la port\u00e9e approuv\u00e9e par l\u2019ANSI et le CSS de l\u2019ADM dans le cadre du programme de composantes du syst\u00e8me d\u2019eau potable Cette norme \u00e9tablit des exigences minimales&hellip;\" \/>\n<meta property=\"og:url\" content=\"https:\/\/dmi65.com\/fr\/technique\/certification-qualite-de-leau\/\" \/>\n<meta property=\"og:site_name\" content=\"DMI-65\u00ae\" \/>\n<meta property=\"article:modified_time\" content=\"2020-06-09T11:26:49+00:00\" \/>\n<meta property=\"og:image\" content=\"https:\/\/dmi65.com\/wp-content\/uploads\/2020\/06\/dmi65_Logo_Blk.png\" \/>\n\t<meta property=\"og:image:width\" content=\"466\" \/>\n\t<meta property=\"og:image:height\" content=\"200\" \/>\n\t<meta property=\"og:image:type\" content=\"image\/png\" \/>\n<meta name=\"twitter:card\" content=\"summary_large_image\" \/>\n<meta name=\"twitter:label1\" content=\"Dur\u00e9e de lecture estim\u00e9e\" \/>\n\t<meta name=\"twitter:data1\" content=\"1 minute\" \/>\n<script type=\"application\/ld+json\" class=\"yoast-schema-graph\">{\"@context\":\"https:\/\/schema.org\",\"@graph\":[{\"@type\":\"WebPage\",\"@id\":\"https:\/\/dmi65.com\/fr\/technique\/certification-qualite-de-leau\/\",\"url\":\"https:\/\/dmi65.com\/fr\/technique\/certification-qualite-de-leau\/\",\"name\":\"Certification et qualit\u00e9 de l\u2019eau - DMI-65\u00ae\",\"isPartOf\":{\"@id\":\"https:\/\/dmi65.com\/fr\/#website\"},\"datePublished\":\"2020-06-09T11:26:47+00:00\",\"dateModified\":\"2020-06-09T11:26:49+00:00\",\"breadcrumb\":{\"@id\":\"https:\/\/dmi65.com\/fr\/technique\/certification-qualite-de-leau\/#breadcrumb\"},\"inLanguage\":\"fr-FR\",\"potentialAction\":[{\"@type\":\"ReadAction\",\"target\":[\"https:\/\/dmi65.com\/fr\/technique\/certification-qualite-de-leau\/\"]}]},{\"@type\":\"BreadcrumbList\",\"@id\":\"https:\/\/dmi65.com\/fr\/technique\/certification-qualite-de-leau\/#breadcrumb\",\"itemListElement\":[{\"@type\":\"ListItem\",\"position\":1,\"name\":\"Home\",\"item\":\"https:\/\/dmi65.com\/fr\/\"},{\"@type\":\"ListItem\",\"position\":2,\"name\":\"Technique\",\"item\":\"https:\/\/dmi65.com\/fr\/technique\/\"},{\"@type\":\"ListItem\",\"position\":3,\"name\":\"Certification et qualit\u00e9 de l\u2019eau\"}]},{\"@type\":\"WebSite\",\"@id\":\"https:\/\/dmi65.com\/fr\/#website\",\"url\":\"https:\/\/dmi65.com\/fr\/\",\"name\":\"DMI-65\u00ae\",\"description\":\"Water Filtration &amp; Reverse Osmosis Treatment, Catalytic Media\",\"publisher\":{\"@id\":\"https:\/\/dmi65.com\/fr\/#organization\"},\"potentialAction\":[{\"@type\":\"SearchAction\",\"target\":{\"@type\":\"EntryPoint\",\"urlTemplate\":\"https:\/\/dmi65.com\/fr\/?s={search_term_string}\"},\"query-input\":{\"@type\":\"PropertyValueSpecification\",\"valueRequired\":true,\"valueName\":\"search_term_string\"}}],\"inLanguage\":\"fr-FR\"},{\"@type\":\"Organization\",\"@id\":\"https:\/\/dmi65.com\/fr\/#organization\",\"name\":\"DMI-65 & Quantum Filtration Pty Ltd\",\"url\":\"https:\/\/dmi65.com\/fr\/\",\"logo\":{\"@type\":\"ImageObject\",\"inLanguage\":\"fr-FR\",\"@id\":\"https:\/\/dmi65.com\/fr\/#\/schema\/logo\/image\/\",\"url\":\"https:\/\/dmi65.com\/wp-content\/uploads\/2020\/04\/dmi65.png\",\"contentUrl\":\"https:\/\/dmi65.com\/wp-content\/uploads\/2020\/04\/dmi65.png\",\"width\":440,\"height\":205,\"caption\":\"DMI-65 & Quantum Filtration Pty Ltd\"},\"image\":{\"@id\":\"https:\/\/dmi65.com\/fr\/#\/schema\/logo\/image\/\"},\"sameAs\":[\"https:\/\/www.linkedin.com\/company\/dmi-65\",\"https:\/\/www.youtube.com\/channel\/UCbXoMn5KBp2jrnx4KR_Qg4A\"]}]}<\/script>\n<!-- \/ Yoast SEO plugin. -->","yoast_head_json":{"title":"Certification et qualit\u00e9 de l\u2019eau - DMI-65\u00ae","robots":{"index":"index","follow":"follow","max-snippet":"max-snippet:-1","max-image-preview":"max-image-preview:large","max-video-preview":"max-video-preview:-1"},"canonical":"https:\/\/dmi65.com\/fr\/technique\/certification-qualite-de-leau\/","og_locale":"fr_FR","og_type":"article","og_title":"Certification et qualit\u00e9 de l\u2019eau - DMI-65\u00ae","og_description":"[vc_row][vc_column width=\u00a0\u00bb2\/3&Prime;][vc_column_text] Association de la qualit\u00e9 de l\u2019eau COMPOSANTS CERTIFI\u00c9S DU SYST\u00c8ME D\u2019EAU POTABLE NSF\/ANSI-61 (03\/05\/2012): Composants du syst\u00e8me d\u2019eau potable &#8211; Effets sur la sant\u00e9 est dans la port\u00e9e approuv\u00e9e par l\u2019ANSI et le CSS de l\u2019ADM dans le cadre du programme de composantes du syst\u00e8me d\u2019eau potable Cette norme \u00e9tablit des exigences minimales&hellip;","og_url":"https:\/\/dmi65.com\/fr\/technique\/certification-qualite-de-leau\/","og_site_name":"DMI-65\u00ae","article_modified_time":"2020-06-09T11:26:49+00:00","og_image":[{"width":466,"height":200,"url":"https:\/\/dmi65.com\/wp-content\/uploads\/2020\/06\/dmi65_Logo_Blk.png","type":"image\/png"}],"twitter_card":"summary_large_image","twitter_misc":{"Dur\u00e9e de lecture estim\u00e9e":"1 minute"},"schema":{"@context":"https:\/\/schema.org","@graph":[{"@type":"WebPage","@id":"https:\/\/dmi65.com\/fr\/technique\/certification-qualite-de-leau\/","url":"https:\/\/dmi65.com\/fr\/technique\/certification-qualite-de-leau\/","name":"Certification et qualit\u00e9 de l\u2019eau - DMI-65\u00ae","isPartOf":{"@id":"https:\/\/dmi65.com\/fr\/#website"},"datePublished":"2020-06-09T11:26:47+00:00","dateModified":"2020-06-09T11:26:49+00:00","breadcrumb":{"@id":"https:\/\/dmi65.com\/fr\/technique\/certification-qualite-de-leau\/#breadcrumb"},"inLanguage":"fr-FR","potentialAction":[{"@type":"ReadAction","target":["https:\/\/dmi65.com\/fr\/technique\/certification-qualite-de-leau\/"]}]},{"@type":"BreadcrumbList","@id":"https:\/\/dmi65.com\/fr\/technique\/certification-qualite-de-leau\/#breadcrumb","itemListElement":[{"@type":"ListItem","position":1,"name":"Home","item":"https:\/\/dmi65.com\/fr\/"},{"@type":"ListItem","position":2,"name":"Technique","item":"https:\/\/dmi65.com\/fr\/technique\/"},{"@type":"ListItem","position":3,"name":"Certification et qualit\u00e9 de l\u2019eau"}]},{"@type":"WebSite","@id":"https:\/\/dmi65.com\/fr\/#website","url":"https:\/\/dmi65.com\/fr\/","name":"DMI-65\u00ae","description":"Water Filtration &amp; Reverse Osmosis Treatment, Catalytic Media","publisher":{"@id":"https:\/\/dmi65.com\/fr\/#organization"},"potentialAction":[{"@type":"SearchAction","target":{"@type":"EntryPoint","urlTemplate":"https:\/\/dmi65.com\/fr\/?s={search_term_string}"},"query-input":{"@type":"PropertyValueSpecification","valueRequired":true,"valueName":"search_term_string"}}],"inLanguage":"fr-FR"},{"@type":"Organization","@id":"https:\/\/dmi65.com\/fr\/#organization","name":"DMI-65 & Quantum Filtration Pty Ltd","url":"https:\/\/dmi65.com\/fr\/","logo":{"@type":"ImageObject","inLanguage":"fr-FR","@id":"https:\/\/dmi65.com\/fr\/#\/schema\/logo\/image\/","url":"https:\/\/dmi65.com\/wp-content\/uploads\/2020\/04\/dmi65.png","contentUrl":"https:\/\/dmi65.com\/wp-content\/uploads\/2020\/04\/dmi65.png","width":440,"height":205,"caption":"DMI-65 & Quantum Filtration Pty Ltd"},"image":{"@id":"https:\/\/dmi65.com\/fr\/#\/schema\/logo\/image\/"},"sameAs":["https:\/\/www.linkedin.com\/company\/dmi-65","https:\/\/www.youtube.com\/channel\/UCbXoMn5KBp2jrnx4KR_Qg4A"]}]}},"_links":{"self":[{"href":"https:\/\/dmi65.com\/fr\/wp-json\/wp\/v2\/pages\/6139","targetHints":{"allow":["GET"]}}],"collection":[{"href":"https:\/\/dmi65.com\/fr\/wp-json\/wp\/v2\/pages"}],"about":[{"href":"https:\/\/dmi65.com\/fr\/wp-json\/wp\/v2\/types\/page"}],"author":[{"embeddable":true,"href":"https:\/\/dmi65.com\/fr\/wp-json\/wp\/v2\/users\/1"}],"replies":[{"embeddable":true,"href":"https:\/\/dmi65.com\/fr\/wp-json\/wp\/v2\/comments?post=6139"}],"version-history":[{"count":0,"href":"https:\/\/dmi65.com\/fr\/wp-json\/wp\/v2\/pages\/6139\/revisions"}],"up":[{"embeddable":true,"href":"https:\/\/dmi65.com\/fr\/wp-json\/wp\/v2\/pages\/7162"}],"wp:attachment":[{"href":"https:\/\/dmi65.com\/fr\/wp-json\/wp\/v2\/media?parent=6139"}],"curies":[{"name":"wp","href":"https:\/\/api.w.org\/{rel}","templated":true}]}}