{"id":5884,"date":"2020-06-09T11:29:43","date_gmt":"2020-06-09T03:29:43","guid":{"rendered":"http:\/\/dmi65.com\/larrosement-de-lenvironnement\/"},"modified":"2020-06-26T11:14:30","modified_gmt":"2020-06-26T03:14:30","slug":"larrosement-de-lenvironnement","status":"publish","type":"page","link":"https:\/\/dmi65.com\/fr\/solutions\/larrosement-de-lenvironnement\/","title":{"rendered":"Syst\u00e8mes d\u2019ass\u00e8chement"},"content":{"rendered":"<div class=\"wpb-content-wrapper\"><p>[vc_row][vc_column][vc_column_text css=\u00a0\u00bb.vc_custom_1592380872429{margin-top: 15px !important;margin-bottom: 15px !important;}\u00a0\u00bb]Syst\u00e8mes d\u2019ass\u00e8chement des environs : <a href=\"https:\/\/en.wikipedia.org\/wiki\/Dewatering\" target=\"_blank\" rel=\"noopener noreferrer\"><br \/>\n  <em>L\u2019ass\u00e8chement<\/em><br \/>\n<\/a> est d\u00e9fini par le processus d\u2019enl\u00e8vement de l\u2019eau d\u2019un site qui s\u2019accumule dans les fouilles de terrassement ou sous les structures \u00e0 la nappe phr\u00e9atique existante ou en dessous. Les activit\u00e9s d\u2019ass\u00e8chement sont permanentes ou temporaires. Les rejets permanents proviennent de sites qui ont des structures \u00e0 l\u2019aquen\u00e7able ou en dessous du r\u00e9seau d\u2019aqueduc existant, par exemple les puits de mine, les parkings souterrains sous les b\u00e2timents. Les rejets temporaires se produisent \u00e0 partir de sites o\u00f9 l\u2019eau p\u00e9n\u00e8tre dans l\u2019excavation des terrassements. Un d\u00e9charge temporaire se produit habituellement pendant toute la dur\u00e9e de la phase de construction.[\/vc_column_text][\/vc_column][\/vc_row][vc_row][vc_column]<div class=\"uavc-list-icon uavc-list-icon-wrapper ult-adjust-bottom-margin   vc_custom_1590987405882  vc_custom_1590987405882\"><ul class=\"uavc-list\"><li><div class=\"uavc-list-content\" id=\"list-icon-wrap-6286\">\n<div class=\"uavc-list-icon  \" data-animation=\"\" data-animation-delay=\"03\" style=\"margin-right:20px;\"><div class=\"ult-just-icon-wrapper  \"><div class=\"align-icon\" style=\"text-align:center;\">\n<div class=\"aio-icon none \"  style=\"color:#81d742;font-size:20px;display:inline-block;\">\n\t<i class=\"fas fa-check\"><\/i>\n<\/div><\/div><\/div>\n<\/div><span  data-ultimate-target='#list-icon-wrap-6286 .uavc-list-desc'  data-responsive-json-new='{\"font-size\":\"\",\"line-height\":\"\"}'  class=\"uavc-list-desc ult-responsive\" style=\"\"><strong>R\u00e9duire les temps d\u2019arr\u00eat<\/strong><\/p>\n<p><\/span><\/div><\/li><li><div class=\"uavc-list-content\" id=\"list-icon-wrap-3427\">\n<div class=\"uavc-list-icon  \" data-animation=\"\" data-animation-delay=\"03\" style=\"margin-right:20px;\"><div class=\"ult-just-icon-wrapper  \"><div class=\"align-icon\" style=\"text-align:center;\">\n<div class=\"aio-icon none \"  style=\"color:#81d742;font-size:20px;display:inline-block;\">\n\t<i class=\"fas fa-check\"><\/i>\n<\/div><\/div><\/div>\n<\/div><span  data-ultimate-target='#list-icon-wrap-3427 .uavc-list-desc'  data-responsive-json-new='{\"font-size\":\"\",\"line-height\":\"\"}'  class=\"uavc-list-desc ult-responsive\" style=\"\"><strong>\u00c9conomisez sur le nettoyage et le remplacement co\u00fbteux de membrane<\/strong><\/p>\n<p><\/span><\/div><\/li><li><div class=\"uavc-list-content\" id=\"list-icon-wrap-6941\">\n<div class=\"uavc-list-icon  \" data-animation=\"\" data-animation-delay=\"03\" style=\"margin-right:20px;\"><div class=\"ult-just-icon-wrapper  \"><div class=\"align-icon\" style=\"text-align:center;\">\n<div class=\"aio-icon none \"  style=\"color:#81d742;font-size:20px;display:inline-block;\">\n\t<i class=\"fas fa-check\"><\/i>\n<\/div><\/div><\/div>\n<\/div><span  data-ultimate-target='#list-icon-wrap-6941 .uavc-list-desc'  data-responsive-json-new='{\"font-size\":\"\",\"line-height\":\"\"}'  class=\"uavc-list-desc ult-responsive\" style=\"\"><strong>Am\u00e9liorer consid\u00e9rablement le rendement du syst\u00e8me en r\u00e9duisant l\u2019investissement initial en capital du syst\u00e8me<\/strong><\/p>\n<p><\/span><\/div><\/li><li><div class=\"uavc-list-content\" id=\"list-icon-wrap-2202\">\n<div class=\"uavc-list-icon  \" data-animation=\"\" data-animation-delay=\"03\" style=\"margin-right:20px;\"><div class=\"ult-just-icon-wrapper  \"><div class=\"align-icon\" style=\"text-align:center;\">\n<div class=\"aio-icon none \"  style=\"color:#81d742;font-size:20px;display:inline-block;\">\n\t<i class=\"fas fa-check\"><\/i>\n<\/div><\/div><\/div>\n<\/div><span  data-ultimate-target='#list-icon-wrap-2202 .uavc-list-desc'  data-responsive-json-new='{\"font-size\":\"\",\"line-height\":\"\"}'  class=\"uavc-list-desc ult-responsive\" style=\"\"><strong>Taux \u00e9lev\u00e9 de d\u00e9sinfection atteint<\/strong><\/p>\n<p><\/span><\/div><\/li><li><div class=\"uavc-list-content\" id=\"list-icon-wrap-3412\">\n<div class=\"uavc-list-icon  \" data-animation=\"\" data-animation-delay=\"03\" style=\"margin-right:20px;\"><div class=\"ult-just-icon-wrapper  \"><div class=\"align-icon\" style=\"text-align:center;\">\n<div class=\"aio-icon none \"  style=\"color:#81d742;font-size:20px;display:inline-block;\">\n\t<i class=\"fas fa-check\"><\/i>\n<\/div><\/div><\/div>\n<\/div><span  data-ultimate-target='#list-icon-wrap-3412 .uavc-list-desc'  data-responsive-json-new='{\"font-size\":\"\",\"line-height\":\"\"}'  class=\"uavc-list-desc ult-responsive\" style=\"\"><strong>Pas de lessivage des produits chimiques<\/strong><\/span><\/div><\/li><li><div class=\"uavc-list-content\" id=\"list-icon-wrap-8566\">\n<div class=\"uavc-list-icon  \" data-animation=\"\" data-animation-delay=\"03\" style=\"margin-right:20px;\"><div class=\"ult-just-icon-wrapper  \"><div class=\"align-icon\" style=\"text-align:center;\">\n<div class=\"aio-icon none \"  style=\"color:#81d742;font-size:20px;display:inline-block;\">\n\t<i class=\"fas fa-check\"><\/i>\n<\/div><\/div><\/div>\n<\/div><span  data-ultimate-target='#list-icon-wrap-8566 .uavc-list-desc'  data-responsive-json-new='{\"font-size\":\"\",\"line-height\":\"\"}'  class=\"uavc-list-desc ult-responsive\" style=\"\"><strong>\u00c9conomies substantielles sur l\u2019ensemble des co\u00fbts de vie<\/strong><\/p>\n<p><\/span><\/div><\/li><\/ul><\/div>[vc_column_text]L\u2019excavation sous le niveau actuel des eaux souterraines a le potentiel de cr\u00e9er des s\u00e9dimentations importantes, des probl\u00e8mes d\u2019agr\u00e9ment et d\u2019autres impacts sur la qualit\u00e9 de l\u2019eau sur les environnements sensibles d\u2019estuarien et de r\u00e9ception d\u2019eau douce. Le probl\u00e8me d\u00e9coule des op\u00e9rations <a href=\"https:\/\/en.wikipedia.org\/wiki\/Dewatering\" target=\"_blank\" rel=\"noopener noreferrer\">d\u2019ass\u00e8chement<\/a> situ\u00e9es dans les zones c\u00f4ti\u00e8res o\u00f9 les niveaux de surface naturels sont inf\u00e9rieurs \u00e0 5mAHD. Ces zones sont susceptibles de contenir des sols sulfates acides r\u00e9els ou potentiels. L\u2019ass\u00e8chement n\u00e9cessaire \u00e0 la construction de ces sous-sols entra\u00eene donc souvent l\u2019extraction (par l\u2019utilisation de lances d\u2019eau souterraine) d\u2019eau souterraine \u00e0 faible pH (acide).<\/p>\n<p>La solubilit\u00e9 de nombreux m\u00e9taux est sensible au pH et en particulier la solubilit\u00e9 du fer et du mangan\u00e8se augmente consid\u00e9rablement au pH inf\u00e9rieur. En raison de cette propri\u00e9t\u00e9, les eaux souterraines acides contiennent souvent de fortes concentrations de m\u00e9taux solubles, qui sont pratiquement incolores dans un \u00e9tat dissous (soluble). Bien qu\u2019ils soient pr\u00e9sents sous une forme soluble \u00e0 faible pH, ces m\u00e9taux sont \u00e9galement extr\u00eamement toxiques pour de nombreuses formes de vie aquatique.<\/p>\n<p>Si les eaux souterraines acides extraites sont rejet\u00e9es sans traitement \u00e0 l\u2019estuaire ou \u00e0 l\u2019eau de r\u00e9ception marine, une gamme d\u2019impacts possibles est susceptible de se produire, y compris la mortalit\u00e9 directe ou des blessures \u00e0 la vie aquatique, la r\u00e9duction de la capacit\u00e9 tampon de pH des estuaires, les dommages \u00e0 l\u2019infrastructure, et la perte d\u2019agr\u00e9ment visuel des panaches visuels et la coloration.<\/p>\n<p>Une \u00e9valuation de l\u2019impact sur la v\u00e9g\u00e9tation locale, les sources, les terres humides et les forages d\u2019eau souterraine utilis\u00e9s par d\u2019autres personnes \u00e0 proximit\u00e9 d\u2019un projet d\u2019ass\u00e8chement devrait \u00eatre effectu\u00e9e avant l\u2019ass\u00e8chement. Lorsque l\u2019\u00e9valuation indique une r\u00e9duction potentielle de la nappe phr\u00e9atique ou de la qualit\u00e9 des eaux souterraines, l\u2019exploitant devrait soit concevoir le syst\u00e8me d\u2019ass\u00e8chement pour surmonter cette menace, soit fournir un approvisionnement en eau de remplacement acceptable aux parties touch\u00e9es.<\/p>\n<p>Les probl\u00e8mes d\u2019odeur qui \u00e9manent des activit\u00e9s d\u2019ass\u00e8chement peuvent avoir des r\u00e9percussions n\u00e9gatives sur les r\u00e9sidents qui entourent le site. Si les eaux souterraines sont contamin\u00e9es, des gaz comme le sulfure d\u2019hydrog\u00e8ne et les hydrocarbures peuvent \u00eatre lib\u00e9r\u00e9s pendant le processus d\u2019ass\u00e8chement. Une fois lib\u00e9r\u00e9s, ces gaz peuvent causer de graves odeurs qui peuvent \u00eatre offensantes pour les r\u00e9sidents avoisinants.<\/p>\n<p>DMI-65 est un sable de silice extr\u00eamement puissant \u00e0 base de sable catalytique milieu de filtration de l\u2019eau qui est con\u00e7u pour l\u2019\u00e9limination du fer et du mangan\u00e8se sans l\u2019utilisation de permanganate de potassium par un processus avanc\u00e9 <a href=\"http:\/\/dmi65.com\/fr\/technique\/avance-oxydation-processus-pour-eau-filtration\/\">d\u2019oxydation<\/a>.<\/p>\n<p>DMI-65 est une technologie infus\u00e9e et pas seulement une technologie de rev\u00eatement de surface, contrairement \u00e0 d\u2019autres milieux catalytiques de filtration de l\u2019eau, ce qui \u00e9limine le risque de lessivage chimique dans le cours d\u2019eau.<\/p>\n<p>Afin de commencer le processus d\u2019oxydation du fer (et du mangan\u00e8se) dans la solution DMI-65 est con\u00e7u pour fonctionner en pr\u00e9sence de chlore ou d\u2019autres oxydants. Dans ce processus, l\u2019oxydant enl\u00e8ve les \u00e9lectrons et est consomm\u00e9 dans le processus. L\u2019exploitant doit s\u2019assurer qu\u2019il y a un r\u00e9sidu de chlore libre de 0,1 \u00e0 0,3 ppm dans l\u2019eau des effluents. Le chlore, aliment\u00e9 sous forme d\u2019hypochlorite de sodium ou d\u2019eau de Javel (12,5 NaOCl), est l\u2019oxydant pr\u00e9f\u00e9r\u00e9 puisqu\u2019il est relativement peu co\u00fbteux, facilement disponible dans le monde entier et il est efficace. Il effectue \u00e9galement la grande majorit\u00e9 de tout processus de d\u00e9sinfectant.<\/p>\n<h4>Avantages de l\u2019utilisation du DMI-65 dans le d\u00e9arrosage environnemental<\/h4>\n<p><strong>Conformit\u00e9 r\u00e9glementaire. <\/strong>Le DMI-65 \u00e9limine efficacement le fer dissous aux niveaux presque ind\u00e9tectables aussi bas que 0,001 PPM et le mangan\u00e8se \u00e0 0,001 PPM, ce qui permettra le rejet d\u2019eau dans l\u2019environnement dans pratiquement toutes les juridictions.<\/p>\n<p><strong>R\u00e9duction des co\u00fbts <\/strong>Le co\u00fbt total du syst\u00e8me de filtration de l\u2019eau d\u2019enl\u00e8vement du fer et du mangan\u00e8se est nettement inf\u00e9rieur aux solutions alternatives, \u00e0 l\u2019efficacit\u00e9, mais \u00e0 la relative simplicit\u00e9, des syst\u00e8mes bas\u00e9s sur DMI-65 r\u00e9duit les d\u00e9penses d\u2019investissement initiales consacr\u00e9es \u00e0 la complexit\u00e9 des usines ainsi que les d\u00e9penses op\u00e9rationnelles en cours dans les produits chimiques, l\u2019\u00e9nergie et la r\u00e9cup\u00e9ration des eaux us\u00e9es.<\/p>\n<p><strong>Taux de d\u00e9bit \u00e9lev\u00e9s<\/strong>. La technologie infus\u00e9e de <em>DMI-65 favorise le taux d\u2019oxydation le plus \u00e9lev\u00e9 de tous les milieux de filtration catalytiques.<\/em> Cela permet \u00e0 un d\u00e9bit d\u2019eau beaucoup plus \u00e9lev\u00e9 d\u2019atteindre le m\u00eame niveau d\u2019enl\u00e8vement du fer et du mangan\u00e8se. DMI-65 peut fonctionner \u00e0 des vitesses de filtration lin\u00e9aires jusqu\u2019\u00e0 deux fois plus que les m\u00e9dias conventionnels avec une r\u00e9duction correspondante des co\u00fbts d\u2019\u00e9quipement en capital.<\/p>\n<p><strong>High Load Capacity<\/strong> Capacit\u00e9 de charge \u00e9lev\u00e9e En raison de l\u2019augmentation de la surface due \u00e0 la structure micro-poreuse du mat\u00e9riau matrice, le DMI-65 a \u00e9galement une capacit\u00e9 de charge plus \u00e9lev\u00e9e en fer et en mangan\u00e8se qui peut prolonger la dur\u00e9e des d\u00e9bits de filtre et le temps entre le lavage arri\u00e8re, r\u00e9duisant ainsi les temps d\u2019arr\u00eat, les frais d\u2019exploitation et le gaspillage.<\/p>\n<p><strong>R\u00e9g\u00e9n\u00e9ration non requise<\/strong><strong>. <\/strong>Le support fonctionne avec une injection continue d\u2019hypochlorite de sodium \u00e0 de faibles niveaux r\u00e9siduels (0,1 \u00e0 0,3 ppm) ce qui \u00e9limine le besoin de permanganate de potassium.<\/p>\n<p><strong>Environnement d\u2019exploitation large<\/strong><strong>. <\/strong>Des performances stables et satisfaisantes \u00e0 pH 5,8 \u00e0 8,6 et une temp\u00e9rature d\u2019exploitation maximale de 113 oF (45 oC) r\u00e9duit le besoin d\u2019investissement pour modifier l\u2019environnement d\u2019exploitation.<\/p>\n<p><strong>Longue vie. <\/strong>DMI-65 n\u2019est pas consomm\u00e9 dans le processus lui donnant une dur\u00e9e de vie op\u00e9rationnelle pr\u00e9vue d\u2019un point de 10 ans, offrant des avantages consid\u00e9rables sur d\u2019autres processus ou m\u00e9dias. Les m\u00e9dias ne montrent pas une capacit\u00e9 de d\u00e9composition pour faire son travail catalytique. Au cours de la p\u00e9riode de 5 \u00e0 10 ans, gr\u00e2ce \u00e0 de nombreuses op\u00e9rations de lavage de fond du lit pour enlever les solides retenus, une perte d\u2019attrition du support se produit par contact entre les particules et l\u2019abrasion m\u00e9canique[\/vc_column_text][\/vc_column][\/vc_row][vc_row][vc_column]<div class=\"dt-fancy-separator title-left\" style=\"width: 100%;\"><div class=\"dt-fancy-title\"><span class=\"separator-holder separator-left\"><\/span>\u00c9tude de cas : Ass\u00e8chement de l\u2019environnement<span class=\"separator-holder separator-right\"><\/span><\/div><\/div>[\/vc_column][\/vc_row][vc_row][vc_column][vc_masonry_grid post_type=\u00a0\u00bbpost\u00a0\u00bb max_items=\u00a0\u00bb4&Prime; element_width=\u00a0\u00bb6&Prime; grid_id=\u00a0\u00bbvc_gid:1592797707753-1da1fd6c-51c1-4&Prime; taxonomies=\u00a0\u00bb1061&Prime; css=\u00a0\u00bb.vc_custom_1592706876269{margin-top: 15px !important;}\u00a0\u00bb][\/vc_column][\/vc_row][vc_row content_placement=\u00a0\u00bbmiddle\u00a0\u00bb css=\u00a0\u00bb.vc_custom_1592794121420{padding-top: 20px !important;padding-right: 20px !important;padding-bottom: 5px !important;padding-left: 20px !important;}\u00a0\u00bb el_class=\u00a0\u00bbcta\u00a0\u00bb][vc_column]<div class=\"dt-fancy-separator\" style=\"width: 100%;\"><div class=\"dt-fancy-title\"><span class=\"separator-holder separator-left\"><\/span>Renseignez-vous pour savoir comment les supports de filtration DMI-65\u00ae peuvent vous aider \u00e0 r\u00e9pondre \u00e0 vos besoins d\u2019ass\u00e8chement de l\u2019environnement.<span class=\"separator-holder separator-right\"><\/span><\/div><\/div>[vc_btn title=\u00a0\u00bbRenseignez-vous\u00a0\u00bb style=\u00a0\u00bbcustom\u00a0\u00bb custom_background=\u00a0\u00bb#162441&Prime; custom_text=\u00a0\u00bb#ffffff\u00a0\u00bb shape=\u00a0\u00bbsquare\u00a0\u00bb size=\u00a0\u00bblg\u00a0\u00bb align=\u00a0\u00bbcenter\u00a0\u00bb i_align=\u00a0\u00bbright\u00a0\u00bb i_icon_fontawesome=\u00a0\u00bbfas fa-chevron-right\u00a0\u00bb add_icon=\u00a0\u00bbtrue\u00a0\u00bb css=\u00a0\u00bb.vc_custom_1592793128520{margin-top: 20px !important;}\u00a0\u00bb el_class=\u00a0\u00bbctaButton sg-popup-id-8233&Prime;][\/vc_column][\/vc_row]<\/p>\n<\/div>","protected":false},"excerpt":{"rendered":"<p>[vc_row][vc_column][vc_column_text css=\u00a0\u00bb.vc_custom_1592380872429{margin-top: 15px !important;margin-bottom: 15px !important;}\u00a0\u00bb]Syst\u00e8mes d\u2019ass\u00e8chement des environs : L\u2019ass\u00e8chement est d\u00e9fini par le processus d\u2019enl\u00e8vement de l\u2019eau d\u2019un site qui s\u2019accumule dans les fouilles de terrassement ou sous les structures \u00e0 la nappe phr\u00e9atique existante ou en dessous. Les activit\u00e9s d\u2019ass\u00e8chement sont permanentes ou temporaires. Les rejets permanents proviennent de sites qui ont&hellip;<\/p>\n","protected":false},"author":1,"featured_media":0,"parent":7140,"menu_order":0,"comment_status":"closed","ping_status":"closed","template":"","meta":{"content-type":"","footnotes":""},"class_list":["post-5884","page","type-page","status-publish","hentry","description-off"],"yoast_head":"<!-- This site is optimized with the Yoast SEO plugin v25.2 - https:\/\/yoast.com\/wordpress\/plugins\/seo\/ -->\n<title>Environnementmetal Deswatering Systems for Construction - DMI-65\u00ae<\/title>\n<meta name=\"description\" content=\"DMI-65\u00ae peut \u00eatre utilis\u00e9 pour environmetal Dewatering Systems: qui est le processus d\u2019enl\u00e8vement de l\u2019eau d\u2019un site qui s\u2019accumule dans les fouilles de terrassement\" \/>\n<meta name=\"robots\" content=\"index, follow, max-snippet:-1, max-image-preview:large, max-video-preview:-1\" \/>\n<link rel=\"canonical\" href=\"https:\/\/dmi65.com\/fr\/solutions\/larrosement-de-lenvironnement\/\" \/>\n<meta property=\"og:locale\" content=\"fr_FR\" \/>\n<meta property=\"og:type\" content=\"article\" \/>\n<meta property=\"og:title\" content=\"Environnementmetal Deswatering Systems for Construction - DMI-65\u00ae\" \/>\n<meta property=\"og:description\" content=\"DMI-65\u00ae peut \u00eatre utilis\u00e9 pour environmetal Dewatering Systems: qui est le processus d\u2019enl\u00e8vement de l\u2019eau d\u2019un site qui s\u2019accumule dans les fouilles de terrassement\" \/>\n<meta property=\"og:url\" content=\"https:\/\/dmi65.com\/fr\/solutions\/larrosement-de-lenvironnement\/\" \/>\n<meta property=\"og:site_name\" content=\"DMI-65\u00ae\" \/>\n<meta property=\"article:modified_time\" content=\"2020-06-26T03:14:30+00:00\" \/>\n<meta property=\"og:image\" content=\"https:\/\/dmi65.com\/wp-content\/uploads\/2020\/06\/dmi65_Logo_Blk.png\" \/>\n\t<meta property=\"og:image:width\" content=\"466\" \/>\n\t<meta property=\"og:image:height\" content=\"200\" \/>\n\t<meta property=\"og:image:type\" content=\"image\/png\" \/>\n<meta name=\"twitter:card\" content=\"summary_large_image\" \/>\n<meta name=\"twitter:label1\" content=\"Dur\u00e9e de lecture estim\u00e9e\" \/>\n\t<meta name=\"twitter:data1\" content=\"8 minutes\" \/>\n<script type=\"application\/ld+json\" class=\"yoast-schema-graph\">{\"@context\":\"https:\/\/schema.org\",\"@graph\":[{\"@type\":\"WebPage\",\"@id\":\"https:\/\/dmi65.com\/fr\/solutions\/larrosement-de-lenvironnement\/\",\"url\":\"https:\/\/dmi65.com\/fr\/solutions\/larrosement-de-lenvironnement\/\",\"name\":\"Environnementmetal Deswatering Systems for Construction - DMI-65\u00ae\",\"isPartOf\":{\"@id\":\"https:\/\/dmi65.com\/fr\/#website\"},\"datePublished\":\"2020-06-09T03:29:43+00:00\",\"dateModified\":\"2020-06-26T03:14:30+00:00\",\"description\":\"DMI-65\u00ae peut \u00eatre utilis\u00e9 pour environmetal Dewatering Systems: qui est le processus d\u2019enl\u00e8vement de l\u2019eau d\u2019un site qui s\u2019accumule dans les fouilles de terrassement\",\"breadcrumb\":{\"@id\":\"https:\/\/dmi65.com\/fr\/solutions\/larrosement-de-lenvironnement\/#breadcrumb\"},\"inLanguage\":\"fr-FR\",\"potentialAction\":[{\"@type\":\"ReadAction\",\"target\":[\"https:\/\/dmi65.com\/fr\/solutions\/larrosement-de-lenvironnement\/\"]}]},{\"@type\":\"BreadcrumbList\",\"@id\":\"https:\/\/dmi65.com\/fr\/solutions\/larrosement-de-lenvironnement\/#breadcrumb\",\"itemListElement\":[{\"@type\":\"ListItem\",\"position\":1,\"name\":\"Home\",\"item\":\"https:\/\/dmi65.com\/fr\/\"},{\"@type\":\"ListItem\",\"position\":2,\"name\":\"Solutions\",\"item\":\"https:\/\/dmi65.com\/fr\/solutions\/\"},{\"@type\":\"ListItem\",\"position\":3,\"name\":\"Syst\u00e8mes d\u2019ass\u00e8chement\"}]},{\"@type\":\"WebSite\",\"@id\":\"https:\/\/dmi65.com\/fr\/#website\",\"url\":\"https:\/\/dmi65.com\/fr\/\",\"name\":\"DMI-65\u00ae\",\"description\":\"Water Filtration &amp; Reverse Osmosis Treatment, Catalytic Media\",\"publisher\":{\"@id\":\"https:\/\/dmi65.com\/fr\/#organization\"},\"potentialAction\":[{\"@type\":\"SearchAction\",\"target\":{\"@type\":\"EntryPoint\",\"urlTemplate\":\"https:\/\/dmi65.com\/fr\/?s={search_term_string}\"},\"query-input\":{\"@type\":\"PropertyValueSpecification\",\"valueRequired\":true,\"valueName\":\"search_term_string\"}}],\"inLanguage\":\"fr-FR\"},{\"@type\":\"Organization\",\"@id\":\"https:\/\/dmi65.com\/fr\/#organization\",\"name\":\"DMI-65 & Quantum Filtration Pty Ltd\",\"url\":\"https:\/\/dmi65.com\/fr\/\",\"logo\":{\"@type\":\"ImageObject\",\"inLanguage\":\"fr-FR\",\"@id\":\"https:\/\/dmi65.com\/fr\/#\/schema\/logo\/image\/\",\"url\":\"https:\/\/dmi65.com\/wp-content\/uploads\/2020\/04\/dmi65.png\",\"contentUrl\":\"https:\/\/dmi65.com\/wp-content\/uploads\/2020\/04\/dmi65.png\",\"width\":440,\"height\":205,\"caption\":\"DMI-65 & Quantum Filtration Pty Ltd\"},\"image\":{\"@id\":\"https:\/\/dmi65.com\/fr\/#\/schema\/logo\/image\/\"},\"sameAs\":[\"https:\/\/www.linkedin.com\/company\/dmi-65\",\"https:\/\/www.youtube.com\/channel\/UCbXoMn5KBp2jrnx4KR_Qg4A\"]}]}<\/script>\n<!-- \/ Yoast SEO plugin. -->","yoast_head_json":{"title":"Environnementmetal Deswatering Systems for Construction - DMI-65\u00ae","description":"DMI-65\u00ae peut \u00eatre utilis\u00e9 pour environmetal Dewatering Systems: qui est le processus d\u2019enl\u00e8vement de l\u2019eau d\u2019un site qui s\u2019accumule dans les fouilles de terrassement","robots":{"index":"index","follow":"follow","max-snippet":"max-snippet:-1","max-image-preview":"max-image-preview:large","max-video-preview":"max-video-preview:-1"},"canonical":"https:\/\/dmi65.com\/fr\/solutions\/larrosement-de-lenvironnement\/","og_locale":"fr_FR","og_type":"article","og_title":"Environnementmetal Deswatering Systems for Construction - DMI-65\u00ae","og_description":"DMI-65\u00ae peut \u00eatre utilis\u00e9 pour environmetal Dewatering Systems: qui est le processus d\u2019enl\u00e8vement de l\u2019eau d\u2019un site qui s\u2019accumule dans les fouilles de terrassement","og_url":"https:\/\/dmi65.com\/fr\/solutions\/larrosement-de-lenvironnement\/","og_site_name":"DMI-65\u00ae","article_modified_time":"2020-06-26T03:14:30+00:00","og_image":[{"width":466,"height":200,"url":"https:\/\/dmi65.com\/wp-content\/uploads\/2020\/06\/dmi65_Logo_Blk.png","type":"image\/png"}],"twitter_card":"summary_large_image","twitter_misc":{"Dur\u00e9e de lecture estim\u00e9e":"8 minutes"},"schema":{"@context":"https:\/\/schema.org","@graph":[{"@type":"WebPage","@id":"https:\/\/dmi65.com\/fr\/solutions\/larrosement-de-lenvironnement\/","url":"https:\/\/dmi65.com\/fr\/solutions\/larrosement-de-lenvironnement\/","name":"Environnementmetal Deswatering Systems for Construction - DMI-65\u00ae","isPartOf":{"@id":"https:\/\/dmi65.com\/fr\/#website"},"datePublished":"2020-06-09T03:29:43+00:00","dateModified":"2020-06-26T03:14:30+00:00","description":"DMI-65\u00ae peut \u00eatre utilis\u00e9 pour environmetal Dewatering Systems: qui est le processus d\u2019enl\u00e8vement de l\u2019eau d\u2019un site qui s\u2019accumule dans les fouilles de terrassement","breadcrumb":{"@id":"https:\/\/dmi65.com\/fr\/solutions\/larrosement-de-lenvironnement\/#breadcrumb"},"inLanguage":"fr-FR","potentialAction":[{"@type":"ReadAction","target":["https:\/\/dmi65.com\/fr\/solutions\/larrosement-de-lenvironnement\/"]}]},{"@type":"BreadcrumbList","@id":"https:\/\/dmi65.com\/fr\/solutions\/larrosement-de-lenvironnement\/#breadcrumb","itemListElement":[{"@type":"ListItem","position":1,"name":"Home","item":"https:\/\/dmi65.com\/fr\/"},{"@type":"ListItem","position":2,"name":"Solutions","item":"https:\/\/dmi65.com\/fr\/solutions\/"},{"@type":"ListItem","position":3,"name":"Syst\u00e8mes d\u2019ass\u00e8chement"}]},{"@type":"WebSite","@id":"https:\/\/dmi65.com\/fr\/#website","url":"https:\/\/dmi65.com\/fr\/","name":"DMI-65\u00ae","description":"Water Filtration &amp; Reverse Osmosis Treatment, Catalytic Media","publisher":{"@id":"https:\/\/dmi65.com\/fr\/#organization"},"potentialAction":[{"@type":"SearchAction","target":{"@type":"EntryPoint","urlTemplate":"https:\/\/dmi65.com\/fr\/?s={search_term_string}"},"query-input":{"@type":"PropertyValueSpecification","valueRequired":true,"valueName":"search_term_string"}}],"inLanguage":"fr-FR"},{"@type":"Organization","@id":"https:\/\/dmi65.com\/fr\/#organization","name":"DMI-65 & Quantum Filtration Pty Ltd","url":"https:\/\/dmi65.com\/fr\/","logo":{"@type":"ImageObject","inLanguage":"fr-FR","@id":"https:\/\/dmi65.com\/fr\/#\/schema\/logo\/image\/","url":"https:\/\/dmi65.com\/wp-content\/uploads\/2020\/04\/dmi65.png","contentUrl":"https:\/\/dmi65.com\/wp-content\/uploads\/2020\/04\/dmi65.png","width":440,"height":205,"caption":"DMI-65 & Quantum Filtration Pty Ltd"},"image":{"@id":"https:\/\/dmi65.com\/fr\/#\/schema\/logo\/image\/"},"sameAs":["https:\/\/www.linkedin.com\/company\/dmi-65","https:\/\/www.youtube.com\/channel\/UCbXoMn5KBp2jrnx4KR_Qg4A"]}]}},"_links":{"self":[{"href":"https:\/\/dmi65.com\/fr\/wp-json\/wp\/v2\/pages\/5884","targetHints":{"allow":["GET"]}}],"collection":[{"href":"https:\/\/dmi65.com\/fr\/wp-json\/wp\/v2\/pages"}],"about":[{"href":"https:\/\/dmi65.com\/fr\/wp-json\/wp\/v2\/types\/page"}],"author":[{"embeddable":true,"href":"https:\/\/dmi65.com\/fr\/wp-json\/wp\/v2\/users\/1"}],"replies":[{"embeddable":true,"href":"https:\/\/dmi65.com\/fr\/wp-json\/wp\/v2\/comments?post=5884"}],"version-history":[{"count":0,"href":"https:\/\/dmi65.com\/fr\/wp-json\/wp\/v2\/pages\/5884\/revisions"}],"up":[{"embeddable":true,"href":"https:\/\/dmi65.com\/fr\/wp-json\/wp\/v2\/pages\/7140"}],"wp:attachment":[{"href":"https:\/\/dmi65.com\/fr\/wp-json\/wp\/v2\/media?parent=5884"}],"curies":[{"name":"wp","href":"https:\/\/api.w.org\/{rel}","templated":true}]}}