{"id":5744,"date":"2020-06-09T10:54:40","date_gmt":"2020-06-09T02:54:40","guid":{"rendered":"http:\/\/dmi65.com\/reverse-osmose-protection\/"},"modified":"2020-06-26T11:19:24","modified_gmt":"2020-06-26T03:19:24","slug":"reverse-osmose-protection","status":"publish","type":"page","link":"https:\/\/dmi65.com\/fr\/solutions\/reverse-osmose-protection\/","title":{"rendered":"Protection contre l\u2019osmose inverse"},"content":{"rendered":"<div class=\"wpb-content-wrapper\"><p>[vc_row][vc_column][vc_column_text css=\u00a0\u00bb.vc_custom_1592378764391{margin-top: 15px !important;margin-bottom: 15px !important;}\u00a0\u00bb]<strong>Protection contre l\u2019osmose inverse :<\/strong> DMI-65 est un support de filtration d\u2019eau catalytique \u00e0 base de sable de silice extr\u00eamement puissant qui est con\u00e7u pour l\u2019enl\u00e8vement du fer et du mangan\u00e8se sans l\u2019utilisation de permanganate de potassium par un processus avanc\u00e9 d\u2019oxydation.[\/vc_column_text][\/vc_column][\/vc_row][vc_row][vc_column]<div class=\"uavc-list-icon uavc-list-icon-wrapper ult-adjust-bottom-margin   vc_custom_1590987405882  vc_custom_1590987405882\"><ul class=\"uavc-list\"><li><div class=\"uavc-list-content\" id=\"list-icon-wrap-9760\">\n<div class=\"uavc-list-icon  \" data-animation=\"\" data-animation-delay=\"03\" style=\"margin-right:20px;\"><div class=\"ult-just-icon-wrapper  \"><div class=\"align-icon\" style=\"text-align:center;\">\n<div class=\"aio-icon none \"  style=\"color:#81d742;font-size:20px;display:inline-block;\">\n\t<i class=\"fas fa-check\"><\/i>\n<\/div><\/div><\/div>\n<\/div><span  data-ultimate-target='#list-icon-wrap-9760 .uavc-list-desc'  data-responsive-json-new='{\"font-size\":\"\",\"line-height\":\"\"}'  class=\"uavc-list-desc ult-responsive\" style=\"\"><strong>\u00c9conomies substantielles sur l\u2019ensemble des co\u00fbts de vie <\/strong><\/p>\n<p><\/span><\/div><\/li><li><div class=\"uavc-list-content\" id=\"list-icon-wrap-1478\">\n<div class=\"uavc-list-icon  \" data-animation=\"\" data-animation-delay=\"03\" style=\"margin-right:20px;\"><div class=\"ult-just-icon-wrapper  \"><div class=\"align-icon\" style=\"text-align:center;\">\n<div class=\"aio-icon none \"  style=\"color:#81d742;font-size:20px;display:inline-block;\">\n\t<i class=\"fas fa-check\"><\/i>\n<\/div><\/div><\/div>\n<\/div><span  data-ultimate-target='#list-icon-wrap-1478 .uavc-list-desc'  data-responsive-json-new='{\"font-size\":\"\",\"line-height\":\"\"}'  class=\"uavc-list-desc ult-responsive\" style=\"\"><strong>R\u00e9duire les temps d\u2019arr\u00eat<\/strong><\/p>\n<p><\/span><\/div><\/li><li><div class=\"uavc-list-content\" id=\"list-icon-wrap-7619\">\n<div class=\"uavc-list-icon  \" data-animation=\"\" data-animation-delay=\"03\" style=\"margin-right:20px;\"><div class=\"ult-just-icon-wrapper  \"><div class=\"align-icon\" style=\"text-align:center;\">\n<div class=\"aio-icon none \"  style=\"color:#81d742;font-size:20px;display:inline-block;\">\n\t<i class=\"fas fa-check\"><\/i>\n<\/div><\/div><\/div>\n<\/div><span  data-ultimate-target='#list-icon-wrap-7619 .uavc-list-desc'  data-responsive-json-new='{\"font-size\":\"\",\"line-height\":\"\"}'  class=\"uavc-list-desc ult-responsive\" style=\"\"><strong>\u00c9conomisez sur le nettoyage et le remplacement co\u00fbteux de membrane<\/strong><\/p>\n<p><\/span><\/div><\/li><li><div class=\"uavc-list-content\" id=\"list-icon-wrap-5307\">\n<div class=\"uavc-list-icon  \" data-animation=\"\" data-animation-delay=\"03\" style=\"margin-right:20px;\"><div class=\"ult-just-icon-wrapper  \"><div class=\"align-icon\" style=\"text-align:center;\">\n<div class=\"aio-icon none \"  style=\"color:#81d742;font-size:20px;display:inline-block;\">\n\t<i class=\"fas fa-check\"><\/i>\n<\/div><\/div><\/div>\n<\/div><span  data-ultimate-target='#list-icon-wrap-5307 .uavc-list-desc'  data-responsive-json-new='{\"font-size\":\"\",\"line-height\":\"\"}'  class=\"uavc-list-desc ult-responsive\" style=\"\"><strong>Am\u00e9liorer consid\u00e9rablement le rendement du syst\u00e8me en r\u00e9duisant l\u2019investissement initial en capital du syst\u00e8me<\/strong><\/p>\n<p><\/span><\/div><\/li><\/ul><\/div>[vc_column_text css=\u00a0\u00bb.vc_custom_1590989684555{margin-top: 15px !important;margin-bottom: 15px !important;}\u00a0\u00bb]<\/p>\n<h5>L\u2019encrassement du fer dans les syst\u00e8mes de filtration d\u2019eau membranaire est tr\u00e8s fr\u00e9quent. Comme toute encrassement, il provoque une perte de performance du syst\u00e8me membranaire, en particulier la perte de flux. En outre, la pr\u00e9sence de fer rend la membrane plus sensible aux dommages d\u2019oxydation.<\/h5>\n<p>[\/vc_column_text][vc_column_text]<\/p>\n<div class=\"wpb_text_column wpb_content_element \">\n<p>Dans le contexte de la protection contre l\u2019osmose inverse, les sources typiques d\u2019encrassement du fer sont<\/p>\n<ul>\n<li>Aquif\u00e8res anoxiques contenant du fer soluble et\/ou du mangan\u00e8se<\/li>\n<li>Flocs d\u2019hydroxyde de fer oxyd\u00e9 et\/ou de mangan\u00e8se provenant d\u2019eau brute<\/li>\n<li>Mati\u00e8re organique naturelle (NOM) contenant des complexes de fer<\/li>\n<li>Flocs d\u2019hydroxyde du processus de coagulation<\/li>\n<li>Produits de corrosion \u00e0 partir de mat\u00e9riaux de tuyauterie utilis\u00e9s pour l\u2019eau d\u2019alimentation<\/li>\n<li>Silicates contenant du fer<\/li>\n<\/ul>\n<p>Voici les sympt\u00f4mes de l\u2019encrassement du fer et du mangan\u00e8se :<\/p>\n<ul>\n<li>D\u00e9coloration des membranes.<\/li>\n<li>Mauvais rejet du sel sur les donn\u00e9es individuelles d\u2019essai de membrane.<\/li>\n<li>Faible d\u00e9bit sur les donn\u00e9es individuelles de test de membrane.<\/li>\n<li>Diff\u00e9rentiel de haute pression possible sur les donn\u00e9es individuelles d\u2019essai de membrane.<\/li>\n<li>Valeurs \u00e9lev\u00e9es de fer ou de mangan\u00e8se signal\u00e9es dans l\u2019eau d\u2019alimentation.<\/li>\n<li>Diff\u00e9rentiel de haute pression signal\u00e9 sur le premier tableau.<\/li>\n<\/ul>\n<p>L\u2019incorporation de la filtration pr\u00e9traitement DMI-65 r\u00e9duira sensiblement ces sympt\u00f4mes ainsi que b\u00e9n\u00e9ficiera au syst\u00e8me RO total.<\/p>\n<p><a href=\"http:\/\/dmi65.com\/technical\/how-it-works\/\">DMI-65<\/a> est une technologie infus\u00e9e et pas seulement une technologie de rev\u00eatement de surface, contrairement \u00e0 d\u2019autres supports de filtration de l\u2019eau catalytique, qui \u00e9limine le risque de tout lixiviation chimique dans le flux d\u2019eau.<\/p>\n<p>Afin de commencer le processus d\u2019oxydation du fer (et du mangan\u00e8se) dans la solution DMI-65 est con\u00e7u pour fonctionner en pr\u00e9sence de chlore ou d\u2019autres oxydants. Dans ce processus, l\u2019oxydant enl\u00e8ve les \u00e9lectrons et est consomm\u00e9 dans le processus. L\u2019exploitant doit s\u2019assurer qu\u2019il y a un r\u00e9sidu de chlore libre de 0,1 \u00e0 0,3 ppm dans l\u2019eau des effluents. Le chlore, aliment\u00e9 sous forme d\u2019hypochlorite de sodium ou d\u2019eau de Javel (12,5 NaOCl), est l\u2019oxydant pr\u00e9f\u00e9r\u00e9 puisqu\u2019il est relativement peu co\u00fbteux, facilement disponible dans le monde entier et il est efficace. Il effectue \u00e9galement la grande majorit\u00e9 de tout processus de d\u00e9sinfectant.<\/p>\n<p>Contrairement aux r\u00e9sines d\u2019\u00e9change d\u2019ions o\u00f9 des doses de r\u00e9g\u00e9n\u00e9ration plus \u00e9lev\u00e9es augmenteront la capacit\u00e9 d\u2019\u00e9change d\u2019ions, les r\u00e9sidus de chlore ou les concentrations plus \u00e9lev\u00e9es que n\u00e9cessaire pour oxyder le Fe et le Mn n\u2019augmentent pas les propri\u00e9t\u00e9s oxydatives des m\u00e9dias. En outre, un r\u00e9sidu de chlore libre plus \u00e9lev\u00e9 dans un syst\u00e8me RO n\u00e9cessiterait un traitement post-traitement plus \u00e9tendu pour r\u00e9duire les r\u00e9sidus et prot\u00e9ger les membranes contre les attaques au chlore.<\/p>\n<p>DMI-65 a \u00e9t\u00e9 certifi\u00e9 \u00e0 la norme am\u00e9ricaine de NSF\/ANSI 61 pour les composants du syst\u00e8me d\u2019eau potable et pour une utilisation en Angleterre et au Pays de Galles en vertu du r\u00e8glement 31(4)(a) des r\u00e8glements de 2010 sur l\u2019approvisionnement en eau (qualit\u00e9 de l\u2019eau) et a \u00e9galement \u00e9t\u00e9 test\u00e9 par de nombreuses autres autorit\u00e9s et laboratoires de traitement de l\u2019eau.<\/p>\n<p>DMI-65 est fabriqu\u00e9 en Australie.<\/p>\n<p><span style=\"text-decoration: underline;\">Histoire de cas<\/span><\/p>\n<p>Une centrale \u00e9lectrique dans le centre du Texas avait un syst\u00e8me d\u2019osmose inverse (RO) avec une histoire de 30 ans de l\u2019encrassement de fer des filtres de protection de cartouche et des membranes RO. Le Fe dans l\u2019eau du puits \u00e9tait en moyenne de 2,0 ppm et malgr\u00e9 diverses configurations d\u2019\u00e9quipement, ils n\u2019ont pas \u00e9t\u00e9 en mesure de le r\u00e9duire en dessous de 0,2 ppm. Il en est r\u00e9sult\u00e9 le remplacement fr\u00e9quent et co\u00fbteux des cartouches de filtre \u00e0 micron de 5,0. Ils avaient deux filtres de 6&prime; de diam\u00e8tre, l\u2019un avec l\u2019anthracite et l\u2019autre avec Birm qui ont \u00e9t\u00e9 utilis\u00e9s en s\u00e9rie dans une tentative d\u2019all\u00e9ger l\u2019encrassement de fer. Tous les supports existants de ces filtres ont \u00e9t\u00e9 enlev\u00e9s et les ont conduits pour qu\u2019ils soient ex\u00e9cut\u00e9s en parall\u00e8le. Ils ont ensuite install\u00e9 DMI-65 et ont eu un succ\u00e8s imm\u00e9diat avec le fonctionnement du filtre. Le fer dans les effluents des filtres est en moyenne de 0,007 ppm lorsqu\u2019il est mesur\u00e9 \u00e0 l\u2019aide d\u2019un Hach DR5000. Le remplacement des filtres \u00e0 cartouches est pass\u00e9 de jours ou de semaines \u00e0 des mois.<\/p>\n<h4>Les avantages de l\u2019utilisation de DMI-65 dans la protection contre l\u2019osmose inverse<\/h4>\n<p><strong>Protection contre les membranes. <\/strong>L\u2019\u00e9limination efficace du fer dissous \u00e0 des niveaux presque ind\u00e9tectables aussi bas que 0,001 PPM r\u00e9duit sensiblement l\u2019incidence de l\u2019encrassement du fer qui r\u00e9duit donc le besoin de remplacement de membrane et maintient le syst\u00e8me de traitement fonctionne \u00e0 ses niveaux optimaux. Les membranes sont co\u00fbteuses, tout comme le co\u00fbt de temps pour les remplacer et les temps d\u2019arr\u00eat de production<strong><br \/>\n<\/strong><\/p>\n<p><strong>Taux de d\u00e9bit \u00e9lev\u00e9s<\/strong>. La technologie infus\u00e9e de DMI-65 favorise le taux d\u2019oxydation le plus \u00e9lev\u00e9 de tous les milieux de filtration catalytiques. Cela permet \u00e0 un d\u00e9bit d\u2019eau beaucoup plus \u00e9lev\u00e9 d\u2019atteindre le m\u00eame niveau d\u2019enl\u00e8vement du fer et du mangan\u00e8se. DMI-65 peut fonctionner \u00e0 des vitesses de filtration lin\u00e9aires jusqu\u2019\u00e0 deux fois plus que les m\u00e9dias conventionnels avec une r\u00e9duction correspondante des co\u00fbts d\u2019\u00e9quipement en capital.<\/p>\n<p><strong>High Load Capacity<\/strong> Capacit\u00e9 de charge \u00e9lev\u00e9e En raison de l\u2019augmentation de la surface due \u00e0 la structure micro-poreuse du mat\u00e9riau matrice, le DMI-65 a \u00e9galement une capacit\u00e9 de charge plus \u00e9lev\u00e9e en fer et en mangan\u00e8se qui peut prolonger la dur\u00e9e des d\u00e9bits de filtre et le temps entre le lavage arri\u00e8re, r\u00e9duisant ainsi les temps d\u2019arr\u00eat, les frais d\u2019exploitation et le gaspillage.<\/p>\n<p><strong>R\u00e9g\u00e9n\u00e9ration non requise<\/strong><strong>. <\/strong>Le support fonctionne avec une injection continue d\u2019hypochlorite de sodium \u00e0 de faibles niveaux r\u00e9siduels (0,1 \u00e0 0,3 ppm) qui \u00e9limine le besoin de <a href=\"https:\/\/en.wikipedia.org\/wiki\/Potassium_permanganate\" target=\"_blank\" rel=\"noopener noreferrer\">permanganate de potassium<\/a>.<\/p>\n<p><strong>Environnement d\u2019exploitation large<\/strong><strong>. <\/strong>Des performances stables et satisfaisantes \u00e0 pH 5,8 \u00e0 8,6 et une temp\u00e9rature d\u2019exploitation maximale de 113 oF (45 oC) r\u00e9duit le besoin d\u2019investissement pour modifier l\u2019environnement d\u2019exploitation.<\/p>\n<p><strong>Longue vie. <\/strong>DMI-65 n\u2019est pas consomm\u00e9 dans le processus, offrant des avantages consid\u00e9rables par rapport \u00e0 d\u2019autres processus ou m\u00e9dias. Les m\u00e9dias ne montrent pas une capacit\u00e9 de d\u00e9composition pour faire son travail catalytique. Sur une p\u00e9riode de 5 \u00e0 10 ans, gr\u00e2ce \u00e0 de nombreuses op\u00e9rations de lavage de dos du lit pour enlever les solides retenus, une perte d\u2019attrition du support se produit par contact entre les particules et l\u2019abrasion m\u00e9canique.<\/p>\n<\/div>\n<p>[\/vc_column_text]<div class=\"dt-fancy-separator title-left h4-size\" style=\"width: 100%;\"><div class=\"dt-fancy-title\"><span class=\"separator-holder separator-left\"><\/span>\u00c9tude de cas et t\u00e9moignage pour la protection contre l\u2019osmose inverse<span class=\"separator-holder separator-right\"><\/span><\/div><\/div>[\/vc_column][\/vc_row][vc_row css=\u00a0\u00bb.vc_custom_1592377977982{margin-top: 30px !important;}\u00a0\u00bb][vc_column width=\u00a0\u00bb1\/2&Prime;][vc_basic_grid post_type=\u00a0\u00bbpost\u00a0\u00bb max_items=\u00a0\u00bb1&Prime; element_width=\u00a0\u00bb12&Prime; item=\u00a0\u00bbmasonryGrid_Default\u00a0\u00bb grid_id=\u00a0\u00bbvc_gid:1592797105275-c49d71c5-9558-2&Prime; taxonomies=\u00a0\u00bb1046&Prime;][\/vc_column][vc_column width=\u00a0\u00bb1\/2&Prime;][\/vc_column][\/vc_row][vc_row content_placement=\u00a0\u00bbmiddle\u00a0\u00bb css=\u00a0\u00bb.vc_custom_1592797123999{padding-top: 20px !important;padding-right: 20px !important;padding-bottom: 5px !important;padding-left: 20px !important;}\u00a0\u00bb el_class=\u00a0\u00bbcta\u00a0\u00bb][vc_column]<div class=\"dt-fancy-separator\" style=\"width: 100%;\"><div class=\"dt-fancy-title\"><span class=\"separator-holder separator-left\"><\/span>Renseignez-vous pour savoir comment les supports de filtration DMI-65\u00ae peuvent vous aider \u00e0 r\u00e9pondre \u00e0 vos besoins en mati\u00e8re de protection contre l\u2019osmose inverse.<span class=\"separator-holder separator-right\"><\/span><\/div><\/div>[vc_btn title=\u00a0\u00bbRenseignez-vous\u00a0\u00bb style=\u00a0\u00bbcustom\u00a0\u00bb custom_background=\u00a0\u00bb#162441&Prime; custom_text=\u00a0\u00bb#ffffff\u00a0\u00bb shape=\u00a0\u00bbsquare\u00a0\u00bb size=\u00a0\u00bblg\u00a0\u00bb align=\u00a0\u00bbcenter\u00a0\u00bb i_align=\u00a0\u00bbright\u00a0\u00bb i_icon_fontawesome=\u00a0\u00bbfas fa-chevron-right\u00a0\u00bb add_icon=\u00a0\u00bbtrue\u00a0\u00bb css=\u00a0\u00bb.vc_custom_1592793128520{margin-top: 20px !important;}\u00a0\u00bb el_class=\u00a0\u00bbctaButton sg-popup-id-8233&Prime;][\/vc_column][\/vc_row]<\/p>\n<\/div>","protected":false},"excerpt":{"rendered":"<p>[vc_row][vc_column][vc_column_text css=\u00a0\u00bb.vc_custom_1592378764391{margin-top: 15px !important;margin-bottom: 15px !important;}\u00a0\u00bb]Protection contre l\u2019osmose inverse : DMI-65 est un support de filtration d\u2019eau catalytique \u00e0 base de sable de silice extr\u00eamement puissant qui est con\u00e7u pour l\u2019enl\u00e8vement du fer et du mangan\u00e8se sans l\u2019utilisation de permanganate de potassium par un processus avanc\u00e9 d\u2019oxydation.[\/vc_column_text][\/vc_column][\/vc_row][vc_row][vc_column][vc_column_text css=\u00a0\u00bb.vc_custom_1590989684555{margin-top: 15px !important;margin-bottom: 15px !important;}\u00a0\u00bb] L\u2019encrassement du fer&hellip;<\/p>\n","protected":false},"author":1,"featured_media":0,"parent":7140,"menu_order":0,"comment_status":"closed","ping_status":"closed","template":"","meta":{"content-type":"","footnotes":""},"class_list":["post-5744","page","type-page","status-publish","hentry","description-off"],"yoast_head":"<!-- This site is optimized with the Yoast SEO plugin v25.2 - https:\/\/yoast.com\/wordpress\/plugins\/seo\/ -->\n<title>DMI-65 - France Protection contre l\u2019osmose inverse, syst\u00e8mes de filtration pour la fouling au fer<\/title>\n<meta name=\"description\" content=\"Le support de filtration DMI-65 est utilis\u00e9 pour la protection contre l\u2019osmose inverse (RO) afin de r\u00e9duire consid\u00e9rablement tous les m\u00e9taux lourds et les contaminants pour les syst\u00e8mes d\u2019encrassement du fer.\" \/>\n<meta name=\"robots\" content=\"index, follow, max-snippet:-1, max-image-preview:large, max-video-preview:-1\" \/>\n<link rel=\"canonical\" href=\"https:\/\/dmi65.com\/fr\/solutions\/reverse-osmose-protection\/\" \/>\n<meta property=\"og:locale\" content=\"fr_FR\" \/>\n<meta property=\"og:type\" content=\"article\" \/>\n<meta property=\"og:title\" content=\"DMI-65 - France Protection contre l\u2019osmose inverse, syst\u00e8mes de filtration pour la fouling au fer\" \/>\n<meta property=\"og:description\" content=\"Le support de filtration DMI-65 est utilis\u00e9 pour la protection contre l\u2019osmose inverse (RO) afin de r\u00e9duire consid\u00e9rablement tous les m\u00e9taux lourds et les contaminants pour les syst\u00e8mes d\u2019encrassement du fer.\" \/>\n<meta property=\"og:url\" content=\"https:\/\/dmi65.com\/fr\/solutions\/reverse-osmose-protection\/\" \/>\n<meta property=\"og:site_name\" content=\"DMI-65\u00ae\" \/>\n<meta property=\"article:modified_time\" content=\"2020-06-26T03:19:24+00:00\" \/>\n<meta property=\"og:image\" content=\"https:\/\/dmi65.com\/wp-content\/uploads\/2020\/06\/dmi65_Logo_Blk.png\" \/>\n\t<meta property=\"og:image:width\" content=\"466\" \/>\n\t<meta property=\"og:image:height\" content=\"200\" \/>\n\t<meta property=\"og:image:type\" content=\"image\/png\" \/>\n<meta name=\"twitter:card\" content=\"summary_large_image\" \/>\n<meta name=\"twitter:label1\" content=\"Dur\u00e9e de lecture estim\u00e9e\" \/>\n\t<meta name=\"twitter:data1\" content=\"8 minutes\" \/>\n<script type=\"application\/ld+json\" class=\"yoast-schema-graph\">{\"@context\":\"https:\/\/schema.org\",\"@graph\":[{\"@type\":\"WebPage\",\"@id\":\"https:\/\/dmi65.com\/fr\/solutions\/reverse-osmose-protection\/\",\"url\":\"https:\/\/dmi65.com\/fr\/solutions\/reverse-osmose-protection\/\",\"name\":\"DMI-65 - France Protection contre l\u2019osmose inverse, syst\u00e8mes de filtration pour la fouling au fer\",\"isPartOf\":{\"@id\":\"https:\/\/dmi65.com\/fr\/#website\"},\"datePublished\":\"2020-06-09T02:54:40+00:00\",\"dateModified\":\"2020-06-26T03:19:24+00:00\",\"description\":\"Le support de filtration DMI-65 est utilis\u00e9 pour la protection contre l\u2019osmose inverse (RO) afin de r\u00e9duire consid\u00e9rablement tous les m\u00e9taux lourds et les contaminants pour les syst\u00e8mes d\u2019encrassement du fer.\",\"breadcrumb\":{\"@id\":\"https:\/\/dmi65.com\/fr\/solutions\/reverse-osmose-protection\/#breadcrumb\"},\"inLanguage\":\"fr-FR\",\"potentialAction\":[{\"@type\":\"ReadAction\",\"target\":[\"https:\/\/dmi65.com\/fr\/solutions\/reverse-osmose-protection\/\"]}]},{\"@type\":\"BreadcrumbList\",\"@id\":\"https:\/\/dmi65.com\/fr\/solutions\/reverse-osmose-protection\/#breadcrumb\",\"itemListElement\":[{\"@type\":\"ListItem\",\"position\":1,\"name\":\"Home\",\"item\":\"https:\/\/dmi65.com\/fr\/\"},{\"@type\":\"ListItem\",\"position\":2,\"name\":\"Solutions\",\"item\":\"https:\/\/dmi65.com\/fr\/solutions\/\"},{\"@type\":\"ListItem\",\"position\":3,\"name\":\"Protection contre l\u2019osmose inverse\"}]},{\"@type\":\"WebSite\",\"@id\":\"https:\/\/dmi65.com\/fr\/#website\",\"url\":\"https:\/\/dmi65.com\/fr\/\",\"name\":\"DMI-65\u00ae\",\"description\":\"Water Filtration &amp; Reverse Osmosis Treatment, Catalytic Media\",\"publisher\":{\"@id\":\"https:\/\/dmi65.com\/fr\/#organization\"},\"potentialAction\":[{\"@type\":\"SearchAction\",\"target\":{\"@type\":\"EntryPoint\",\"urlTemplate\":\"https:\/\/dmi65.com\/fr\/?s={search_term_string}\"},\"query-input\":{\"@type\":\"PropertyValueSpecification\",\"valueRequired\":true,\"valueName\":\"search_term_string\"}}],\"inLanguage\":\"fr-FR\"},{\"@type\":\"Organization\",\"@id\":\"https:\/\/dmi65.com\/fr\/#organization\",\"name\":\"DMI-65 & Quantum Filtration Pty Ltd\",\"url\":\"https:\/\/dmi65.com\/fr\/\",\"logo\":{\"@type\":\"ImageObject\",\"inLanguage\":\"fr-FR\",\"@id\":\"https:\/\/dmi65.com\/fr\/#\/schema\/logo\/image\/\",\"url\":\"https:\/\/dmi65.com\/wp-content\/uploads\/2020\/04\/dmi65.png\",\"contentUrl\":\"https:\/\/dmi65.com\/wp-content\/uploads\/2020\/04\/dmi65.png\",\"width\":440,\"height\":205,\"caption\":\"DMI-65 & Quantum Filtration Pty Ltd\"},\"image\":{\"@id\":\"https:\/\/dmi65.com\/fr\/#\/schema\/logo\/image\/\"},\"sameAs\":[\"https:\/\/www.linkedin.com\/company\/dmi-65\",\"https:\/\/www.youtube.com\/channel\/UCbXoMn5KBp2jrnx4KR_Qg4A\"]}]}<\/script>\n<!-- \/ Yoast SEO plugin. -->","yoast_head_json":{"title":"DMI-65 - France Protection contre l\u2019osmose inverse, syst\u00e8mes de filtration pour la fouling au fer","description":"Le support de filtration DMI-65 est utilis\u00e9 pour la protection contre l\u2019osmose inverse (RO) afin de r\u00e9duire consid\u00e9rablement tous les m\u00e9taux lourds et les contaminants pour les syst\u00e8mes d\u2019encrassement du fer.","robots":{"index":"index","follow":"follow","max-snippet":"max-snippet:-1","max-image-preview":"max-image-preview:large","max-video-preview":"max-video-preview:-1"},"canonical":"https:\/\/dmi65.com\/fr\/solutions\/reverse-osmose-protection\/","og_locale":"fr_FR","og_type":"article","og_title":"DMI-65 - France Protection contre l\u2019osmose inverse, syst\u00e8mes de filtration pour la fouling au fer","og_description":"Le support de filtration DMI-65 est utilis\u00e9 pour la protection contre l\u2019osmose inverse (RO) afin de r\u00e9duire consid\u00e9rablement tous les m\u00e9taux lourds et les contaminants pour les syst\u00e8mes d\u2019encrassement du fer.","og_url":"https:\/\/dmi65.com\/fr\/solutions\/reverse-osmose-protection\/","og_site_name":"DMI-65\u00ae","article_modified_time":"2020-06-26T03:19:24+00:00","og_image":[{"width":466,"height":200,"url":"https:\/\/dmi65.com\/wp-content\/uploads\/2020\/06\/dmi65_Logo_Blk.png","type":"image\/png"}],"twitter_card":"summary_large_image","twitter_misc":{"Dur\u00e9e de lecture estim\u00e9e":"8 minutes"},"schema":{"@context":"https:\/\/schema.org","@graph":[{"@type":"WebPage","@id":"https:\/\/dmi65.com\/fr\/solutions\/reverse-osmose-protection\/","url":"https:\/\/dmi65.com\/fr\/solutions\/reverse-osmose-protection\/","name":"DMI-65 - France Protection contre l\u2019osmose inverse, syst\u00e8mes de filtration pour la fouling au fer","isPartOf":{"@id":"https:\/\/dmi65.com\/fr\/#website"},"datePublished":"2020-06-09T02:54:40+00:00","dateModified":"2020-06-26T03:19:24+00:00","description":"Le support de filtration DMI-65 est utilis\u00e9 pour la protection contre l\u2019osmose inverse (RO) afin de r\u00e9duire consid\u00e9rablement tous les m\u00e9taux lourds et les contaminants pour les syst\u00e8mes d\u2019encrassement du fer.","breadcrumb":{"@id":"https:\/\/dmi65.com\/fr\/solutions\/reverse-osmose-protection\/#breadcrumb"},"inLanguage":"fr-FR","potentialAction":[{"@type":"ReadAction","target":["https:\/\/dmi65.com\/fr\/solutions\/reverse-osmose-protection\/"]}]},{"@type":"BreadcrumbList","@id":"https:\/\/dmi65.com\/fr\/solutions\/reverse-osmose-protection\/#breadcrumb","itemListElement":[{"@type":"ListItem","position":1,"name":"Home","item":"https:\/\/dmi65.com\/fr\/"},{"@type":"ListItem","position":2,"name":"Solutions","item":"https:\/\/dmi65.com\/fr\/solutions\/"},{"@type":"ListItem","position":3,"name":"Protection contre l\u2019osmose inverse"}]},{"@type":"WebSite","@id":"https:\/\/dmi65.com\/fr\/#website","url":"https:\/\/dmi65.com\/fr\/","name":"DMI-65\u00ae","description":"Water Filtration &amp; Reverse Osmosis Treatment, Catalytic Media","publisher":{"@id":"https:\/\/dmi65.com\/fr\/#organization"},"potentialAction":[{"@type":"SearchAction","target":{"@type":"EntryPoint","urlTemplate":"https:\/\/dmi65.com\/fr\/?s={search_term_string}"},"query-input":{"@type":"PropertyValueSpecification","valueRequired":true,"valueName":"search_term_string"}}],"inLanguage":"fr-FR"},{"@type":"Organization","@id":"https:\/\/dmi65.com\/fr\/#organization","name":"DMI-65 & Quantum Filtration Pty Ltd","url":"https:\/\/dmi65.com\/fr\/","logo":{"@type":"ImageObject","inLanguage":"fr-FR","@id":"https:\/\/dmi65.com\/fr\/#\/schema\/logo\/image\/","url":"https:\/\/dmi65.com\/wp-content\/uploads\/2020\/04\/dmi65.png","contentUrl":"https:\/\/dmi65.com\/wp-content\/uploads\/2020\/04\/dmi65.png","width":440,"height":205,"caption":"DMI-65 & Quantum Filtration Pty Ltd"},"image":{"@id":"https:\/\/dmi65.com\/fr\/#\/schema\/logo\/image\/"},"sameAs":["https:\/\/www.linkedin.com\/company\/dmi-65","https:\/\/www.youtube.com\/channel\/UCbXoMn5KBp2jrnx4KR_Qg4A"]}]}},"_links":{"self":[{"href":"https:\/\/dmi65.com\/fr\/wp-json\/wp\/v2\/pages\/5744","targetHints":{"allow":["GET"]}}],"collection":[{"href":"https:\/\/dmi65.com\/fr\/wp-json\/wp\/v2\/pages"}],"about":[{"href":"https:\/\/dmi65.com\/fr\/wp-json\/wp\/v2\/types\/page"}],"author":[{"embeddable":true,"href":"https:\/\/dmi65.com\/fr\/wp-json\/wp\/v2\/users\/1"}],"replies":[{"embeddable":true,"href":"https:\/\/dmi65.com\/fr\/wp-json\/wp\/v2\/comments?post=5744"}],"version-history":[{"count":0,"href":"https:\/\/dmi65.com\/fr\/wp-json\/wp\/v2\/pages\/5744\/revisions"}],"up":[{"embeddable":true,"href":"https:\/\/dmi65.com\/fr\/wp-json\/wp\/v2\/pages\/7140"}],"wp:attachment":[{"href":"https:\/\/dmi65.com\/fr\/wp-json\/wp\/v2\/media?parent=5744"}],"curies":[{"name":"wp","href":"https:\/\/api.w.org\/{rel}","templated":true}]}}