{"id":9991,"date":"2020-08-11T15:06:55","date_gmt":"2020-08-11T07:06:55","guid":{"rendered":"https:\/\/dmi65.com\/regiones\/agua-potable-del-sudeste-asiatico\/"},"modified":"2020-08-11T15:06:56","modified_gmt":"2020-08-11T07:06:56","slug":"agua-potable-del-sudeste-asiatico","status":"publish","type":"page","link":"https:\/\/dmi65.com\/es\/regiones\/agua-potable-del-sudeste-asiatico\/","title":{"rendered":"Agua potable del Sudeste Asi\u00e1tico"},"content":{"rendered":"<div class=\"wpb-content-wrapper\"><p>[vc_row][vc_column][vc_column_text]Agua potable del <a href=\"https:\/\/en.wikipedia.org\/wiki\/Southeast_Asia\" target=\"_blank\" rel=\"noopener noreferrer\">sudeste asi\u00e1tico: El sudeste asi\u00e1tico<\/a> es una de las regiones econ\u00f3micamente m\u00e1s din\u00e1micas del mundo, as\u00ed como una de las regiones m\u00e1s vulnerables a los efectos del cambio clim\u00e1tico. Las ciudades de r\u00e1pido crecimiento en el sudeste asi\u00e1tico tienen que abordar simult\u00e1neamente diferentes niveles de desaf\u00edos del agua, como el aumento del acceso al agua potable y el saneamiento y la planificaci\u00f3n para el aumento de las inundaciones, a niveles de ingresos m\u00e1s bajos en comparaci\u00f3n con la experiencia de las ciudades en el norte global. La calidad del agua ha surgido como la preocupaci\u00f3n m\u00e1s importante de la seguridad del agua en el futuro para toda la regi\u00f3n. Espec\u00edficamente, los desastres m\u00e1s intensos, especialmente las inundaciones, tienen el potencial de disminuir la calidad del agua en los pa\u00edses de Indonesia, Filipinas, Vietnam, Malasia y Tailandia inmediatamente despu\u00e9s del evento, as\u00ed como durante un per\u00edodo de tiempo m\u00e1s largo a trav\u00e9s de da\u00f1os en la infraestructura.<\/p>\n<p>El agua dom\u00e9stica para beber en las zonas urbanas se obtiene m\u00e1s com\u00fanmente de aguas superficiales en Laos, Myanmar y Malasia. Por el contrario, la mayor\u00eda de los usuarios de agua en Camboya dependen de las aguas subterr\u00e1neas como fuente de agua potable primaria, que van desde alrededor del 20% en las zonas urbanas y el 50% en las zonas rurales de Camboya hasta al menos el 90% en las zonas urbanas y rurales de Indonesia. En toda la regi\u00f3n, el uso de las aguas subterr\u00e1neas es frecuente entre los usuarios dom\u00e9sticos en las zonas rurales y est\u00e1 aumentando debido a la demanda de una poblaci\u00f3n creciente, as\u00ed como la demanda estacional durante los veranos. El mayor uso de bombas de agua electrificadas para uso dom\u00e9stico tambi\u00e9n podr\u00eda aumentar las tasas de extracci\u00f3n de aguas subterr\u00e1neas. El principal problema de calidad de las aguas subterr\u00e1neas dom\u00e9sticas es la contaminaci\u00f3n por aguas residuales y las fugas de instalaciones de saneamiento in situ. Otros problemas importantes de calidad son la contaminaci\u00f3n por pesticidas, fuentes industriales e intrusi\u00f3n salina. Parte de la poblaci\u00f3n ha respondido a estos problemas tocando niveles m\u00e1s profundos de agua subterr\u00e1nea. Tambi\u00e9n se ha encontrado que la contaminaci\u00f3n de las aguas superficiales en la regi\u00f3n afecta significativamente la calidad de las aguas subterr\u00e1neas.<\/p>\n<p>Incluso los pa\u00edses menos expuestos a los eventos de desastre, la seguridad del agua sigue siendo una preocupaci\u00f3n importante, ya que tienen que crear capacidad para hacer frente a los desaf\u00edos de la cantidad y la calidad del agua, particularmente en la estaci\u00f3n seca. La importancia de la calidad del agua para garantizar la seguridad del agua en todo el sudeste asi\u00e1tico sugiere que debe ser un foco de los futuros proyectos de desarrollo relacionados con el agua llevados a cabo en la regi\u00f3n a todos los niveles. Construir la solidez de la infraestructura h\u00eddrica ante los eventos de desastre y planificar el saneamiento para cubrir las \u00e1reas urbanas en expansi\u00f3n ser\u00e1 crucial para garantizar la seguridad futura del agua en t\u00e9rminos de calidad del agua en toda la regi\u00f3n. Estas dos acciones ser\u00e1n destacadas para el desarrollo sostenible tanto de las ciudades emergentes de la regi\u00f3n como de sus \u00e1reas mega metropolitanas establecidas.<\/p>\n<p><b>DMI-65 puede ayudar a lograr la seguridad del agua en toda la regi\u00f3n del sudeste asi\u00e1tico.<\/b> Al ser utilizado en plantas de tratamiento de agua municipales y filtros comerciales, se pueden eliminar metales pesados molestos. Esto ayudar\u00e1 a mejorar la calidad general del agua y proporcionar\u00e1 fuentes limpias de agua potable a las comunidades locales de toda la regi\u00f3n.<\/p>\n<p>[\/vc_column_text][\/vc_column][\/vc_row][vc_row content_placement=\u00bbmiddle\u00bb css=\u00bb.vc_custom_1592794121420{padding-top: 20px !important;padding-right: 20px !important;padding-bottom: 5px !important;padding-left: 20px !important;}\u00bb el_class=\u00bbcta\u00bb][vc_column]<div class=\"dt-fancy-separator\" style=\"width: 100%;\"><div class=\"dt-fancy-title\"><span class=\"separator-holder separator-left\"><\/span>Pregunte c\u00f3mo los medios de filtraci\u00f3n DMI-65\u00ae pueden ayudar con el agua potable para el sudeste asi\u00e1tico.<span class=\"separator-holder separator-right\"><\/span><\/div><\/div>[vc_btn title=\u00bbInvestigar\u00bb style=\u00bbcustom\u00bb custom_background=\u00bb#162441&#8243; custom_text=\u00bb#ffffff\u00bb shape=\u00bbsquare\u00bb size=\u00bblg\u00bb align=\u00bbcenter\u00bb i_align=\u00bbright\u00bb i_icon_fontawesome=\u00bbfas fa-chevron-right\u00bb add_icon=\u00bbtrue\u00bb css=\u00bb.vc_custom_1592793128520{margin-top: 20px !important;}\u00bb el_class=\u00bbctaButton sg-popup-id-8233&#8243;][\/vc_column][\/vc_row][vc_row][vc_column][vc_empty_space]<div class=\"dt-fancy-separator title-left\" style=\"width: 100%;\"><div class=\"dt-fancy-title\"><span class=\"separator-holder separator-left\"><\/span>Casos pr\u00e1cticos del Sudeste Asi\u00e1tico<span class=\"separator-holder separator-right\"><\/span><\/div><\/div>[vc_empty_space][\/vc_column][\/vc_row][vc_row][vc_column][vc_basic_grid post_type=\u00bbpost\u00bb max_items=\u00bb4&#8243; element_width=\u00bb6&#8243; item=\u00bbmasonryGrid_Default\u00bb grid_id=\u00bbvc_gid:1597129153488-2b5893f5-76e2-7&#8243; taxonomies=\u00bb1409&#8243;][\/vc_column][\/vc_row]<\/p>\n<\/div>","protected":false},"excerpt":{"rendered":"<p>[vc_row][vc_column][vc_column_text]Agua potable del sudeste asi\u00e1tico: El sudeste asi\u00e1tico es una de las regiones econ\u00f3micamente m\u00e1s din\u00e1micas del mundo, as\u00ed como una de las regiones m\u00e1s vulnerables a los efectos del cambio clim\u00e1tico. Las ciudades de r\u00e1pido crecimiento en el sudeste asi\u00e1tico tienen que abordar simult\u00e1neamente diferentes niveles de desaf\u00edos del agua, como el aumento del&hellip;<\/p>\n","protected":false},"author":1,"featured_media":0,"parent":7131,"menu_order":0,"comment_status":"closed","ping_status":"closed","template":"","meta":{"content-type":"","footnotes":""},"class_list":["post-9991","page","type-page","status-publish","hentry","description-off"],"yoast_head":"<!-- This site is optimized with the Yoast SEO plugin v25.2 - https:\/\/yoast.com\/wordpress\/plugins\/seo\/ -->\n<title>Agua potable del sudeste asi\u00e1tico con medios de filtraci\u00f3n - DMI-65\u00ae<\/title>\n<meta name=\"description\" content=\"DMI-65 puede ayudar a lograr la seguridad del agua, en toda la regi\u00f3n del sudeste asi\u00e1tico, eliminando los metales pesados a la calidad del agua potable.\" \/>\n<meta name=\"robots\" content=\"index, follow, max-snippet:-1, max-image-preview:large, max-video-preview:-1\" \/>\n<link rel=\"canonical\" href=\"https:\/\/dmi65.com\/es\/regiones\/agua-potable-del-sudeste-asiatico\/\" \/>\n<meta property=\"og:locale\" content=\"es_ES\" \/>\n<meta property=\"og:type\" content=\"article\" \/>\n<meta property=\"og:title\" content=\"Agua potable del sudeste asi\u00e1tico con medios de filtraci\u00f3n - DMI-65\u00ae\" \/>\n<meta property=\"og:description\" content=\"DMI-65 puede ayudar a lograr la seguridad del agua, en toda la regi\u00f3n del sudeste asi\u00e1tico, eliminando los metales pesados a la calidad del agua potable.\" \/>\n<meta property=\"og:url\" content=\"https:\/\/dmi65.com\/es\/regiones\/agua-potable-del-sudeste-asiatico\/\" \/>\n<meta property=\"og:site_name\" content=\"DMI-65\u00ae\" \/>\n<meta property=\"article:modified_time\" content=\"2020-08-11T07:06:56+00:00\" \/>\n<meta property=\"og:image\" content=\"https:\/\/dmi65.com\/wp-content\/uploads\/2020\/06\/dmi65_Logo_Blk.png\" \/>\n\t<meta property=\"og:image:width\" content=\"466\" \/>\n\t<meta property=\"og:image:height\" content=\"200\" \/>\n\t<meta property=\"og:image:type\" content=\"image\/png\" \/>\n<meta name=\"twitter:card\" content=\"summary_large_image\" \/>\n<meta name=\"twitter:label1\" content=\"Tiempo de lectura\" \/>\n\t<meta name=\"twitter:data1\" content=\"4 minutos\" \/>\n<script type=\"application\/ld+json\" class=\"yoast-schema-graph\">{\"@context\":\"https:\/\/schema.org\",\"@graph\":[{\"@type\":\"WebPage\",\"@id\":\"https:\/\/dmi65.com\/es\/regiones\/agua-potable-del-sudeste-asiatico\/\",\"url\":\"https:\/\/dmi65.com\/es\/regiones\/agua-potable-del-sudeste-asiatico\/\",\"name\":\"Agua potable del sudeste asi\u00e1tico con medios de filtraci\u00f3n - DMI-65\u00ae\",\"isPartOf\":{\"@id\":\"https:\/\/dmi65.com\/es\/#website\"},\"datePublished\":\"2020-08-11T07:06:55+00:00\",\"dateModified\":\"2020-08-11T07:06:56+00:00\",\"description\":\"DMI-65 puede ayudar a lograr la seguridad del agua, en toda la regi\u00f3n del sudeste asi\u00e1tico, eliminando los metales pesados a la calidad del agua potable.\",\"breadcrumb\":{\"@id\":\"https:\/\/dmi65.com\/es\/regiones\/agua-potable-del-sudeste-asiatico\/#breadcrumb\"},\"inLanguage\":\"es\",\"potentialAction\":[{\"@type\":\"ReadAction\",\"target\":[\"https:\/\/dmi65.com\/es\/regiones\/agua-potable-del-sudeste-asiatico\/\"]}]},{\"@type\":\"BreadcrumbList\",\"@id\":\"https:\/\/dmi65.com\/es\/regiones\/agua-potable-del-sudeste-asiatico\/#breadcrumb\",\"itemListElement\":[{\"@type\":\"ListItem\",\"position\":1,\"name\":\"Home\",\"item\":\"https:\/\/dmi65.com\/es\/\"},{\"@type\":\"ListItem\",\"position\":2,\"name\":\"Regiones\",\"item\":\"https:\/\/dmi65.com\/es\/regiones\/\"},{\"@type\":\"ListItem\",\"position\":3,\"name\":\"Agua potable del Sudeste Asi\u00e1tico\"}]},{\"@type\":\"WebSite\",\"@id\":\"https:\/\/dmi65.com\/es\/#website\",\"url\":\"https:\/\/dmi65.com\/es\/\",\"name\":\"DMI-65\u00ae\",\"description\":\"Water Filtration &amp; Reverse Osmosis Treatment, Catalytic Media\",\"publisher\":{\"@id\":\"https:\/\/dmi65.com\/es\/#organization\"},\"potentialAction\":[{\"@type\":\"SearchAction\",\"target\":{\"@type\":\"EntryPoint\",\"urlTemplate\":\"https:\/\/dmi65.com\/es\/?s={search_term_string}\"},\"query-input\":{\"@type\":\"PropertyValueSpecification\",\"valueRequired\":true,\"valueName\":\"search_term_string\"}}],\"inLanguage\":\"es\"},{\"@type\":\"Organization\",\"@id\":\"https:\/\/dmi65.com\/es\/#organization\",\"name\":\"DMI-65 & Quantum Filtration Pty Ltd\",\"url\":\"https:\/\/dmi65.com\/es\/\",\"logo\":{\"@type\":\"ImageObject\",\"inLanguage\":\"es\",\"@id\":\"https:\/\/dmi65.com\/es\/#\/schema\/logo\/image\/\",\"url\":\"https:\/\/dmi65.com\/wp-content\/uploads\/2020\/04\/dmi65.png\",\"contentUrl\":\"https:\/\/dmi65.com\/wp-content\/uploads\/2020\/04\/dmi65.png\",\"width\":440,\"height\":205,\"caption\":\"DMI-65 & Quantum Filtration Pty Ltd\"},\"image\":{\"@id\":\"https:\/\/dmi65.com\/es\/#\/schema\/logo\/image\/\"},\"sameAs\":[\"https:\/\/www.linkedin.com\/company\/dmi-65\",\"https:\/\/www.youtube.com\/channel\/UCbXoMn5KBp2jrnx4KR_Qg4A\"]}]}<\/script>\n<!-- \/ Yoast SEO plugin. -->","yoast_head_json":{"title":"Agua potable del sudeste asi\u00e1tico con medios de filtraci\u00f3n - DMI-65\u00ae","description":"DMI-65 puede ayudar a lograr la seguridad del agua, en toda la regi\u00f3n del sudeste asi\u00e1tico, eliminando los metales pesados a la calidad del agua potable.","robots":{"index":"index","follow":"follow","max-snippet":"max-snippet:-1","max-image-preview":"max-image-preview:large","max-video-preview":"max-video-preview:-1"},"canonical":"https:\/\/dmi65.com\/es\/regiones\/agua-potable-del-sudeste-asiatico\/","og_locale":"es_ES","og_type":"article","og_title":"Agua potable del sudeste asi\u00e1tico con medios de filtraci\u00f3n - DMI-65\u00ae","og_description":"DMI-65 puede ayudar a lograr la seguridad del agua, en toda la regi\u00f3n del sudeste asi\u00e1tico, eliminando los metales pesados a la calidad del agua potable.","og_url":"https:\/\/dmi65.com\/es\/regiones\/agua-potable-del-sudeste-asiatico\/","og_site_name":"DMI-65\u00ae","article_modified_time":"2020-08-11T07:06:56+00:00","og_image":[{"width":466,"height":200,"url":"https:\/\/dmi65.com\/wp-content\/uploads\/2020\/06\/dmi65_Logo_Blk.png","type":"image\/png"}],"twitter_card":"summary_large_image","twitter_misc":{"Tiempo de lectura":"4 minutos"},"schema":{"@context":"https:\/\/schema.org","@graph":[{"@type":"WebPage","@id":"https:\/\/dmi65.com\/es\/regiones\/agua-potable-del-sudeste-asiatico\/","url":"https:\/\/dmi65.com\/es\/regiones\/agua-potable-del-sudeste-asiatico\/","name":"Agua potable del sudeste asi\u00e1tico con medios de filtraci\u00f3n - DMI-65\u00ae","isPartOf":{"@id":"https:\/\/dmi65.com\/es\/#website"},"datePublished":"2020-08-11T07:06:55+00:00","dateModified":"2020-08-11T07:06:56+00:00","description":"DMI-65 puede ayudar a lograr la seguridad del agua, en toda la regi\u00f3n del sudeste asi\u00e1tico, eliminando los metales pesados a la calidad del agua potable.","breadcrumb":{"@id":"https:\/\/dmi65.com\/es\/regiones\/agua-potable-del-sudeste-asiatico\/#breadcrumb"},"inLanguage":"es","potentialAction":[{"@type":"ReadAction","target":["https:\/\/dmi65.com\/es\/regiones\/agua-potable-del-sudeste-asiatico\/"]}]},{"@type":"BreadcrumbList","@id":"https:\/\/dmi65.com\/es\/regiones\/agua-potable-del-sudeste-asiatico\/#breadcrumb","itemListElement":[{"@type":"ListItem","position":1,"name":"Home","item":"https:\/\/dmi65.com\/es\/"},{"@type":"ListItem","position":2,"name":"Regiones","item":"https:\/\/dmi65.com\/es\/regiones\/"},{"@type":"ListItem","position":3,"name":"Agua potable del Sudeste Asi\u00e1tico"}]},{"@type":"WebSite","@id":"https:\/\/dmi65.com\/es\/#website","url":"https:\/\/dmi65.com\/es\/","name":"DMI-65\u00ae","description":"Water Filtration &amp; Reverse Osmosis Treatment, Catalytic Media","publisher":{"@id":"https:\/\/dmi65.com\/es\/#organization"},"potentialAction":[{"@type":"SearchAction","target":{"@type":"EntryPoint","urlTemplate":"https:\/\/dmi65.com\/es\/?s={search_term_string}"},"query-input":{"@type":"PropertyValueSpecification","valueRequired":true,"valueName":"search_term_string"}}],"inLanguage":"es"},{"@type":"Organization","@id":"https:\/\/dmi65.com\/es\/#organization","name":"DMI-65 & Quantum Filtration Pty Ltd","url":"https:\/\/dmi65.com\/es\/","logo":{"@type":"ImageObject","inLanguage":"es","@id":"https:\/\/dmi65.com\/es\/#\/schema\/logo\/image\/","url":"https:\/\/dmi65.com\/wp-content\/uploads\/2020\/04\/dmi65.png","contentUrl":"https:\/\/dmi65.com\/wp-content\/uploads\/2020\/04\/dmi65.png","width":440,"height":205,"caption":"DMI-65 & Quantum Filtration Pty Ltd"},"image":{"@id":"https:\/\/dmi65.com\/es\/#\/schema\/logo\/image\/"},"sameAs":["https:\/\/www.linkedin.com\/company\/dmi-65","https:\/\/www.youtube.com\/channel\/UCbXoMn5KBp2jrnx4KR_Qg4A"]}]}},"_links":{"self":[{"href":"https:\/\/dmi65.com\/es\/wp-json\/wp\/v2\/pages\/9991","targetHints":{"allow":["GET"]}}],"collection":[{"href":"https:\/\/dmi65.com\/es\/wp-json\/wp\/v2\/pages"}],"about":[{"href":"https:\/\/dmi65.com\/es\/wp-json\/wp\/v2\/types\/page"}],"author":[{"embeddable":true,"href":"https:\/\/dmi65.com\/es\/wp-json\/wp\/v2\/users\/1"}],"replies":[{"embeddable":true,"href":"https:\/\/dmi65.com\/es\/wp-json\/wp\/v2\/comments?post=9991"}],"version-history":[{"count":3,"href":"https:\/\/dmi65.com\/es\/wp-json\/wp\/v2\/pages\/9991\/revisions"}],"predecessor-version":[{"id":9994,"href":"https:\/\/dmi65.com\/es\/wp-json\/wp\/v2\/pages\/9991\/revisions\/9994"}],"up":[{"embeddable":true,"href":"https:\/\/dmi65.com\/es\/wp-json\/wp\/v2\/pages\/7131"}],"wp:attachment":[{"href":"https:\/\/dmi65.com\/es\/wp-json\/wp\/v2\/media?parent=9991"}],"curies":[{"name":"wp","href":"https:\/\/api.w.org\/{rel}","templated":true}]}}