{"id":9953,"date":"2020-08-11T15:04:09","date_gmt":"2020-08-11T07:04:09","guid":{"rendered":"https:\/\/dmi65.com\/regiones\/crisis-del-agua-en-sudafrica\/"},"modified":"2020-08-11T15:04:11","modified_gmt":"2020-08-11T07:04:11","slug":"crisis-del-agua-en-sudafrica","status":"publish","type":"page","link":"https:\/\/dmi65.com\/es\/regiones\/crisis-del-agua-en-sudafrica\/","title":{"rendered":"Crisis del agua en Sud\u00e1frica"},"content":{"rendered":"<div class=\"wpb-content-wrapper\"><p>[vc_row][vc_column][vc_column_text]Crisis del agua en Sud\u00e1frica: Sud\u00e1frica es un pa\u00eds del doble del tama\u00f1o de Texas, es el hogar de 49 millones de personas. Este pa\u00eds se ha visto afectado por los efectos del apartheid de larga data a la devastaci\u00f3n que han causado enfermedades como el VIH\/SIDA y la tuberculosis. Ahora se avecina otra crisis: el agua. A medida que m\u00e1s y m\u00e1s personas migran a las ciudades de las aldeas rurales, la presi\u00f3n para que la ciudad satisfaga las demandas de agua es cada vez mayor.<\/p>\n<p>Hay muchas razones que atribuyen a esta creciente crisis del agua en Sud\u00e1frica. El cambio clim\u00e1tico ha afectado el suministro de agua en la regi\u00f3n. Las lluvias que suelen venir y abastecer el agua del pa\u00eds han llegado con poca frecuencia. Por ejemplo, en Durban las presas son un 20 por ciento m\u00e1s bajas que a principios de 2010. Debido a este hecho, las ciudades est\u00e1n buscando imponer restricciones de agua a las comunidades Otro problema que Durban en particular enfrenta es el agua robada. Seg\u00fan un informe, el 35 por ciento de las ciudades el agua es robada o se rep\u00f3 a trav\u00e9s de conexiones ilegales.<\/p>\n<p>Adem\u00e1s, las medidas preventivas que se pusieron en marcha, como la construcci\u00f3n de presas en la zona, ni siquiera han comenzado o todav\u00eda est\u00e1n en proceso de construcci\u00f3n y las estructuras que est\u00e1n en marcha ahora se est\u00e1n derrumbando lentamente. Los que se encuentran en las zonas rurales todav\u00eda carecen de acceso al agua. Un informe ha declarado que unos 5 millones de personas carecen de acceso al agua y 15 millones carecen de acceso al saneamiento b\u00e1sico. Este n\u00famero ha mejorado mucho desde el fin del apartheid en 1994, sin embargo, estas cifras siguen siendo demasiado altas y ninguna persona deber\u00eda carecer nunca del acceso a la necesidad m\u00e1s b\u00e1sica de la vida, que es el agua.<\/p>\n<p>Curiosamente Sud\u00e1frica cuenta con uno de los sistemas de agua potable m\u00e1s limpios del mundo, sin embargo, debido a la falta de saneamiento y acceso en las comunidades rurales del pa\u00eds, la amenaza de las enfermedades transmitidas por el agua est\u00e1 aumentando constantemente. El r\u00edo Vaal, el r\u00edo m\u00e1s grande de Sud\u00e1frica y popular destino tur\u00edstico, est\u00e1 cada vez m\u00e1s contaminado con material fecal debido a la falta de suministros de saneamiento.<\/p>\n<p>Las precipitaciones de Sud\u00e1frica siempre han sido variables e impredecibles. Este sigue siendo uno de los mayores riesgos para la agricultura de secano, ya que los agricultores de Karoo (Cabo Norte) est\u00e1n experimentando actualmente. Se pueden proporcionar suministros fiables a los usuarios de agua urbanas e industriales, y a los agricultores de riego, si la infraestructura de almacenamiento se construye con suficiente capacidad para hacer frente a los per\u00edodos secos regulares. Pero esa infraestructura tiene que ser manejada con la mira puesta en el clima en constante cambio.<\/p>\n<p>Investigaciones recientes han demostrado que los suministros de agua subterr\u00e1nea africanas a\u00fan no se est\u00e1n afectando negativamente. Las temperaturas m\u00e1s calientes ver\u00e1n m\u00e1s evaporaci\u00f3n de la superficie de la tierra, pero tambi\u00e9n se espera que las tormentas se vuelvan m\u00e1s intensas. M\u00e1s lluvia caer\u00e1 en un tiempo m\u00e1s corto y esto produce m\u00e1s recarga que la lluvia lenta y suave. El mismo efecto podr\u00eda ver los flujos de los r\u00edos aumentar. Por el momento, Sud\u00e1frica utiliza s\u00f3lo alrededor del 30% del agua en sus r\u00edos y bajo tierra. Usar m\u00e1s se volver\u00eda r\u00e1pidamente m\u00e1s caro. Pero el cambio clim\u00e1tico puede ayudar. En la actualidad, s\u00f3lo el 8% de las precipitaciones se extienden realmente hacia los r\u00edos y luego est\u00e1 disponible para ser utilizado o almacenado en presas. Si las precipitaciones se vuelven m\u00e1s intensas, esa proporci\u00f3n ser\u00e1 mayor.<\/p>\n<p>Municipios como <a href=\"https:\/\/en.wikipedia.org\/wiki\/George,_Western_Cape\" target=\"_blank\" rel=\"noopener noreferrer\">George,<\/a>ubicado en la Provincia Occidental del Cabo, han remediado la crisis del agua utilizando el DMI-65 en sus plantas de tratamiento de agua potable. El DMI-65 es un medio de filtro catal\u00edtico avanzado que elimina los metales pesados de los suministros de agua subterr\u00e1nea. Las comunidades locales en george Municipality anteriormente ten\u00edan problemas terribles con los niveles excesivos de hierro y manganeso en su suministro de agua, el agua parec\u00eda de color marr\u00f3n y ten\u00eda un mal olor. Desde la implementaci\u00f3n del DMI-65, la calidad del agua potable local ha mejorado notablemente, hasta el punto de que el Gobierno de George ahora proporciona agua potable a los municipios circundantes. Hay varios otros municipios que ahora buscan implementar <a href=\"https:\/\/dmi65.com\/es\/tecnicas\/how-it-works\/\">DMI-65<\/a> para mejorar la calidad del agua potable de su comunidad.<\/p>\n<h4>DMI-65 es un medio de filtro catal\u00edtico avanzado que elimina metales pesados y se puede utilizar para ayudar con la crisis del agua en Sud\u00e1frica.<\/h4>\n<p>[\/vc_column_text][\/vc_column][\/vc_row][vc_row content_placement=\u00bbmiddle\u00bb css=\u00bb.vc_custom_1592794121420{padding-top: 20px !important;padding-right: 20px !important;padding-bottom: 5px !important;padding-left: 20px !important;}\u00bb el_class=\u00bbcta\u00bb][vc_column]<div class=\"dt-fancy-separator\" style=\"width: 100%;\"><div class=\"dt-fancy-title\"><span class=\"separator-holder separator-left\"><\/span>Pregunte c\u00f3mo los medios de filtraci\u00f3n DMI-65\u00ae pueden ayudar con la crisis del agua en Sud\u00e1frica<span class=\"separator-holder separator-right\"><\/span><\/div><\/div>[vc_btn title=\u00bbInvestigar\u00bb style=\u00bbcustom\u00bb custom_background=\u00bb#162441&#8243; custom_text=\u00bb#ffffff\u00bb shape=\u00bbsquare\u00bb size=\u00bblg\u00bb align=\u00bbcenter\u00bb i_align=\u00bbright\u00bb i_icon_fontawesome=\u00bbfas fa-chevron-right\u00bb add_icon=\u00bbtrue\u00bb css=\u00bb.vc_custom_1592793128520{margin-top: 20px !important;}\u00bb el_class=\u00bbctaButton sg-popup-id-8233&#8243;][\/vc_column][\/vc_row][vc_row][vc_column][vc_empty_space]<div class=\"dt-fancy-separator title-left\" style=\"width: 100%;\"><div class=\"dt-fancy-title\"><span class=\"separator-holder separator-left\"><\/span>Estudios de casos en Sud\u00e1frica<span class=\"separator-holder separator-right\"><\/span><\/div><\/div>[vc_empty_space][\/vc_column][\/vc_row][vc_row][vc_column][vc_basic_grid post_type=\u00bbpost\u00bb max_items=\u00bb2&#8243; element_width=\u00bb6&#8243; item=\u00bbmasonryGrid_Default\u00bb grid_id=\u00bbvc_gid:1597129268861-a296b67c-b68b-2&#8243; taxonomies=\u00bb944&#8243;][\/vc_column][\/vc_row]<\/p>\n<\/div>","protected":false},"excerpt":{"rendered":"<p>[vc_row][vc_column][vc_column_text]Crisis del agua en Sud\u00e1frica: Sud\u00e1frica es un pa\u00eds del doble del tama\u00f1o de Texas, es el hogar de 49 millones de personas. Este pa\u00eds se ha visto afectado por los efectos del apartheid de larga data a la devastaci\u00f3n que han causado enfermedades como el VIH\/SIDA y la tuberculosis. Ahora se avecina otra crisis:&hellip;<\/p>\n","protected":false},"author":1,"featured_media":0,"parent":7131,"menu_order":0,"comment_status":"closed","ping_status":"closed","template":"","meta":{"content-type":"","footnotes":""},"class_list":["post-9953","page","type-page","status-publish","hentry","description-off"],"yoast_head":"<!-- This site is optimized with the Yoast SEO plugin v25.2 - https:\/\/yoast.com\/wordpress\/plugins\/seo\/ -->\n<title>Resolver la crisis del agua en Sud\u00e1frica con DMI-65 - DMI-65\u00ae<\/title>\n<meta name=\"description\" content=\"DMI-65 es un medio de filtro catal\u00edtico avanzado que elimina metales pesados y se puede utilizar para ayudar con la crisis del agua en Sud\u00e1frica.\" \/>\n<meta name=\"robots\" content=\"index, follow, max-snippet:-1, max-image-preview:large, max-video-preview:-1\" \/>\n<link rel=\"canonical\" href=\"https:\/\/dmi65.com\/es\/regiones\/crisis-del-agua-en-sudafrica\/\" \/>\n<meta property=\"og:locale\" content=\"es_ES\" \/>\n<meta property=\"og:type\" content=\"article\" \/>\n<meta property=\"og:title\" content=\"Resolver la crisis del agua en Sud\u00e1frica con DMI-65 - DMI-65\u00ae\" \/>\n<meta property=\"og:description\" content=\"DMI-65 es un medio de filtro catal\u00edtico avanzado que elimina metales pesados y se puede utilizar para ayudar con la crisis del agua en Sud\u00e1frica.\" \/>\n<meta property=\"og:url\" content=\"https:\/\/dmi65.com\/es\/regiones\/crisis-del-agua-en-sudafrica\/\" \/>\n<meta property=\"og:site_name\" content=\"DMI-65\u00ae\" \/>\n<meta property=\"article:modified_time\" content=\"2020-08-11T07:04:11+00:00\" \/>\n<meta property=\"og:image\" content=\"https:\/\/dmi65.com\/wp-content\/uploads\/2020\/06\/dmi65_Logo_Blk.png\" \/>\n\t<meta property=\"og:image:width\" content=\"466\" \/>\n\t<meta property=\"og:image:height\" content=\"200\" \/>\n\t<meta property=\"og:image:type\" content=\"image\/png\" \/>\n<meta name=\"twitter:card\" content=\"summary_large_image\" \/>\n<meta name=\"twitter:label1\" content=\"Tiempo de lectura\" \/>\n\t<meta name=\"twitter:data1\" content=\"5 minutos\" \/>\n<script type=\"application\/ld+json\" class=\"yoast-schema-graph\">{\"@context\":\"https:\/\/schema.org\",\"@graph\":[{\"@type\":\"WebPage\",\"@id\":\"https:\/\/dmi65.com\/es\/regiones\/crisis-del-agua-en-sudafrica\/\",\"url\":\"https:\/\/dmi65.com\/es\/regiones\/crisis-del-agua-en-sudafrica\/\",\"name\":\"Resolver la crisis del agua en Sud\u00e1frica con DMI-65 - DMI-65\u00ae\",\"isPartOf\":{\"@id\":\"https:\/\/dmi65.com\/es\/#website\"},\"datePublished\":\"2020-08-11T07:04:09+00:00\",\"dateModified\":\"2020-08-11T07:04:11+00:00\",\"description\":\"DMI-65 es un medio de filtro catal\u00edtico avanzado que elimina metales pesados y se puede utilizar para ayudar con la crisis del agua en Sud\u00e1frica.\",\"breadcrumb\":{\"@id\":\"https:\/\/dmi65.com\/es\/regiones\/crisis-del-agua-en-sudafrica\/#breadcrumb\"},\"inLanguage\":\"es\",\"potentialAction\":[{\"@type\":\"ReadAction\",\"target\":[\"https:\/\/dmi65.com\/es\/regiones\/crisis-del-agua-en-sudafrica\/\"]}]},{\"@type\":\"BreadcrumbList\",\"@id\":\"https:\/\/dmi65.com\/es\/regiones\/crisis-del-agua-en-sudafrica\/#breadcrumb\",\"itemListElement\":[{\"@type\":\"ListItem\",\"position\":1,\"name\":\"Home\",\"item\":\"https:\/\/dmi65.com\/es\/\"},{\"@type\":\"ListItem\",\"position\":2,\"name\":\"Regiones\",\"item\":\"https:\/\/dmi65.com\/es\/regiones\/\"},{\"@type\":\"ListItem\",\"position\":3,\"name\":\"Crisis del agua en Sud\u00e1frica\"}]},{\"@type\":\"WebSite\",\"@id\":\"https:\/\/dmi65.com\/es\/#website\",\"url\":\"https:\/\/dmi65.com\/es\/\",\"name\":\"DMI-65\u00ae\",\"description\":\"Water Filtration &amp; Reverse Osmosis Treatment, Catalytic Media\",\"publisher\":{\"@id\":\"https:\/\/dmi65.com\/es\/#organization\"},\"potentialAction\":[{\"@type\":\"SearchAction\",\"target\":{\"@type\":\"EntryPoint\",\"urlTemplate\":\"https:\/\/dmi65.com\/es\/?s={search_term_string}\"},\"query-input\":{\"@type\":\"PropertyValueSpecification\",\"valueRequired\":true,\"valueName\":\"search_term_string\"}}],\"inLanguage\":\"es\"},{\"@type\":\"Organization\",\"@id\":\"https:\/\/dmi65.com\/es\/#organization\",\"name\":\"DMI-65 & Quantum Filtration Pty Ltd\",\"url\":\"https:\/\/dmi65.com\/es\/\",\"logo\":{\"@type\":\"ImageObject\",\"inLanguage\":\"es\",\"@id\":\"https:\/\/dmi65.com\/es\/#\/schema\/logo\/image\/\",\"url\":\"https:\/\/dmi65.com\/wp-content\/uploads\/2020\/04\/dmi65.png\",\"contentUrl\":\"https:\/\/dmi65.com\/wp-content\/uploads\/2020\/04\/dmi65.png\",\"width\":440,\"height\":205,\"caption\":\"DMI-65 & Quantum Filtration Pty Ltd\"},\"image\":{\"@id\":\"https:\/\/dmi65.com\/es\/#\/schema\/logo\/image\/\"},\"sameAs\":[\"https:\/\/www.linkedin.com\/company\/dmi-65\",\"https:\/\/www.youtube.com\/channel\/UCbXoMn5KBp2jrnx4KR_Qg4A\"]}]}<\/script>\n<!-- \/ Yoast SEO plugin. -->","yoast_head_json":{"title":"Resolver la crisis del agua en Sud\u00e1frica con DMI-65 - DMI-65\u00ae","description":"DMI-65 es un medio de filtro catal\u00edtico avanzado que elimina metales pesados y se puede utilizar para ayudar con la crisis del agua en Sud\u00e1frica.","robots":{"index":"index","follow":"follow","max-snippet":"max-snippet:-1","max-image-preview":"max-image-preview:large","max-video-preview":"max-video-preview:-1"},"canonical":"https:\/\/dmi65.com\/es\/regiones\/crisis-del-agua-en-sudafrica\/","og_locale":"es_ES","og_type":"article","og_title":"Resolver la crisis del agua en Sud\u00e1frica con DMI-65 - DMI-65\u00ae","og_description":"DMI-65 es un medio de filtro catal\u00edtico avanzado que elimina metales pesados y se puede utilizar para ayudar con la crisis del agua en Sud\u00e1frica.","og_url":"https:\/\/dmi65.com\/es\/regiones\/crisis-del-agua-en-sudafrica\/","og_site_name":"DMI-65\u00ae","article_modified_time":"2020-08-11T07:04:11+00:00","og_image":[{"width":466,"height":200,"url":"https:\/\/dmi65.com\/wp-content\/uploads\/2020\/06\/dmi65_Logo_Blk.png","type":"image\/png"}],"twitter_card":"summary_large_image","twitter_misc":{"Tiempo de lectura":"5 minutos"},"schema":{"@context":"https:\/\/schema.org","@graph":[{"@type":"WebPage","@id":"https:\/\/dmi65.com\/es\/regiones\/crisis-del-agua-en-sudafrica\/","url":"https:\/\/dmi65.com\/es\/regiones\/crisis-del-agua-en-sudafrica\/","name":"Resolver la crisis del agua en Sud\u00e1frica con DMI-65 - DMI-65\u00ae","isPartOf":{"@id":"https:\/\/dmi65.com\/es\/#website"},"datePublished":"2020-08-11T07:04:09+00:00","dateModified":"2020-08-11T07:04:11+00:00","description":"DMI-65 es un medio de filtro catal\u00edtico avanzado que elimina metales pesados y se puede utilizar para ayudar con la crisis del agua en Sud\u00e1frica.","breadcrumb":{"@id":"https:\/\/dmi65.com\/es\/regiones\/crisis-del-agua-en-sudafrica\/#breadcrumb"},"inLanguage":"es","potentialAction":[{"@type":"ReadAction","target":["https:\/\/dmi65.com\/es\/regiones\/crisis-del-agua-en-sudafrica\/"]}]},{"@type":"BreadcrumbList","@id":"https:\/\/dmi65.com\/es\/regiones\/crisis-del-agua-en-sudafrica\/#breadcrumb","itemListElement":[{"@type":"ListItem","position":1,"name":"Home","item":"https:\/\/dmi65.com\/es\/"},{"@type":"ListItem","position":2,"name":"Regiones","item":"https:\/\/dmi65.com\/es\/regiones\/"},{"@type":"ListItem","position":3,"name":"Crisis del agua en Sud\u00e1frica"}]},{"@type":"WebSite","@id":"https:\/\/dmi65.com\/es\/#website","url":"https:\/\/dmi65.com\/es\/","name":"DMI-65\u00ae","description":"Water Filtration &amp; Reverse Osmosis Treatment, Catalytic Media","publisher":{"@id":"https:\/\/dmi65.com\/es\/#organization"},"potentialAction":[{"@type":"SearchAction","target":{"@type":"EntryPoint","urlTemplate":"https:\/\/dmi65.com\/es\/?s={search_term_string}"},"query-input":{"@type":"PropertyValueSpecification","valueRequired":true,"valueName":"search_term_string"}}],"inLanguage":"es"},{"@type":"Organization","@id":"https:\/\/dmi65.com\/es\/#organization","name":"DMI-65 & Quantum Filtration Pty Ltd","url":"https:\/\/dmi65.com\/es\/","logo":{"@type":"ImageObject","inLanguage":"es","@id":"https:\/\/dmi65.com\/es\/#\/schema\/logo\/image\/","url":"https:\/\/dmi65.com\/wp-content\/uploads\/2020\/04\/dmi65.png","contentUrl":"https:\/\/dmi65.com\/wp-content\/uploads\/2020\/04\/dmi65.png","width":440,"height":205,"caption":"DMI-65 & Quantum Filtration Pty Ltd"},"image":{"@id":"https:\/\/dmi65.com\/es\/#\/schema\/logo\/image\/"},"sameAs":["https:\/\/www.linkedin.com\/company\/dmi-65","https:\/\/www.youtube.com\/channel\/UCbXoMn5KBp2jrnx4KR_Qg4A"]}]}},"_links":{"self":[{"href":"https:\/\/dmi65.com\/es\/wp-json\/wp\/v2\/pages\/9953","targetHints":{"allow":["GET"]}}],"collection":[{"href":"https:\/\/dmi65.com\/es\/wp-json\/wp\/v2\/pages"}],"about":[{"href":"https:\/\/dmi65.com\/es\/wp-json\/wp\/v2\/types\/page"}],"author":[{"embeddable":true,"href":"https:\/\/dmi65.com\/es\/wp-json\/wp\/v2\/users\/1"}],"replies":[{"embeddable":true,"href":"https:\/\/dmi65.com\/es\/wp-json\/wp\/v2\/comments?post=9953"}],"version-history":[{"count":3,"href":"https:\/\/dmi65.com\/es\/wp-json\/wp\/v2\/pages\/9953\/revisions"}],"predecessor-version":[{"id":9956,"href":"https:\/\/dmi65.com\/es\/wp-json\/wp\/v2\/pages\/9953\/revisions\/9956"}],"up":[{"embeddable":true,"href":"https:\/\/dmi65.com\/es\/wp-json\/wp\/v2\/pages\/7131"}],"wp:attachment":[{"href":"https:\/\/dmi65.com\/es\/wp-json\/wp\/v2\/media?parent=9953"}],"curies":[{"name":"wp","href":"https:\/\/api.w.org\/{rel}","templated":true}]}}