{"id":9896,"date":"2020-08-11T14:33:33","date_gmt":"2020-08-11T06:33:33","guid":{"rendered":"https:\/\/dmi65.com\/regiones\/agua-potable-de-china\/"},"modified":"2020-08-11T14:33:47","modified_gmt":"2020-08-11T06:33:47","slug":"agua-potable-de-china","status":"publish","type":"page","link":"https:\/\/dmi65.com\/es\/regiones\/agua-potable-de-china\/","title":{"rendered":"Agua potable de China"},"content":{"rendered":"<div class=\"wpb-content-wrapper\"><p>[vc_row][vc_column][vc_column_text]<strong>Agua potable de China:<\/strong> Los problemas de suministro de agua de China son bien conocidos a nivel mundial. Sin embargo, el principal problema al que se enfrenta China es c\u00f3mo distribuir su agua, en lugar de la falta de agua per se. El 80% del suministro de agua de China se encuentra en el <a href=\"https:\/\/en.wikipedia.org\/wiki\/South_China\" target=\"_blank\" rel=\"noopener noreferrer\">sur de China.<\/a> Pero esta agua no puede ser utilizada por la poblaci\u00f3n de 12 provincias chinas que representan el 41% de su poblaci\u00f3n total, el 38% de la agricultura china, el 46% de su industria y el 50% de su generaci\u00f3n de energ\u00eda. Ocho de estas provincias est\u00e1n experimentando una aguda escasez de agua, mientras que en cuatro provincias el agua es simplemente \u00abescasa\u00bb, y dos provincias son en gran parte des\u00e9rticas. Adem\u00e1s, el problema est\u00e1 empeorando, ya que 28.000 r\u00edos en China se han secado en los \u00faltimos 25 a\u00f1os. Y el apetito de China por el agua sigue creciendo, con un tiempo de consumo que aumentar\u00e1 a 670 mil millones de metros c\u00fabicos al a\u00f1o a principios de la d\u00e9cada de 2020.<\/p>\n<p>Se suma al problema el hecho de que la miner\u00eda del carb\u00f3n es un proceso intensivo en agua y contaminante, y el 85% de las reservas de carb\u00f3n en China se encuentran en provincias donde el agua es escasa y debe ser compartida con una gran industria agr\u00edcola. Seg\u00fan se informa, el 20% de todo el uso de agua en China es para miner\u00eda, procesamiento o consumo de carb\u00f3n, y casi el 70% es para fines agr\u00edcolas. El r\u00e1pido crecimiento de la demanda de agua, combinado con la dependencia de las aguas subterr\u00e1neas procedentes de los acu\u00edferos, ha dado lugar a un nuevo problema: el hundimiento. Esto representa una amenaza para m\u00e1s de 50 ciudades en China y est\u00e1 siendo vigilada de cerca por el gobierno.<\/p>\n<p>La urbanizaci\u00f3n ha planteado un problema enorme para la sociedad de clase media en r\u00e1pido crecimiento. El gran n\u00famero de personas que se est\u00e1n mudando a las ciudades para oportunidades de empleo, ahora tienen mayores expectativas y la calidad del agua es parte integral de ese estilo de vida. Muchas ciudades de china est\u00e1n utilizando filtros de arena r\u00e1pidos en sus plantas municipales de tratamiento de agua.<\/p>\n<h4><a href=\"https:\/\/dmi65.com\/es\/tecnicas\/how-it-works\/\">DMI-65<\/a> se puede utilizar f\u00e1cilmente en estos filtros, con el fin de eliminar los metales pesados del suministro de agua subterr\u00e1nea y mejorar dr\u00e1sticamente la calidad del agua potable para las comunidades locales.<\/h4>\n<p>Bajo la administraci\u00f3n de Xi Jinping, Beijing, Tianjin y la provincia circundante de Hebei se han desarrollado significativamente. Sin embargo, los 112 millones de personas que viven all\u00ed gestionan con un consumo anual de agua de Arabia Saudita inferior al per c\u00e1pita. En 2016, el alcalde de Beijing anunci\u00f3 que debido principalmente a la escasez de agua, la poblaci\u00f3n de la ciudad no pod\u00eda elevarse por encima de 23 millones de personas. En 2016, la provincia de Gansu se enfrent\u00f3 a graves problemas y los residentes s\u00f3lo ten\u00edan acceso al agua durante una hora al d\u00eda, y luego tuvieron que transportar el agua a sus pisos de gran altura<\/p>\n<p>El gobierno anunci\u00f3 en 2015 que invertir\u00eda 800 mil millones del CNY (US$127 mil millones) en mejorar el riego a trav\u00e9s de proyectos de conservaci\u00f3n del agua, muchos de los cuales se centraron en mejorar el riego. Seg\u00fan los informes, el gobierno tambi\u00e9n planea invertir m\u00e1s de 6 billones de CNY en los pr\u00f3ximos a\u00f1os mejorando la infraestructura h\u00eddrica de China y disminuyendo la contaminaci\u00f3n del agua.<\/p>\n<p>Los planes de China para abordar la contaminaci\u00f3n del agua est\u00e1n incluidos en el 13o <a href=\"https:\/\/www.chinawaterrisk.org\/notices\/chinas-13th-five-year-plan-2016-2020\/\">Plan Quinquenal,<\/a>que contiene la estrategia del gobierno para contrarrestar este problema, al igual que el Plan de Asignaci\u00f3n de Agua 2013 para el Desarrollo de Bases de Carb\u00f3n y el Plan de Agua de 10 Puntos 2015. El Plan de Agua de 10 Puntos se centra en promover el reciclaje y disminuir los niveles de contaminaci\u00f3n para aumentar el suministro de agua. El 13o Plan Quinquenal establece metas y estipula qu\u00e9 ministerio ser\u00eda responsable de implementar cada parte del plan.[\/vc_column_text][\/vc_column][\/vc_row][vc_row content_placement=\u00bbmiddle\u00bb css=\u00bb.vc_custom_1592794121420{padding-top: 20px !important;padding-right: 20px !important;padding-bottom: 5px !important;padding-left: 20px !important;}\u00bb el_class=\u00bbcta\u00bb][vc_column]<div class=\"dt-fancy-separator\" style=\"width: 100%;\"><div class=\"dt-fancy-title\"><span class=\"separator-holder separator-left\"><\/span>Pregunte c\u00f3mo se puede utilizar DMI-65\u00ae medios de filtraci\u00f3n para el agua potable de China.<span class=\"separator-holder separator-right\"><\/span><\/div><\/div>[vc_btn title=\u00bbInvestigar\u00bb style=\u00bbcustom\u00bb custom_background=\u00bb#162441&#8243; custom_text=\u00bb#ffffff\u00bb shape=\u00bbsquare\u00bb size=\u00bblg\u00bb align=\u00bbcenter\u00bb i_align=\u00bbright\u00bb i_icon_fontawesome=\u00bbfas fa-chevron-right\u00bb add_icon=\u00bbtrue\u00bb css=\u00bb.vc_custom_1592793128520{margin-top: 20px !important;}\u00bb el_class=\u00bbctaButton sg-popup-id-8233&#8243;][\/vc_column][\/vc_row]<\/p>\n<\/div>","protected":false},"excerpt":{"rendered":"<p>[vc_row][vc_column][vc_column_text]Agua potable de China: Los problemas de suministro de agua de China son bien conocidos a nivel mundial. Sin embargo, el principal problema al que se enfrenta China es c\u00f3mo distribuir su agua, en lugar de la falta de agua per se. El 80% del suministro de agua de China se encuentra en el sur&hellip;<\/p>\n","protected":false},"author":1,"featured_media":0,"parent":7131,"menu_order":0,"comment_status":"closed","ping_status":"closed","template":"","meta":{"content-type":"","footnotes":""},"class_list":["post-9896","page","type-page","status-publish","hentry","description-off"],"yoast_head":"<!-- This site is optimized with the Yoast SEO plugin v25.2 - https:\/\/yoast.com\/wordpress\/plugins\/seo\/ -->\n<title>Agua potable de China usando Medios de Filtraci\u00f3n - DMI-65\u00ae<\/title>\n<meta name=\"description\" content=\"Agua potable de China: el principal problema al que se enfrenta China es c\u00f3mo distribuir su agua, en lugar de la falta de agua per se.\" \/>\n<meta name=\"robots\" content=\"index, follow, max-snippet:-1, max-image-preview:large, max-video-preview:-1\" \/>\n<link rel=\"canonical\" href=\"https:\/\/dmi65.com\/es\/regiones\/agua-potable-de-china\/\" \/>\n<meta property=\"og:locale\" content=\"es_ES\" \/>\n<meta property=\"og:type\" content=\"article\" \/>\n<meta property=\"og:title\" content=\"Agua potable de China usando Medios de Filtraci\u00f3n - DMI-65\u00ae\" \/>\n<meta property=\"og:description\" content=\"Agua potable de China: el principal problema al que se enfrenta China es c\u00f3mo distribuir su agua, en lugar de la falta de agua per se.\" \/>\n<meta property=\"og:url\" content=\"https:\/\/dmi65.com\/es\/regiones\/agua-potable-de-china\/\" \/>\n<meta property=\"og:site_name\" content=\"DMI-65\u00ae\" \/>\n<meta property=\"article:modified_time\" content=\"2020-08-11T06:33:47+00:00\" \/>\n<meta property=\"og:image\" content=\"https:\/\/dmi65.com\/wp-content\/uploads\/2020\/06\/dmi65_Logo_Blk.png\" \/>\n\t<meta property=\"og:image:width\" content=\"466\" \/>\n\t<meta property=\"og:image:height\" content=\"200\" \/>\n\t<meta property=\"og:image:type\" content=\"image\/png\" \/>\n<meta name=\"twitter:card\" content=\"summary_large_image\" \/>\n<meta name=\"twitter:label1\" content=\"Tiempo de lectura\" \/>\n\t<meta name=\"twitter:data1\" content=\"4 minutos\" \/>\n<script type=\"application\/ld+json\" class=\"yoast-schema-graph\">{\"@context\":\"https:\/\/schema.org\",\"@graph\":[{\"@type\":\"WebPage\",\"@id\":\"https:\/\/dmi65.com\/es\/regiones\/agua-potable-de-china\/\",\"url\":\"https:\/\/dmi65.com\/es\/regiones\/agua-potable-de-china\/\",\"name\":\"Agua potable de China usando Medios de Filtraci\u00f3n - DMI-65\u00ae\",\"isPartOf\":{\"@id\":\"https:\/\/dmi65.com\/es\/#website\"},\"datePublished\":\"2020-08-11T06:33:33+00:00\",\"dateModified\":\"2020-08-11T06:33:47+00:00\",\"description\":\"Agua potable de China: el principal problema al que se enfrenta China es c\u00f3mo distribuir su agua, en lugar de la falta de agua per se.\",\"breadcrumb\":{\"@id\":\"https:\/\/dmi65.com\/es\/regiones\/agua-potable-de-china\/#breadcrumb\"},\"inLanguage\":\"es\",\"potentialAction\":[{\"@type\":\"ReadAction\",\"target\":[\"https:\/\/dmi65.com\/es\/regiones\/agua-potable-de-china\/\"]}]},{\"@type\":\"BreadcrumbList\",\"@id\":\"https:\/\/dmi65.com\/es\/regiones\/agua-potable-de-china\/#breadcrumb\",\"itemListElement\":[{\"@type\":\"ListItem\",\"position\":1,\"name\":\"Home\",\"item\":\"https:\/\/dmi65.com\/es\/\"},{\"@type\":\"ListItem\",\"position\":2,\"name\":\"Regiones\",\"item\":\"https:\/\/dmi65.com\/es\/regiones\/\"},{\"@type\":\"ListItem\",\"position\":3,\"name\":\"Agua potable de China\"}]},{\"@type\":\"WebSite\",\"@id\":\"https:\/\/dmi65.com\/es\/#website\",\"url\":\"https:\/\/dmi65.com\/es\/\",\"name\":\"DMI-65\u00ae\",\"description\":\"Water Filtration &amp; Reverse Osmosis Treatment, Catalytic Media\",\"publisher\":{\"@id\":\"https:\/\/dmi65.com\/es\/#organization\"},\"potentialAction\":[{\"@type\":\"SearchAction\",\"target\":{\"@type\":\"EntryPoint\",\"urlTemplate\":\"https:\/\/dmi65.com\/es\/?s={search_term_string}\"},\"query-input\":{\"@type\":\"PropertyValueSpecification\",\"valueRequired\":true,\"valueName\":\"search_term_string\"}}],\"inLanguage\":\"es\"},{\"@type\":\"Organization\",\"@id\":\"https:\/\/dmi65.com\/es\/#organization\",\"name\":\"DMI-65 & Quantum Filtration Pty Ltd\",\"url\":\"https:\/\/dmi65.com\/es\/\",\"logo\":{\"@type\":\"ImageObject\",\"inLanguage\":\"es\",\"@id\":\"https:\/\/dmi65.com\/es\/#\/schema\/logo\/image\/\",\"url\":\"https:\/\/dmi65.com\/wp-content\/uploads\/2020\/04\/dmi65.png\",\"contentUrl\":\"https:\/\/dmi65.com\/wp-content\/uploads\/2020\/04\/dmi65.png\",\"width\":440,\"height\":205,\"caption\":\"DMI-65 & Quantum Filtration Pty Ltd\"},\"image\":{\"@id\":\"https:\/\/dmi65.com\/es\/#\/schema\/logo\/image\/\"},\"sameAs\":[\"https:\/\/www.linkedin.com\/company\/dmi-65\",\"https:\/\/www.youtube.com\/channel\/UCbXoMn5KBp2jrnx4KR_Qg4A\"]}]}<\/script>\n<!-- \/ Yoast SEO plugin. -->","yoast_head_json":{"title":"Agua potable de China usando Medios de Filtraci\u00f3n - DMI-65\u00ae","description":"Agua potable de China: el principal problema al que se enfrenta China es c\u00f3mo distribuir su agua, en lugar de la falta de agua per se.","robots":{"index":"index","follow":"follow","max-snippet":"max-snippet:-1","max-image-preview":"max-image-preview:large","max-video-preview":"max-video-preview:-1"},"canonical":"https:\/\/dmi65.com\/es\/regiones\/agua-potable-de-china\/","og_locale":"es_ES","og_type":"article","og_title":"Agua potable de China usando Medios de Filtraci\u00f3n - DMI-65\u00ae","og_description":"Agua potable de China: el principal problema al que se enfrenta China es c\u00f3mo distribuir su agua, en lugar de la falta de agua per se.","og_url":"https:\/\/dmi65.com\/es\/regiones\/agua-potable-de-china\/","og_site_name":"DMI-65\u00ae","article_modified_time":"2020-08-11T06:33:47+00:00","og_image":[{"width":466,"height":200,"url":"https:\/\/dmi65.com\/wp-content\/uploads\/2020\/06\/dmi65_Logo_Blk.png","type":"image\/png"}],"twitter_card":"summary_large_image","twitter_misc":{"Tiempo de lectura":"4 minutos"},"schema":{"@context":"https:\/\/schema.org","@graph":[{"@type":"WebPage","@id":"https:\/\/dmi65.com\/es\/regiones\/agua-potable-de-china\/","url":"https:\/\/dmi65.com\/es\/regiones\/agua-potable-de-china\/","name":"Agua potable de China usando Medios de Filtraci\u00f3n - DMI-65\u00ae","isPartOf":{"@id":"https:\/\/dmi65.com\/es\/#website"},"datePublished":"2020-08-11T06:33:33+00:00","dateModified":"2020-08-11T06:33:47+00:00","description":"Agua potable de China: el principal problema al que se enfrenta China es c\u00f3mo distribuir su agua, en lugar de la falta de agua per se.","breadcrumb":{"@id":"https:\/\/dmi65.com\/es\/regiones\/agua-potable-de-china\/#breadcrumb"},"inLanguage":"es","potentialAction":[{"@type":"ReadAction","target":["https:\/\/dmi65.com\/es\/regiones\/agua-potable-de-china\/"]}]},{"@type":"BreadcrumbList","@id":"https:\/\/dmi65.com\/es\/regiones\/agua-potable-de-china\/#breadcrumb","itemListElement":[{"@type":"ListItem","position":1,"name":"Home","item":"https:\/\/dmi65.com\/es\/"},{"@type":"ListItem","position":2,"name":"Regiones","item":"https:\/\/dmi65.com\/es\/regiones\/"},{"@type":"ListItem","position":3,"name":"Agua potable de China"}]},{"@type":"WebSite","@id":"https:\/\/dmi65.com\/es\/#website","url":"https:\/\/dmi65.com\/es\/","name":"DMI-65\u00ae","description":"Water Filtration &amp; Reverse Osmosis Treatment, Catalytic Media","publisher":{"@id":"https:\/\/dmi65.com\/es\/#organization"},"potentialAction":[{"@type":"SearchAction","target":{"@type":"EntryPoint","urlTemplate":"https:\/\/dmi65.com\/es\/?s={search_term_string}"},"query-input":{"@type":"PropertyValueSpecification","valueRequired":true,"valueName":"search_term_string"}}],"inLanguage":"es"},{"@type":"Organization","@id":"https:\/\/dmi65.com\/es\/#organization","name":"DMI-65 & Quantum Filtration Pty Ltd","url":"https:\/\/dmi65.com\/es\/","logo":{"@type":"ImageObject","inLanguage":"es","@id":"https:\/\/dmi65.com\/es\/#\/schema\/logo\/image\/","url":"https:\/\/dmi65.com\/wp-content\/uploads\/2020\/04\/dmi65.png","contentUrl":"https:\/\/dmi65.com\/wp-content\/uploads\/2020\/04\/dmi65.png","width":440,"height":205,"caption":"DMI-65 & Quantum Filtration Pty Ltd"},"image":{"@id":"https:\/\/dmi65.com\/es\/#\/schema\/logo\/image\/"},"sameAs":["https:\/\/www.linkedin.com\/company\/dmi-65","https:\/\/www.youtube.com\/channel\/UCbXoMn5KBp2jrnx4KR_Qg4A"]}]}},"_links":{"self":[{"href":"https:\/\/dmi65.com\/es\/wp-json\/wp\/v2\/pages\/9896","targetHints":{"allow":["GET"]}}],"collection":[{"href":"https:\/\/dmi65.com\/es\/wp-json\/wp\/v2\/pages"}],"about":[{"href":"https:\/\/dmi65.com\/es\/wp-json\/wp\/v2\/types\/page"}],"author":[{"embeddable":true,"href":"https:\/\/dmi65.com\/es\/wp-json\/wp\/v2\/users\/1"}],"replies":[{"embeddable":true,"href":"https:\/\/dmi65.com\/es\/wp-json\/wp\/v2\/comments?post=9896"}],"version-history":[{"count":3,"href":"https:\/\/dmi65.com\/es\/wp-json\/wp\/v2\/pages\/9896\/revisions"}],"predecessor-version":[{"id":9903,"href":"https:\/\/dmi65.com\/es\/wp-json\/wp\/v2\/pages\/9896\/revisions\/9903"}],"up":[{"embeddable":true,"href":"https:\/\/dmi65.com\/es\/wp-json\/wp\/v2\/pages\/7131"}],"wp:attachment":[{"href":"https:\/\/dmi65.com\/es\/wp-json\/wp\/v2\/media?parent=9896"}],"curies":[{"name":"wp","href":"https:\/\/api.w.org\/{rel}","templated":true}]}}