{"id":9855,"date":"2020-08-10T20:29:43","date_gmt":"2020-08-10T12:29:43","guid":{"rendered":"https:\/\/dmi65.com\/regiones\/agua-potable-de-la-india\/"},"modified":"2020-08-10T20:29:48","modified_gmt":"2020-08-10T12:29:48","slug":"agua-potable-de-la-india","status":"publish","type":"page","link":"https:\/\/dmi65.com\/es\/regiones\/agua-potable-de-la-india\/","title":{"rendered":"Agua potable de la India"},"content":{"rendered":"<div class=\"wpb-content-wrapper\"><p>[vc_row][vc_column][vc_column_text]<strong>Agua potable de la India:<\/strong> Con una poblaci\u00f3n diversa que es tres veces el tama\u00f1o de los Estados Unidos, pero un tercio del tama\u00f1o f\u00edsico, la <a href=\"https:\/\/www.unicef.org\/india\/what-we-do\/clean-drinking-water\">India<\/a> tiene la segunda poblaci\u00f3n m\u00e1s grande del mundo. Aunque la India ha realizado mejoras en las \u00faltimas d\u00e9cadas tanto en la disponibilidad como en la calidad de los sistemas municipales de agua potable, su gran poblaci\u00f3n ha hecho hincapi\u00e9 en los recursos h\u00eddricos planificados y las zonas rurales se quedan fuera. Adem\u00e1s, el r\u00e1pido crecimiento de las zonas urbanas de la India ha estirado las soluciones gubernamentales, que se han visto comprometidas por la sobres privatizaci\u00f3n.<\/p>\n<p>Independientemente de las mejoras en el agua potable, muchas otras fuentes de agua est\u00e1n contaminadas con contaminantes biol\u00f3gicos y qu\u00edmicos, y m\u00e1s del 21% de las enfermedades del pa\u00eds est\u00e1n relacionadas con el agua. Adem\u00e1s, s\u00f3lo el 33% del pa\u00eds tiene acceso al saneamiento tradicional. Una preocupaci\u00f3n es que la India puede carecer de disponibilidad general a largo plazo de recursos h\u00eddricos reabastecidos. Si bien los acu\u00edferos de la India est\u00e1n actualmente asociados con fuentes de reposici\u00f3n, el pa\u00eds tambi\u00e9n es un importante productor de granos con una gran necesidad de agua para apoyar el producto b\u00e1sico. Al igual que con todos los pa\u00edses con una gran producci\u00f3n agr\u00edcola, el consumo excesivo de agua para la producci\u00f3n de alimentos agota el mancuo total.<\/p>\n<p>Muchas comunidades rurales en la India que est\u00e1n situadas en las afueras de la expansi\u00f3n urbana tambi\u00e9n tienen m\u00e1s remedio que perforar pozos para acceder a las fuentes de agua subterr\u00e1nea. Sin embargo, cualquier sistema de agua adicional se suma al agotamiento general del agua. No hay una respuesta f\u00e1cil para la India, que debe aprovechar las fuentes de agua para obtener alimentos y sustento humano, pero la disponibilidad general de agua de la India se est\u00e1 agotando. Adem\u00e1s, se espera que la escasez de agua en la India empeore, ya que se espera que la poblaci\u00f3n general aumente a 1.600 millones para el a\u00f1o 2050. Con ese fin, se espera que la escasez mundial de agua se convierta en una de las principales causas de conflicto pol\u00edtico nacional en el futuro, y el pron\u00f3stico para la India no es diferente.<\/p>\n<p>En una nota positiva, algunas \u00e1reas de la India son afortunadas de tener un clima relativamente h\u00famedo, incluso en las regiones m\u00e1s \u00e1ridas. Sin embargo, sin programas de captaci\u00f3n de lluvia en su lugar, la mayor parte del agua se desplaza o se seca en lugar de usarse. En estas \u00e1reas, la recolecci\u00f3n de lluvia podr\u00eda ser una soluci\u00f3n para la recolecci\u00f3n de agua. El agua recolectada se puede utilizar inmediatamente para la agricultura, y con mejores pr\u00e1cticas de filtraci\u00f3n para reducir los pat\u00f3genos transmitidos por el agua, tambi\u00e9n disponible r\u00e1pidamente para el consumo humano.<\/p>\n<h4><a href=\"https:\/\/dmi65.com\/es\/tecnicas\/how-it-works\/\">DMI-65<\/a> puede ayudar en esta \u00e1rea, al ser utilizado en filtros comerciales, metales pesados molestos se pueden eliminar. Esto ayudar\u00e1 a mejorar la calidad general del agua en todas las comunidades de la India.<\/h4>\n<p>[\/vc_column_text][\/vc_column][\/vc_row][vc_row content_placement=\u00bbmiddle\u00bb css=\u00bb.vc_custom_1592794121420{padding-top: 20px !important;padding-right: 20px !important;padding-bottom: 5px !important;padding-left: 20px !important;}\u00bb el_class=\u00bbcta\u00bb][vc_column]<div class=\"dt-fancy-separator\" style=\"width: 100%;\"><div class=\"dt-fancy-title\"><span class=\"separator-holder separator-left\"><\/span>Pregunte c\u00f3mo los medios de filtraci\u00f3n DMI-65\u00ae pueden ayudar con el agua potable Filtration Media for India.<span class=\"separator-holder separator-right\"><\/span><\/div><\/div>[vc_btn title=\u00bbInvestigar\u00bb style=\u00bbcustom\u00bb custom_background=\u00bb#162441&#8243; custom_text=\u00bb#ffffff\u00bb shape=\u00bbsquare\u00bb size=\u00bblg\u00bb align=\u00bbcenter\u00bb i_align=\u00bbright\u00bb i_icon_fontawesome=\u00bbfas fa-chevron-right\u00bb add_icon=\u00bbtrue\u00bb css=\u00bb.vc_custom_1592793128520{margin-top: 20px !important;}\u00bb el_class=\u00bbctaButton sg-popup-id-8233&#8243;][\/vc_column][\/vc_row]<\/p>\n<\/div>","protected":false},"excerpt":{"rendered":"<p>[vc_row][vc_column][vc_column_text]Agua potable de la India: Con una poblaci\u00f3n diversa que es tres veces el tama\u00f1o de los Estados Unidos, pero un tercio del tama\u00f1o f\u00edsico, la India tiene la segunda poblaci\u00f3n m\u00e1s grande del mundo. Aunque la India ha realizado mejoras en las \u00faltimas d\u00e9cadas tanto en la disponibilidad como en la calidad de los&hellip;<\/p>\n","protected":false},"author":1,"featured_media":0,"parent":7131,"menu_order":0,"comment_status":"closed","ping_status":"closed","template":"","meta":{"content-type":"","footnotes":""},"class_list":["post-9855","page","type-page","status-publish","hentry","description-off"],"yoast_head":"<!-- This site is optimized with the Yoast SEO plugin v25.2 - https:\/\/yoast.com\/wordpress\/plugins\/seo\/ -->\n<title>Medios de filtraci\u00f3n - Agua potable Safe India - DMI-65\u00ae<\/title>\n<meta name=\"description\" content=\"Con una gran poblaci\u00f3n, la India se enfrenta a desaf\u00edos significativos con agua potable limpia y segura que puede ser asistida con los medios DMI-65.\" \/>\n<meta name=\"robots\" content=\"index, follow, max-snippet:-1, max-image-preview:large, max-video-preview:-1\" \/>\n<link rel=\"canonical\" href=\"https:\/\/dmi65.com\/es\/regiones\/agua-potable-de-la-india\/\" \/>\n<meta property=\"og:locale\" content=\"es_ES\" \/>\n<meta property=\"og:type\" content=\"article\" \/>\n<meta property=\"og:title\" content=\"Medios de filtraci\u00f3n - Agua potable Safe India - DMI-65\u00ae\" \/>\n<meta property=\"og:description\" content=\"Con una gran poblaci\u00f3n, la India se enfrenta a desaf\u00edos significativos con agua potable limpia y segura que puede ser asistida con los medios DMI-65.\" \/>\n<meta property=\"og:url\" content=\"https:\/\/dmi65.com\/es\/regiones\/agua-potable-de-la-india\/\" \/>\n<meta property=\"og:site_name\" content=\"DMI-65\u00ae\" \/>\n<meta property=\"article:modified_time\" content=\"2020-08-10T12:29:48+00:00\" \/>\n<meta property=\"og:image\" content=\"https:\/\/dmi65.com\/wp-content\/uploads\/2020\/06\/dmi65_Logo_Blk.png\" \/>\n\t<meta property=\"og:image:width\" content=\"466\" \/>\n\t<meta property=\"og:image:height\" content=\"200\" \/>\n\t<meta property=\"og:image:type\" content=\"image\/png\" \/>\n<meta name=\"twitter:card\" content=\"summary_large_image\" \/>\n<meta name=\"twitter:label1\" content=\"Tiempo de lectura\" \/>\n\t<meta name=\"twitter:data1\" content=\"3 minutos\" \/>\n<script type=\"application\/ld+json\" class=\"yoast-schema-graph\">{\"@context\":\"https:\/\/schema.org\",\"@graph\":[{\"@type\":\"WebPage\",\"@id\":\"https:\/\/dmi65.com\/es\/regiones\/agua-potable-de-la-india\/\",\"url\":\"https:\/\/dmi65.com\/es\/regiones\/agua-potable-de-la-india\/\",\"name\":\"Medios de filtraci\u00f3n - Agua potable Safe India - DMI-65\u00ae\",\"isPartOf\":{\"@id\":\"https:\/\/dmi65.com\/es\/#website\"},\"datePublished\":\"2020-08-10T12:29:43+00:00\",\"dateModified\":\"2020-08-10T12:29:48+00:00\",\"description\":\"Con una gran poblaci\u00f3n, la India se enfrenta a desaf\u00edos significativos con agua potable limpia y segura que puede ser asistida con los medios DMI-65.\",\"breadcrumb\":{\"@id\":\"https:\/\/dmi65.com\/es\/regiones\/agua-potable-de-la-india\/#breadcrumb\"},\"inLanguage\":\"es\",\"potentialAction\":[{\"@type\":\"ReadAction\",\"target\":[\"https:\/\/dmi65.com\/es\/regiones\/agua-potable-de-la-india\/\"]}]},{\"@type\":\"BreadcrumbList\",\"@id\":\"https:\/\/dmi65.com\/es\/regiones\/agua-potable-de-la-india\/#breadcrumb\",\"itemListElement\":[{\"@type\":\"ListItem\",\"position\":1,\"name\":\"Home\",\"item\":\"https:\/\/dmi65.com\/es\/\"},{\"@type\":\"ListItem\",\"position\":2,\"name\":\"Regiones\",\"item\":\"https:\/\/dmi65.com\/es\/regiones\/\"},{\"@type\":\"ListItem\",\"position\":3,\"name\":\"Agua potable de la India\"}]},{\"@type\":\"WebSite\",\"@id\":\"https:\/\/dmi65.com\/es\/#website\",\"url\":\"https:\/\/dmi65.com\/es\/\",\"name\":\"DMI-65\u00ae\",\"description\":\"Water Filtration &amp; Reverse Osmosis Treatment, Catalytic Media\",\"publisher\":{\"@id\":\"https:\/\/dmi65.com\/es\/#organization\"},\"potentialAction\":[{\"@type\":\"SearchAction\",\"target\":{\"@type\":\"EntryPoint\",\"urlTemplate\":\"https:\/\/dmi65.com\/es\/?s={search_term_string}\"},\"query-input\":{\"@type\":\"PropertyValueSpecification\",\"valueRequired\":true,\"valueName\":\"search_term_string\"}}],\"inLanguage\":\"es\"},{\"@type\":\"Organization\",\"@id\":\"https:\/\/dmi65.com\/es\/#organization\",\"name\":\"DMI-65 & Quantum Filtration Pty Ltd\",\"url\":\"https:\/\/dmi65.com\/es\/\",\"logo\":{\"@type\":\"ImageObject\",\"inLanguage\":\"es\",\"@id\":\"https:\/\/dmi65.com\/es\/#\/schema\/logo\/image\/\",\"url\":\"https:\/\/dmi65.com\/wp-content\/uploads\/2020\/04\/dmi65.png\",\"contentUrl\":\"https:\/\/dmi65.com\/wp-content\/uploads\/2020\/04\/dmi65.png\",\"width\":440,\"height\":205,\"caption\":\"DMI-65 & Quantum Filtration Pty Ltd\"},\"image\":{\"@id\":\"https:\/\/dmi65.com\/es\/#\/schema\/logo\/image\/\"},\"sameAs\":[\"https:\/\/www.linkedin.com\/company\/dmi-65\",\"https:\/\/www.youtube.com\/channel\/UCbXoMn5KBp2jrnx4KR_Qg4A\"]}]}<\/script>\n<!-- \/ Yoast SEO plugin. -->","yoast_head_json":{"title":"Medios de filtraci\u00f3n - Agua potable Safe India - DMI-65\u00ae","description":"Con una gran poblaci\u00f3n, la India se enfrenta a desaf\u00edos significativos con agua potable limpia y segura que puede ser asistida con los medios DMI-65.","robots":{"index":"index","follow":"follow","max-snippet":"max-snippet:-1","max-image-preview":"max-image-preview:large","max-video-preview":"max-video-preview:-1"},"canonical":"https:\/\/dmi65.com\/es\/regiones\/agua-potable-de-la-india\/","og_locale":"es_ES","og_type":"article","og_title":"Medios de filtraci\u00f3n - Agua potable Safe India - DMI-65\u00ae","og_description":"Con una gran poblaci\u00f3n, la India se enfrenta a desaf\u00edos significativos con agua potable limpia y segura que puede ser asistida con los medios DMI-65.","og_url":"https:\/\/dmi65.com\/es\/regiones\/agua-potable-de-la-india\/","og_site_name":"DMI-65\u00ae","article_modified_time":"2020-08-10T12:29:48+00:00","og_image":[{"width":466,"height":200,"url":"https:\/\/dmi65.com\/wp-content\/uploads\/2020\/06\/dmi65_Logo_Blk.png","type":"image\/png"}],"twitter_card":"summary_large_image","twitter_misc":{"Tiempo de lectura":"3 minutos"},"schema":{"@context":"https:\/\/schema.org","@graph":[{"@type":"WebPage","@id":"https:\/\/dmi65.com\/es\/regiones\/agua-potable-de-la-india\/","url":"https:\/\/dmi65.com\/es\/regiones\/agua-potable-de-la-india\/","name":"Medios de filtraci\u00f3n - Agua potable Safe India - DMI-65\u00ae","isPartOf":{"@id":"https:\/\/dmi65.com\/es\/#website"},"datePublished":"2020-08-10T12:29:43+00:00","dateModified":"2020-08-10T12:29:48+00:00","description":"Con una gran poblaci\u00f3n, la India se enfrenta a desaf\u00edos significativos con agua potable limpia y segura que puede ser asistida con los medios DMI-65.","breadcrumb":{"@id":"https:\/\/dmi65.com\/es\/regiones\/agua-potable-de-la-india\/#breadcrumb"},"inLanguage":"es","potentialAction":[{"@type":"ReadAction","target":["https:\/\/dmi65.com\/es\/regiones\/agua-potable-de-la-india\/"]}]},{"@type":"BreadcrumbList","@id":"https:\/\/dmi65.com\/es\/regiones\/agua-potable-de-la-india\/#breadcrumb","itemListElement":[{"@type":"ListItem","position":1,"name":"Home","item":"https:\/\/dmi65.com\/es\/"},{"@type":"ListItem","position":2,"name":"Regiones","item":"https:\/\/dmi65.com\/es\/regiones\/"},{"@type":"ListItem","position":3,"name":"Agua potable de la India"}]},{"@type":"WebSite","@id":"https:\/\/dmi65.com\/es\/#website","url":"https:\/\/dmi65.com\/es\/","name":"DMI-65\u00ae","description":"Water Filtration &amp; Reverse Osmosis Treatment, Catalytic Media","publisher":{"@id":"https:\/\/dmi65.com\/es\/#organization"},"potentialAction":[{"@type":"SearchAction","target":{"@type":"EntryPoint","urlTemplate":"https:\/\/dmi65.com\/es\/?s={search_term_string}"},"query-input":{"@type":"PropertyValueSpecification","valueRequired":true,"valueName":"search_term_string"}}],"inLanguage":"es"},{"@type":"Organization","@id":"https:\/\/dmi65.com\/es\/#organization","name":"DMI-65 & Quantum Filtration Pty Ltd","url":"https:\/\/dmi65.com\/es\/","logo":{"@type":"ImageObject","inLanguage":"es","@id":"https:\/\/dmi65.com\/es\/#\/schema\/logo\/image\/","url":"https:\/\/dmi65.com\/wp-content\/uploads\/2020\/04\/dmi65.png","contentUrl":"https:\/\/dmi65.com\/wp-content\/uploads\/2020\/04\/dmi65.png","width":440,"height":205,"caption":"DMI-65 & Quantum Filtration Pty Ltd"},"image":{"@id":"https:\/\/dmi65.com\/es\/#\/schema\/logo\/image\/"},"sameAs":["https:\/\/www.linkedin.com\/company\/dmi-65","https:\/\/www.youtube.com\/channel\/UCbXoMn5KBp2jrnx4KR_Qg4A"]}]}},"_links":{"self":[{"href":"https:\/\/dmi65.com\/es\/wp-json\/wp\/v2\/pages\/9855","targetHints":{"allow":["GET"]}}],"collection":[{"href":"https:\/\/dmi65.com\/es\/wp-json\/wp\/v2\/pages"}],"about":[{"href":"https:\/\/dmi65.com\/es\/wp-json\/wp\/v2\/types\/page"}],"author":[{"embeddable":true,"href":"https:\/\/dmi65.com\/es\/wp-json\/wp\/v2\/users\/1"}],"replies":[{"embeddable":true,"href":"https:\/\/dmi65.com\/es\/wp-json\/wp\/v2\/comments?post=9855"}],"version-history":[{"count":3,"href":"https:\/\/dmi65.com\/es\/wp-json\/wp\/v2\/pages\/9855\/revisions"}],"predecessor-version":[{"id":9858,"href":"https:\/\/dmi65.com\/es\/wp-json\/wp\/v2\/pages\/9855\/revisions\/9858"}],"up":[{"embeddable":true,"href":"https:\/\/dmi65.com\/es\/wp-json\/wp\/v2\/pages\/7131"}],"wp:attachment":[{"href":"https:\/\/dmi65.com\/es\/wp-json\/wp\/v2\/media?parent=9855"}],"curies":[{"name":"wp","href":"https:\/\/api.w.org\/{rel}","templated":true}]}}