{"id":9514,"date":"2020-06-30T19:26:18","date_gmt":"2020-06-30T11:26:18","guid":{"rendered":"https:\/\/dmi65.com\/regiones\/alternativas-a-greensand-media-para-america-del-norte\/"},"modified":"2020-06-30T19:26:29","modified_gmt":"2020-06-30T11:26:29","slug":"alternativas-a-greensand-media-para-america-del-norte","status":"publish","type":"page","link":"https:\/\/dmi65.com\/es\/regiones\/alternativas-a-greensand-media-para-america-del-norte\/","title":{"rendered":"Alternativas a Greensand Media para Am\u00e9rica del Norte"},"content":{"rendered":"<div class=\"wpb-content-wrapper\"><p>[vc_row][vc_column][vc_column_text]<strong>American Water Crisis and Alternatives to Greensand Media for Ground Water Treatment<\/strong><\/p>\n<h4>American water crisis has never been more serious.<\/h4>\n<p>According to the <a href=\"https:\/\/www.weforum.org\/\" target=\"_blank\" rel=\"noopener noreferrer\">World Economic Forum<\/a> in 2019, the global water crisis is the fourth major threat of our civilization. Water scarcity is a growing source of global conflict and two-thirds of the global population could be affected by water scarcity by 2025. Many Americans think of countries such as Africa, India and Asia that are most affected by water scarcity. But in North America, water scarcity is affecting, California, Arizona, Colorado, and Nebraska and New Mexico for almost a decade of continued drought. The global community in 2020 might expect the most powerful country in the world would enjoy clean and safe drinking water from the tap water every day. Yet ironically, more than 30 million Americans live in areas where the water treatment supply violated safety rules in 2019, according to the Environmental Protection Agency (EPA).<\/p>\n<p>For 10 years, the great Colorado River, is beginning to run dry. It is hard to imagine a huge reserve of water like Lake Mead, Arizona might will disappear forever, but dramatic climate changes in America are now a reality. Lake Mead, which currently supplies water to 22 million citizens may be redundant by 2021. Pollution, climate change and population growth are the main contributing factors to the water crisis. Climate change is affecting the Colorado basins and Lake Powell. Some of the Colorado River&#8217;s lower course near Baja, California, is now actually running dry. Populations, especially along the arid Southwest bends of the river face a realistic threat to their drinking and irrigation water supply.<\/p>\n<p>To alleviate the water crisis in areas dependant on water from the Colorado River, new wells and ground water treatment is necessary to supplement and sustain demand. New technology filter media DMI-65\u00ae is becoming a favoured alternative to traditional ground water treatment medias such Manganese Greensand.<br \/>\nCalifornia, a state that has its fair share of water problems. The drought that began sweeping across the U.S. in the 2010 is still causing huge problems in 2020, from California on up to southeast Alaska\u2019s rainforest. Significant infrastructure upgrades to ground water treatment is required to keep up with demand.<br \/>\nNorth America\u2019s population could grow to over 500 million people by 2100. Naturally, population growth is a predictor of water demand growth. New technology <a href=\"http:\/\/dmi65.com\/es\/tecnicas\/how-it-works\/\">DMI-65\u00ae<\/a> provides the most cost effective and sustainable method of ground water treatment.[\/vc_column_text][\/vc_column][\/vc_row][vc_row content_placement=\u00bbmiddle\u00bb css=\u00bb.vc_custom_1592794121420{padding-top: 20px !important;padding-right: 20px !important;padding-bottom: 5px !important;padding-left: 20px !important;}\u00bb el_class=\u00bbcta\u00bb][vc_column]<div class=\"dt-fancy-separator\" style=\"width: 100%;\"><div class=\"dt-fancy-title\"><span class=\"separator-holder separator-left\"><\/span>Consultar para obtener m\u00e1s informaci\u00f3n sobre alternativas a greensand medios, y soluciones para la crisis del agua en Am\u00e9rica del Norte<span class=\"separator-holder separator-right\"><\/span><\/div><\/div>[vc_btn title=\u00bbPreguntas t\u00e9cnicas\u00bb style=\u00bbcustom\u00bb custom_background=\u00bb#162441&#8243; custom_text=\u00bb#ffffff\u00bb shape=\u00bbsquare\u00bb size=\u00bblg\u00bb align=\u00bbcenter\u00bb i_align=\u00bbright\u00bb i_icon_fontawesome=\u00bbfas fa-chevron-right\u00bb add_icon=\u00bbtrue\u00bb css=\u00bb.vc_custom_1593050402705{margin-top: 20px !important;}\u00bb el_class=\u00bbctaButton sg-popup-id-8549&#8243;][\/vc_column][\/vc_row]<\/p>\n<\/div>","protected":false},"excerpt":{"rendered":"<p>[vc_row][vc_column][vc_column_text]American Water Crisis and Alternatives to Greensand Media for Ground Water Treatment American water crisis has never been more serious. According to the World Economic Forum in 2019, the global water crisis is the fourth major threat of our civilization. Water scarcity is a growing source of global conflict and two-thirds of the global population&hellip;<\/p>\n","protected":false},"author":1,"featured_media":0,"parent":7131,"menu_order":0,"comment_status":"closed","ping_status":"closed","template":"","meta":{"content-type":"","footnotes":""},"class_list":["post-9514","page","type-page","status-publish","hentry","description-off"],"yoast_head":"<!-- This site is optimized with the Yoast SEO plugin v25.2 - https:\/\/yoast.com\/wordpress\/plugins\/seo\/ -->\n<title>Alternativas a Greensand Media for North America - DMI-65\u00ae<\/title>\n<meta name=\"description\" content=\"DMI-65 proporciona Alternativas a Greensand Media para la crisis del agua en Am\u00e9rica del Norte, que nunca ha sido m\u00e1s grave para estados como California y otros.\" \/>\n<meta name=\"robots\" content=\"index, follow, max-snippet:-1, max-image-preview:large, max-video-preview:-1\" \/>\n<link rel=\"canonical\" href=\"https:\/\/dmi65.com\/es\/regiones\/alternativas-a-greensand-media-para-america-del-norte\/\" \/>\n<meta property=\"og:locale\" content=\"es_ES\" \/>\n<meta property=\"og:type\" content=\"article\" \/>\n<meta property=\"og:title\" content=\"Alternativas a Greensand Media for North America - DMI-65\u00ae\" \/>\n<meta property=\"og:description\" content=\"DMI-65 proporciona Alternativas a Greensand Media para la crisis del agua en Am\u00e9rica del Norte, que nunca ha sido m\u00e1s grave para estados como California y otros.\" \/>\n<meta property=\"og:url\" content=\"https:\/\/dmi65.com\/es\/regiones\/alternativas-a-greensand-media-para-america-del-norte\/\" \/>\n<meta property=\"og:site_name\" content=\"DMI-65\u00ae\" \/>\n<meta property=\"article:modified_time\" content=\"2020-06-30T11:26:29+00:00\" \/>\n<meta property=\"og:image\" content=\"https:\/\/dmi65.com\/wp-content\/uploads\/2020\/06\/dmi65_Logo_Blk.png\" \/>\n\t<meta property=\"og:image:width\" content=\"466\" \/>\n\t<meta property=\"og:image:height\" content=\"200\" \/>\n\t<meta property=\"og:image:type\" content=\"image\/png\" \/>\n<meta name=\"twitter:card\" content=\"summary_large_image\" \/>\n<meta name=\"twitter:label1\" content=\"Tiempo de lectura\" \/>\n\t<meta name=\"twitter:data1\" content=\"3 minutos\" \/>\n<script type=\"application\/ld+json\" class=\"yoast-schema-graph\">{\"@context\":\"https:\/\/schema.org\",\"@graph\":[{\"@type\":\"WebPage\",\"@id\":\"https:\/\/dmi65.com\/es\/regiones\/alternativas-a-greensand-media-para-america-del-norte\/\",\"url\":\"https:\/\/dmi65.com\/es\/regiones\/alternativas-a-greensand-media-para-america-del-norte\/\",\"name\":\"Alternativas a Greensand Media for North America - DMI-65\u00ae\",\"isPartOf\":{\"@id\":\"https:\/\/dmi65.com\/es\/#website\"},\"datePublished\":\"2020-06-30T11:26:18+00:00\",\"dateModified\":\"2020-06-30T11:26:29+00:00\",\"description\":\"DMI-65 proporciona Alternativas a Greensand Media para la crisis del agua en Am\u00e9rica del Norte, que nunca ha sido m\u00e1s grave para estados como California y otros.\",\"breadcrumb\":{\"@id\":\"https:\/\/dmi65.com\/es\/regiones\/alternativas-a-greensand-media-para-america-del-norte\/#breadcrumb\"},\"inLanguage\":\"es\",\"potentialAction\":[{\"@type\":\"ReadAction\",\"target\":[\"https:\/\/dmi65.com\/es\/regiones\/alternativas-a-greensand-media-para-america-del-norte\/\"]}]},{\"@type\":\"BreadcrumbList\",\"@id\":\"https:\/\/dmi65.com\/es\/regiones\/alternativas-a-greensand-media-para-america-del-norte\/#breadcrumb\",\"itemListElement\":[{\"@type\":\"ListItem\",\"position\":1,\"name\":\"Home\",\"item\":\"https:\/\/dmi65.com\/es\/\"},{\"@type\":\"ListItem\",\"position\":2,\"name\":\"Regiones\",\"item\":\"https:\/\/dmi65.com\/es\/regiones\/\"},{\"@type\":\"ListItem\",\"position\":3,\"name\":\"Alternativas a Greensand Media para Am\u00e9rica del Norte\"}]},{\"@type\":\"WebSite\",\"@id\":\"https:\/\/dmi65.com\/es\/#website\",\"url\":\"https:\/\/dmi65.com\/es\/\",\"name\":\"DMI-65\u00ae\",\"description\":\"Water Filtration &amp; Reverse Osmosis Treatment, Catalytic Media\",\"publisher\":{\"@id\":\"https:\/\/dmi65.com\/es\/#organization\"},\"potentialAction\":[{\"@type\":\"SearchAction\",\"target\":{\"@type\":\"EntryPoint\",\"urlTemplate\":\"https:\/\/dmi65.com\/es\/?s={search_term_string}\"},\"query-input\":{\"@type\":\"PropertyValueSpecification\",\"valueRequired\":true,\"valueName\":\"search_term_string\"}}],\"inLanguage\":\"es\"},{\"@type\":\"Organization\",\"@id\":\"https:\/\/dmi65.com\/es\/#organization\",\"name\":\"DMI-65 & Quantum Filtration Pty Ltd\",\"url\":\"https:\/\/dmi65.com\/es\/\",\"logo\":{\"@type\":\"ImageObject\",\"inLanguage\":\"es\",\"@id\":\"https:\/\/dmi65.com\/es\/#\/schema\/logo\/image\/\",\"url\":\"https:\/\/dmi65.com\/wp-content\/uploads\/2020\/04\/dmi65.png\",\"contentUrl\":\"https:\/\/dmi65.com\/wp-content\/uploads\/2020\/04\/dmi65.png\",\"width\":440,\"height\":205,\"caption\":\"DMI-65 & Quantum Filtration Pty Ltd\"},\"image\":{\"@id\":\"https:\/\/dmi65.com\/es\/#\/schema\/logo\/image\/\"},\"sameAs\":[\"https:\/\/www.linkedin.com\/company\/dmi-65\",\"https:\/\/www.youtube.com\/channel\/UCbXoMn5KBp2jrnx4KR_Qg4A\"]}]}<\/script>\n<!-- \/ Yoast SEO plugin. -->","yoast_head_json":{"title":"Alternativas a Greensand Media for North America - DMI-65\u00ae","description":"DMI-65 proporciona Alternativas a Greensand Media para la crisis del agua en Am\u00e9rica del Norte, que nunca ha sido m\u00e1s grave para estados como California y otros.","robots":{"index":"index","follow":"follow","max-snippet":"max-snippet:-1","max-image-preview":"max-image-preview:large","max-video-preview":"max-video-preview:-1"},"canonical":"https:\/\/dmi65.com\/es\/regiones\/alternativas-a-greensand-media-para-america-del-norte\/","og_locale":"es_ES","og_type":"article","og_title":"Alternativas a Greensand Media for North America - DMI-65\u00ae","og_description":"DMI-65 proporciona Alternativas a Greensand Media para la crisis del agua en Am\u00e9rica del Norte, que nunca ha sido m\u00e1s grave para estados como California y otros.","og_url":"https:\/\/dmi65.com\/es\/regiones\/alternativas-a-greensand-media-para-america-del-norte\/","og_site_name":"DMI-65\u00ae","article_modified_time":"2020-06-30T11:26:29+00:00","og_image":[{"width":466,"height":200,"url":"https:\/\/dmi65.com\/wp-content\/uploads\/2020\/06\/dmi65_Logo_Blk.png","type":"image\/png"}],"twitter_card":"summary_large_image","twitter_misc":{"Tiempo de lectura":"3 minutos"},"schema":{"@context":"https:\/\/schema.org","@graph":[{"@type":"WebPage","@id":"https:\/\/dmi65.com\/es\/regiones\/alternativas-a-greensand-media-para-america-del-norte\/","url":"https:\/\/dmi65.com\/es\/regiones\/alternativas-a-greensand-media-para-america-del-norte\/","name":"Alternativas a Greensand Media for North America - DMI-65\u00ae","isPartOf":{"@id":"https:\/\/dmi65.com\/es\/#website"},"datePublished":"2020-06-30T11:26:18+00:00","dateModified":"2020-06-30T11:26:29+00:00","description":"DMI-65 proporciona Alternativas a Greensand Media para la crisis del agua en Am\u00e9rica del Norte, que nunca ha sido m\u00e1s grave para estados como California y otros.","breadcrumb":{"@id":"https:\/\/dmi65.com\/es\/regiones\/alternativas-a-greensand-media-para-america-del-norte\/#breadcrumb"},"inLanguage":"es","potentialAction":[{"@type":"ReadAction","target":["https:\/\/dmi65.com\/es\/regiones\/alternativas-a-greensand-media-para-america-del-norte\/"]}]},{"@type":"BreadcrumbList","@id":"https:\/\/dmi65.com\/es\/regiones\/alternativas-a-greensand-media-para-america-del-norte\/#breadcrumb","itemListElement":[{"@type":"ListItem","position":1,"name":"Home","item":"https:\/\/dmi65.com\/es\/"},{"@type":"ListItem","position":2,"name":"Regiones","item":"https:\/\/dmi65.com\/es\/regiones\/"},{"@type":"ListItem","position":3,"name":"Alternativas a Greensand Media para Am\u00e9rica del Norte"}]},{"@type":"WebSite","@id":"https:\/\/dmi65.com\/es\/#website","url":"https:\/\/dmi65.com\/es\/","name":"DMI-65\u00ae","description":"Water Filtration &amp; Reverse Osmosis Treatment, Catalytic Media","publisher":{"@id":"https:\/\/dmi65.com\/es\/#organization"},"potentialAction":[{"@type":"SearchAction","target":{"@type":"EntryPoint","urlTemplate":"https:\/\/dmi65.com\/es\/?s={search_term_string}"},"query-input":{"@type":"PropertyValueSpecification","valueRequired":true,"valueName":"search_term_string"}}],"inLanguage":"es"},{"@type":"Organization","@id":"https:\/\/dmi65.com\/es\/#organization","name":"DMI-65 & Quantum Filtration Pty Ltd","url":"https:\/\/dmi65.com\/es\/","logo":{"@type":"ImageObject","inLanguage":"es","@id":"https:\/\/dmi65.com\/es\/#\/schema\/logo\/image\/","url":"https:\/\/dmi65.com\/wp-content\/uploads\/2020\/04\/dmi65.png","contentUrl":"https:\/\/dmi65.com\/wp-content\/uploads\/2020\/04\/dmi65.png","width":440,"height":205,"caption":"DMI-65 & Quantum Filtration Pty Ltd"},"image":{"@id":"https:\/\/dmi65.com\/es\/#\/schema\/logo\/image\/"},"sameAs":["https:\/\/www.linkedin.com\/company\/dmi-65","https:\/\/www.youtube.com\/channel\/UCbXoMn5KBp2jrnx4KR_Qg4A"]}]}},"_links":{"self":[{"href":"https:\/\/dmi65.com\/es\/wp-json\/wp\/v2\/pages\/9514","targetHints":{"allow":["GET"]}}],"collection":[{"href":"https:\/\/dmi65.com\/es\/wp-json\/wp\/v2\/pages"}],"about":[{"href":"https:\/\/dmi65.com\/es\/wp-json\/wp\/v2\/types\/page"}],"author":[{"embeddable":true,"href":"https:\/\/dmi65.com\/es\/wp-json\/wp\/v2\/users\/1"}],"replies":[{"embeddable":true,"href":"https:\/\/dmi65.com\/es\/wp-json\/wp\/v2\/comments?post=9514"}],"version-history":[{"count":1,"href":"https:\/\/dmi65.com\/es\/wp-json\/wp\/v2\/pages\/9514\/revisions"}],"predecessor-version":[{"id":9516,"href":"https:\/\/dmi65.com\/es\/wp-json\/wp\/v2\/pages\/9514\/revisions\/9516"}],"up":[{"embeddable":true,"href":"https:\/\/dmi65.com\/es\/wp-json\/wp\/v2\/pages\/7131"}],"wp:attachment":[{"href":"https:\/\/dmi65.com\/es\/wp-json\/wp\/v2\/media?parent=9514"}],"curies":[{"name":"wp","href":"https:\/\/api.w.org\/{rel}","templated":true}]}}