{"id":9249,"date":"2020-06-30T18:58:09","date_gmt":"2020-06-30T10:58:09","guid":{"rendered":"https:\/\/dmi65.com\/industrias\/tratamiento-de-agua-para-la-generacion-de-energia\/"},"modified":"2020-06-30T18:58:09","modified_gmt":"2020-06-30T10:58:09","slug":"tratamiento-de-agua-para-la-generacion-de-energia","status":"publish","type":"page","link":"https:\/\/dmi65.com\/es\/industrias\/tratamiento-de-agua-para-la-generacion-de-energia\/","title":{"rendered":"Tratamiento de agua para la generaci\u00f3n de energ\u00eda"},"content":{"rendered":"<div class=\"wpb-content-wrapper\"><p>[vc_row][vc_column][vc_column_text css=\u00bb.vc_custom_1593503585420{margin-top: 15px !important;margin-bottom: 15px !important;}\u00bb]<strong>Tratamiento de agua para la generaci\u00f3n de energ\u00eda:<\/strong> En enero de 2016 Quantum Filtration Medium realiz\u00f3 una serie de visitas al sitio para evaluar las opciones para mejorar la planta de tratamiento de agua que suministra agua a la <a href=\"http:\/\/www.edra.energy\/photo-gallery\/kuala-langat-power-plant\" target=\"_blank\" rel=\"noopener noreferrer\">central el\u00e9ctrica de Kuala Langat (KLPP).<\/a> El objetivo era destacar las opciones de bajo costo con un bajo impacto en la capacidad de servicio de la planta para aumentar el rendimiento de la planta, la eficiencia y la confiabilidad, y la capacidad de hacer frente mejor a los cambios de carga estacionales experimentados en el suministro de agua cruda.<\/p>\n<p>La operaci\u00f3n de KLPP ha comenzado desde 1996 utilizando turbina de gas de ciclo combinado y la planta est\u00e1 contribuyendo actualmente con 675MW de capacidad de generaci\u00f3n de electricidad a la red. La capacidad de la planta para suministrar electricidad a la red de acuerdo con su obligaci\u00f3n en virtud del Acuerdo de Compra de Energ\u00eda depende de una serie de factores, incluido el suministro fiable de agua limpia con el fin de enfriar. En promedio, KLPP extrae 20.000 metros c\u00fabicos de agua tratada para su funcionamiento diario. Para un funcionamiento \u00f3ptimo y la vida \u00fatil de la planta, el agua debe estar lo m\u00e1s limpia posible con bajo contenido de sustancia org\u00e1nica o inorg\u00e1nica que afectar\u00eda el funcionamiento de la planta.<\/p>\n<p>Hay cuatro \u00e1reas principales de la planta donde se identific\u00f3 el potencial de mejoras considerables.<br \/>\n\u2022 La posibilidad de a\u00f1adir agua de perforaci\u00f3n al suministro de agua cruda<br \/>\n\u2022 Aclaraci\u00f3n del agua cruda antes de entrar en la planta<br \/>\n\u2022 Optimizaci\u00f3n del programa de dosificaci\u00f3n de floculantes\/pol\u00edmeros (tipo inc. y tasa de dosificaci\u00f3n)<br \/>\n\u2022 Cambio de los medios en los filtros de arena r\u00e1pidos a DMI65\u00ae[\/vc_column_text][\/vc_column][\/vc_row][vc_row][vc_column][vc_column_text css=\u00bb.vc_custom_1593503610377{margin-bottom: 0px !important;}\u00bb]<strong>BORE WATER ADDITION<\/strong><\/p>\n<p>It was suggested that the area surrounding the plant be assessed for suitability and potential quality and quantity of several bores to add to the plant raw water supply. The addition of bores would not only provide greater flexibility in terms of seasonal blending with river water to ensure sufficient quantities of water in the dry season, could also be used to lower suspended solids and turbidity loadings on the plant during the wet season.<\/p>\n<p>There is a likelihood that there will be traces of iron and manganese in the bore water, but the use of DMI65 filtration media will remove this and provide an improvement to the usual mechanical filtration duties.<\/p>\n<p><strong>CLARIFICATION<\/strong><\/p>\n<p>The high turbidity and suspended solids levels in the raw water could be greatly reduced by clarification prior to entering the water treatment plant. The existing plant is fixed in size and capacity, however a pre-clarification stage will dramatically reduce the load on the current plant.<\/p>\n<p>A traditional clarifier and upstream floc\/polymer dosing system to handle 1ML\/hr would cost well over USD $1M and take up a considerable land area to install and was therefore not practical in this case. With a very low retention time this type of system would also require very high chemical usage.<\/p>\n<p><strong>POLYMER OPTIMISATION<\/strong><\/p>\n<p>A range of polymer samples were supplied during the site visit. Jar testing has been carried out using the range of samples and highlighted a particular polymer most suited to this raw water. A local polymer supply company is able to supply a very similar product in powdered form and at a very reasonable price that would suit the mixing\/batching system mentioned above.<\/p>\n<p><strong>MEDIA CHANGE-OUT IN RAPID SAND FILTERS<\/strong><\/p>\n<p>During our visit one of the rapid sand filters was drained for inspection. The sand in the filters has never been changed and is now very hard-packed and is in need of replacement. The filter was filled whilst we were watching and the infiltration rate of the incoming water was very poor with most of the water just flowing across over the top of the sand and down through cracks in the hard packed sand rather than down through it. We proposed to replace the media with <a href=\"http:\/\/dmi65.com\/es\/tecnicas\/how-it-works\/\">DMI65\u00ae filtration media<\/a>.<\/p>\n<p>The DMI65 will remove the existing and cope with any rise in iron or manganese levels that can be encountered in raw water sources with varying quality. The DMI65 requires a low level of free chlorine (0.2-0.3mg\/L) to activate the media. This is easily achieved as it only requires moving of the existing chlorine dosing point to just prior to the media filters. The chlorine residual will remain and still act as disinfection for the treated water lagoon.<\/p>\n<p>The DMI65\u00ae also provides the perfect filtration coefficient resulting in excellent mechanical filtration lowering suspended solids and turbidity levels.<\/p>\n<p>The addition of the DMI media and replacement of the filtration nozzles improved not only the quality of water from the media filters, but also the quantity of water through the filters.<\/p>\n<p>Sample Results<\/p>\n<p><img loading=\"lazy\" decoding=\"async\" class=\"alignnone wp-image-9046\" src=\"http:\/\/dmi65.com\/wp-content\/uploads\/2020\/06\/Lagoons.jpg\" alt=\"\" width=\"499\" height=\"287\" srcset=\"https:\/\/dmi65.com\/wp-content\/uploads\/2020\/06\/Lagoons.jpg 1780w, https:\/\/dmi65.com\/wp-content\/uploads\/2020\/06\/Lagoons-300x173.jpg 300w, https:\/\/dmi65.com\/wp-content\/uploads\/2020\/06\/Lagoons-1024x589.jpg 1024w, https:\/\/dmi65.com\/wp-content\/uploads\/2020\/06\/Lagoons-768x442.jpg 768w, https:\/\/dmi65.com\/wp-content\/uploads\/2020\/06\/Lagoons-1536x884.jpg 1536w\" sizes=\"auto, (max-width: 499px) 100vw, 499px\" \/><\/p>\n<p>With a peak NTU of 1000 and an average inlet TSS of 286 you can see that the outlet of lagoon B has been maintained generally around 80 NTU with an average of 86 NTU.<\/p>\n<p><strong>OVERALL PLANT OUTPUT<\/strong><\/p>\n<p>The results from the plant post media filters after the replacement of the old sand media with the new DMI65 media have been consistently excellent.<\/p>\n<p>The expected results from the media filters after the upgrade were:<\/p>\n<ul>\n<li>TSS &lt; 5mg\/L<\/li>\n<li>Turbidity &lt; 2 NTU<\/li>\n<\/ul>\n<p><strong>Sample Results<\/strong><\/p>\n<p>Media Filter Performance &#8211; NTU In Vs Out<\/p>\n<p><strong><img loading=\"lazy\" decoding=\"async\" class=\"alignnone wp-image-9057\" src=\"http:\/\/dmi65.com\/wp-content\/uploads\/2020\/06\/DMIFilters.jpg\" alt=\"\" width=\"500\" height=\"278\" srcset=\"https:\/\/dmi65.com\/wp-content\/uploads\/2020\/06\/DMIFilters.jpg 1568w, https:\/\/dmi65.com\/wp-content\/uploads\/2020\/06\/DMIFilters-300x167.jpg 300w, https:\/\/dmi65.com\/wp-content\/uploads\/2020\/06\/DMIFilters-1024x569.jpg 1024w, https:\/\/dmi65.com\/wp-content\/uploads\/2020\/06\/DMIFilters-768x427.jpg 768w, https:\/\/dmi65.com\/wp-content\/uploads\/2020\/06\/DMIFilters-1536x854.jpg 1536w\" sizes=\"auto, (max-width: 500px) 100vw, 500px\" \/>\u00a0<\/strong><\/p>\n<p>Summary<\/p>\n<p><span style=\"text-decoration: underline;\">Quantum believes that the upgrade has been a success, addressing the main objectives of the upgrade with excellent results.<\/span>[\/vc_column_text][vc_empty_space height=\u00bb20px\u00bb]<blockquote class=\"text-big shortcode-blockquote block-style-widget\"><p>George Municipal Water Works, Sud\u00e1frica, utiliza m\u00e1s de 550 toneladas m\u00e9tricas de DMI-65\u00ae. El agua de George es altamente coloreada que contiene \u00e1cidos h\u00famicos y f\u00falvicos \u2013 el color de agua cruda es aprox. 800 unidades de color PtCo. Se cree que este tipo de agua es una de las m\u00e1s dif\u00edciles de filtrar. La eliminaci\u00f3n de hierro es muy eficaz independientemente del pH. El hierro residual m\u00e1s alto encontrado fue de 0,01 mg\/L. La eliminaci\u00f3n de manganeso tambi\u00e9n es muy eficiente. El manganeso restante m\u00e1s alto encontrado fue 0,06 mg\/l Mn se elimina mejor a pH 8 m\u00e1s alto. El beneficio adicional de la extracci\u00f3n de aluminio incluso en el pH m\u00e1s alto. La turbidez m\u00e1s alta registrada fue 0,06 NTU. Seg\u00fan nuestras pruebas de laboratorio, el color m\u00e1s alto fue de 4 mg\/l PtCo, pero la mayor\u00eda de las veces el color era inferior al color del agua destilada comprada en una farmacia de George. La planta funciona desde principios de enero de 2007 y sigue teniendo excelentes resultados. George Municipal Water Works, utiliza el mismo DMI-65\u00ae medios filtrantes durante m\u00e1s de 13 a\u00f1os, sin fallas ni disminuciones en el rendimiento.<\/p>\n<\/blockquote>[vc_empty_space height=\u00bb20px\u00bb]<blockquote class=\"text-big shortcode-blockquote block-style-widget\"><p>La Planta Municipal de Tratamiento de Aguas de Witbank en Durban, Sud\u00e1frica, consta de 18 grandes filtros de arena r\u00e1pida que utilizan 1200 toneladas de medios filtrantes para eliminar el hierro y el manganeso de la fuente local de agua subterr\u00e1nea. Los especialistas locales en tratamiento de agua y DMI-65\u00ae agente, Water Technologies Cape, demostraron el rendimiento y los beneficios de costos de la actualizaci\u00f3n del sistema a DMI-65\u00ae, mediante un exitoso ensayo piloto en 2018. Las mejoras a la planta comenzaron en 2019 y se espera que est\u00e9n terminadas a finales de 2020.<\/p>\n<\/blockquote>[\/vc_column][\/vc_row][vc_row css=\u00bb.vc_custom_1593496115589{margin-top: 15px !important;}\u00bb][vc_column]<div class=\"dt-fancy-separator\" style=\"width: 100%;\"><div class=\"dt-fancy-title\"><span class=\"separator-holder separator-left\"><\/span>Casos pr\u00e1cticos para el tratamiento de aguas en la industria de la generaci\u00f3n de energ\u00eda<span class=\"separator-holder separator-right\"><\/span><\/div><\/div>[vc_basic_grid post_type=\u00bbpost\u00bb max_items=\u00bb2&#8243; element_width=\u00bb6&#8243; item=\u00bbmasonryGrid_Default\u00bb grid_id=\u00bbvc_gid:1593503547783-362694d3-af74-7&#8243; taxonomies=\u00bb800&#8243; css=\u00bb.vc_custom_1593499493079{margin-top: 30px !important;}\u00bb][\/vc_column][\/vc_row][vc_row content_placement=\u00bbmiddle\u00bb css=\u00bb.vc_custom_1592798106994{margin-top: 30px !important;padding-top: 20px !important;padding-right: 20px !important;padding-bottom: 5px !important;padding-left: 20px !important;}\u00bb el_class=\u00bbcta\u00bb][vc_column]<div class=\"dt-fancy-separator\" style=\"width: 100%;\"><div class=\"dt-fancy-title\"><span class=\"separator-holder separator-left\"><\/span>Consulte c\u00f3mo se pueden utilizar los medios de filtraci\u00f3n DMI-65\u00ae para el tratamiento de agua en la industria de generaci\u00f3n de energ\u00eda<span class=\"separator-holder separator-right\"><\/span><\/div><\/div>[vc_btn title=\u00bbInvestigar\u00bb style=\u00bbcustom\u00bb custom_background=\u00bb#162441&#8243; custom_text=\u00bb#ffffff\u00bb shape=\u00bbsquare\u00bb size=\u00bblg\u00bb align=\u00bbcenter\u00bb i_align=\u00bbright\u00bb i_icon_fontawesome=\u00bbfas fa-chevron-right\u00bb add_icon=\u00bbtrue\u00bb css=\u00bb.vc_custom_1592793128520{margin-top: 20px !important;}\u00bb el_class=\u00bbctaButton sg-popup-id-8233&#8243;][\/vc_column][\/vc_row]<\/p>\n<\/div>","protected":false},"excerpt":{"rendered":"<p>[vc_row][vc_column][vc_column_text css=\u00bb.vc_custom_1593503585420{margin-top: 15px !important;margin-bottom: 15px !important;}\u00bb]Tratamiento de agua para la generaci\u00f3n de energ\u00eda: En enero de 2016 Quantum Filtration Medium realiz\u00f3 una serie de visitas al sitio para evaluar las opciones para mejorar la planta de tratamiento de agua que suministra agua a la central el\u00e9ctrica de Kuala Langat (KLPP). El objetivo era destacar las&hellip;<\/p>\n","protected":false},"author":1,"featured_media":0,"parent":7104,"menu_order":0,"comment_status":"closed","ping_status":"closed","template":"","meta":{"content-type":"","footnotes":""},"class_list":["post-9249","page","type-page","status-publish","hentry","description-off"],"yoast_head":"<!-- This site is optimized with the Yoast SEO plugin v25.2 - https:\/\/yoast.com\/wordpress\/plugins\/seo\/ -->\n<title>Generaci\u00f3n de energ\u00eda de tratamiento de agua, medios de filtraci\u00f3n - DMI-65\u00ae<\/title>\n<meta name=\"description\" content=\"DMI-65\u00ae se puede utilizar para el tratamiento de agua en la generaci\u00f3n de energ\u00eda, plantas de energ\u00eda e industrias que generan electricidad a partir de fuentes de energ\u00eda primarias.\" \/>\n<meta name=\"robots\" content=\"index, follow, max-snippet:-1, max-image-preview:large, max-video-preview:-1\" \/>\n<link rel=\"canonical\" href=\"https:\/\/dmi65.com\/es\/industrias\/tratamiento-de-agua-para-la-generacion-de-energia\/\" \/>\n<meta property=\"og:locale\" content=\"es_ES\" \/>\n<meta property=\"og:type\" content=\"article\" \/>\n<meta property=\"og:title\" content=\"Generaci\u00f3n de energ\u00eda de tratamiento de agua, medios de filtraci\u00f3n - DMI-65\u00ae\" \/>\n<meta property=\"og:description\" content=\"DMI-65\u00ae se puede utilizar para el tratamiento de agua en la generaci\u00f3n de energ\u00eda, plantas de energ\u00eda e industrias que generan electricidad a partir de fuentes de energ\u00eda primarias.\" \/>\n<meta property=\"og:url\" content=\"https:\/\/dmi65.com\/es\/industrias\/tratamiento-de-agua-para-la-generacion-de-energia\/\" \/>\n<meta property=\"og:site_name\" content=\"DMI-65\u00ae\" \/>\n<meta property=\"og:image\" content=\"http:\/\/dmi65.com\/wp-content\/uploads\/2020\/06\/Lagoons.jpg\" \/>\n<meta name=\"twitter:card\" content=\"summary_large_image\" \/>\n<meta name=\"twitter:label1\" content=\"Tiempo de lectura\" \/>\n\t<meta name=\"twitter:data1\" content=\"7 minutos\" \/>\n<script type=\"application\/ld+json\" class=\"yoast-schema-graph\">{\"@context\":\"https:\/\/schema.org\",\"@graph\":[{\"@type\":\"WebPage\",\"@id\":\"https:\/\/dmi65.com\/es\/industrias\/tratamiento-de-agua-para-la-generacion-de-energia\/\",\"url\":\"https:\/\/dmi65.com\/es\/industrias\/tratamiento-de-agua-para-la-generacion-de-energia\/\",\"name\":\"Generaci\u00f3n de energ\u00eda de tratamiento de agua, medios de filtraci\u00f3n - DMI-65\u00ae\",\"isPartOf\":{\"@id\":\"https:\/\/dmi65.com\/es\/#website\"},\"primaryImageOfPage\":{\"@id\":\"https:\/\/dmi65.com\/es\/industrias\/tratamiento-de-agua-para-la-generacion-de-energia\/#primaryimage\"},\"image\":{\"@id\":\"https:\/\/dmi65.com\/es\/industrias\/tratamiento-de-agua-para-la-generacion-de-energia\/#primaryimage\"},\"thumbnailUrl\":\"http:\/\/dmi65.com\/wp-content\/uploads\/2020\/06\/Lagoons.jpg\",\"datePublished\":\"2020-06-30T10:58:09+00:00\",\"description\":\"DMI-65\u00ae se puede utilizar para el tratamiento de agua en la generaci\u00f3n de energ\u00eda, plantas de energ\u00eda e industrias que generan electricidad a partir de fuentes de energ\u00eda primarias.\",\"breadcrumb\":{\"@id\":\"https:\/\/dmi65.com\/es\/industrias\/tratamiento-de-agua-para-la-generacion-de-energia\/#breadcrumb\"},\"inLanguage\":\"es\",\"potentialAction\":[{\"@type\":\"ReadAction\",\"target\":[\"https:\/\/dmi65.com\/es\/industrias\/tratamiento-de-agua-para-la-generacion-de-energia\/\"]}]},{\"@type\":\"ImageObject\",\"inLanguage\":\"es\",\"@id\":\"https:\/\/dmi65.com\/es\/industrias\/tratamiento-de-agua-para-la-generacion-de-energia\/#primaryimage\",\"url\":\"http:\/\/dmi65.com\/wp-content\/uploads\/2020\/06\/Lagoons.jpg\",\"contentUrl\":\"http:\/\/dmi65.com\/wp-content\/uploads\/2020\/06\/Lagoons.jpg\"},{\"@type\":\"BreadcrumbList\",\"@id\":\"https:\/\/dmi65.com\/es\/industrias\/tratamiento-de-agua-para-la-generacion-de-energia\/#breadcrumb\",\"itemListElement\":[{\"@type\":\"ListItem\",\"position\":1,\"name\":\"Home\",\"item\":\"https:\/\/dmi65.com\/es\/\"},{\"@type\":\"ListItem\",\"position\":2,\"name\":\"Industrias\",\"item\":\"https:\/\/dmi65.com\/es\/industrias\/\"},{\"@type\":\"ListItem\",\"position\":3,\"name\":\"Tratamiento de agua para la generaci\u00f3n de energ\u00eda\"}]},{\"@type\":\"WebSite\",\"@id\":\"https:\/\/dmi65.com\/es\/#website\",\"url\":\"https:\/\/dmi65.com\/es\/\",\"name\":\"DMI-65\u00ae\",\"description\":\"Water Filtration &amp; Reverse Osmosis Treatment, Catalytic Media\",\"publisher\":{\"@id\":\"https:\/\/dmi65.com\/es\/#organization\"},\"potentialAction\":[{\"@type\":\"SearchAction\",\"target\":{\"@type\":\"EntryPoint\",\"urlTemplate\":\"https:\/\/dmi65.com\/es\/?s={search_term_string}\"},\"query-input\":{\"@type\":\"PropertyValueSpecification\",\"valueRequired\":true,\"valueName\":\"search_term_string\"}}],\"inLanguage\":\"es\"},{\"@type\":\"Organization\",\"@id\":\"https:\/\/dmi65.com\/es\/#organization\",\"name\":\"DMI-65 & Quantum Filtration Pty Ltd\",\"url\":\"https:\/\/dmi65.com\/es\/\",\"logo\":{\"@type\":\"ImageObject\",\"inLanguage\":\"es\",\"@id\":\"https:\/\/dmi65.com\/es\/#\/schema\/logo\/image\/\",\"url\":\"https:\/\/dmi65.com\/wp-content\/uploads\/2020\/04\/dmi65.png\",\"contentUrl\":\"https:\/\/dmi65.com\/wp-content\/uploads\/2020\/04\/dmi65.png\",\"width\":440,\"height\":205,\"caption\":\"DMI-65 & Quantum Filtration Pty Ltd\"},\"image\":{\"@id\":\"https:\/\/dmi65.com\/es\/#\/schema\/logo\/image\/\"},\"sameAs\":[\"https:\/\/www.linkedin.com\/company\/dmi-65\",\"https:\/\/www.youtube.com\/channel\/UCbXoMn5KBp2jrnx4KR_Qg4A\"]}]}<\/script>\n<!-- \/ Yoast SEO plugin. -->","yoast_head_json":{"title":"Generaci\u00f3n de energ\u00eda de tratamiento de agua, medios de filtraci\u00f3n - DMI-65\u00ae","description":"DMI-65\u00ae se puede utilizar para el tratamiento de agua en la generaci\u00f3n de energ\u00eda, plantas de energ\u00eda e industrias que generan electricidad a partir de fuentes de energ\u00eda primarias.","robots":{"index":"index","follow":"follow","max-snippet":"max-snippet:-1","max-image-preview":"max-image-preview:large","max-video-preview":"max-video-preview:-1"},"canonical":"https:\/\/dmi65.com\/es\/industrias\/tratamiento-de-agua-para-la-generacion-de-energia\/","og_locale":"es_ES","og_type":"article","og_title":"Generaci\u00f3n de energ\u00eda de tratamiento de agua, medios de filtraci\u00f3n - DMI-65\u00ae","og_description":"DMI-65\u00ae se puede utilizar para el tratamiento de agua en la generaci\u00f3n de energ\u00eda, plantas de energ\u00eda e industrias que generan electricidad a partir de fuentes de energ\u00eda primarias.","og_url":"https:\/\/dmi65.com\/es\/industrias\/tratamiento-de-agua-para-la-generacion-de-energia\/","og_site_name":"DMI-65\u00ae","og_image":[{"url":"http:\/\/dmi65.com\/wp-content\/uploads\/2020\/06\/Lagoons.jpg","type":"","width":"","height":""}],"twitter_card":"summary_large_image","twitter_misc":{"Tiempo de lectura":"7 minutos"},"schema":{"@context":"https:\/\/schema.org","@graph":[{"@type":"WebPage","@id":"https:\/\/dmi65.com\/es\/industrias\/tratamiento-de-agua-para-la-generacion-de-energia\/","url":"https:\/\/dmi65.com\/es\/industrias\/tratamiento-de-agua-para-la-generacion-de-energia\/","name":"Generaci\u00f3n de energ\u00eda de tratamiento de agua, medios de filtraci\u00f3n - DMI-65\u00ae","isPartOf":{"@id":"https:\/\/dmi65.com\/es\/#website"},"primaryImageOfPage":{"@id":"https:\/\/dmi65.com\/es\/industrias\/tratamiento-de-agua-para-la-generacion-de-energia\/#primaryimage"},"image":{"@id":"https:\/\/dmi65.com\/es\/industrias\/tratamiento-de-agua-para-la-generacion-de-energia\/#primaryimage"},"thumbnailUrl":"http:\/\/dmi65.com\/wp-content\/uploads\/2020\/06\/Lagoons.jpg","datePublished":"2020-06-30T10:58:09+00:00","description":"DMI-65\u00ae se puede utilizar para el tratamiento de agua en la generaci\u00f3n de energ\u00eda, plantas de energ\u00eda e industrias que generan electricidad a partir de fuentes de energ\u00eda primarias.","breadcrumb":{"@id":"https:\/\/dmi65.com\/es\/industrias\/tratamiento-de-agua-para-la-generacion-de-energia\/#breadcrumb"},"inLanguage":"es","potentialAction":[{"@type":"ReadAction","target":["https:\/\/dmi65.com\/es\/industrias\/tratamiento-de-agua-para-la-generacion-de-energia\/"]}]},{"@type":"ImageObject","inLanguage":"es","@id":"https:\/\/dmi65.com\/es\/industrias\/tratamiento-de-agua-para-la-generacion-de-energia\/#primaryimage","url":"http:\/\/dmi65.com\/wp-content\/uploads\/2020\/06\/Lagoons.jpg","contentUrl":"http:\/\/dmi65.com\/wp-content\/uploads\/2020\/06\/Lagoons.jpg"},{"@type":"BreadcrumbList","@id":"https:\/\/dmi65.com\/es\/industrias\/tratamiento-de-agua-para-la-generacion-de-energia\/#breadcrumb","itemListElement":[{"@type":"ListItem","position":1,"name":"Home","item":"https:\/\/dmi65.com\/es\/"},{"@type":"ListItem","position":2,"name":"Industrias","item":"https:\/\/dmi65.com\/es\/industrias\/"},{"@type":"ListItem","position":3,"name":"Tratamiento de agua para la generaci\u00f3n de energ\u00eda"}]},{"@type":"WebSite","@id":"https:\/\/dmi65.com\/es\/#website","url":"https:\/\/dmi65.com\/es\/","name":"DMI-65\u00ae","description":"Water Filtration &amp; Reverse Osmosis Treatment, Catalytic Media","publisher":{"@id":"https:\/\/dmi65.com\/es\/#organization"},"potentialAction":[{"@type":"SearchAction","target":{"@type":"EntryPoint","urlTemplate":"https:\/\/dmi65.com\/es\/?s={search_term_string}"},"query-input":{"@type":"PropertyValueSpecification","valueRequired":true,"valueName":"search_term_string"}}],"inLanguage":"es"},{"@type":"Organization","@id":"https:\/\/dmi65.com\/es\/#organization","name":"DMI-65 & Quantum Filtration Pty Ltd","url":"https:\/\/dmi65.com\/es\/","logo":{"@type":"ImageObject","inLanguage":"es","@id":"https:\/\/dmi65.com\/es\/#\/schema\/logo\/image\/","url":"https:\/\/dmi65.com\/wp-content\/uploads\/2020\/04\/dmi65.png","contentUrl":"https:\/\/dmi65.com\/wp-content\/uploads\/2020\/04\/dmi65.png","width":440,"height":205,"caption":"DMI-65 & Quantum Filtration Pty Ltd"},"image":{"@id":"https:\/\/dmi65.com\/es\/#\/schema\/logo\/image\/"},"sameAs":["https:\/\/www.linkedin.com\/company\/dmi-65","https:\/\/www.youtube.com\/channel\/UCbXoMn5KBp2jrnx4KR_Qg4A"]}]}},"_links":{"self":[{"href":"https:\/\/dmi65.com\/es\/wp-json\/wp\/v2\/pages\/9249","targetHints":{"allow":["GET"]}}],"collection":[{"href":"https:\/\/dmi65.com\/es\/wp-json\/wp\/v2\/pages"}],"about":[{"href":"https:\/\/dmi65.com\/es\/wp-json\/wp\/v2\/types\/page"}],"author":[{"embeddable":true,"href":"https:\/\/dmi65.com\/es\/wp-json\/wp\/v2\/users\/1"}],"replies":[{"embeddable":true,"href":"https:\/\/dmi65.com\/es\/wp-json\/wp\/v2\/comments?post=9249"}],"version-history":[{"count":1,"href":"https:\/\/dmi65.com\/es\/wp-json\/wp\/v2\/pages\/9249\/revisions"}],"predecessor-version":[{"id":9250,"href":"https:\/\/dmi65.com\/es\/wp-json\/wp\/v2\/pages\/9249\/revisions\/9250"}],"up":[{"embeddable":true,"href":"https:\/\/dmi65.com\/es\/wp-json\/wp\/v2\/pages\/7104"}],"wp:attachment":[{"href":"https:\/\/dmi65.com\/es\/wp-json\/wp\/v2\/media?parent=9249"}],"curies":[{"name":"wp","href":"https:\/\/api.w.org\/{rel}","templated":true}]}}