{"id":9221,"date":"2020-06-30T18:53:12","date_gmt":"2020-06-30T10:53:12","guid":{"rendered":"https:\/\/dmi65.com\/industrias\/tratamiento-de-agua-para-la-industria-del-papel-y-la-pulpa\/"},"modified":"2020-06-30T18:53:21","modified_gmt":"2020-06-30T10:53:21","slug":"tratamiento-de-agua-para-la-industria-del-papel-y-la-pulpa","status":"publish","type":"page","link":"https:\/\/dmi65.com\/es\/industrias\/tratamiento-de-agua-para-la-industria-del-papel-y-la-pulpa\/","title":{"rendered":"Tratamiento de agua para la industria del papel y la pulpa"},"content":{"rendered":"<div class=\"wpb-content-wrapper\"><p>[vc_row][vc_column][vc_column_text css=\u00bb.vc_custom_1593504327971{margin-top: 15px !important;margin-bottom: 15px !important;}\u00bb]<strong>Tratamiento de agua para la industria del papel y la pulpa:<\/strong> Los expertos en productos qu\u00edmicos de papel y pulpa y de tratamiento de agua, <a href=\"http:\/\/www.lautan-luas.com\/en\/\" target=\"_blank\" rel=\"noopener noreferrer\">Pt Lautan Luas Tbk,<\/a>son socios de Quantum Filtration Mediums y agente DMI-65\u00ae en Indonesia y el sudeste asi\u00e1tico.<\/p>\n<p>Lautan Luas suministra miles de los mejores productos y productos qu\u00edmicos especializados disponibles que se utilizan en la industria de fabricaci\u00f3n de papel y pulpa. Durante m\u00e1s de 20 a\u00f1os Lautan Luas ha utilizado y especificado DMI-65\u00ae como la mejor soluci\u00f3n para la eliminaci\u00f3n de hierro y manganeso para industrias como la fabricaci\u00f3n de papel y pulpa.<\/p>\n<p>El hierro y el manganeso a niveles tan bajos de 0,3 y 0,5 ppm, respectivamente, pueden crear manchas molestas y manchas en los productos de papel. Cuando se requieren los mejores productos de papel y pulpa de la m\u00e1s alta calidad, la eliminaci\u00f3n de hierro y manganeso de la fuente de agua de uso industrial es primordial. Los mejores fabricantes de productos de papel en el mundo encuentran en preferible eliminar hierro y manganeso a niveles indetectables, siempre que sea posible. DMI-65\u00ae es una soluci\u00f3n rentable y de alto rendimiento que puede eliminar hierro y manganeso a menos de 0,05 mg\/L.<\/p>\n<p>En 2012 y 2013 Lautan Luas suministr\u00f3 DMI-65\u00ae como una soluci\u00f3n clave para las plantas de tratamiento de agua de Asia Pulp and Paper Groups en Pindo Deli, Indonesia.[\/vc_column_text][\/vc_column][\/vc_row][vc_row][vc_column][vc_empty_space height=\u00bb20px\u00bb][vc_column_text css=\u00bb.vc_custom_1593504798632{margin-bottom: 0px !important;}\u00bb]<\/p>\n<h4><strong>DMI-65\u00ae para el papel de tratamiento de agua y las industrias de la pulpa<\/strong><\/h4>\n<p><strong>REMOCION DE HIERRO Y MANGANESO:<\/strong> La acumulaci\u00f3n de hierro y manganeso en el sistema de filtro da como resultado una sobrecarga de mantenimiento muy alta, p\u00e9rdida de producci\u00f3n y potencialmente fallo del sistema. DMI-65\u00ae elimina eficientemente el hierro disuelto a los niveles casi indetectables tan bajos como 0.005mg\/L y manganeso a 0.001mg\/L, as\u00ed como part\u00edculas, eliminando eficazmente este riesgo.<\/p>\n<p><strong>ELIMINACION DE SOLIDS Y TURBIDITY TOTALES SUSPENDIDOS:<\/strong> El DMI-65\u00ae tambi\u00e9n proporciona el coeficiente de filtraci\u00f3n perfecto, lo que resulta en una excelente filtraci\u00f3n mec\u00e1nica que reduce los s\u00f3lidos suspendidos totales (TSS) a menos de 1mg\/L y niveles de turbidez inferiores a 1 NTU.<\/p>\n<p><strong>COSTOS REDUCIDOS:<\/strong> El costo total del sistema de filtraci\u00f3n de agua de eliminaci\u00f3n de hierro y manganeso es significativamente menor que las soluciones alternativas, la eficacia, pero la simplicidad relativa, de los sistemas basados en DMI- 65\u00ae reduce el gasto de capital inicial en la complejidad de las plantas, as\u00ed como el gasto operativo continuo en la recuperaci\u00f3n de productos qu\u00edmicos, energ\u00eda y residuos de retrolavado.<\/p>\n<p><strong>ALTAS TARIFAS DE FLUJO:<\/strong> La tecnolog\u00eda infundida de DMI-65\u00ae promueve la tasa de oxidaci\u00f3n m\u00e1s alta de cualquier medio de filtraci\u00f3n catal\u00edtica. Esto permite un caudal de agua significativamente mayor para lograr el mismo nivel de eliminaci\u00f3n de hierro y manganeso. DMI-65 puede operar a velocidades de filtraci\u00f3n lineales de hasta el doble que los medios convencionales con la correspondiente reducci\u00f3n en los costos de los equipos de capital.<\/p>\n<p><strong>ALTA CAPACIDAD DE CARGA:<\/strong> DMI-65\u00ae tambi\u00e9n tiene una mayor capacidad de carga de hierro y manganeso que puede extender la duraci\u00f3n de los conductos de filtro y el tiempo entre el lavado hacia atr\u00e1s, reduciendo as\u00ed el tiempo de inactividad, los gastos de funcionamiento y el desperdicio.<\/p>\n<p><strong>REGENERACION NO REQUERIDA:<\/strong> El medio funciona con una inyecci\u00f3n continua de hipoclorito de sodio a niveles residuales bajos (0,1 a 0,3 mg\/L) que elimina la necesidad de permanganato de potasio.<\/p>\n<p><strong>AMPLIO ENTORNO OPERATIVO:<\/strong> Un rendimiento estable y satisfactorio a un pH de 5,8 a 8,6 y una temperatura m\u00e1xima de funcionamiento de 113 oF (45 oC) reduce la necesidad de inversi\u00f3n para alterar el entorno operativo.<\/p>\n<p><strong>LARGA VIDA:<\/strong> DMI-65\u00ae no se consume en el proceso d\u00e1ndole una vida operativa esperada de hasta 10 a\u00f1os, proporcionando ventajas considerables sobre otros procesos o medios de comunicaci\u00f3n. El medio no muestra una capacidad en descomposici\u00f3n para realizar su trabajo catal\u00edtico. Durante el per\u00edodo de 5 a 10 a\u00f1os, a trav\u00e9s de muchas operaciones de retrolavado de la cama para eliminar los s\u00f3lidos retenidos, se produce una p\u00e9rdida de desgaste de los medios por contacto entre part\u00edculas y abrasi\u00f3n mec\u00e1nica.[\/vc_column_text][\/vc_column][\/vc_row][vc_row content_placement=\u00bbmiddle\u00bb css=\u00bb.vc_custom_1592798106994{margin-top: 30px !important;padding-top: 20px !important;padding-right: 20px !important;padding-bottom: 5px !important;padding-left: 20px !important;}\u00bb el_class=\u00bbcta\u00bb][vc_column]<div class=\"dt-fancy-separator\" style=\"width: 100%;\"><div class=\"dt-fancy-title\"><span class=\"separator-holder separator-left\"><\/span>Consulte c\u00f3mo DMI-65\u00ae medios de filtraci\u00f3n para las industrias de papel y pulpa.<span class=\"separator-holder separator-right\"><\/span><\/div><\/div>[vc_btn title=\u00bbInvestigar\u00bb style=\u00bbcustom\u00bb custom_background=\u00bb#162441&#8243; custom_text=\u00bb#ffffff\u00bb shape=\u00bbsquare\u00bb size=\u00bblg\u00bb align=\u00bbcenter\u00bb i_align=\u00bbright\u00bb i_icon_fontawesome=\u00bbfas fa-chevron-right\u00bb add_icon=\u00bbtrue\u00bb css=\u00bb.vc_custom_1592793128520{margin-top: 20px !important;}\u00bb el_class=\u00bbctaButton sg-popup-id-8233&#8243;][\/vc_column][\/vc_row]<\/p>\n<\/div>","protected":false},"excerpt":{"rendered":"<p>[vc_row][vc_column][vc_column_text css=\u00bb.vc_custom_1593504327971{margin-top: 15px !important;margin-bottom: 15px !important;}\u00bb]Tratamiento de agua para la industria del papel y la pulpa: Los expertos en productos qu\u00edmicos de papel y pulpa y de tratamiento de agua, Pt Lautan Luas Tbk,son socios de Quantum Filtration Mediums y agente DMI-65\u00ae en Indonesia y el sudeste asi\u00e1tico. Lautan Luas suministra miles de los mejores&hellip;<\/p>\n","protected":false},"author":1,"featured_media":0,"parent":7104,"menu_order":0,"comment_status":"closed","ping_status":"closed","template":"","meta":{"content-type":"","footnotes":""},"class_list":["post-9221","page","type-page","status-publish","hentry","description-off"],"yoast_head":"<!-- This site is optimized with the Yoast SEO plugin v25.2 - https:\/\/yoast.com\/wordpress\/plugins\/seo\/ -->\n<title>Tratamiento de agua para papel y pulpa, medios de filtraci\u00f3n - DMI-65\u00ae<\/title>\n<meta name=\"description\" content=\"DMI-65\u00ae es el mejor tratamiento de agua para las industrias de papel y pulpa, para la eliminaci\u00f3n de hierro y manganeso para las industrias manufactureras.\" \/>\n<meta name=\"robots\" content=\"index, follow, max-snippet:-1, max-image-preview:large, max-video-preview:-1\" \/>\n<link rel=\"canonical\" href=\"https:\/\/dmi65.com\/es\/industrias\/tratamiento-de-agua-para-la-industria-del-papel-y-la-pulpa\/\" \/>\n<meta property=\"og:locale\" content=\"es_ES\" \/>\n<meta property=\"og:type\" content=\"article\" \/>\n<meta property=\"og:title\" content=\"Tratamiento de agua para papel y pulpa, medios de filtraci\u00f3n - DMI-65\u00ae\" \/>\n<meta property=\"og:description\" content=\"DMI-65\u00ae es el mejor tratamiento de agua para las industrias de papel y pulpa, para la eliminaci\u00f3n de hierro y manganeso para las industrias manufactureras.\" \/>\n<meta property=\"og:url\" content=\"https:\/\/dmi65.com\/es\/industrias\/tratamiento-de-agua-para-la-industria-del-papel-y-la-pulpa\/\" \/>\n<meta property=\"og:site_name\" content=\"DMI-65\u00ae\" \/>\n<meta property=\"article:modified_time\" content=\"2020-06-30T10:53:21+00:00\" \/>\n<meta property=\"og:image\" content=\"https:\/\/dmi65.com\/wp-content\/uploads\/2020\/06\/dmi65_Logo_Blk.png\" \/>\n\t<meta property=\"og:image:width\" content=\"466\" \/>\n\t<meta property=\"og:image:height\" content=\"200\" \/>\n\t<meta property=\"og:image:type\" content=\"image\/png\" \/>\n<meta name=\"twitter:card\" content=\"summary_large_image\" \/>\n<meta name=\"twitter:label1\" content=\"Tiempo de lectura\" \/>\n\t<meta name=\"twitter:data1\" content=\"4 minutos\" \/>\n<script type=\"application\/ld+json\" class=\"yoast-schema-graph\">{\"@context\":\"https:\/\/schema.org\",\"@graph\":[{\"@type\":\"WebPage\",\"@id\":\"https:\/\/dmi65.com\/es\/industrias\/tratamiento-de-agua-para-la-industria-del-papel-y-la-pulpa\/\",\"url\":\"https:\/\/dmi65.com\/es\/industrias\/tratamiento-de-agua-para-la-industria-del-papel-y-la-pulpa\/\",\"name\":\"Tratamiento de agua para papel y pulpa, medios de filtraci\u00f3n - DMI-65\u00ae\",\"isPartOf\":{\"@id\":\"https:\/\/dmi65.com\/es\/#website\"},\"datePublished\":\"2020-06-30T10:53:12+00:00\",\"dateModified\":\"2020-06-30T10:53:21+00:00\",\"description\":\"DMI-65\u00ae es el mejor tratamiento de agua para las industrias de papel y pulpa, para la eliminaci\u00f3n de hierro y manganeso para las industrias manufactureras.\",\"breadcrumb\":{\"@id\":\"https:\/\/dmi65.com\/es\/industrias\/tratamiento-de-agua-para-la-industria-del-papel-y-la-pulpa\/#breadcrumb\"},\"inLanguage\":\"es\",\"potentialAction\":[{\"@type\":\"ReadAction\",\"target\":[\"https:\/\/dmi65.com\/es\/industrias\/tratamiento-de-agua-para-la-industria-del-papel-y-la-pulpa\/\"]}]},{\"@type\":\"BreadcrumbList\",\"@id\":\"https:\/\/dmi65.com\/es\/industrias\/tratamiento-de-agua-para-la-industria-del-papel-y-la-pulpa\/#breadcrumb\",\"itemListElement\":[{\"@type\":\"ListItem\",\"position\":1,\"name\":\"Home\",\"item\":\"https:\/\/dmi65.com\/es\/\"},{\"@type\":\"ListItem\",\"position\":2,\"name\":\"Industrias\",\"item\":\"https:\/\/dmi65.com\/es\/industrias\/\"},{\"@type\":\"ListItem\",\"position\":3,\"name\":\"Tratamiento de agua para la industria del papel y la pulpa\"}]},{\"@type\":\"WebSite\",\"@id\":\"https:\/\/dmi65.com\/es\/#website\",\"url\":\"https:\/\/dmi65.com\/es\/\",\"name\":\"DMI-65\u00ae\",\"description\":\"Water Filtration &amp; Reverse Osmosis Treatment, Catalytic Media\",\"publisher\":{\"@id\":\"https:\/\/dmi65.com\/es\/#organization\"},\"potentialAction\":[{\"@type\":\"SearchAction\",\"target\":{\"@type\":\"EntryPoint\",\"urlTemplate\":\"https:\/\/dmi65.com\/es\/?s={search_term_string}\"},\"query-input\":{\"@type\":\"PropertyValueSpecification\",\"valueRequired\":true,\"valueName\":\"search_term_string\"}}],\"inLanguage\":\"es\"},{\"@type\":\"Organization\",\"@id\":\"https:\/\/dmi65.com\/es\/#organization\",\"name\":\"DMI-65 & Quantum Filtration Pty Ltd\",\"url\":\"https:\/\/dmi65.com\/es\/\",\"logo\":{\"@type\":\"ImageObject\",\"inLanguage\":\"es\",\"@id\":\"https:\/\/dmi65.com\/es\/#\/schema\/logo\/image\/\",\"url\":\"https:\/\/dmi65.com\/wp-content\/uploads\/2020\/04\/dmi65.png\",\"contentUrl\":\"https:\/\/dmi65.com\/wp-content\/uploads\/2020\/04\/dmi65.png\",\"width\":440,\"height\":205,\"caption\":\"DMI-65 & Quantum Filtration Pty Ltd\"},\"image\":{\"@id\":\"https:\/\/dmi65.com\/es\/#\/schema\/logo\/image\/\"},\"sameAs\":[\"https:\/\/www.linkedin.com\/company\/dmi-65\",\"https:\/\/www.youtube.com\/channel\/UCbXoMn5KBp2jrnx4KR_Qg4A\"]}]}<\/script>\n<!-- \/ Yoast SEO plugin. -->","yoast_head_json":{"title":"Tratamiento de agua para papel y pulpa, medios de filtraci\u00f3n - DMI-65\u00ae","description":"DMI-65\u00ae es el mejor tratamiento de agua para las industrias de papel y pulpa, para la eliminaci\u00f3n de hierro y manganeso para las industrias manufactureras.","robots":{"index":"index","follow":"follow","max-snippet":"max-snippet:-1","max-image-preview":"max-image-preview:large","max-video-preview":"max-video-preview:-1"},"canonical":"https:\/\/dmi65.com\/es\/industrias\/tratamiento-de-agua-para-la-industria-del-papel-y-la-pulpa\/","og_locale":"es_ES","og_type":"article","og_title":"Tratamiento de agua para papel y pulpa, medios de filtraci\u00f3n - DMI-65\u00ae","og_description":"DMI-65\u00ae es el mejor tratamiento de agua para las industrias de papel y pulpa, para la eliminaci\u00f3n de hierro y manganeso para las industrias manufactureras.","og_url":"https:\/\/dmi65.com\/es\/industrias\/tratamiento-de-agua-para-la-industria-del-papel-y-la-pulpa\/","og_site_name":"DMI-65\u00ae","article_modified_time":"2020-06-30T10:53:21+00:00","og_image":[{"width":466,"height":200,"url":"https:\/\/dmi65.com\/wp-content\/uploads\/2020\/06\/dmi65_Logo_Blk.png","type":"image\/png"}],"twitter_card":"summary_large_image","twitter_misc":{"Tiempo de lectura":"4 minutos"},"schema":{"@context":"https:\/\/schema.org","@graph":[{"@type":"WebPage","@id":"https:\/\/dmi65.com\/es\/industrias\/tratamiento-de-agua-para-la-industria-del-papel-y-la-pulpa\/","url":"https:\/\/dmi65.com\/es\/industrias\/tratamiento-de-agua-para-la-industria-del-papel-y-la-pulpa\/","name":"Tratamiento de agua para papel y pulpa, medios de filtraci\u00f3n - DMI-65\u00ae","isPartOf":{"@id":"https:\/\/dmi65.com\/es\/#website"},"datePublished":"2020-06-30T10:53:12+00:00","dateModified":"2020-06-30T10:53:21+00:00","description":"DMI-65\u00ae es el mejor tratamiento de agua para las industrias de papel y pulpa, para la eliminaci\u00f3n de hierro y manganeso para las industrias manufactureras.","breadcrumb":{"@id":"https:\/\/dmi65.com\/es\/industrias\/tratamiento-de-agua-para-la-industria-del-papel-y-la-pulpa\/#breadcrumb"},"inLanguage":"es","potentialAction":[{"@type":"ReadAction","target":["https:\/\/dmi65.com\/es\/industrias\/tratamiento-de-agua-para-la-industria-del-papel-y-la-pulpa\/"]}]},{"@type":"BreadcrumbList","@id":"https:\/\/dmi65.com\/es\/industrias\/tratamiento-de-agua-para-la-industria-del-papel-y-la-pulpa\/#breadcrumb","itemListElement":[{"@type":"ListItem","position":1,"name":"Home","item":"https:\/\/dmi65.com\/es\/"},{"@type":"ListItem","position":2,"name":"Industrias","item":"https:\/\/dmi65.com\/es\/industrias\/"},{"@type":"ListItem","position":3,"name":"Tratamiento de agua para la industria del papel y la pulpa"}]},{"@type":"WebSite","@id":"https:\/\/dmi65.com\/es\/#website","url":"https:\/\/dmi65.com\/es\/","name":"DMI-65\u00ae","description":"Water Filtration &amp; Reverse Osmosis Treatment, Catalytic Media","publisher":{"@id":"https:\/\/dmi65.com\/es\/#organization"},"potentialAction":[{"@type":"SearchAction","target":{"@type":"EntryPoint","urlTemplate":"https:\/\/dmi65.com\/es\/?s={search_term_string}"},"query-input":{"@type":"PropertyValueSpecification","valueRequired":true,"valueName":"search_term_string"}}],"inLanguage":"es"},{"@type":"Organization","@id":"https:\/\/dmi65.com\/es\/#organization","name":"DMI-65 & Quantum Filtration Pty Ltd","url":"https:\/\/dmi65.com\/es\/","logo":{"@type":"ImageObject","inLanguage":"es","@id":"https:\/\/dmi65.com\/es\/#\/schema\/logo\/image\/","url":"https:\/\/dmi65.com\/wp-content\/uploads\/2020\/04\/dmi65.png","contentUrl":"https:\/\/dmi65.com\/wp-content\/uploads\/2020\/04\/dmi65.png","width":440,"height":205,"caption":"DMI-65 & Quantum Filtration Pty Ltd"},"image":{"@id":"https:\/\/dmi65.com\/es\/#\/schema\/logo\/image\/"},"sameAs":["https:\/\/www.linkedin.com\/company\/dmi-65","https:\/\/www.youtube.com\/channel\/UCbXoMn5KBp2jrnx4KR_Qg4A"]}]}},"_links":{"self":[{"href":"https:\/\/dmi65.com\/es\/wp-json\/wp\/v2\/pages\/9221","targetHints":{"allow":["GET"]}}],"collection":[{"href":"https:\/\/dmi65.com\/es\/wp-json\/wp\/v2\/pages"}],"about":[{"href":"https:\/\/dmi65.com\/es\/wp-json\/wp\/v2\/types\/page"}],"author":[{"embeddable":true,"href":"https:\/\/dmi65.com\/es\/wp-json\/wp\/v2\/users\/1"}],"replies":[{"embeddable":true,"href":"https:\/\/dmi65.com\/es\/wp-json\/wp\/v2\/comments?post=9221"}],"version-history":[{"count":3,"href":"https:\/\/dmi65.com\/es\/wp-json\/wp\/v2\/pages\/9221\/revisions"}],"predecessor-version":[{"id":9225,"href":"https:\/\/dmi65.com\/es\/wp-json\/wp\/v2\/pages\/9221\/revisions\/9225"}],"up":[{"embeddable":true,"href":"https:\/\/dmi65.com\/es\/wp-json\/wp\/v2\/pages\/7104"}],"wp:attachment":[{"href":"https:\/\/dmi65.com\/es\/wp-json\/wp\/v2\/media?parent=9221"}],"curies":[{"name":"wp","href":"https:\/\/api.w.org\/{rel}","templated":true}]}}