{"id":9180,"date":"2020-06-30T18:50:32","date_gmt":"2020-06-30T10:50:32","guid":{"rendered":"https:\/\/dmi65.com\/industrias\/tratamiento-municipal-de-agua-potable\/"},"modified":"2020-06-30T18:50:35","modified_gmt":"2020-06-30T10:50:35","slug":"tratamiento-municipal-de-agua-potable","status":"publish","type":"page","link":"https:\/\/dmi65.com\/es\/industrias\/tratamiento-municipal-de-agua-potable\/","title":{"rendered":"Tratamiento Municipal de Agua Potable"},"content":{"rendered":"<div class=\"wpb-content-wrapper\"><p>[vc_row][vc_column][vc_column_text css=\u00bb.vc_custom_1593483956340{margin-top: 15px !important;margin-bottom: 15px !important;}\u00bb]<strong>Tratamiento Municipal de Agua Potable:<\/strong> El acceso al agua potable se considera un derecho humano b\u00e1sico. Sin embargo,<a href=\"https:\/\/www.who.int\/news-room\/detail\/12-07-2017-2-1-billion-people-lack-safe-drinking-water-at-home-more-than-twice-as-many-lack-safe-sanitation\" target=\"_blank\" rel=\"noopener noreferrer\"> m\u00e1s de una sexta parte de la poblaci\u00f3n mundial, predominantemente en los pa\u00edses en desarrollo, carecen de acceso fiable a dicha agua.<\/a> Los clientes se quejan ante las empresas de agua potable con respecto a incidentes como el sabor, el olor, el color, la baba, la baja presi\u00f3n y el suministro de agua. En el Reino Unido, se estima que un tercio de todas las quejas de los clientes relativas al agua potable est\u00e1n relacionadas con la decoloraci\u00f3n del agua (Cook et al., 2005). Estas quejas socavan en gran medida la confianza de los clientes en las empresas de agua.[\/vc_column_text][\/vc_column][\/vc_row][vc_row][vc_column][vc_column_text css=\u00bb.vc_custom_1593484138974{margin-bottom: 0px !important;}\u00bb]Iron and Manganese contamination of water have long been considered to only lead to aesthetic problems, in that they are secondary contaminants that have little or no adverse health effects. However, research conducted by Wasserman et al. (2006) indicated a relationship between increased Mn concentrations in drinking water and reduced intellectual functions of children. Increased levels of Iron and Manganese concentrations have been found to be the main cause of drinking water discolouration (Slaats, 2002). Furthermore, discoloured water could also lead to coloured stains on laundries and sinks, increased treatment costs, reduced treatment capacity and increased pumping costs. Water with high concentrations of Iron and Manganese has been found to give water an unpleasant metallic taste and vegetables cooked with it become dark and look unappetizing (Herman, 1996).<\/p>\n<p>High Iron and Manganese levels can lead to non-compliance with drinking water regulations. The drinking water standard for most jurisdictions for iron is 0.3 milligrams per liter (mg\/l), and the standard for manganese is 0.05 mg\/l respectively. The quality of water changes as it travels from source to consumers in Water Distribution Networks (\u2018WDNs\u2019). Although water companies generally set post-treatment targets of Fe and Mn to about 3% of their respective MCLs, low concentrations of Fe and Mn still enter the network and gradually accumulate on pipe walls within WDNs. Given the wrong conditions, such as high flows created by a water main burst or high diurnal consumption of drinking water, these accumulated particles may subsequently lead to water discolouration and end up in customers\u2019 taps.<\/p>\n<p>In order to begin the process of oxidation of the iron (and manganese) in solution DMI-65\u00ae is designed to operate in the presence of chlorine or other oxidants. In this process the oxidant removes electrons and is consumed in<\/p>\n<p>the process. The operator needs to ensure that there is a 0.1 \u2013 0.3 ppm free chlorine residual in the effluent water. Chlorine, fed as sodium hypochlorite or bleach (12.5% NaOCl), is the preferred oxidant since it is relatively inexpensive, readily available around the world and it is effective. It also performs the vast majority of any disinfectant process.<\/p>\n<p>Unlike ion exchange resins where higher regenerant dosages will increase the ion exchange capacity, NaOCl residuals or concentrations higher than required to oxidize the Iron and Manganese do not increase the oxidative properties of the media. Additionally, since the media is often used to pretreat waters prior to an RO system a higher free chlorine residual would require more extensive post treatment to reduce the residual and protect the membranes from chlorine attack.<\/p>\n<p>DMI-65\u00ae has been certified to the <a href=\"http:\/\/dmi65.com\/es\/tecnicas\/certificacion-calidad-del-agua\/\">US Standard of NSF\/ANSI 61 for Drinking Water System Components<\/a> and for use in England and Wales Under Regulation 31(4)(a) of the water supply (Water Quality) regulations 2010 and has also been tested by many other <a href=\"http:\/\/dmi65.com\/es\/tecnicas\/pruebas-de-laboratorio\/\">water treatment authorities and laboratories<\/a>.[\/vc_column_text][vc_empty_space height=\u00bb20px\u00bb]<blockquote class=\"text-big shortcode-blockquote block-style-widget\"><p>George Municipal Water Works, Sud\u00e1frica, utiliza m\u00e1s de 550 toneladas m\u00e9tricas de DMI-65\u00ae. El agua de George es altamente coloreada que contiene \u00e1cidos h\u00famicos y f\u00falvicos \u2013 el color de agua cruda es aprox. 800 unidades de color PtCo. Se cree que este tipo de agua es una de las m\u00e1s dif\u00edciles de filtrar. La eliminaci\u00f3n de hierro es muy eficaz independientemente del pH. El hierro residual m\u00e1s alto encontrado fue de 0,01 mg\/L. La eliminaci\u00f3n de manganeso tambi\u00e9n es muy eficiente. El manganeso restante m\u00e1s alto encontrado fue 0,06 mg\/l Mn se elimina mejor a pH 8 m\u00e1s alto. El beneficio adicional de la extracci\u00f3n de aluminio incluso en el pH m\u00e1s alto. La turbidez m\u00e1s alta registrada fue 0,06 NTU. Seg\u00fan nuestras pruebas de laboratorio, el color m\u00e1s alto fue de 4 mg\/l PtCo, pero la mayor\u00eda de las veces el color era inferior al color del agua destilada comprada en una farmacia de George. La planta funciona desde principios de enero de 2007 y sigue teniendo excelentes resultados. George Municipal Water Works, utiliza el mismo DMI-65\u00ae medios filtrantes durante m\u00e1s de 13 a\u00f1os, sin fallas ni disminuciones en el rendimiento.<\/p>\n<\/blockquote>[vc_empty_space height=\u00bb20px\u00bb]<blockquote class=\"text-big shortcode-blockquote block-style-widget\"><p>La Planta Municipal de Tratamiento de Aguas de Witbank en Durban, Sud\u00e1frica, consta de 18 grandes filtros de arena r\u00e1pida que utilizan 1200 toneladas de medios filtrantes para eliminar el hierro y el manganeso de la fuente local de agua subterr\u00e1nea. Los especialistas locales en tratamiento de agua y DMI-65\u00ae agente, Water Technologies Cape, demostraron el rendimiento y los beneficios de costos de la actualizaci\u00f3n del sistema a DMI-65\u00ae, mediante un exitoso ensayo piloto en 2018. Las mejoras a la planta comenzaron en 2019 y se espera que est\u00e9n terminadas a finales de 2020.<\/p>\n<\/blockquote>[\/vc_column][\/vc_row][vc_row css=\u00bb.vc_custom_1593496115589{margin-top: 15px !important;}\u00bb][vc_column]<div class=\"dt-fancy-separator\" style=\"width: 100%;\"><div class=\"dt-fancy-title\"><span class=\"separator-holder separator-left\"><\/span>Casos pr\u00e1cticos para aplicaciones municipales de agua potable<span class=\"separator-holder separator-right\"><\/span><\/div><\/div>[vc_basic_grid post_type=\u00bbpost\u00bb max_items=\u00bb2&#8243; element_width=\u00bb6&#8243; item=\u00bbmasonryGrid_Default\u00bb grid_id=\u00bbvc_gid:1593497762693-41b75922-5425-4&#8243; taxonomies=\u00bb679&#8243; css=\u00bb.vc_custom_1593496256234{margin-top: 30px !important;}\u00bb][\/vc_column][\/vc_row][vc_row content_placement=\u00bbmiddle\u00bb css=\u00bb.vc_custom_1592798106994{margin-top: 30px !important;padding-top: 20px !important;padding-right: 20px !important;padding-bottom: 5px !important;padding-left: 20px !important;}\u00bb el_class=\u00bbcta\u00bb][vc_column]<div class=\"dt-fancy-separator\" style=\"width: 100%;\"><div class=\"dt-fancy-title\"><span class=\"separator-holder separator-left\"><\/span>Consulte c\u00f3mo DMI-65\u00ae medios de filtraci\u00f3n para aplicaciones municipales de agua potable<span class=\"separator-holder separator-right\"><\/span><\/div><\/div>[vc_btn title=\u00bbInvestigar\u00bb style=\u00bbcustom\u00bb custom_background=\u00bb#162441&#8243; custom_text=\u00bb#ffffff\u00bb shape=\u00bbsquare\u00bb size=\u00bblg\u00bb align=\u00bbcenter\u00bb i_align=\u00bbright\u00bb i_icon_fontawesome=\u00bbfas fa-chevron-right\u00bb add_icon=\u00bbtrue\u00bb css=\u00bb.vc_custom_1592793128520{margin-top: 20px !important;}\u00bb el_class=\u00bbctaButton sg-popup-id-8233&#8243;][\/vc_column][\/vc_row]<\/p>\n<\/div>","protected":false},"excerpt":{"rendered":"<p>[vc_row][vc_column][vc_column_text css=\u00bb.vc_custom_1593483956340{margin-top: 15px !important;margin-bottom: 15px !important;}\u00bb]Tratamiento Municipal de Agua Potable: El acceso al agua potable se considera un derecho humano b\u00e1sico. Sin embargo, m\u00e1s de una sexta parte de la poblaci\u00f3n mundial, predominantemente en los pa\u00edses en desarrollo, carecen de acceso fiable a dicha agua. Los clientes se quejan ante las empresas de agua potable&hellip;<\/p>\n","protected":false},"author":1,"featured_media":0,"parent":7104,"menu_order":0,"comment_status":"closed","ping_status":"closed","template":"","meta":{"content-type":"","footnotes":""},"class_list":["post-9180","page","type-page","status-publish","hentry","description-off"],"yoast_head":"<!-- This site is optimized with the Yoast SEO plugin v25.2 - https:\/\/yoast.com\/wordpress\/plugins\/seo\/ -->\n<title>Muncipal Tratamiento de Agua Potable, Medios de Filtraci\u00f3n - DMI-65\u00ae<\/title>\n<meta name=\"description\" content=\"DMI-65\u00ae puede utilizarse en el tratamiento municipal de agua potable, especialmente en los pa\u00edses en desarrollo que carecen de acceso fiable al agua potable.\" \/>\n<meta name=\"robots\" content=\"index, follow, max-snippet:-1, max-image-preview:large, max-video-preview:-1\" \/>\n<link rel=\"canonical\" href=\"https:\/\/dmi65.com\/es\/industrias\/tratamiento-municipal-de-agua-potable\/\" \/>\n<meta property=\"og:locale\" content=\"es_ES\" \/>\n<meta property=\"og:type\" content=\"article\" \/>\n<meta property=\"og:title\" content=\"Muncipal Tratamiento de Agua Potable, Medios de Filtraci\u00f3n - DMI-65\u00ae\" \/>\n<meta property=\"og:description\" content=\"DMI-65\u00ae puede utilizarse en el tratamiento municipal de agua potable, especialmente en los pa\u00edses en desarrollo que carecen de acceso fiable al agua potable.\" \/>\n<meta property=\"og:url\" content=\"https:\/\/dmi65.com\/es\/industrias\/tratamiento-municipal-de-agua-potable\/\" \/>\n<meta property=\"og:site_name\" content=\"DMI-65\u00ae\" \/>\n<meta property=\"article:modified_time\" content=\"2020-06-30T10:50:35+00:00\" \/>\n<meta property=\"og:image\" content=\"https:\/\/dmi65.com\/wp-content\/uploads\/2020\/06\/dmi65_Logo_Blk.png\" \/>\n\t<meta property=\"og:image:width\" content=\"466\" \/>\n\t<meta property=\"og:image:height\" content=\"200\" \/>\n\t<meta property=\"og:image:type\" content=\"image\/png\" \/>\n<meta name=\"twitter:card\" content=\"summary_large_image\" \/>\n<meta name=\"twitter:label1\" content=\"Tiempo de lectura\" \/>\n\t<meta name=\"twitter:data1\" content=\"5 minutos\" \/>\n<script type=\"application\/ld+json\" class=\"yoast-schema-graph\">{\"@context\":\"https:\/\/schema.org\",\"@graph\":[{\"@type\":\"WebPage\",\"@id\":\"https:\/\/dmi65.com\/es\/industrias\/tratamiento-municipal-de-agua-potable\/\",\"url\":\"https:\/\/dmi65.com\/es\/industrias\/tratamiento-municipal-de-agua-potable\/\",\"name\":\"Muncipal Tratamiento de Agua Potable, Medios de Filtraci\u00f3n - DMI-65\u00ae\",\"isPartOf\":{\"@id\":\"https:\/\/dmi65.com\/es\/#website\"},\"datePublished\":\"2020-06-30T10:50:32+00:00\",\"dateModified\":\"2020-06-30T10:50:35+00:00\",\"description\":\"DMI-65\u00ae puede utilizarse en el tratamiento municipal de agua potable, especialmente en los pa\u00edses en desarrollo que carecen de acceso fiable al agua potable.\",\"breadcrumb\":{\"@id\":\"https:\/\/dmi65.com\/es\/industrias\/tratamiento-municipal-de-agua-potable\/#breadcrumb\"},\"inLanguage\":\"es\",\"potentialAction\":[{\"@type\":\"ReadAction\",\"target\":[\"https:\/\/dmi65.com\/es\/industrias\/tratamiento-municipal-de-agua-potable\/\"]}]},{\"@type\":\"BreadcrumbList\",\"@id\":\"https:\/\/dmi65.com\/es\/industrias\/tratamiento-municipal-de-agua-potable\/#breadcrumb\",\"itemListElement\":[{\"@type\":\"ListItem\",\"position\":1,\"name\":\"Home\",\"item\":\"https:\/\/dmi65.com\/es\/\"},{\"@type\":\"ListItem\",\"position\":2,\"name\":\"Industrias\",\"item\":\"https:\/\/dmi65.com\/es\/industrias\/\"},{\"@type\":\"ListItem\",\"position\":3,\"name\":\"Tratamiento Municipal de Agua Potable\"}]},{\"@type\":\"WebSite\",\"@id\":\"https:\/\/dmi65.com\/es\/#website\",\"url\":\"https:\/\/dmi65.com\/es\/\",\"name\":\"DMI-65\u00ae\",\"description\":\"Water Filtration &amp; Reverse Osmosis Treatment, Catalytic Media\",\"publisher\":{\"@id\":\"https:\/\/dmi65.com\/es\/#organization\"},\"potentialAction\":[{\"@type\":\"SearchAction\",\"target\":{\"@type\":\"EntryPoint\",\"urlTemplate\":\"https:\/\/dmi65.com\/es\/?s={search_term_string}\"},\"query-input\":{\"@type\":\"PropertyValueSpecification\",\"valueRequired\":true,\"valueName\":\"search_term_string\"}}],\"inLanguage\":\"es\"},{\"@type\":\"Organization\",\"@id\":\"https:\/\/dmi65.com\/es\/#organization\",\"name\":\"DMI-65 & Quantum Filtration Pty Ltd\",\"url\":\"https:\/\/dmi65.com\/es\/\",\"logo\":{\"@type\":\"ImageObject\",\"inLanguage\":\"es\",\"@id\":\"https:\/\/dmi65.com\/es\/#\/schema\/logo\/image\/\",\"url\":\"https:\/\/dmi65.com\/wp-content\/uploads\/2020\/04\/dmi65.png\",\"contentUrl\":\"https:\/\/dmi65.com\/wp-content\/uploads\/2020\/04\/dmi65.png\",\"width\":440,\"height\":205,\"caption\":\"DMI-65 & Quantum Filtration Pty Ltd\"},\"image\":{\"@id\":\"https:\/\/dmi65.com\/es\/#\/schema\/logo\/image\/\"},\"sameAs\":[\"https:\/\/www.linkedin.com\/company\/dmi-65\",\"https:\/\/www.youtube.com\/channel\/UCbXoMn5KBp2jrnx4KR_Qg4A\"]}]}<\/script>\n<!-- \/ Yoast SEO plugin. -->","yoast_head_json":{"title":"Muncipal Tratamiento de Agua Potable, Medios de Filtraci\u00f3n - DMI-65\u00ae","description":"DMI-65\u00ae puede utilizarse en el tratamiento municipal de agua potable, especialmente en los pa\u00edses en desarrollo que carecen de acceso fiable al agua potable.","robots":{"index":"index","follow":"follow","max-snippet":"max-snippet:-1","max-image-preview":"max-image-preview:large","max-video-preview":"max-video-preview:-1"},"canonical":"https:\/\/dmi65.com\/es\/industrias\/tratamiento-municipal-de-agua-potable\/","og_locale":"es_ES","og_type":"article","og_title":"Muncipal Tratamiento de Agua Potable, Medios de Filtraci\u00f3n - DMI-65\u00ae","og_description":"DMI-65\u00ae puede utilizarse en el tratamiento municipal de agua potable, especialmente en los pa\u00edses en desarrollo que carecen de acceso fiable al agua potable.","og_url":"https:\/\/dmi65.com\/es\/industrias\/tratamiento-municipal-de-agua-potable\/","og_site_name":"DMI-65\u00ae","article_modified_time":"2020-06-30T10:50:35+00:00","og_image":[{"width":466,"height":200,"url":"https:\/\/dmi65.com\/wp-content\/uploads\/2020\/06\/dmi65_Logo_Blk.png","type":"image\/png"}],"twitter_card":"summary_large_image","twitter_misc":{"Tiempo de lectura":"5 minutos"},"schema":{"@context":"https:\/\/schema.org","@graph":[{"@type":"WebPage","@id":"https:\/\/dmi65.com\/es\/industrias\/tratamiento-municipal-de-agua-potable\/","url":"https:\/\/dmi65.com\/es\/industrias\/tratamiento-municipal-de-agua-potable\/","name":"Muncipal Tratamiento de Agua Potable, Medios de Filtraci\u00f3n - DMI-65\u00ae","isPartOf":{"@id":"https:\/\/dmi65.com\/es\/#website"},"datePublished":"2020-06-30T10:50:32+00:00","dateModified":"2020-06-30T10:50:35+00:00","description":"DMI-65\u00ae puede utilizarse en el tratamiento municipal de agua potable, especialmente en los pa\u00edses en desarrollo que carecen de acceso fiable al agua potable.","breadcrumb":{"@id":"https:\/\/dmi65.com\/es\/industrias\/tratamiento-municipal-de-agua-potable\/#breadcrumb"},"inLanguage":"es","potentialAction":[{"@type":"ReadAction","target":["https:\/\/dmi65.com\/es\/industrias\/tratamiento-municipal-de-agua-potable\/"]}]},{"@type":"BreadcrumbList","@id":"https:\/\/dmi65.com\/es\/industrias\/tratamiento-municipal-de-agua-potable\/#breadcrumb","itemListElement":[{"@type":"ListItem","position":1,"name":"Home","item":"https:\/\/dmi65.com\/es\/"},{"@type":"ListItem","position":2,"name":"Industrias","item":"https:\/\/dmi65.com\/es\/industrias\/"},{"@type":"ListItem","position":3,"name":"Tratamiento Municipal de Agua Potable"}]},{"@type":"WebSite","@id":"https:\/\/dmi65.com\/es\/#website","url":"https:\/\/dmi65.com\/es\/","name":"DMI-65\u00ae","description":"Water Filtration &amp; Reverse Osmosis Treatment, Catalytic Media","publisher":{"@id":"https:\/\/dmi65.com\/es\/#organization"},"potentialAction":[{"@type":"SearchAction","target":{"@type":"EntryPoint","urlTemplate":"https:\/\/dmi65.com\/es\/?s={search_term_string}"},"query-input":{"@type":"PropertyValueSpecification","valueRequired":true,"valueName":"search_term_string"}}],"inLanguage":"es"},{"@type":"Organization","@id":"https:\/\/dmi65.com\/es\/#organization","name":"DMI-65 & Quantum Filtration Pty Ltd","url":"https:\/\/dmi65.com\/es\/","logo":{"@type":"ImageObject","inLanguage":"es","@id":"https:\/\/dmi65.com\/es\/#\/schema\/logo\/image\/","url":"https:\/\/dmi65.com\/wp-content\/uploads\/2020\/04\/dmi65.png","contentUrl":"https:\/\/dmi65.com\/wp-content\/uploads\/2020\/04\/dmi65.png","width":440,"height":205,"caption":"DMI-65 & Quantum Filtration Pty Ltd"},"image":{"@id":"https:\/\/dmi65.com\/es\/#\/schema\/logo\/image\/"},"sameAs":["https:\/\/www.linkedin.com\/company\/dmi-65","https:\/\/www.youtube.com\/channel\/UCbXoMn5KBp2jrnx4KR_Qg4A"]}]}},"_links":{"self":[{"href":"https:\/\/dmi65.com\/es\/wp-json\/wp\/v2\/pages\/9180","targetHints":{"allow":["GET"]}}],"collection":[{"href":"https:\/\/dmi65.com\/es\/wp-json\/wp\/v2\/pages"}],"about":[{"href":"https:\/\/dmi65.com\/es\/wp-json\/wp\/v2\/types\/page"}],"author":[{"embeddable":true,"href":"https:\/\/dmi65.com\/es\/wp-json\/wp\/v2\/users\/1"}],"replies":[{"embeddable":true,"href":"https:\/\/dmi65.com\/es\/wp-json\/wp\/v2\/comments?post=9180"}],"version-history":[{"count":2,"href":"https:\/\/dmi65.com\/es\/wp-json\/wp\/v2\/pages\/9180\/revisions"}],"predecessor-version":[{"id":9182,"href":"https:\/\/dmi65.com\/es\/wp-json\/wp\/v2\/pages\/9180\/revisions\/9182"}],"up":[{"embeddable":true,"href":"https:\/\/dmi65.com\/es\/wp-json\/wp\/v2\/pages\/7104"}],"wp:attachment":[{"href":"https:\/\/dmi65.com\/es\/wp-json\/wp\/v2\/media?parent=9180"}],"curies":[{"name":"wp","href":"https:\/\/api.w.org\/{rel}","templated":true}]}}