{"id":8630,"date":"2020-06-26T11:11:18","date_gmt":"2020-06-26T03:11:18","guid":{"rendered":"http:\/\/dmi65.com\/tecnicas\/medios-de-filtracion-dmi-activacion-y-configuracion\/"},"modified":"2020-06-26T11:11:23","modified_gmt":"2020-06-26T03:11:23","slug":"medios-de-filtracion-dmi-activacion-y-configuracion","status":"publish","type":"page","link":"https:\/\/dmi65.com\/es\/tecnicas\/medios-de-filtracion-dmi-activacion-y-configuracion\/","title":{"rendered":"Medios de filtraci\u00f3n DMI &#8211; Activaci\u00f3n y configuraci\u00f3n"},"content":{"rendered":"<div class=\"wpb-content-wrapper\"><p>[vc_row][vc_column][vc_column_text]<strong>SETUP &amp; ACTIVATION OF FILTER FOR DMI FILTRATION MEDIA<\/strong><\/p>\n<p><a href=\"https:\/\/en.wikipedia.org\/wiki\/Sodium_hypochlorite\" target=\"_blank\" rel=\"noopener noreferrer\">El hipoclorito de sodio<\/a> se utiliza para activar y acondicionar las superficies catal\u00edticas del medio filtrante DMI-65. El m\u00e9todo se describe a continuaci\u00f3n seguido de una gu\u00eda paso a paso. El proceso qu\u00edmico de curado de las superficies catal\u00edticas DMI-65 \u2013 se realiza remojando el medio durante al menos 3 horas antes de su uso. Idealmente, cuanto m\u00e1s largo sea el per\u00edodo de remojo y acondicionamiento, m\u00e1s fuertes y m\u00e1s duras ser\u00e1n las superficies catal\u00edticas.<\/p>\n<p>Se a\u00f1ade agua limpia para llenar la unidad de filtraci\u00f3n, llenar hasta que 50 de la placa libre se sumerja. T\u00edpicamente se introduce una soluci\u00f3n de 12,5 hipoclorito s\u00f3dico en la unidad en una proporci\u00f3n de 10 litros de hipoclorito s\u00f3dico de 12,5 soluci\u00f3n a 1m3 de DMI-65. DMI-65 se vierte en la unidad de filtro, con la asignaci\u00f3n de medios de soporte suficientes como cuarzo de filtro, de modo que la parte inferior de la cama DMI-65 se encuentra por encima de los laterales de lavado posterior m\u00e1s bajos. A continuaci\u00f3n, la mezcla se agita ligeramente y se abre la v\u00e1lvula de lavado para drenar el agua hasta que el agua est\u00e9 a la altura de la superficie del medio de filtraci\u00f3n. A continuaci\u00f3n, se cierra la v\u00e1lvula de lavado. El DMI-65 se empapa durante al menos 3 horas. Cuanto m\u00e1s tiempo, mejor, mejor.<\/p>\n<p>A continuaci\u00f3n, se abre la v\u00e1lvula de lavado y se drena toda el agua del sistema. El hipoclorito de sodio del agua de remojo se concentrar\u00e1 a varios cientos de ppm y se debe considerar la descarga. A continuaci\u00f3n, el medio de filtraci\u00f3n DMI se lava continuamente mientras se inyecta continuamente hipoclorito s\u00f3dico, manteniendo un nivel residual de cloro de al menos 0,1 \u2013 0,3 mg\/L (ppm) en el agua de retrolavado. Este proceso debe continuar hasta que el nivel residual de manganeso en el agua de retrolavado se reduzca a un valor que sea \u00abtres veces el l\u00edmite m\u00e1ximo de contaminantes\u00bb del manganeso en su regi\u00f3n. T\u00edpicamente el nivel de manganeso debe reducirse a aproximadamente 0.15mg\/L (o ppm). En este proceso, el exceso de di\u00f3xidos de manganeso sobrantes del proceso patentado de fabricaci\u00f3n de perfusi\u00f3n, que no se han curado a las capas catal\u00edticas DMI-65 necesitan ser lavados en residuos. El tiempo necesario para que esto ocurra suele ser entre 20 y 40 minutos y hasta un n\u00famero de horas para aplicaciones m\u00e1s grandes, dependiendo de la velocidad de retrolavado y el volumen del filtro.<\/p>\n<p>Una vez que la concentraci\u00f3n de manganeso ha ca\u00eddo a 0,15 ppm o menos, la inyecci\u00f3n de hipoclorito o cloro se ajusta para llevar el nivel de cloro residual a entre 0,1 y 0,3 ppm en el filtrado. El uso de un agente reductor como el tiosulfato s\u00f3dico puede ser necesario para neutralizar altos niveles de cloro residual cuando no se permite la descarga del agua de retrolavado.<\/p>\n<p>El hipoclorito y el cloro est\u00e1n en un equilibrio qu\u00edmico en el agua; la posici\u00f3n del equilibrio depende del pH y el pH bajo (\u00e1cido) favorece el cloro. Por lo tanto, la relaci\u00f3n prescrita de: 12,5 soluci\u00f3n de cloro, a una relaci\u00f3n de 10 litros por 1m3 de DMI-65, que se utiliza para acondicionar el DMI-65 ser\u00e1 naturalmente a un pH bajo.<\/p>\n<p>La adici\u00f3n de cloro al agua da \u00e1cido clorh\u00eddrico (HCl) y \u00e1cido hipocloroso e inevitablemente reducir\u00e1 el pH. Debido a que la escala de pH es logar\u00edtmica, el pH 6 es 10 veces m\u00e1s \u00e1cido que el pH neutro 7. Y el pH 5 es 100 veces m\u00e1s \u00e1cido que neutro. Esto significa que durante el procedimiento de remojo y acondicionamiento cuando 10 litros de cloro (12,5) por 1m3 de DMI-65 est\u00e1 reduciendo el pH a menos de pH 3, podemos estimar que la soluci\u00f3n es m\u00e1s de 10.000 veces m\u00e1s \u00e1cida que neutra.<\/p>\n<p>Durante el modo de filtro de servicio, la dosificaci\u00f3n de cloro fuerte causa condiciones altamente \u00e1cidas que son inferiores a pH 5,8. Esto nunca debe permitirse con una bomba dosificadora qu\u00edmica programada instalada para la dosificaci\u00f3n regulada para mantener el funcionamiento en un rango de pH neutro a b\u00e1sico. Definitivamente es prudente tener el sistema de monitoreo y la alarma en su lugar para mantener el nivel residual de cloro libre 0.1 &#8211; 0.3 ppm y un pH neutro a b\u00e1sico. Esto fomentar\u00e1 altas tasas de oxidaci\u00f3n de metales pesados objetivo y una larga vida \u00fatil.<\/p>\n<p><strong>Activaci\u00f3n del procedimiento paso a paso de los medios de filtraci\u00f3n DMI<\/strong><\/p>\n<p>1. Llene el recipiente filtrante la mitad de su altura o volumen interno, o un poco m\u00e1s, con agua limpia y agregue un m\u00ednimo de 10 litros de un hipoclorito de sodio (12,5 NaClO) por metro c\u00fabico de DMI-65. Esto es aproximadamente lo mismo que 10 fl oz de cloro (12.5) por pie c\u00fabico de DMI-65. Consulte la calculadora suministrada denominada \u00abSe requiere cloro inicial para remojar DMI-65 en la etapa de configuraci\u00f3n\u00bb<\/p>\n<p>2. Vierta el soporte seguido de DMI-65 en el orificio superior del filtro. La profundidad de la cama tiene que ser de acuerdo con la profundidad de dise\u00f1o de la cama filtrante (por ejemplo, 750 mm \u2013 1000 mm o 30 \u00bb a 40&#8243;) m\u00e1s aproximadamente 5. Se necesita una placa libre de 40 sobre el DMI-65 para la expansi\u00f3n de la cama durante el retrolavado. Si el nivel del agua no est\u00e1 muy por encima de la cama DMI-65 a\u00f1adir m\u00e1s agua limpia. Consulte la calculadora suministrada denominada \u00abLV-SV Calculator\u00bb para calcular el volumen y la profundidad de la cama requerida.<\/p>\n<p>3. Deje que la cama de filtro DMI-65 se empape en la soluci\u00f3n de cloro durante 3 horas o m\u00e1s. Cuanto m\u00e1s tiempo se deje el DMI-65 para empapar mejor. El DMI-65 puede dejarse en remojo durante la noche o incluso tal vez durante el fin de semana.<\/p>\n<p>4. El cloro en la soluci\u00f3n utilizada para remojar y acond pesar el DMI-65 es de varios cientos de ppm. Cuando no se permita la descarga, se debe utilizar un agente reductor, como el tiosulfato s\u00f3dico, para neutralizar el cloro antes de desechar el residuo.<\/p>\n<p>5. Enjuague el medio de filtraci\u00f3n DMI mientras inyecta continuamente soluci\u00f3n de cloro. La velocidad de retrolavado debe ser de unos 30 a 40 m3 \/ m2 \/ hora dependiendo de la profundidad de la cama. Esto es sobre 12 \u2013 15 gpm \/ pie cuadrado. Aseg\u00farese de que el nivel de cloro residual en el agua de retrolavado es m\u00ednimo 0,1 \u2013 0,3 ppm, pero no superior a la concentraci\u00f3n m\u00e1xima prevista para el agua tratada. Siga lavando el DMI-65 hasta que el manganeso residual (Mn) en el agua de retrolavado se reduzca en valor a menos de 3 veces el l\u00edmite m\u00e1ximo de contaminantes (MCL) de su regi\u00f3n. Por ejemplo, en los EE.UU. el MCL para Mn es 0.05 mg\/L. Por lo tanto, el DMI-65 debe lavarse hacia atr\u00e1s hasta que el Mn residual lea menos de 0,15 ppm (0,05 x 3 a 0,15 mg\/L).<\/p>\n<p>6. Aseg\u00farese de que la velocidad de lavado posterior sea suficiente para expandir y elevar el DMI-65 para que el material muy fino se retire de la cama. Durante las primeras etapas del retrolavado se eliminar\u00e1n muchas part\u00edculas negras finas y el agua de retrolavado ser\u00e1 de un color oscuro. Durante las \u00faltimas etapas del retrolavado, el agua se volver\u00e1 m\u00e1s clara, dependiendo del volumen de medios de filtraci\u00f3n DMI, el tiempo que esto toma puede ser un cierto n\u00famero de horas. Monitoree el nivel de Mn residual hasta que haya ca\u00eddo por debajo, \u00abtres veces el MCL\u00bb.<\/p>\n<p>7. Gire el filtro al modo de enjuague. Se debe inyectar la misma concentraci\u00f3n de cloro durante el enjuague para mantener el residuo de cloro libre de 0,1 \u2013 0,3 ppm. Esta agua debe ser descargada a los residuos hasta que los niveles de Mn residuales caigan por debajo del MCL. Este l\u00edmite puede variar de un pa\u00eds a otro.<\/p>\n<p>8. Una vez que el nivel de agua Mn residual ha ca\u00eddo por debajo del MCL local en el modo de enjuague, gire el filtro al modo de servicio. Inicie el modo de servicio y, al mismo tiempo, inyecte cloro continuamente. El cloro libre total puede reducirse si es necesario. Sin embargo, aseg\u00farese de que siempre haya cloro libre residual en el agua tratada. No se recomienda correr con cloro libre residual de menos de 0,1 ppm. El caudal de servicio estar\u00e1 en el rango de aproximadamente 5 m3 \u2013 20 m3 \/ m2 \/ hora o 2 \u2013 8 gpm por pie cuadrado. Esto depende de la profundidad del lecho del filtro y la calidad del agua.<\/p>\n<p>9. Monitoreo de la calidad del agua cruda<br \/>\nSi se encuentra que el hierro residual (Fe) y el manganeso (Mn) \u00abatraviesan\u00bb el lecho de medios DMI-65 a concentraciones mayores que las de sus \u00e1reas de MCL, compruebe lo siguiente:<\/p>\n<p>\u2022 \u00bfExiste un residuo de cloro libre?<br \/>\n\u2022 \u00bfEl pH es anormalmente bajo?<br \/>\n\u2022 \u00bfSe est\u00e1 lavando adecuadamente el lecho filtrante DMI-65?<br \/>\n\u2022 \u00bfEl DMI-65 es viejo?<br \/>\n\u2022 \u00bfHay un fallo en el equipo, como un sistema de dosificaci\u00f3n qu\u00edmica?<\/p>\n<p>10. Compruebe que los siguientes elementos no est\u00e1n en altas concentraciones en el agua cruda. Si estos elementos son altos en concentraciones, <a href=\"http:\/\/dmi65.com\/es\/contacto\/\">p\u00f3ngase<\/a> en contacto con Quantum Filtration Medium o con su agente DMI-65 local.<\/p>\n<p>\u2022 Sal<br \/>\n\u2022 Amon\u00edaco<br \/>\n\u2022 S\u00edlice<br \/>\n\u2022 Calcio y magnesio (dureza excesiva)[\/vc_column_text][\/vc_column][\/vc_row][vc_row content_placement=\u00bbmiddle\u00bb css=\u00bb.vc_custom_1592794121420{padding-top: 20px !important;padding-right: 20px !important;padding-bottom: 5px !important;padding-left: 20px !important;}\u00bb el_class=\u00bbcta\u00bb][vc_column]<div class=\"dt-fancy-separator\" style=\"width: 100%;\"><div class=\"dt-fancy-title\"><span class=\"separator-holder separator-left\"><\/span>Para obtener m\u00e1s informaci\u00f3n sobre la activaci\u00f3n y configuraci\u00f3n de DMI-65\u00ae de medios de filtraci\u00f3n, consulte.<span class=\"separator-holder separator-right\"><\/span><\/div><\/div>[vc_btn title=\u00bbPreguntas t\u00e9cnicas\u00bb style=\u00bbcustom\u00bb custom_background=\u00bb#162441&#8243; custom_text=\u00bb#ffffff\u00bb shape=\u00bbsquare\u00bb size=\u00bblg\u00bb align=\u00bbcenter\u00bb i_align=\u00bbright\u00bb i_icon_fontawesome=\u00bbfas fa-chevron-right\u00bb add_icon=\u00bbtrue\u00bb css=\u00bb.vc_custom_1593050402705{margin-top: 20px !important;}\u00bb el_class=\u00bbctaButton sg-popup-id-8549&#8243;][\/vc_column][\/vc_row]<\/p>\n<\/div>","protected":false},"excerpt":{"rendered":"<p>[vc_row][vc_column][vc_column_text]SETUP &amp; ACTIVATION OF FILTER FOR DMI FILTRATION MEDIA El hipoclorito de sodio se utiliza para activar y acondicionar las superficies catal\u00edticas del medio filtrante DMI-65. El m\u00e9todo se describe a continuaci\u00f3n seguido de una gu\u00eda paso a paso. El proceso qu\u00edmico de curado de las superficies catal\u00edticas DMI-65 \u2013 se realiza remojando el medio&hellip;<\/p>\n","protected":false},"author":1,"featured_media":0,"parent":7166,"menu_order":0,"comment_status":"closed","ping_status":"closed","template":"","meta":{"content-type":"","footnotes":""},"class_list":["post-8630","page","type-page","status-publish","hentry","description-off"],"yoast_head":"<!-- This site is optimized with the Yoast SEO plugin v25.2 - https:\/\/yoast.com\/wordpress\/plugins\/seo\/ -->\n<title>Activaci\u00f3n y configuraci\u00f3n de DMI Filtration Media - DMI-65\u00ae<\/title>\n<meta name=\"description\" content=\"Gu\u00eda paso a paso para la activaci\u00f3n y configuraci\u00f3n de medios de filtraci\u00f3n DMI, incluyendo c\u00f3mo configurar el filtro y los procesos de curado de las superficies catal\u00edticas.\" \/>\n<meta name=\"robots\" content=\"index, follow, max-snippet:-1, max-image-preview:large, max-video-preview:-1\" \/>\n<link rel=\"canonical\" href=\"https:\/\/dmi65.com\/es\/tecnicas\/medios-de-filtracion-dmi-activacion-y-configuracion\/\" \/>\n<meta property=\"og:locale\" content=\"es_ES\" \/>\n<meta property=\"og:type\" content=\"article\" \/>\n<meta property=\"og:title\" content=\"Activaci\u00f3n y configuraci\u00f3n de DMI Filtration Media - DMI-65\u00ae\" \/>\n<meta property=\"og:description\" content=\"Gu\u00eda paso a paso para la activaci\u00f3n y configuraci\u00f3n de medios de filtraci\u00f3n DMI, incluyendo c\u00f3mo configurar el filtro y los procesos de curado de las superficies catal\u00edticas.\" \/>\n<meta property=\"og:url\" content=\"https:\/\/dmi65.com\/es\/tecnicas\/medios-de-filtracion-dmi-activacion-y-configuracion\/\" \/>\n<meta property=\"og:site_name\" content=\"DMI-65\u00ae\" \/>\n<meta property=\"article:modified_time\" content=\"2020-06-26T03:11:23+00:00\" \/>\n<meta property=\"og:image\" content=\"https:\/\/dmi65.com\/wp-content\/uploads\/2020\/06\/dmi65_Logo_Blk.png\" \/>\n\t<meta property=\"og:image:width\" content=\"466\" \/>\n\t<meta property=\"og:image:height\" content=\"200\" \/>\n\t<meta property=\"og:image:type\" content=\"image\/png\" \/>\n<meta name=\"twitter:card\" content=\"summary_large_image\" \/>\n<meta name=\"twitter:label1\" content=\"Tiempo de lectura\" \/>\n\t<meta name=\"twitter:data1\" content=\"8 minutos\" \/>\n<script type=\"application\/ld+json\" class=\"yoast-schema-graph\">{\"@context\":\"https:\/\/schema.org\",\"@graph\":[{\"@type\":\"WebPage\",\"@id\":\"https:\/\/dmi65.com\/es\/tecnicas\/medios-de-filtracion-dmi-activacion-y-configuracion\/\",\"url\":\"https:\/\/dmi65.com\/es\/tecnicas\/medios-de-filtracion-dmi-activacion-y-configuracion\/\",\"name\":\"Activaci\u00f3n y configuraci\u00f3n de DMI Filtration Media - DMI-65\u00ae\",\"isPartOf\":{\"@id\":\"https:\/\/dmi65.com\/es\/#website\"},\"datePublished\":\"2020-06-26T03:11:18+00:00\",\"dateModified\":\"2020-06-26T03:11:23+00:00\",\"description\":\"Gu\u00eda paso a paso para la activaci\u00f3n y configuraci\u00f3n de medios de filtraci\u00f3n DMI, incluyendo c\u00f3mo configurar el filtro y los procesos de curado de las superficies catal\u00edticas.\",\"breadcrumb\":{\"@id\":\"https:\/\/dmi65.com\/es\/tecnicas\/medios-de-filtracion-dmi-activacion-y-configuracion\/#breadcrumb\"},\"inLanguage\":\"es\",\"potentialAction\":[{\"@type\":\"ReadAction\",\"target\":[\"https:\/\/dmi65.com\/es\/tecnicas\/medios-de-filtracion-dmi-activacion-y-configuracion\/\"]}]},{\"@type\":\"BreadcrumbList\",\"@id\":\"https:\/\/dmi65.com\/es\/tecnicas\/medios-de-filtracion-dmi-activacion-y-configuracion\/#breadcrumb\",\"itemListElement\":[{\"@type\":\"ListItem\",\"position\":1,\"name\":\"Home\",\"item\":\"https:\/\/dmi65.com\/es\/\"},{\"@type\":\"ListItem\",\"position\":2,\"name\":\"T\u00e9cnicas\",\"item\":\"https:\/\/dmi65.com\/es\/tecnicas\/\"},{\"@type\":\"ListItem\",\"position\":3,\"name\":\"Medios de filtraci\u00f3n DMI &#8211; Activaci\u00f3n y configuraci\u00f3n\"}]},{\"@type\":\"WebSite\",\"@id\":\"https:\/\/dmi65.com\/es\/#website\",\"url\":\"https:\/\/dmi65.com\/es\/\",\"name\":\"DMI-65\u00ae\",\"description\":\"Water Filtration &amp; Reverse Osmosis Treatment, Catalytic Media\",\"publisher\":{\"@id\":\"https:\/\/dmi65.com\/es\/#organization\"},\"potentialAction\":[{\"@type\":\"SearchAction\",\"target\":{\"@type\":\"EntryPoint\",\"urlTemplate\":\"https:\/\/dmi65.com\/es\/?s={search_term_string}\"},\"query-input\":{\"@type\":\"PropertyValueSpecification\",\"valueRequired\":true,\"valueName\":\"search_term_string\"}}],\"inLanguage\":\"es\"},{\"@type\":\"Organization\",\"@id\":\"https:\/\/dmi65.com\/es\/#organization\",\"name\":\"DMI-65 & Quantum Filtration Pty Ltd\",\"url\":\"https:\/\/dmi65.com\/es\/\",\"logo\":{\"@type\":\"ImageObject\",\"inLanguage\":\"es\",\"@id\":\"https:\/\/dmi65.com\/es\/#\/schema\/logo\/image\/\",\"url\":\"https:\/\/dmi65.com\/wp-content\/uploads\/2020\/04\/dmi65.png\",\"contentUrl\":\"https:\/\/dmi65.com\/wp-content\/uploads\/2020\/04\/dmi65.png\",\"width\":440,\"height\":205,\"caption\":\"DMI-65 & Quantum Filtration Pty Ltd\"},\"image\":{\"@id\":\"https:\/\/dmi65.com\/es\/#\/schema\/logo\/image\/\"},\"sameAs\":[\"https:\/\/www.linkedin.com\/company\/dmi-65\",\"https:\/\/www.youtube.com\/channel\/UCbXoMn5KBp2jrnx4KR_Qg4A\"]}]}<\/script>\n<!-- \/ Yoast SEO plugin. -->","yoast_head_json":{"title":"Activaci\u00f3n y configuraci\u00f3n de DMI Filtration Media - DMI-65\u00ae","description":"Gu\u00eda paso a paso para la activaci\u00f3n y configuraci\u00f3n de medios de filtraci\u00f3n DMI, incluyendo c\u00f3mo configurar el filtro y los procesos de curado de las superficies catal\u00edticas.","robots":{"index":"index","follow":"follow","max-snippet":"max-snippet:-1","max-image-preview":"max-image-preview:large","max-video-preview":"max-video-preview:-1"},"canonical":"https:\/\/dmi65.com\/es\/tecnicas\/medios-de-filtracion-dmi-activacion-y-configuracion\/","og_locale":"es_ES","og_type":"article","og_title":"Activaci\u00f3n y configuraci\u00f3n de DMI Filtration Media - DMI-65\u00ae","og_description":"Gu\u00eda paso a paso para la activaci\u00f3n y configuraci\u00f3n de medios de filtraci\u00f3n DMI, incluyendo c\u00f3mo configurar el filtro y los procesos de curado de las superficies catal\u00edticas.","og_url":"https:\/\/dmi65.com\/es\/tecnicas\/medios-de-filtracion-dmi-activacion-y-configuracion\/","og_site_name":"DMI-65\u00ae","article_modified_time":"2020-06-26T03:11:23+00:00","og_image":[{"width":466,"height":200,"url":"https:\/\/dmi65.com\/wp-content\/uploads\/2020\/06\/dmi65_Logo_Blk.png","type":"image\/png"}],"twitter_card":"summary_large_image","twitter_misc":{"Tiempo de lectura":"8 minutos"},"schema":{"@context":"https:\/\/schema.org","@graph":[{"@type":"WebPage","@id":"https:\/\/dmi65.com\/es\/tecnicas\/medios-de-filtracion-dmi-activacion-y-configuracion\/","url":"https:\/\/dmi65.com\/es\/tecnicas\/medios-de-filtracion-dmi-activacion-y-configuracion\/","name":"Activaci\u00f3n y configuraci\u00f3n de DMI Filtration Media - DMI-65\u00ae","isPartOf":{"@id":"https:\/\/dmi65.com\/es\/#website"},"datePublished":"2020-06-26T03:11:18+00:00","dateModified":"2020-06-26T03:11:23+00:00","description":"Gu\u00eda paso a paso para la activaci\u00f3n y configuraci\u00f3n de medios de filtraci\u00f3n DMI, incluyendo c\u00f3mo configurar el filtro y los procesos de curado de las superficies catal\u00edticas.","breadcrumb":{"@id":"https:\/\/dmi65.com\/es\/tecnicas\/medios-de-filtracion-dmi-activacion-y-configuracion\/#breadcrumb"},"inLanguage":"es","potentialAction":[{"@type":"ReadAction","target":["https:\/\/dmi65.com\/es\/tecnicas\/medios-de-filtracion-dmi-activacion-y-configuracion\/"]}]},{"@type":"BreadcrumbList","@id":"https:\/\/dmi65.com\/es\/tecnicas\/medios-de-filtracion-dmi-activacion-y-configuracion\/#breadcrumb","itemListElement":[{"@type":"ListItem","position":1,"name":"Home","item":"https:\/\/dmi65.com\/es\/"},{"@type":"ListItem","position":2,"name":"T\u00e9cnicas","item":"https:\/\/dmi65.com\/es\/tecnicas\/"},{"@type":"ListItem","position":3,"name":"Medios de filtraci\u00f3n DMI &#8211; Activaci\u00f3n y configuraci\u00f3n"}]},{"@type":"WebSite","@id":"https:\/\/dmi65.com\/es\/#website","url":"https:\/\/dmi65.com\/es\/","name":"DMI-65\u00ae","description":"Water Filtration &amp; Reverse Osmosis Treatment, Catalytic Media","publisher":{"@id":"https:\/\/dmi65.com\/es\/#organization"},"potentialAction":[{"@type":"SearchAction","target":{"@type":"EntryPoint","urlTemplate":"https:\/\/dmi65.com\/es\/?s={search_term_string}"},"query-input":{"@type":"PropertyValueSpecification","valueRequired":true,"valueName":"search_term_string"}}],"inLanguage":"es"},{"@type":"Organization","@id":"https:\/\/dmi65.com\/es\/#organization","name":"DMI-65 & Quantum Filtration Pty Ltd","url":"https:\/\/dmi65.com\/es\/","logo":{"@type":"ImageObject","inLanguage":"es","@id":"https:\/\/dmi65.com\/es\/#\/schema\/logo\/image\/","url":"https:\/\/dmi65.com\/wp-content\/uploads\/2020\/04\/dmi65.png","contentUrl":"https:\/\/dmi65.com\/wp-content\/uploads\/2020\/04\/dmi65.png","width":440,"height":205,"caption":"DMI-65 & Quantum Filtration Pty Ltd"},"image":{"@id":"https:\/\/dmi65.com\/es\/#\/schema\/logo\/image\/"},"sameAs":["https:\/\/www.linkedin.com\/company\/dmi-65","https:\/\/www.youtube.com\/channel\/UCbXoMn5KBp2jrnx4KR_Qg4A"]}]}},"_links":{"self":[{"href":"https:\/\/dmi65.com\/es\/wp-json\/wp\/v2\/pages\/8630","targetHints":{"allow":["GET"]}}],"collection":[{"href":"https:\/\/dmi65.com\/es\/wp-json\/wp\/v2\/pages"}],"about":[{"href":"https:\/\/dmi65.com\/es\/wp-json\/wp\/v2\/types\/page"}],"author":[{"embeddable":true,"href":"https:\/\/dmi65.com\/es\/wp-json\/wp\/v2\/users\/1"}],"replies":[{"embeddable":true,"href":"https:\/\/dmi65.com\/es\/wp-json\/wp\/v2\/comments?post=8630"}],"version-history":[{"count":0,"href":"https:\/\/dmi65.com\/es\/wp-json\/wp\/v2\/pages\/8630\/revisions"}],"up":[{"embeddable":true,"href":"https:\/\/dmi65.com\/es\/wp-json\/wp\/v2\/pages\/7166"}],"wp:attachment":[{"href":"https:\/\/dmi65.com\/es\/wp-json\/wp\/v2\/media?parent=8630"}],"curies":[{"name":"wp","href":"https:\/\/api.w.org\/{rel}","templated":true}]}}