{"id":7226,"date":"2020-06-16T12:05:24","date_gmt":"2020-06-16T04:05:24","guid":{"rendered":"http:\/\/dmi65.com\/contacto\/"},"modified":"2020-06-16T12:05:24","modified_gmt":"2020-06-16T04:05:24","slug":"contacto","status":"publish","type":"page","link":"https:\/\/dmi65.com\/es\/contacto\/","title":{"rendered":"Contacto"},"content":{"rendered":"<div class=\"wpb-content-wrapper\"><p>[vc_row css=\u00bb.vc_custom_1592193885405{margin-bottom: 15px !important;}\u00bb][vc_column]<div class=\"dt-fancy-separator title-left h4-size\" style=\"width: 100%;\"><div class=\"dt-fancy-title\"><span class=\"separator-holder separator-left\"><\/span>DMI-65 con tecnolog\u00eda de infusi\u00f3n es un medio catal\u00edtico de oxidaci\u00f3n avanzada para la eliminaci\u00f3n de hierro y manganeso que se ha utilizado en una amplia variedad de aplicaciones en 40 pa\u00edses en todo el mundo durante m\u00e1s de 15 a\u00f1os. Fabricado exclusivamente en Australia Occidental por Quantum Filtration Medium Pty Ltd.<span class=\"separator-holder separator-right\"><\/span><\/div><\/div>[\/vc_column][\/vc_row][vc_row css=\u00bb.vc_custom_1592193634485{margin-top: 15px !important;margin-bottom: 15px !important;padding-top: 15px !important;}\u00bb][vc_column width=\u00bb1\/2&#8243;][vc_column_text]<strong>DMI-65 Vasse Head Office<\/strong><\/p>\n<p>Medio de filtraci\u00f3n del tel\u00e9fono Quantum: +618 9755 8212<\/p>\n<p>Correo electr\u00f3nico: <a href=\"mailto:james@dmi65.com\">james@dmi65.com<\/a><\/p>\n<p><strong>Almac\u00e9n de Collie DMI-65:<\/strong><\/p>\n<p>Medio de filtraci\u00f3n cu\u00e1ntica del tel\u00e9fono (+618) 9734 3641<\/p>\n<p>Correo electr\u00f3nico: <a href=\"mailto:info@dmi65.com\">info@dmi65.com<\/a><\/p>\n<p><strong>Almac\u00e9n DMI-65 Perth:<\/strong><\/p>\n<p>Tel\u00e9fono Quantum Filtration Medium (+61) 1300 303 281<\/p>\n<p>Correo electr\u00f3nico: <a href=\"mailto:info@dmi65.com\">info@dmi65.com<\/a>[\/vc_column_text][contact-form-7 id=\u00bb0&#8243;][\/vc_column][vc_column width=\u00bb1\/2&#8243;][vc_gmaps link=\u00bb#E-8_JTNDaWZyYW1lJTIwc3JjJTNEJTIyaHR0cHMlM0ElMkYlMkZ3d3cuZ29vZ2xlLmNvbSUyRm1hcHMlMkZlbWJlZCUzRnBiJTNEJTIxMW0xNCUyMTFtOCUyMTFtMyUyMTFkMTMyODAuOTk5MDM1MDE2OTgzJTIxMmQxMTUuMjMxMzg4NyUyMTNkLTMzLjY3NjU5NjUlMjEzbTIlMjExaTEwMjQlMjEyaTc2OCUyMTRmMTMuMSUyMTNtMyUyMTFtMiUyMTFzMHgwJTI1M0EweDcxYmQ2OTliNDQ3ZGQwNzAlMjEyc1F1YW50dW0lMjUyMEZpbHRyYXRpb24lMjUyME1lZGl1bSUyNTIwUHR5JTI1MjBMdGQlMjE1ZTAlMjEzbTIlMjExc2VuJTIxMnNhdSUyMTR2MTU5MjE5MzAxNzk0NSUyMTVtMiUyMTFzZW4lMjEyc2F1JTIyJTIwd2lkdGglM0QlMjI2MDAlMjIlMjBoZWlnaHQlM0QlMjI0NTAlMjIlMjBmcmFtZWJvcmRlciUzRCUyMjAlMjIlMjBzdHlsZSUzRCUyMmJvcmRlciUzQTAlM0IlMjIlMjBhbGxvd2Z1bGxzY3JlZW4lM0QlMjIlMjIlMjBhcmlhLWhpZGRlbiUzRCUyMmZhbHNlJTIyJTIwdGFiaW5kZXglM0QlMjIwJTIyJTNFJTNDJTJGaWZyYW1lJTNF\u00bb][\/vc_column][\/vc_row]<\/p>\n<\/div>","protected":false},"excerpt":{"rendered":"<p>[vc_row css=\u00bb.vc_custom_1592193885405{margin-bottom: 15px !important;}\u00bb][vc_column][\/vc_column][\/vc_row][vc_row css=\u00bb.vc_custom_1592193634485{margin-top: 15px !important;margin-bottom: 15px !important;padding-top: 15px !important;}\u00bb][vc_column width=\u00bb1\/2&#8243;][vc_column_text]DMI-65 Vasse Head Office Medio de filtraci\u00f3n del tel\u00e9fono Quantum: +618 9755 8212 Correo electr\u00f3nico: james@dmi65.com Almac\u00e9n de Collie DMI-65: Medio de filtraci\u00f3n cu\u00e1ntica del tel\u00e9fono (+618) 9734 3641 Correo electr\u00f3nico: info@dmi65.com Almac\u00e9n DMI-65 Perth: Tel\u00e9fono Quantum Filtration Medium (+61) 1300 303 281 Correo&hellip;<\/p>\n","protected":false},"author":1,"featured_media":0,"parent":0,"menu_order":70,"comment_status":"closed","ping_status":"closed","template":"","meta":{"content-type":"","footnotes":""},"class_list":["post-7226","page","type-page","status-publish","hentry","description-off"],"yoast_head":"<!-- This site is optimized with the Yoast SEO plugin v25.2 - https:\/\/yoast.com\/wordpress\/plugins\/seo\/ -->\n<title>nombre del sitio de la DMI-65\u00aeDistribuidores y Expertos de Filtraci\u00f3n de Agua Contacto -<\/title>\n<meta name=\"description\" content=\"DMI-65 con tecnolog\u00eda de infusi\u00f3n es un medio catal\u00edtico de oxidaci\u00f3n avanzada para la eliminaci\u00f3n de hierro y manganeso se puede utilizar en m\u00faltiples industrias.\" \/>\n<meta name=\"robots\" content=\"index, follow, max-snippet:-1, max-image-preview:large, max-video-preview:-1\" \/>\n<link rel=\"canonical\" href=\"https:\/\/dmi65.com\/es\/contacto\/\" \/>\n<meta property=\"og:locale\" content=\"es_ES\" \/>\n<meta property=\"og:type\" content=\"article\" \/>\n<meta property=\"og:title\" content=\"nombre del sitio de la DMI-65\u00aeDistribuidores y Expertos de Filtraci\u00f3n de Agua Contacto -\" \/>\n<meta property=\"og:description\" content=\"DMI-65 con tecnolog\u00eda de infusi\u00f3n es un medio catal\u00edtico de oxidaci\u00f3n avanzada para la eliminaci\u00f3n de hierro y manganeso se puede utilizar en m\u00faltiples industrias.\" \/>\n<meta property=\"og:url\" content=\"https:\/\/dmi65.com\/es\/contacto\/\" \/>\n<meta property=\"og:site_name\" content=\"DMI-65\u00ae\" \/>\n<meta property=\"og:image\" content=\"https:\/\/dmi65.com\/wp-content\/uploads\/2020\/06\/dmi65_Logo_Blk.png\" \/>\n\t<meta property=\"og:image:width\" content=\"466\" \/>\n\t<meta property=\"og:image:height\" content=\"200\" \/>\n\t<meta property=\"og:image:type\" content=\"image\/png\" \/>\n<meta name=\"twitter:card\" content=\"summary_large_image\" \/>\n<meta name=\"twitter:label1\" content=\"Tiempo de lectura\" \/>\n\t<meta name=\"twitter:data1\" content=\"1 minuto\" \/>\n<script type=\"application\/ld+json\" class=\"yoast-schema-graph\">{\"@context\":\"https:\/\/schema.org\",\"@graph\":[{\"@type\":\"WebPage\",\"@id\":\"https:\/\/dmi65.com\/es\/contacto\/\",\"url\":\"https:\/\/dmi65.com\/es\/contacto\/\",\"name\":\"nombre del sitio de la DMI-65\u00aeDistribuidores y Expertos de Filtraci\u00f3n de Agua Contacto -\",\"isPartOf\":{\"@id\":\"https:\/\/dmi65.com\/es\/#website\"},\"datePublished\":\"2020-06-16T04:05:24+00:00\",\"description\":\"DMI-65 con tecnolog\u00eda de infusi\u00f3n es un medio catal\u00edtico de oxidaci\u00f3n avanzada para la eliminaci\u00f3n de hierro y manganeso se puede utilizar en m\u00faltiples industrias.\",\"breadcrumb\":{\"@id\":\"https:\/\/dmi65.com\/es\/contacto\/#breadcrumb\"},\"inLanguage\":\"es\",\"potentialAction\":[{\"@type\":\"ReadAction\",\"target\":[\"https:\/\/dmi65.com\/es\/contacto\/\"]}]},{\"@type\":\"BreadcrumbList\",\"@id\":\"https:\/\/dmi65.com\/es\/contacto\/#breadcrumb\",\"itemListElement\":[{\"@type\":\"ListItem\",\"position\":1,\"name\":\"Home\",\"item\":\"https:\/\/dmi65.com\/es\/\"},{\"@type\":\"ListItem\",\"position\":2,\"name\":\"Contacto\"}]},{\"@type\":\"WebSite\",\"@id\":\"https:\/\/dmi65.com\/es\/#website\",\"url\":\"https:\/\/dmi65.com\/es\/\",\"name\":\"DMI-65\u00ae\",\"description\":\"Water Filtration &amp; Reverse Osmosis Treatment, Catalytic Media\",\"publisher\":{\"@id\":\"https:\/\/dmi65.com\/es\/#organization\"},\"potentialAction\":[{\"@type\":\"SearchAction\",\"target\":{\"@type\":\"EntryPoint\",\"urlTemplate\":\"https:\/\/dmi65.com\/es\/?s={search_term_string}\"},\"query-input\":{\"@type\":\"PropertyValueSpecification\",\"valueRequired\":true,\"valueName\":\"search_term_string\"}}],\"inLanguage\":\"es\"},{\"@type\":\"Organization\",\"@id\":\"https:\/\/dmi65.com\/es\/#organization\",\"name\":\"DMI-65 & Quantum Filtration Pty Ltd\",\"url\":\"https:\/\/dmi65.com\/es\/\",\"logo\":{\"@type\":\"ImageObject\",\"inLanguage\":\"es\",\"@id\":\"https:\/\/dmi65.com\/es\/#\/schema\/logo\/image\/\",\"url\":\"https:\/\/dmi65.com\/wp-content\/uploads\/2020\/04\/dmi65.png\",\"contentUrl\":\"https:\/\/dmi65.com\/wp-content\/uploads\/2020\/04\/dmi65.png\",\"width\":440,\"height\":205,\"caption\":\"DMI-65 & Quantum Filtration Pty Ltd\"},\"image\":{\"@id\":\"https:\/\/dmi65.com\/es\/#\/schema\/logo\/image\/\"},\"sameAs\":[\"https:\/\/www.linkedin.com\/company\/dmi-65\",\"https:\/\/www.youtube.com\/channel\/UCbXoMn5KBp2jrnx4KR_Qg4A\"]}]}<\/script>\n<!-- \/ Yoast SEO plugin. -->","yoast_head_json":{"title":"nombre del sitio de la DMI-65\u00aeDistribuidores y Expertos de Filtraci\u00f3n de Agua Contacto -","description":"DMI-65 con tecnolog\u00eda de infusi\u00f3n es un medio catal\u00edtico de oxidaci\u00f3n avanzada para la eliminaci\u00f3n de hierro y manganeso se puede utilizar en m\u00faltiples industrias.","robots":{"index":"index","follow":"follow","max-snippet":"max-snippet:-1","max-image-preview":"max-image-preview:large","max-video-preview":"max-video-preview:-1"},"canonical":"https:\/\/dmi65.com\/es\/contacto\/","og_locale":"es_ES","og_type":"article","og_title":"nombre del sitio de la DMI-65\u00aeDistribuidores y Expertos de Filtraci\u00f3n de Agua Contacto -","og_description":"DMI-65 con tecnolog\u00eda de infusi\u00f3n es un medio catal\u00edtico de oxidaci\u00f3n avanzada para la eliminaci\u00f3n de hierro y manganeso se puede utilizar en m\u00faltiples industrias.","og_url":"https:\/\/dmi65.com\/es\/contacto\/","og_site_name":"DMI-65\u00ae","og_image":[{"width":466,"height":200,"url":"https:\/\/dmi65.com\/wp-content\/uploads\/2020\/06\/dmi65_Logo_Blk.png","type":"image\/png"}],"twitter_card":"summary_large_image","twitter_misc":{"Tiempo de lectura":"1 minuto"},"schema":{"@context":"https:\/\/schema.org","@graph":[{"@type":"WebPage","@id":"https:\/\/dmi65.com\/es\/contacto\/","url":"https:\/\/dmi65.com\/es\/contacto\/","name":"nombre del sitio de la DMI-65\u00aeDistribuidores y Expertos de Filtraci\u00f3n de Agua Contacto -","isPartOf":{"@id":"https:\/\/dmi65.com\/es\/#website"},"datePublished":"2020-06-16T04:05:24+00:00","description":"DMI-65 con tecnolog\u00eda de infusi\u00f3n es un medio catal\u00edtico de oxidaci\u00f3n avanzada para la eliminaci\u00f3n de hierro y manganeso se puede utilizar en m\u00faltiples industrias.","breadcrumb":{"@id":"https:\/\/dmi65.com\/es\/contacto\/#breadcrumb"},"inLanguage":"es","potentialAction":[{"@type":"ReadAction","target":["https:\/\/dmi65.com\/es\/contacto\/"]}]},{"@type":"BreadcrumbList","@id":"https:\/\/dmi65.com\/es\/contacto\/#breadcrumb","itemListElement":[{"@type":"ListItem","position":1,"name":"Home","item":"https:\/\/dmi65.com\/es\/"},{"@type":"ListItem","position":2,"name":"Contacto"}]},{"@type":"WebSite","@id":"https:\/\/dmi65.com\/es\/#website","url":"https:\/\/dmi65.com\/es\/","name":"DMI-65\u00ae","description":"Water Filtration &amp; Reverse Osmosis Treatment, Catalytic Media","publisher":{"@id":"https:\/\/dmi65.com\/es\/#organization"},"potentialAction":[{"@type":"SearchAction","target":{"@type":"EntryPoint","urlTemplate":"https:\/\/dmi65.com\/es\/?s={search_term_string}"},"query-input":{"@type":"PropertyValueSpecification","valueRequired":true,"valueName":"search_term_string"}}],"inLanguage":"es"},{"@type":"Organization","@id":"https:\/\/dmi65.com\/es\/#organization","name":"DMI-65 & Quantum Filtration Pty Ltd","url":"https:\/\/dmi65.com\/es\/","logo":{"@type":"ImageObject","inLanguage":"es","@id":"https:\/\/dmi65.com\/es\/#\/schema\/logo\/image\/","url":"https:\/\/dmi65.com\/wp-content\/uploads\/2020\/04\/dmi65.png","contentUrl":"https:\/\/dmi65.com\/wp-content\/uploads\/2020\/04\/dmi65.png","width":440,"height":205,"caption":"DMI-65 & Quantum Filtration Pty Ltd"},"image":{"@id":"https:\/\/dmi65.com\/es\/#\/schema\/logo\/image\/"},"sameAs":["https:\/\/www.linkedin.com\/company\/dmi-65","https:\/\/www.youtube.com\/channel\/UCbXoMn5KBp2jrnx4KR_Qg4A"]}]}},"_links":{"self":[{"href":"https:\/\/dmi65.com\/es\/wp-json\/wp\/v2\/pages\/7226","targetHints":{"allow":["GET"]}}],"collection":[{"href":"https:\/\/dmi65.com\/es\/wp-json\/wp\/v2\/pages"}],"about":[{"href":"https:\/\/dmi65.com\/es\/wp-json\/wp\/v2\/types\/page"}],"author":[{"embeddable":true,"href":"https:\/\/dmi65.com\/es\/wp-json\/wp\/v2\/users\/1"}],"replies":[{"embeddable":true,"href":"https:\/\/dmi65.com\/es\/wp-json\/wp\/v2\/comments?post=7226"}],"version-history":[{"count":0,"href":"https:\/\/dmi65.com\/es\/wp-json\/wp\/v2\/pages\/7226\/revisions"}],"wp:attachment":[{"href":"https:\/\/dmi65.com\/es\/wp-json\/wp\/v2\/media?parent=7226"}],"curies":[{"name":"wp","href":"https:\/\/api.w.org\/{rel}","templated":true}]}}