{"id":7086,"date":"2020-06-16T11:56:38","date_gmt":"2020-06-16T03:56:38","guid":{"rendered":"http:\/\/dmi65.com\/clientes\/"},"modified":"2020-08-12T13:17:46","modified_gmt":"2020-08-12T05:17:46","slug":"clientes","status":"publish","type":"page","link":"https:\/\/dmi65.com\/es\/clientes\/","title":{"rendered":"Clientes"},"content":{"rendered":"<div class=\"wpb-content-wrapper\"><p>[vc_row][vc_column]<div class=\"dt-fancy-separator title-left\" style=\"width: 100%;\"><div class=\"dt-fancy-title\"><span class=\"separator-holder separator-left\"><\/span>Los clientes de tratamiento de agua internacional incluyen: Itochu Corporation, GE Water, Siemens, Nalco, Orica, Bauer International Corporation, Lautan Luas, Aquatrol, Amiad Water Solutions y Timex.<span class=\"separator-holder separator-right\"><\/span><\/div><\/div>[vc_separator css=\u00bb.vc_custom_1592361455680{margin-top: 15px !important;margin-bottom: 15px !important;padding-top: 15px !important;padding-bottom: 15px !important;}\u00bb][\/vc_column][\/vc_row][vc_row][vc_column width=\u00bb1\/3&#8243;][vc_column_text]<\/p>\n<h4>CLIENTES AUSTRALIANOS<\/h4>\n<ul>\n<li><a href=\"https:\/\/www.amiad.com\/\" target=\"_blank\" rel=\"noopener noreferrer\">Amiad<\/a><\/li>\n<li><a href=\"http:\/\/www.aquasol.com.au\/\" target=\"_blank\" rel=\"noopener noreferrer\">Aquasol<\/a><\/li>\n<li>Medicina y Diagn\u00f3stico Australiano<\/li>\n<li>CleanTeq<\/li>\n<li>Hospital San Juan de Dios<\/li>\n<li><a href=\"https:\/\/www.osmoflo.com\/\" target=\"_blank\" rel=\"noopener noreferrer\">Osmoflo<\/a><\/li>\n<li>Siemens<\/li>\n<li>Ge<\/li>\n<li>Veolia<\/li>\n<li><a href=\"http:\/\/www.watercorp.com\/\" target=\"_blank\" rel=\"noopener noreferrer\">Watercorp<\/a><\/li>\n<\/ul>\n<p>[\/vc_column_text][\/vc_column][vc_column width=\u00bb1\/3&#8243;][vc_column_text]<\/p>\n<h4>CLIENTES INTERNACIONALES<\/h4>\n<ul>\n<li><a href=\"https:\/\/www.itochu.co.jp\/en\/\" target=\"_blank\" rel=\"noopener noreferrer\">Corporaci\u00f3n Itochu<\/a><\/li>\n<li><a href=\"https:\/\/www.ge.com\" target=\"_blank\" rel=\"noopener noreferrer\">GE Water<\/a><\/li>\n<li>Siemens<\/li>\n<li>Nalco<\/li>\n<li>Orica<\/li>\n<li><a href=\"https:\/\/www.ixom.com\/about-us\" target=\"_blank\" rel=\"noopener noreferrer\">Ixom<\/a><\/li>\n<li>Bauer International<\/li>\n<li>Pt Lautan Luas<\/li>\n<li>Aquatrol Rusia<\/li>\n<li>Amiad<\/li>\n<li>Timex<\/li>\n<\/ul>\n<p>[\/vc_column_text][\/vc_column][vc_column width=\u00bb1\/3&#8243;][vc_column_text]<\/p>\n<h4>CLIENTES MINEROS<\/h4>\n<ul>\n<li><a href=\"http:\/\/www.austarcoalmine.com.au\/\" target=\"_blank\" rel=\"noopener noreferrer\">Mina de carb\u00f3n Austar<\/a><\/li>\n<li><a href=\"https:\/\/www.ulancoal.com.au\/en\/Pages\/home.aspx\" target=\"_blank\" rel=\"noopener noreferrer\">Mina de carb\u00f3n de Ulan<\/a><\/li>\n<li><a href=\"https:\/\/www.fmgl.com.au\/\" target=\"_blank\" rel=\"noopener noreferrer\">Fortescue Metals Group<\/a><\/li>\n<li>MMG Golden Grove<\/li>\n<\/ul>\n<p>[\/vc_column_text][\/vc_column][\/vc_row][vc_row][vc_column]<style type=\"text\/css\" data-type=\"the7_shortcodes-inline-css\">.testimonials-carousel-shortcode.testimonials-carousel-shortcode-id-e8b3e58d3741e44cb32979bb85d30e73.owl-carousel .owl-nav div {\n  width: 36px;\n  height: 36px;\n  border-radius: 500px;\n}\n.testimonials-carousel-shortcode.testimonials-carousel-shortcode-id-e8b3e58d3741e44cb32979bb85d30e73.owl-carousel .owl-nav div:before,\n.testimonials-carousel-shortcode.testimonials-carousel-shortcode-id-e8b3e58d3741e44cb32979bb85d30e73.owl-carousel .owl-nav div:after {\n  border-width: 0px;\n}\n.testimonials-carousel-shortcode.testimonials-carousel-shortcode-id-e8b3e58d3741e44cb32979bb85d30e73.owl-carousel .owl-nav div.owl-prev {\n  top: 50%;\n  transform: translateY(calc(-50% + 0px));\n  left: -43px;\n}\n@media all and (-ms-high-contrast: none) {\n  .testimonials-carousel-shortcode.testimonials-carousel-shortcode-id-e8b3e58d3741e44cb32979bb85d30e73.owl-carousel .owl-nav div.owl-prev {\n    transform: translateY(-50%);\n    margin-top: 0px;\n  }\n}\n.testimonials-carousel-shortcode.testimonials-carousel-shortcode-id-e8b3e58d3741e44cb32979bb85d30e73.owl-carousel .owl-nav div.owl-prev i {\n  padding: 0px 0px 0px 0px;\n}\n.testimonials-carousel-shortcode.testimonials-carousel-shortcode-id-e8b3e58d3741e44cb32979bb85d30e73.owl-carousel .owl-nav div.owl-next {\n  top: 50%;\n  transform: translateY(calc(-50% + 0px));\n  right: -43px;\n}\n@media all and (-ms-high-contrast: none) {\n  .testimonials-carousel-shortcode.testimonials-carousel-shortcode-id-e8b3e58d3741e44cb32979bb85d30e73.owl-carousel .owl-nav div.owl-next {\n    transform: translateY(-50%);\n    margin-top: 0px;\n  }\n}\n.testimonials-carousel-shortcode.testimonials-carousel-shortcode-id-e8b3e58d3741e44cb32979bb85d30e73.owl-carousel .owl-nav div.owl-next i {\n  padding: 0px 0px 0px 0px;\n}\n.testimonials-carousel-shortcode.testimonials-carousel-shortcode-id-e8b3e58d3741e44cb32979bb85d30e73.owl-carousel .owl-nav i {\n  font-size: 18px;\n}\n.testimonials-carousel-shortcode.testimonials-carousel-shortcode-id-e8b3e58d3741e44cb32979bb85d30e73.owl-carousel .owl-nav div:not(:hover) i,\n.testimonials-carousel-shortcode.testimonials-carousel-shortcode-id-e8b3e58d3741e44cb32979bb85d30e73.owl-carousel .owl-nav div:not(:hover) i:before {\n  color: #aaaaaa;\n  background: none;\n}\n.testimonials-carousel-shortcode.testimonials-carousel-shortcode-id-e8b3e58d3741e44cb32979bb85d30e73.owl-carousel .owl-nav div:hover i,\n.testimonials-carousel-shortcode.testimonials-carousel-shortcode-id-e8b3e58d3741e44cb32979bb85d30e73.owl-carousel .owl-nav div:hover i:before {\n  color: rgba(255,255,255,0.75);\n  background: none;\n}\n.testimonials-carousel-shortcode.testimonials-carousel-shortcode-id-e8b3e58d3741e44cb32979bb85d30e73 .owl-dots {\n  top: calc(100% + 20px);\n  left: 50%;\n  transform: translateX(calc(-50% + 0px));\n}\n@media all and (-ms-high-contrast: none) {\n  .testimonials-carousel-shortcode.testimonials-carousel-shortcode-id-e8b3e58d3741e44cb32979bb85d30e73 .owl-dots {\n    transform: translateX(-50%);\n    margin-left: 0px;\n  }\n}\n.testimonials-carousel-shortcode.testimonials-carousel-shortcode-id-e8b3e58d3741e44cb32979bb85d30e73 .owl-dot {\n  width: 10px;\n  height: 10px;\n  margin: 0 8px;\n}\n@media screen and (max-width: 778px) {\n  .testimonials-carousel-shortcode.testimonials-carousel-shortcode-id-e8b3e58d3741e44cb32979bb85d30e73.hide-arrows.owl-carousel .owl-nav a {\n    display: none;\n  }\n}\n@media screen and (max-width: 778px) {\n  .testimonials-carousel-shortcode.testimonials-carousel-shortcode-id-e8b3e58d3741e44cb32979bb85d30e73.reposition-arrows.owl-carousel .owl-nav .owl-prev {\n    top: 50%;\n    transform: translateY(calc(-50% + 0px));\n    left: -18px;\n  }\n  .testimonials-carousel-shortcode.testimonials-carousel-shortcode-id-e8b3e58d3741e44cb32979bb85d30e73.reposition-arrows.owl-carousel .owl-nav .owl-next {\n    top: 50%;\n    transform: translateY(calc(-50% + 0px));\n    right: -18px;\n  }\n}\n@media screen and (max-width: 778px) and all and (-ms-high-contrast: none) {\n  .testimonials-carousel-shortcode.testimonials-carousel-shortcode-id-e8b3e58d3741e44cb32979bb85d30e73.reposition-arrows.owl-carousel .owl-nav .owl-prev {\n    transform: translateY(-50%);\n    margin-top: 0px;\n  }\n}\n@media screen and (max-width: 778px) and all and (-ms-high-contrast: none) {\n  .testimonials-carousel-shortcode.testimonials-carousel-shortcode-id-e8b3e58d3741e44cb32979bb85d30e73.reposition-arrows.owl-carousel .owl-nav .owl-next {\n    transform: translateY(-50%);\n    margin-top: 0px;\n  }\n}\n.testimonials-carousel-shortcode.testimonials-carousel-shortcode-id-e8b3e58d3741e44cb32979bb85d30e73 .testimonial-item {\n  padding: 30px 30px 20px 30px;\n}\n.testimonials-carousel-shortcode.testimonials-carousel-shortcode-id-e8b3e58d3741e44cb32979bb85d30e73 .testimonial-name,\n.testimonials-carousel-shortcode.testimonials-carousel-shortcode-id-e8b3e58d3741e44cb32979bb85d30e73 .testimonial-name a,\n.testimonials-carousel-shortcode.testimonials-carousel-shortcode-id-e8b3e58d3741e44cb32979bb85d30e73 .testimonial-name span {\n  margin-bottom: 0px;\n}\n.testimonials-carousel-shortcode.testimonials-carousel-shortcode-id-e8b3e58d3741e44cb32979bb85d30e73 .testimonial-position {\n  margin-bottom: 20px;\n}\n.testimonials-carousel-shortcode.testimonials-carousel-shortcode-id-e8b3e58d3741e44cb32979bb85d30e73  .testimonial-avatar {\n  padding: 0px 20px 20px 0px;\n}\n.testimonials-carousel-shortcode.testimonials-carousel-shortcode-id-e8b3e58d3741e44cb32979bb85d30e73  .testimonial-avatar a,\n.testimonials-carousel-shortcode.testimonials-carousel-shortcode-id-e8b3e58d3741e44cb32979bb85d30e73  .testimonial-avatar span,\n.testimonials-carousel-shortcode.testimonials-carousel-shortcode-id-e8b3e58d3741e44cb32979bb85d30e73  .testimonial-avatar img {\n  max-width: 80px;\n}\n.testimonials-carousel-shortcode.testimonials-carousel-shortcode-id-e8b3e58d3741e44cb32979bb85d30e73 .dt-css-grid .testimonial-avatar img,\n.testimonials-carousel-shortcode.testimonials-carousel-shortcode-id-e8b3e58d3741e44cb32979bb85d30e73 .dt-css-grid .testimonial-avatar svg {\n  max-width: 100%;\n}\n.testimonials-carousel-shortcode.testimonials-carousel-shortcode-id-e8b3e58d3741e44cb32979bb85d30e73.layout-5:not(.hide-testimonial-avatar) .content-wrap,\n.testimonials-carousel-shortcode.testimonials-carousel-shortcode-id-e8b3e58d3741e44cb32979bb85d30e73.layout-6:not(.hide-testimonial-avatar) .content-wrap {\n  width: calc(100% - 80px - 20px - 0px);\n}\n.testimonials-carousel-shortcode.testimonials-carousel-shortcode-id-e8b3e58d3741e44cb32979bb85d30e73 .testimonial-content {\n  margin-bottom: 0px;\n}\n.testimonials-carousel-shortcode.testimonials-carousel-shortcode-id-e8b3e58d3741e44cb32979bb85d30e73  .testimonial-avatar,\n.testimonials-carousel-shortcode.testimonials-carousel-shortcode-id-e8b3e58d3741e44cb32979bb85d30e73  .testimonial-avatar a.rollover,\n.testimonials-carousel-shortcode.testimonials-carousel-shortcode-id-e8b3e58d3741e44cb32979bb85d30e73  .testimonial-avatar a.rollover *,\n.testimonials-carousel-shortcode.testimonials-carousel-shortcode-id-e8b3e58d3741e44cb32979bb85d30e73  .testimonial-avatar img,\n.testimonials-carousel-shortcode.testimonials-carousel-shortcode-id-e8b3e58d3741e44cb32979bb85d30e73  .testimonial-avatar .no-avatar,\n.testimonials-carousel-shortcode.testimonials-carousel-shortcode-id-e8b3e58d3741e44cb32979bb85d30e73  .testim-no-avatar {\n  border-radius: 500px;\n}\n.testimonials-carousel-shortcode.testimonials-carousel-shortcode-id-e8b3e58d3741e44cb32979bb85d30e73  .testimonial-avatar .no-avatar {\n  height: 80px;\n}\n.testimonials-carousel-shortcode.testimonials-carousel-shortcode-id-e8b3e58d3741e44cb32979bb85d30e73  .testimonial-avatar .no-avatar {\n  font-size: 80px;\n  width: 80px;\n}\n<\/style><div class=\"owl-carousel testimonials-carousel-shortcode dt-testimonials-shortcode dt-owl-carousel-call testimonials-carousel-shortcode-id-e8b3e58d3741e44cb32979bb85d30e73 content-align-center layout-3 content-bg-on bullets-small-dot-stroke reposition-arrows arrows-bg-off dt-arrow-border-on disable-arrows-hover-bg arrows-hover-bg-off  \" data-scroll-mode=\"1\" data-col-num=\"1\" data-wide-col-num=\"1\" data-laptop-col=\"1\" data-h-tablet-columns-num=\"1\" data-v-tablet-columns-num=\"1\" data-phone-columns-num=\"1\" data-auto-height=\"false\" data-col-gap=\"30\" data-stage-padding=\"0\" data-speed=\"600\" data-autoplay=\"true\" data-autoplay_speed=\"5000\" data-arrows=\"true\" data-bullet=\"false\" data-next-icon=\"icon-ar-017-r\" data-prev-icon=\"icon-ar-017-l\"><div class=\"testimonial-item\"><div class=\"testimonial-author\"><div class=\"testimonial-avatar\"><span class=\"testimonial-thumb\"><img loading=\"lazy\" decoding=\"async\" class=\"preload-me aspect\" src=\"https:\/\/dmi65.com\/wp-content\/uploads\/2020\/05\/coca-80x80.png\" srcset=\"https:\/\/dmi65.com\/wp-content\/uploads\/2020\/05\/coca-80x80.png 80w, https:\/\/dmi65.com\/wp-content\/uploads\/2020\/05\/coca-160x160.png 160w\" style=\"--ratio: 80 \/ 80\" sizes=\"auto, (max-width: 80px) 100vw, 80px\" width=\"80\" height=\"80\"   alt=\"\" \/><\/span><\/div><div class=\"testimonial-vcard\"><div class=\"testimonial-name\"><span class=\"text-primary\">Coca-Cola Amatil<\/span><br \/><\/div><div class=\"testimonial-position\"><span class=\"text-secondary color-secondary\">Wayne Hage - Gerente T\u00e9cnico del Grupo <\/span><\/div><\/div><\/div><div class=\"testimonial-content\"><p>Hemos evaluado y demostrado con \u00e9xito la eficacia de los medios de filtraci\u00f3n de agua DMI-65 en la reducci\u00f3n de los niveles de manganeso y hierro en el agua.<\/p>\n<\/div><\/div><div class=\"testimonial-item\"><div class=\"testimonial-author\"><div class=\"testimonial-avatar\"><span class=\"testimonial-thumb\"><img loading=\"lazy\" decoding=\"async\" class=\"preload-me aspect\" src=\"https:\/\/dmi65.com\/wp-content\/uploads\/2020\/05\/amiad-80x80.png\" srcset=\"https:\/\/dmi65.com\/wp-content\/uploads\/2020\/05\/amiad-80x80.png 80w, https:\/\/dmi65.com\/wp-content\/uploads\/2020\/05\/amiad-160x160.png 160w\" style=\"--ratio: 80 \/ 80\" sizes=\"auto, (max-width: 80px) 100vw, 80px\" width=\"80\" height=\"80\"   alt=\"\" \/><\/span><\/div><div class=\"testimonial-vcard\"><div class=\"testimonial-name\"><span class=\"text-primary\">Sistemas de agua Amiad<\/span><br \/><\/div><div class=\"testimonial-position\"><span class=\"text-secondary color-secondary\">Russell Fisher - Ingeniero de Procesos<\/span><\/div><\/div><\/div><div class=\"testimonial-content\"><p>La Planta de Filtraci\u00f3n de Ars\u00e9nico, dise\u00f1ada y construida por Amiad utilizando DMI65 Media, fue puesta en marcha en marzo de 2015, y ha estado reduciendo con \u00e9xito el Ars\u00e9nico a 0.001 mg\/L, por lo que es adecuado para el consumo por la comunidad de Chillagoe, Queensland.<\/p>\n<\/div><\/div><div class=\"testimonial-item\"><div class=\"testimonial-author\"><div class=\"testimonial-avatar\"><span class=\"testimonial-thumb\"><img loading=\"lazy\" decoding=\"async\" class=\"preload-me aspect\" src=\"https:\/\/dmi65.com\/wp-content\/uploads\/2020\/05\/KLPP-Logo-80x80.png\" srcset=\"https:\/\/dmi65.com\/wp-content\/uploads\/2020\/05\/KLPP-Logo-80x80.png 80w, https:\/\/dmi65.com\/wp-content\/uploads\/2020\/05\/KLPP-Logo-160x160.png 160w\" style=\"--ratio: 80 \/ 80\" sizes=\"auto, (max-width: 80px) 100vw, 80px\" width=\"80\" height=\"80\"   alt=\"\" \/><\/span><\/div><div class=\"testimonial-vcard\"><div class=\"testimonial-name\"><span class=\"text-primary\">Central el\u00e9ctrica de Kuala Langit<\/span><br \/><\/div><div class=\"testimonial-position\"><span class=\"text-secondary color-secondary\">Sr. Kumar Shanmugan, Poder\nGerente de la Estaci\u00f3n<\/span><\/div><\/div><\/div><div class=\"testimonial-content\"><p>El resultado de la actualizaci\u00f3n propuesta es proporcionar opciones de bajo costo que utilicen la planta y los equipos existentes para aumentar la calidad y la cantidad de agua a la central el\u00e9ctrica, al tiempo que se reducen los costos de mantenimiento y operaci\u00f3n en marcha.<\/p>\n<\/div><\/div><div class=\"testimonial-item\"><div class=\"testimonial-author\"><div class=\"testimonial-avatar\"><span class=\"testimonial-thumb\"><img loading=\"lazy\" decoding=\"async\" class=\"preload-me aspect\" src=\"https:\/\/dmi65.com\/wp-content\/uploads\/2020\/05\/PrimaryEnergyLogo-80x80.png\" srcset=\"https:\/\/dmi65.com\/wp-content\/uploads\/2020\/05\/PrimaryEnergyLogo-80x80.png 80w, https:\/\/dmi65.com\/wp-content\/uploads\/2020\/05\/PrimaryEnergyLogo-160x160.png 160w\" style=\"--ratio: 80 \/ 80\" sizes=\"auto, (max-width: 80px) 100vw, 80px\" width=\"80\" height=\"80\"   alt=\"\" \/><\/span><\/div><div class=\"testimonial-vcard\"><div class=\"testimonial-name\"><span class=\"text-primary\">Operaciones de Energ\u00eda Primaria\/EPCOR EE.UU. INC<\/span><br \/><\/div><div class=\"testimonial-position\"><span class=\"text-secondary color-secondary\">Comit\u00e9 de Investigaci\u00f3n ASME Central El\u00e9ctrica y Qu\u00edmica Ambiental<\/span><\/div><\/div><\/div><div class=\"testimonial-content\"><p>El medio filtrante DMI-65 ha funcionado bien en la eliminaci\u00f3n de hierro contenido en el agua del pozo. Adem\u00e1s de la eliminaci\u00f3n de hierro bajada SDI ha abordado la suciedad a los elementos de filtro de cartucho de corriente hacia abajo y membranas RO que anteriormente era un problema de suciedad de filtro ayuda a&hellip;<\/p>\n<\/div><\/div><\/div>[vc_btn title=\u00bbVER TODOS LOS TESTIMONIOS\u00bb style=\u00bbcustom\u00bb custom_background=\u00bb#162441&#8243; custom_text=\u00bb#ffffff\u00bb shape=\u00bbsquare\u00bb align=\u00bbcenter\u00bb i_align=\u00bbright\u00bb i_icon_fontawesome=\u00bbfas fa-chevron-right\u00bb add_icon=\u00bbtrue\u00bb link=\u00bburl:https%3A%2F%2Fdmi65.com%2Fes%2Ftestimonios%2F|title:Testimonios|\u00bb css=\u00bb.vc_custom_1592361606795{margin-top: 30px !important;}\u00bb][\/vc_column][\/vc_row]<\/p>\n<\/div>","protected":false},"excerpt":{"rendered":"<p>[vc_row][vc_column][vc_separator css=\u00bb.vc_custom_1592361455680{margin-top: 15px !important;margin-bottom: 15px !important;padding-top: 15px !important;padding-bottom: 15px !important;}\u00bb][\/vc_column][\/vc_row][vc_row][vc_column width=\u00bb1\/3&#8243;][vc_column_text] CLIENTES AUSTRALIANOS Amiad Aquasol Medicina y Diagn\u00f3stico Australiano CleanTeq Hospital San Juan de Dios Osmoflo Siemens Ge Veolia Watercorp [\/vc_column_text][\/vc_column][vc_column width=\u00bb1\/3&#8243;][vc_column_text] CLIENTES INTERNACIONALES Corporaci\u00f3n Itochu GE Water Siemens Nalco Orica Ixom Bauer International Pt Lautan Luas Aquatrol Rusia Amiad Timex [\/vc_column_text][\/vc_column][vc_column width=\u00bb1\/3&#8243;][vc_column_text] CLIENTES MINEROS&hellip;<\/p>\n","protected":false},"author":1,"featured_media":7739,"parent":0,"menu_order":0,"comment_status":"closed","ping_status":"closed","template":"","meta":{"content-type":"","footnotes":""},"class_list":["post-7086","page","type-page","status-publish","has-post-thumbnail","hentry","description-off"],"yoast_head":"<!-- This site is optimized with the Yoast SEO plugin v25.2 - https:\/\/yoast.com\/wordpress\/plugins\/seo\/ -->\n<title>Clientes de Tratamiento de Agua Internacional - DMI-65\u00ae<\/title>\n<meta name=\"description\" content=\"Los clientes de tratamiento de agua internacional incluyen: Itochu Corporation, GE Water, Siemens, Nalco, Orica, Bauer International Corporation, Lautan Luas, Aquatrol, Amiad Water Solutions y Timex.\" \/>\n<meta name=\"robots\" content=\"index, follow, max-snippet:-1, max-image-preview:large, max-video-preview:-1\" \/>\n<link rel=\"canonical\" href=\"https:\/\/dmi65.com\/es\/clientes\/\" \/>\n<meta property=\"og:locale\" content=\"es_ES\" \/>\n<meta property=\"og:type\" content=\"article\" \/>\n<meta property=\"og:title\" content=\"Clientes de Tratamiento de Agua Internacional - DMI-65\u00ae\" \/>\n<meta property=\"og:description\" content=\"Los clientes de tratamiento de agua internacional incluyen: Itochu Corporation, GE Water, Siemens, Nalco, Orica, Bauer International Corporation, Lautan Luas, Aquatrol, Amiad Water Solutions y Timex.\" \/>\n<meta property=\"og:url\" content=\"https:\/\/dmi65.com\/es\/clientes\/\" \/>\n<meta property=\"og:site_name\" content=\"DMI-65\u00ae\" \/>\n<meta property=\"article:modified_time\" content=\"2020-08-12T05:17:46+00:00\" \/>\n<meta property=\"og:image\" content=\"https:\/\/dmi65.com\/wp-content\/uploads\/2020\/06\/businessmen_map.jpg\" \/>\n\t<meta property=\"og:image:width\" content=\"2000\" \/>\n\t<meta property=\"og:image:height\" content=\"666\" \/>\n\t<meta property=\"og:image:type\" content=\"image\/jpeg\" \/>\n<meta name=\"twitter:card\" content=\"summary_large_image\" \/>\n<meta name=\"twitter:label1\" content=\"Tiempo de lectura\" \/>\n\t<meta name=\"twitter:data1\" content=\"2 minutos\" \/>\n<script type=\"application\/ld+json\" class=\"yoast-schema-graph\">{\"@context\":\"https:\/\/schema.org\",\"@graph\":[{\"@type\":\"WebPage\",\"@id\":\"https:\/\/dmi65.com\/es\/clientes\/\",\"url\":\"https:\/\/dmi65.com\/es\/clientes\/\",\"name\":\"Clientes de Tratamiento de Agua Internacional - DMI-65\u00ae\",\"isPartOf\":{\"@id\":\"https:\/\/dmi65.com\/es\/#website\"},\"primaryImageOfPage\":{\"@id\":\"https:\/\/dmi65.com\/es\/clientes\/#primaryimage\"},\"image\":{\"@id\":\"https:\/\/dmi65.com\/es\/clientes\/#primaryimage\"},\"thumbnailUrl\":\"https:\/\/dmi65.com\/wp-content\/uploads\/2020\/06\/businessmen_map.jpg\",\"datePublished\":\"2020-06-16T03:56:38+00:00\",\"dateModified\":\"2020-08-12T05:17:46+00:00\",\"description\":\"Los clientes de tratamiento de agua internacional incluyen: Itochu Corporation, GE Water, Siemens, Nalco, Orica, Bauer International Corporation, Lautan Luas, Aquatrol, Amiad Water Solutions y Timex.\",\"breadcrumb\":{\"@id\":\"https:\/\/dmi65.com\/es\/clientes\/#breadcrumb\"},\"inLanguage\":\"es\",\"potentialAction\":[{\"@type\":\"ReadAction\",\"target\":[\"https:\/\/dmi65.com\/es\/clientes\/\"]}]},{\"@type\":\"ImageObject\",\"inLanguage\":\"es\",\"@id\":\"https:\/\/dmi65.com\/es\/clientes\/#primaryimage\",\"url\":\"https:\/\/dmi65.com\/wp-content\/uploads\/2020\/06\/businessmen_map.jpg\",\"contentUrl\":\"https:\/\/dmi65.com\/wp-content\/uploads\/2020\/06\/businessmen_map.jpg\",\"width\":2000,\"height\":666},{\"@type\":\"BreadcrumbList\",\"@id\":\"https:\/\/dmi65.com\/es\/clientes\/#breadcrumb\",\"itemListElement\":[{\"@type\":\"ListItem\",\"position\":1,\"name\":\"Home\",\"item\":\"https:\/\/dmi65.com\/es\/\"},{\"@type\":\"ListItem\",\"position\":2,\"name\":\"Clientes\"}]},{\"@type\":\"WebSite\",\"@id\":\"https:\/\/dmi65.com\/es\/#website\",\"url\":\"https:\/\/dmi65.com\/es\/\",\"name\":\"DMI-65\u00ae\",\"description\":\"Water Filtration &amp; Reverse Osmosis Treatment, Catalytic Media\",\"publisher\":{\"@id\":\"https:\/\/dmi65.com\/es\/#organization\"},\"potentialAction\":[{\"@type\":\"SearchAction\",\"target\":{\"@type\":\"EntryPoint\",\"urlTemplate\":\"https:\/\/dmi65.com\/es\/?s={search_term_string}\"},\"query-input\":{\"@type\":\"PropertyValueSpecification\",\"valueRequired\":true,\"valueName\":\"search_term_string\"}}],\"inLanguage\":\"es\"},{\"@type\":\"Organization\",\"@id\":\"https:\/\/dmi65.com\/es\/#organization\",\"name\":\"DMI-65 & Quantum Filtration Pty Ltd\",\"url\":\"https:\/\/dmi65.com\/es\/\",\"logo\":{\"@type\":\"ImageObject\",\"inLanguage\":\"es\",\"@id\":\"https:\/\/dmi65.com\/es\/#\/schema\/logo\/image\/\",\"url\":\"https:\/\/dmi65.com\/wp-content\/uploads\/2020\/04\/dmi65.png\",\"contentUrl\":\"https:\/\/dmi65.com\/wp-content\/uploads\/2020\/04\/dmi65.png\",\"width\":440,\"height\":205,\"caption\":\"DMI-65 & Quantum Filtration Pty Ltd\"},\"image\":{\"@id\":\"https:\/\/dmi65.com\/es\/#\/schema\/logo\/image\/\"},\"sameAs\":[\"https:\/\/www.linkedin.com\/company\/dmi-65\",\"https:\/\/www.youtube.com\/channel\/UCbXoMn5KBp2jrnx4KR_Qg4A\"]}]}<\/script>\n<!-- \/ Yoast SEO plugin. -->","yoast_head_json":{"title":"Clientes de Tratamiento de Agua Internacional - DMI-65\u00ae","description":"Los clientes de tratamiento de agua internacional incluyen: Itochu Corporation, GE Water, Siemens, Nalco, Orica, Bauer International Corporation, Lautan Luas, Aquatrol, Amiad Water Solutions y Timex.","robots":{"index":"index","follow":"follow","max-snippet":"max-snippet:-1","max-image-preview":"max-image-preview:large","max-video-preview":"max-video-preview:-1"},"canonical":"https:\/\/dmi65.com\/es\/clientes\/","og_locale":"es_ES","og_type":"article","og_title":"Clientes de Tratamiento de Agua Internacional - DMI-65\u00ae","og_description":"Los clientes de tratamiento de agua internacional incluyen: Itochu Corporation, GE Water, Siemens, Nalco, Orica, Bauer International Corporation, Lautan Luas, Aquatrol, Amiad Water Solutions y Timex.","og_url":"https:\/\/dmi65.com\/es\/clientes\/","og_site_name":"DMI-65\u00ae","article_modified_time":"2020-08-12T05:17:46+00:00","og_image":[{"width":2000,"height":666,"url":"https:\/\/dmi65.com\/wp-content\/uploads\/2020\/06\/businessmen_map.jpg","type":"image\/jpeg"}],"twitter_card":"summary_large_image","twitter_misc":{"Tiempo de lectura":"2 minutos"},"schema":{"@context":"https:\/\/schema.org","@graph":[{"@type":"WebPage","@id":"https:\/\/dmi65.com\/es\/clientes\/","url":"https:\/\/dmi65.com\/es\/clientes\/","name":"Clientes de Tratamiento de Agua Internacional - DMI-65\u00ae","isPartOf":{"@id":"https:\/\/dmi65.com\/es\/#website"},"primaryImageOfPage":{"@id":"https:\/\/dmi65.com\/es\/clientes\/#primaryimage"},"image":{"@id":"https:\/\/dmi65.com\/es\/clientes\/#primaryimage"},"thumbnailUrl":"https:\/\/dmi65.com\/wp-content\/uploads\/2020\/06\/businessmen_map.jpg","datePublished":"2020-06-16T03:56:38+00:00","dateModified":"2020-08-12T05:17:46+00:00","description":"Los clientes de tratamiento de agua internacional incluyen: Itochu Corporation, GE Water, Siemens, Nalco, Orica, Bauer International Corporation, Lautan Luas, Aquatrol, Amiad Water Solutions y Timex.","breadcrumb":{"@id":"https:\/\/dmi65.com\/es\/clientes\/#breadcrumb"},"inLanguage":"es","potentialAction":[{"@type":"ReadAction","target":["https:\/\/dmi65.com\/es\/clientes\/"]}]},{"@type":"ImageObject","inLanguage":"es","@id":"https:\/\/dmi65.com\/es\/clientes\/#primaryimage","url":"https:\/\/dmi65.com\/wp-content\/uploads\/2020\/06\/businessmen_map.jpg","contentUrl":"https:\/\/dmi65.com\/wp-content\/uploads\/2020\/06\/businessmen_map.jpg","width":2000,"height":666},{"@type":"BreadcrumbList","@id":"https:\/\/dmi65.com\/es\/clientes\/#breadcrumb","itemListElement":[{"@type":"ListItem","position":1,"name":"Home","item":"https:\/\/dmi65.com\/es\/"},{"@type":"ListItem","position":2,"name":"Clientes"}]},{"@type":"WebSite","@id":"https:\/\/dmi65.com\/es\/#website","url":"https:\/\/dmi65.com\/es\/","name":"DMI-65\u00ae","description":"Water Filtration &amp; Reverse Osmosis Treatment, Catalytic Media","publisher":{"@id":"https:\/\/dmi65.com\/es\/#organization"},"potentialAction":[{"@type":"SearchAction","target":{"@type":"EntryPoint","urlTemplate":"https:\/\/dmi65.com\/es\/?s={search_term_string}"},"query-input":{"@type":"PropertyValueSpecification","valueRequired":true,"valueName":"search_term_string"}}],"inLanguage":"es"},{"@type":"Organization","@id":"https:\/\/dmi65.com\/es\/#organization","name":"DMI-65 & Quantum Filtration Pty Ltd","url":"https:\/\/dmi65.com\/es\/","logo":{"@type":"ImageObject","inLanguage":"es","@id":"https:\/\/dmi65.com\/es\/#\/schema\/logo\/image\/","url":"https:\/\/dmi65.com\/wp-content\/uploads\/2020\/04\/dmi65.png","contentUrl":"https:\/\/dmi65.com\/wp-content\/uploads\/2020\/04\/dmi65.png","width":440,"height":205,"caption":"DMI-65 & Quantum Filtration Pty Ltd"},"image":{"@id":"https:\/\/dmi65.com\/es\/#\/schema\/logo\/image\/"},"sameAs":["https:\/\/www.linkedin.com\/company\/dmi-65","https:\/\/www.youtube.com\/channel\/UCbXoMn5KBp2jrnx4KR_Qg4A"]}]}},"_links":{"self":[{"href":"https:\/\/dmi65.com\/es\/wp-json\/wp\/v2\/pages\/7086","targetHints":{"allow":["GET"]}}],"collection":[{"href":"https:\/\/dmi65.com\/es\/wp-json\/wp\/v2\/pages"}],"about":[{"href":"https:\/\/dmi65.com\/es\/wp-json\/wp\/v2\/types\/page"}],"author":[{"embeddable":true,"href":"https:\/\/dmi65.com\/es\/wp-json\/wp\/v2\/users\/1"}],"replies":[{"embeddable":true,"href":"https:\/\/dmi65.com\/es\/wp-json\/wp\/v2\/comments?post=7086"}],"version-history":[{"count":4,"href":"https:\/\/dmi65.com\/es\/wp-json\/wp\/v2\/pages\/7086\/revisions"}],"predecessor-version":[{"id":10137,"href":"https:\/\/dmi65.com\/es\/wp-json\/wp\/v2\/pages\/7086\/revisions\/10137"}],"wp:featuredmedia":[{"embeddable":true,"href":"https:\/\/dmi65.com\/es\/wp-json\/wp\/v2\/media\/7739"}],"wp:attachment":[{"href":"https:\/\/dmi65.com\/es\/wp-json\/wp\/v2\/media?parent=7086"}],"curies":[{"name":"wp","href":"https:\/\/api.w.org\/{rel}","templated":true}]}}