{"id":6267,"date":"2020-06-09T19:47:39","date_gmt":"2020-06-09T11:47:39","guid":{"rendered":"http:\/\/dmi65.com\/ficha-tecnica-datos\/"},"modified":"2020-06-09T19:47:49","modified_gmt":"2020-06-09T11:47:49","slug":"ficha-tecnica-datos","status":"publish","type":"page","link":"https:\/\/dmi65.com\/es\/tecnicas\/ficha-tecnica-datos\/","title":{"rendered":"Ficha t\u00e9cnica"},"content":{"rendered":"<div class=\"wpb-content-wrapper\"><p>[vc_row][vc_column][vc_btn title=\u00bbDESCARGUE EL DOCUMENTO\u00bb style=\u00bboutline-custom\u00bb outline_custom_color=\u00bb#dd4949&#8243; outline_custom_hover_background=\u00bb#dd3333&#8243; outline_custom_hover_text=\u00bb#ffffff\u00bb shape=\u00bbsquare\u00bb align=\u00bbleft\u00bb i_icon_fontawesome=\u00bbfas fa-file-alt\u00bb add_icon=\u00bbtrue\u00bb link=\u00bburl:%2Fwp-content%2Fuploads%2F2020%2F05%2FActivating-DMI-65-Step-by-Step-Procedure.pdf|\u00bb][vc_column_text]<\/p>\n<h2><strong>Para la eliminaci\u00f3n de hierro, manganeso, ars\u00e9nico, aluminio, sulfuro de hidr\u00f3geno y otros metales pesados de los suministros de agua<\/strong><\/h2>\n<p><strong>Tecnolog\u00eda de infusi\u00f3n<\/strong>: Los potentes agentes oxidantes se infunden qu\u00edmicamente a la subexiete micro-poroso del material de la matriz. La tecnolog\u00eda de infusi\u00f3n aumenta la superficie catal\u00edtica y proporciona a DMI-65 la mayor tasa de oxidaci\u00f3n y capacidad de carga de cualquier otro medio catal\u00edtico. La tecnolog\u00eda de infusi\u00f3n permite una p\u00e9rdida de desgaste muy peque\u00f1a y no muestra ning\u00fan efecto de descomposici\u00f3n o p\u00e9rdida o cat\u00e1lisis durante hasta 5 \u2013 10 a\u00f1os de rendimiento continuo.<\/p>\n<p>DMI-65 protege y pretrata todos los dem\u00e1s sistemas de tratamiento de agua de la bioinsuciaci\u00f3n de hierro y manganeso, efectivamente tiempos de funcionamiento del filtro m\u00e1s largos, y con el beneficio de la reducci\u00f3n de la demanda de oxidantes y porque la tecnolog\u00eda de infusi\u00f3n DMI-65 no requiere regeneraci\u00f3n qu\u00edmica,<\/p>\n<h4>DMI-65 es el costo m\u00e1s bajo de los medios de eliminaci\u00f3n de hierro y manganeso de toda la vida.<\/h4>\n<p><strong>CERTIFICACI\u00d3N DMI-65<\/strong><\/p>\n<p>Probado y certificado bajo los est\u00e1ndares de la industria: NSF \/ ANSI 61 por el Programa de Sellos de Oro de la Asociaci\u00f3n de Calidad del Agua de EE.UU. para efectos de seguridad y salud para componentes de agua potable.<\/p>\n<p>Autorizado por la Inspecci\u00f3n de Agua Potable seguro de usar de acuerdo con: Reglamento 31(4)(a) de la regulaci\u00f3n de suministro de agua (Calidad del Agua) 2010 para el Reino Unido, Inglaterra y Gales<\/p>\n<p><strong>Profundidad de lecho de datos de ingenier\u00eda (hidr\u00e1ulica) y velocidad del agua<\/strong><\/p>\n<p>La profundidad de los medios de filtraci\u00f3n necesaria aumenta con la disminuci\u00f3n de la cantidad de hierro residual y manganeso permitidos en el agua filtrada. La profundidad m\u00e1xima de la cama podr\u00eda ser de poco m\u00e1s de 1 metro y se relaciona tambi\u00e9n con la capacidad de flujo del sistema y la altura efectiva de los filtros disponibles. La velocidad del agua a trav\u00e9s del filtro debe seleccionarse de acuerdo con el uso del agua filtrada, el tama\u00f1o de la planta de tratamiento de agua, la calidad del agua y otros factores.<\/p>\n<p>Para grandes plantas de tratamiento de agua potable la profundidad de la cama debe seleccionarse hacia el m\u00e1ximo y la velocidad del agua alrededor de 5 m<sup>3<\/sup>\/ m<sup>2<\/sup>\/ hora en cualquier caso no m\u00e1s de 10 m<sup>3<\/sup>\/ m<sup>2 <\/sup>\/ hora. Esto maximiza el rendimiento en la eliminaci\u00f3n de hierro y manganeso, reduce la frecuencia de lavado posterior, reduce el consumo de energ\u00eda porque la ca\u00edda de presi\u00f3n promedio es menor, y podr\u00eda proporcionar redundancia en caso de que uno de los filtros est\u00e9 fuera de servicio y un mayor caudal tenga que ser puesto a trav\u00e9s de los filtros restantes. El l\u00edmite superior de velocidad, hasta 30 m<sup>3<\/sup>\/m<sup>2<\/sup>\/hora debe utilizarse para la profundidad de la cama peque\u00f1a y mayor cantidad permitida de hierro residual y manganeso en el agua filtrada.<\/p>\n<p><strong>Ca\u00edda de presi\u00f3n<\/strong><\/p>\n<p>La ca\u00edda de presi\u00f3n est\u00e1 relacionada con la velocidad del agua a trav\u00e9s del \u00e1rea seccional transversal del filtro debido a su utilidad y la simplicidad de relacionar los datos con el caudal. La rata de flujo \u00ab<em>Q<\/em>\u00bb en <strong>metros c\u00fabicos por hora <\/strong>se puede calcular multiplicando la velocidad &#8216;<em>v<\/em>\u00bb en metros <strong>por hora <\/strong>por el \u00e1rea de filtro \u00ab<em>A<\/em>\u00bb en <strong>metros cuadrados<\/strong>.<\/p>\n<p><strong><em>Q <\/em><\/p>\n<p><\/strong> <strong>\u00e1 <\/strong> <strong><em>v <\/em><\/p>\n<p><\/strong> <strong>x <\/strong> <strong><em>A<\/em><\/p>\n<p><\/strong><\/p>\n<p>La ca\u00edda de presi\u00f3n para un filtro limpio inicial depende de la profundidad del lecho de medios filtrantes y de la velocidad del agua. La siguiente tabla muestra la ca\u00edda de presi\u00f3n para 1 metro (3,3. pie) de profundidad de la cama. Para otras profundidades de la cama, la ca\u00edda de presi\u00f3n puede considerarse linealmente dependiente de la profundidad de la cama. Por lo tanto, para calcular la ca\u00edda de presi\u00f3n para la profundidad del lecho de 0,6 m se multiplica el valor de la ca\u00edda de presi\u00f3n que se encuentra en el gr\u00e1fico por 0,6.<\/p>\n<p><strong>Importaci\u00f3n de presi\u00f3n de lavado de datos de ingenier\u00eda (hidr\u00e1ulica)<\/strong><\/p>\n<p>La ca\u00edda de presi\u00f3n total a trav\u00e9s del filtro antes del lavado posterior se recomienda ser 50kpa y hasta un m\u00e1ximo de 100 kPa Los gr\u00e1nulos de los medios filtrantes DMI-65 son micro &#8211; porosos. Cuanto mayor sea la ca\u00edda de presi\u00f3n, se aplicar\u00e1n las fuerzas de compactaci\u00f3n m\u00e1s grandes al medio filtrante. La interacci\u00f3n entre las part\u00edculas de medios filtrantes durante la compactaci\u00f3n alternada bajo servicio normal y la expansi\u00f3n de la cama durante los cables de lavado posterior a tiempo para el deterioro de los gr\u00e1nulos. Lavar el filtro cuando la ca\u00edda de presi\u00f3n ha aumentado en 50 kPa desde la ca\u00edda inicial de presi\u00f3n del filtro limpio es una buena referencia. Los valores m\u00e1s altos o inferiores se podr\u00edan establecer en funci\u00f3n de la aplicaci\u00f3n y de cu\u00e1nto tiempo debe durar el medio de filtro antes de cambiarlo. Tenga en cuenta que el medio filtrante no perder\u00eda significativamente la eficacia en la eliminaci\u00f3n del hierro y el manganeso, pero la p\u00e9rdida en la presi\u00f3n de la cabeza aumentar\u00e1 a medida que un lecho de medios limpios se cargue a su capacidad.<\/p>\n<p>Se recomienda limitar la velocidad del agua para el lavado posterior del filtro a 40 \u2013 50m<sup>3<\/sup>\/m<sup>2<\/sup>\/hour m\/hr. Esto es lo mismo que se recomienda para la filtraci\u00f3n de arena ordinaria. Aunque es posible utilizar agua no filtrada para el lavado posterior en general, esto no es una buena idea a menos que el agua est\u00e9 relativamente limpia y el sistema se configure con un modo de funcionamiento de enjuague adem\u00e1s de la filtraci\u00f3n y el lavado posterior. A baja velocidad de lavado de espalda se necesita un tiempo de lavado posterior m\u00e1s largo. En general, la velocidad de lavado de espalda debe ser el doble de la velocidad de filtraci\u00f3n.<\/p>\n<p>El tiempo de lavado atr\u00e1s debe determinarse mediante el uso de un vaso del sitio en la l\u00ednea de contralavado de descarga o de alguna otra manera observar cuando el agua de retrolavado se descarga satisfactoriamente limpia. El tiempo de lavado de espalda puede variar de unos pocos minutos a 15 minutos.<\/p>\n<p>Un modo de enjuague puede seguir el lavado posterior para eliminar los s\u00f3lidos contaminantes que saldr\u00edan del filtro antes de que el lecho del filtro se compacte hacia atr\u00e1s y funcione normalmente. Este modo no es necesario para ser implementado en todos los sistemas de tratamiento de agua. El tiempo de enjuague debe ser de alrededor de 30 segundos para la profundidad de la cama peque\u00f1a y 1 minuto o un poco m\u00e1s para el l\u00edmite superior de la profundidad de la cama. El tiempo requerido se pudo encontrar comprobando la presencia de contaminaci\u00f3n en el agua filtrada al reiniciar el funcionamiento normal de filtraci\u00f3n.<\/p>\n<p><strong>Orientaci\u00f3n para la velocidad de retrolavado DMI-65 relacionada con la profundidad de la cama: <\/strong><\/p>\n<p>Profundidad de la cama Vs Backwash Velocidad Lineal m3\/m2\/hora<\/p>\n<p>600mm &#8211; LV 30 1100mm &#8211; LV42<br \/>\n700mm &#8211; LV32 1200mm \u2013LV44<br \/>\n800mm &#8211; LV34 1300mm \u2013 LV46<br \/>\n900mm &#8211; LV38 1400mm- LV48<br \/>\n1000mm &#8211; LV 40 1500mm \u2013 LV50<\/p>\n<p>El freeboard del filtro debe ser al menos 40 de la profundidad de la cama, y la expansi\u00f3n de la cama de retrolavado debe ser aproximadamente 20 &#8211; 50. Lo suficiente para fluidizar completamente la cama y girar todos los medios a fondo, pero lo suficientemente seguro como para no perder los medios de comunicaci\u00f3n fuera de la cabeza del filtro.<\/p>\n<p><strong>Condiciones de funcionamiento sugeridas<\/strong><\/p>\n<p><strong>Velocidad Lineal y Concentraciones de Hierro y Manganeso.<\/strong><\/p>\n<p>El dise\u00f1o correcto basado en los valores de Velocidad Lineal (LV) frente a Hierro (Fe) y Manganeso (Mn) es un poco m\u00e1s complejo para ofrecer una explicaci\u00f3n en f\u00f3rmula o escala. Los datos exitosos proporcionados a los usuarios de DMI-65 se basan en m\u00e1s de 15 a\u00f1os de instalaciones exitosas en m\u00e1s de 40 pa\u00edses de todo el mundo.<\/p>\n<p>Para la eliminaci\u00f3n de hierro, el flujo o la velocidad lineal es m\u00e1s alto que el manganeso. La reacci\u00f3n de hierro y cloro es casi instant\u00e1nea y se elimina f\u00e1cilmente solo a trav\u00e9s de la arena de s\u00edlice. Por ejemplo, es posible eliminar 20 ppm de hierro hasta 0,5 ppm. Esto se puede hacer en un rango de pH bastante neutro de 7 \u2013 7.5. La extracci\u00f3n de hierro con arena de s\u00edlice normal por s\u00ed sola se puede hacer en el rango de velocidad lineal (LV) de aproximadamente LV8 \u2013 9 m3 \/m2 \/hora.<\/p>\n<p>Extracci\u00f3n de los 0,5 ppm restantes de hierro por debajo de 0,3 ppm o a un indetectable 0,001ppm es mucho m\u00e1s dif\u00edcil que eliminar 20 ppm a 0,5 ppm. Aqu\u00ed es donde entran en juego las cualidades avanzadas de oxidaci\u00f3n DMI-65 \u00abbooster\u00bb. DMI-65 ha sido acu\u00f1ado un \u00abpulidor\u00bb de alto rendimiento para eliminar los rastros m\u00e1s peque\u00f1os de hierro y simult\u00e1neamente manganeso en el mismo lecho de filtro.<\/p>\n<p>La calidad de oxidaci\u00f3n adicional de las superficies catal\u00edticas DMI-65 permite eliminar eficazmente el hierro en un rango de pH de 5,8 a 8,6, sin embargo, los mejores resultados de nuevo est\u00e1n en pH b\u00e1sico 7 \u2013 7,5. En comparaci\u00f3n con la arena de s\u00edlice, el DMI-65 podr\u00eda filtrar hierro hasta LV 16 \u2013 18m3\/m2\/hora en lugar de 8 \u2013 9m3\/m2\/hora.<\/p>\n<p>La eliminaci\u00f3n de manganeso es mucho m\u00e1s dif\u00edcil de eliminar que la eliminaci\u00f3n de hierro. La tecnolog\u00eda de infusi\u00f3n DMI-65 est\u00e1 hecha a medida para maximizar la facilidad de extracci\u00f3n del manganeso y especialmente simult\u00e1neamente con la eliminaci\u00f3n de hierro (en el mismo lecho de filtro). El manganeso requiere mucho m\u00e1s tiempo de detenci\u00f3n y depende del pH para la remoci\u00f3n exitosa.<\/p>\n<p>DMI-65 se cree que es el producto de mayor rendimiento en el mercado para la eliminaci\u00f3n de manganeso, capaz de eliminar 2 \u2013 3ppm a trav\u00e9s de un solo filtro si el pH se mantiene y LV es adecuado. El manganeso se elimina mejor con DMI-65 lo m\u00e1s cerca posible de pH 8 y en un LV de aproximadamente 5 \u2013 10m3\/m2\/hora, aproximadamente la mitad de la de un LV utilizado para la extracci\u00f3n de hierro.<\/p>\n<p>Lo complicado a tener en cuenta en cada matriz de agua es la combinaci\u00f3n de hierro y manganeso, ya que el hierro se eliminar\u00e1 primero en la parte superior de la cama de filtro y luego el manganeso se eliminar\u00e1 \u00faltimo en la parte inferior del lecho filtrante. Esta es la raz\u00f3n por la que algunas veces el uso de dos filtros en serie permite un mayor paso lineal del agua cruda y un mayor pulido mientras se reduce a la mitad la velocidad de retrolavado entre dos lechos de filtro.<\/p>\n<p>Como gu\u00eda, todos los estudios de caso DMI-65 exitosos han demostrado, cuanto mayor sea la concentraci\u00f3n de hierro y manganeso, m\u00e1s lento debe ser el LV. Si las cantidades de hierro son muy bajas y particularmente el manganeso, entonces m\u00e1s alto el LV puede ser \u2013 teniendo un efecto significativo en el costo de la configuraci\u00f3n inicial de la planta.<\/p>\n<p><strong>Como gu\u00eda recomendamos estos l\u00edmites conservadores dado que el agua es inferior a 5NTU para TDS:<\/strong><\/p>\n<p><strong>Hierro<\/strong><\/p>\n<p>0.3ppm \u2013 1ppm \u00e1 LV 15 &#8211; 20m3\/m2\/hora es posible<\/p>\n<p>1ppm \u2013 5ppm \u00e1 LV 10 &#8211; 15m3\/m2\/hora es aceptable y es un est\u00e1ndar com\u00fan.<\/p>\n<p>5ppm \u2013 10ppm \u00e1 LV 10m3\/m2\/hora es aceptable y es un est\u00e1ndar com\u00fan.<\/p>\n<p>10 ppm \u2013 15 ppm a LV 7 \u2013 9m3\/m2\/hora es aceptable y es un est\u00e1ndar com\u00fan<\/p>\n<p>Mayor de 15 ppm a LV 5 \u2013 7m3\/m2\/hora<\/p>\n<p>Todo a un pH neutro de 6,8 \u2013 7,2 si es posible<\/p>\n<p>A menudo es el caso como en el duro clima australiano tener fuentes de agua con concentraciones de hierro de m\u00e1s de 50 ppm. En este caso, lo mejor es utilizar un tanque de retenci\u00f3n para preoxidar por aireaci\u00f3n y dejar que el hierro coag\u00fae y se asiente en el fondo del tanque, esto noquear\u00e1 90 de la plancha dejando una concentraci\u00f3n de agua mucho m\u00e1s complaciente de 5 ppm para ser pulida por el DMI-65 en un LV de 10 \u2013 15m3\/m2\/hora.<\/p>\n<p><strong>Manganeso<\/strong><\/p>\n<p>0,5 ppm \u2013 1 ppm a LV 8 \u2013 10m3\/m2\/hora<\/p>\n<p>1 ppm \u2013 2 ppm \u00e1 LV 5 \u2013 7m3\/m2\/hora<\/p>\n<p>M\u00e1s de 2 ppm requerir\u00eda la misma t\u00e9cnica anterior mediante la dosificaci\u00f3n del tanque de retenci\u00f3n con cloro y permitiendo aproximadamente 10 a 15 minutos de tiempo de detenci\u00f3n para oxidar el manganeso, el manganeso restante que no se ha oxidado se pulir\u00e1 el pero el DMI-65.<\/p>\n<p>Todo a un pH de pH8 lo m\u00e1s cercano posible.<\/p>\n<p><strong>Hierro y manganeso<\/strong><\/p>\n<p>T\u00edpicamente el hierro y el manganeso existen juntos en fuentes de agua subterr\u00e1nea a niveles bajos de<\/p>\n<p>2 ppm y 1 ppm respectivamente. En este tipo de condiciones recomiendo lo siguiente:<\/p>\n<p>Hierro 2ppm \u2013 Manganeso 1ppm \u00e1 LV 8 \u2013 9m3\/m2\/hora tan cerca de pH 7.5 \u2013 8 como sea posible.<\/p>\n<p>Si la concentraci\u00f3n de hierro es superior a 2 ppm y tiene algo de manganeso, que ralentizar el LV a entre 7 \u2013 8m3 \/ m2 hora y mantener el pH tan cerca de 7.5 \u2013 8 como sea posible.<\/p>\n<p>Si la concentraci\u00f3n de manganeso es superior a 1 ppm y hay considerable hierro decir 2 \u2013 3ppm tambi\u00e9n, que la matriz de agua es muy dependiente de un LV lento de 5 \u2013 7m3 \/ m2 \/ hora y pH 8 es muy necesario.<\/p>\n<p>Para cualquier matriz de agua que contenga hierro alto (considerado por encima de 15 ppm) y alto manganeso (considerado como 3 ppm) se recomienda el mismo m\u00e9todo de pretratamiento.<\/p>\n<p>Descargo de responsabilidad: La informaci\u00f3n y las recomendaciones proporcionadas son verdaderas y se basan en estudios de caso precisos y experiencia profesional. Las gu\u00edas de informaci\u00f3n y rendimiento se ofrecen de buena fe y sin garant\u00eda. Quantum Filtration Medium Pty Ltd recomienda a los usuarios de DMI-65 realizar ensayos piloto y demostrar un punto de prueba para todas las aplicaciones comerciales. El DMI-65 est\u00e1 garantizado para ser de la m\u00e1s alta calidad como se describe en el embalaje, la literatura y como certificado por la Asociaci\u00f3n de Calidad del Agua de los EE.UU. a los est\u00e1ndares de oro NSF\/ANSI 61.[\/vc_column_text][\/vc_column][\/vc_row]<\/p>\n<\/div>","protected":false},"excerpt":{"rendered":"<p>[vc_row][vc_column][vc_btn title=\u00bbDESCARGUE EL DOCUMENTO\u00bb style=\u00bboutline-custom\u00bb outline_custom_color=\u00bb#dd4949&#8243; outline_custom_hover_background=\u00bb#dd3333&#8243; outline_custom_hover_text=\u00bb#ffffff\u00bb shape=\u00bbsquare\u00bb align=\u00bbleft\u00bb i_icon_fontawesome=\u00bbfas fa-file-alt\u00bb add_icon=\u00bbtrue\u00bb link=\u00bburl:%2Fwp-content%2Fuploads%2F2020%2F05%2FActivating-DMI-65-Step-by-Step-Procedure.pdf|\u00bb][vc_column_text] Para la eliminaci\u00f3n de hierro, manganeso, ars\u00e9nico, aluminio, sulfuro de hidr\u00f3geno y otros metales pesados de los suministros de agua Tecnolog\u00eda de infusi\u00f3n: Los potentes agentes oxidantes se infunden qu\u00edmicamente a la subexiete micro-poroso del material de la matriz. La tecnolog\u00eda&hellip;<\/p>\n","protected":false},"author":1,"featured_media":0,"parent":7166,"menu_order":0,"comment_status":"closed","ping_status":"closed","template":"","meta":{"content-type":"","footnotes":""},"class_list":["post-6267","page","type-page","status-publish","hentry","description-off"],"yoast_head":"<!-- This site is optimized with the Yoast SEO plugin v25.2 - https:\/\/yoast.com\/wordpress\/plugins\/seo\/ -->\n<title>Ficha t\u00e9cnica - DMI-65\u00ae<\/title>\n<meta name=\"robots\" content=\"index, follow, max-snippet:-1, max-image-preview:large, max-video-preview:-1\" \/>\n<link rel=\"canonical\" href=\"https:\/\/dmi65.com\/es\/tecnicas\/ficha-tecnica-datos\/\" \/>\n<meta property=\"og:locale\" content=\"es_ES\" \/>\n<meta property=\"og:type\" content=\"article\" \/>\n<meta property=\"og:title\" content=\"Ficha t\u00e9cnica - DMI-65\u00ae\" \/>\n<meta property=\"og:description\" content=\"[vc_row][vc_column][vc_btn title=\u00bbDESCARGUE EL DOCUMENTO\u00bb style=\u00bboutline-custom\u00bb outline_custom_color=\u00bb#dd4949&#8243; outline_custom_hover_background=\u00bb#dd3333&#8243; outline_custom_hover_text=\u00bb#ffffff\u00bb shape=\u00bbsquare\u00bb align=\u00bbleft\u00bb i_icon_fontawesome=\u00bbfas fa-file-alt\u00bb add_icon=\u00bbtrue\u00bb link=\u00bburl:%2Fwp-content%2Fuploads%2F2020%2F05%2FActivating-DMI-65-Step-by-Step-Procedure.pdf|\u00bb][vc_column_text] Para la eliminaci\u00f3n de hierro, manganeso, ars\u00e9nico, aluminio, sulfuro de hidr\u00f3geno y otros metales pesados de los suministros de agua Tecnolog\u00eda de infusi\u00f3n: Los potentes agentes oxidantes se infunden qu\u00edmicamente a la subexiete micro-poroso del material de la matriz. La tecnolog\u00eda&hellip;\" \/>\n<meta property=\"og:url\" content=\"https:\/\/dmi65.com\/es\/tecnicas\/ficha-tecnica-datos\/\" \/>\n<meta property=\"og:site_name\" content=\"DMI-65\u00ae\" \/>\n<meta property=\"article:modified_time\" content=\"2020-06-09T11:47:49+00:00\" \/>\n<meta property=\"og:image\" content=\"https:\/\/dmi65.com\/wp-content\/uploads\/2020\/06\/dmi65_Logo_Blk.png\" \/>\n\t<meta property=\"og:image:width\" content=\"466\" \/>\n\t<meta property=\"og:image:height\" content=\"200\" \/>\n\t<meta property=\"og:image:type\" content=\"image\/png\" \/>\n<meta name=\"twitter:card\" content=\"summary_large_image\" \/>\n<meta name=\"twitter:label1\" content=\"Tiempo de lectura\" \/>\n\t<meta name=\"twitter:data1\" content=\"13 minutos\" \/>\n<script type=\"application\/ld+json\" class=\"yoast-schema-graph\">{\"@context\":\"https:\/\/schema.org\",\"@graph\":[{\"@type\":\"WebPage\",\"@id\":\"https:\/\/dmi65.com\/es\/tecnicas\/ficha-tecnica-datos\/\",\"url\":\"https:\/\/dmi65.com\/es\/tecnicas\/ficha-tecnica-datos\/\",\"name\":\"Ficha t\u00e9cnica - DMI-65\u00ae\",\"isPartOf\":{\"@id\":\"https:\/\/dmi65.com\/es\/#website\"},\"datePublished\":\"2020-06-09T11:47:39+00:00\",\"dateModified\":\"2020-06-09T11:47:49+00:00\",\"breadcrumb\":{\"@id\":\"https:\/\/dmi65.com\/es\/tecnicas\/ficha-tecnica-datos\/#breadcrumb\"},\"inLanguage\":\"es\",\"potentialAction\":[{\"@type\":\"ReadAction\",\"target\":[\"https:\/\/dmi65.com\/es\/tecnicas\/ficha-tecnica-datos\/\"]}]},{\"@type\":\"BreadcrumbList\",\"@id\":\"https:\/\/dmi65.com\/es\/tecnicas\/ficha-tecnica-datos\/#breadcrumb\",\"itemListElement\":[{\"@type\":\"ListItem\",\"position\":1,\"name\":\"Home\",\"item\":\"https:\/\/dmi65.com\/es\/\"},{\"@type\":\"ListItem\",\"position\":2,\"name\":\"T\u00e9cnicas\",\"item\":\"https:\/\/dmi65.com\/es\/tecnicas\/\"},{\"@type\":\"ListItem\",\"position\":3,\"name\":\"Ficha t\u00e9cnica\"}]},{\"@type\":\"WebSite\",\"@id\":\"https:\/\/dmi65.com\/es\/#website\",\"url\":\"https:\/\/dmi65.com\/es\/\",\"name\":\"DMI-65\u00ae\",\"description\":\"Water Filtration &amp; Reverse Osmosis Treatment, Catalytic Media\",\"publisher\":{\"@id\":\"https:\/\/dmi65.com\/es\/#organization\"},\"potentialAction\":[{\"@type\":\"SearchAction\",\"target\":{\"@type\":\"EntryPoint\",\"urlTemplate\":\"https:\/\/dmi65.com\/es\/?s={search_term_string}\"},\"query-input\":{\"@type\":\"PropertyValueSpecification\",\"valueRequired\":true,\"valueName\":\"search_term_string\"}}],\"inLanguage\":\"es\"},{\"@type\":\"Organization\",\"@id\":\"https:\/\/dmi65.com\/es\/#organization\",\"name\":\"DMI-65 & Quantum Filtration Pty Ltd\",\"url\":\"https:\/\/dmi65.com\/es\/\",\"logo\":{\"@type\":\"ImageObject\",\"inLanguage\":\"es\",\"@id\":\"https:\/\/dmi65.com\/es\/#\/schema\/logo\/image\/\",\"url\":\"https:\/\/dmi65.com\/wp-content\/uploads\/2020\/04\/dmi65.png\",\"contentUrl\":\"https:\/\/dmi65.com\/wp-content\/uploads\/2020\/04\/dmi65.png\",\"width\":440,\"height\":205,\"caption\":\"DMI-65 & Quantum Filtration Pty Ltd\"},\"image\":{\"@id\":\"https:\/\/dmi65.com\/es\/#\/schema\/logo\/image\/\"},\"sameAs\":[\"https:\/\/www.linkedin.com\/company\/dmi-65\",\"https:\/\/www.youtube.com\/channel\/UCbXoMn5KBp2jrnx4KR_Qg4A\"]}]}<\/script>\n<!-- \/ Yoast SEO plugin. -->","yoast_head_json":{"title":"Ficha t\u00e9cnica - DMI-65\u00ae","robots":{"index":"index","follow":"follow","max-snippet":"max-snippet:-1","max-image-preview":"max-image-preview:large","max-video-preview":"max-video-preview:-1"},"canonical":"https:\/\/dmi65.com\/es\/tecnicas\/ficha-tecnica-datos\/","og_locale":"es_ES","og_type":"article","og_title":"Ficha t\u00e9cnica - DMI-65\u00ae","og_description":"[vc_row][vc_column][vc_btn title=\u00bbDESCARGUE EL DOCUMENTO\u00bb style=\u00bboutline-custom\u00bb outline_custom_color=\u00bb#dd4949&#8243; outline_custom_hover_background=\u00bb#dd3333&#8243; outline_custom_hover_text=\u00bb#ffffff\u00bb shape=\u00bbsquare\u00bb align=\u00bbleft\u00bb i_icon_fontawesome=\u00bbfas fa-file-alt\u00bb add_icon=\u00bbtrue\u00bb link=\u00bburl:%2Fwp-content%2Fuploads%2F2020%2F05%2FActivating-DMI-65-Step-by-Step-Procedure.pdf|\u00bb][vc_column_text] Para la eliminaci\u00f3n de hierro, manganeso, ars\u00e9nico, aluminio, sulfuro de hidr\u00f3geno y otros metales pesados de los suministros de agua Tecnolog\u00eda de infusi\u00f3n: Los potentes agentes oxidantes se infunden qu\u00edmicamente a la subexiete micro-poroso del material de la matriz. La tecnolog\u00eda&hellip;","og_url":"https:\/\/dmi65.com\/es\/tecnicas\/ficha-tecnica-datos\/","og_site_name":"DMI-65\u00ae","article_modified_time":"2020-06-09T11:47:49+00:00","og_image":[{"width":466,"height":200,"url":"https:\/\/dmi65.com\/wp-content\/uploads\/2020\/06\/dmi65_Logo_Blk.png","type":"image\/png"}],"twitter_card":"summary_large_image","twitter_misc":{"Tiempo de lectura":"13 minutos"},"schema":{"@context":"https:\/\/schema.org","@graph":[{"@type":"WebPage","@id":"https:\/\/dmi65.com\/es\/tecnicas\/ficha-tecnica-datos\/","url":"https:\/\/dmi65.com\/es\/tecnicas\/ficha-tecnica-datos\/","name":"Ficha t\u00e9cnica - DMI-65\u00ae","isPartOf":{"@id":"https:\/\/dmi65.com\/es\/#website"},"datePublished":"2020-06-09T11:47:39+00:00","dateModified":"2020-06-09T11:47:49+00:00","breadcrumb":{"@id":"https:\/\/dmi65.com\/es\/tecnicas\/ficha-tecnica-datos\/#breadcrumb"},"inLanguage":"es","potentialAction":[{"@type":"ReadAction","target":["https:\/\/dmi65.com\/es\/tecnicas\/ficha-tecnica-datos\/"]}]},{"@type":"BreadcrumbList","@id":"https:\/\/dmi65.com\/es\/tecnicas\/ficha-tecnica-datos\/#breadcrumb","itemListElement":[{"@type":"ListItem","position":1,"name":"Home","item":"https:\/\/dmi65.com\/es\/"},{"@type":"ListItem","position":2,"name":"T\u00e9cnicas","item":"https:\/\/dmi65.com\/es\/tecnicas\/"},{"@type":"ListItem","position":3,"name":"Ficha t\u00e9cnica"}]},{"@type":"WebSite","@id":"https:\/\/dmi65.com\/es\/#website","url":"https:\/\/dmi65.com\/es\/","name":"DMI-65\u00ae","description":"Water Filtration &amp; Reverse Osmosis Treatment, Catalytic Media","publisher":{"@id":"https:\/\/dmi65.com\/es\/#organization"},"potentialAction":[{"@type":"SearchAction","target":{"@type":"EntryPoint","urlTemplate":"https:\/\/dmi65.com\/es\/?s={search_term_string}"},"query-input":{"@type":"PropertyValueSpecification","valueRequired":true,"valueName":"search_term_string"}}],"inLanguage":"es"},{"@type":"Organization","@id":"https:\/\/dmi65.com\/es\/#organization","name":"DMI-65 & Quantum Filtration Pty Ltd","url":"https:\/\/dmi65.com\/es\/","logo":{"@type":"ImageObject","inLanguage":"es","@id":"https:\/\/dmi65.com\/es\/#\/schema\/logo\/image\/","url":"https:\/\/dmi65.com\/wp-content\/uploads\/2020\/04\/dmi65.png","contentUrl":"https:\/\/dmi65.com\/wp-content\/uploads\/2020\/04\/dmi65.png","width":440,"height":205,"caption":"DMI-65 & Quantum Filtration Pty Ltd"},"image":{"@id":"https:\/\/dmi65.com\/es\/#\/schema\/logo\/image\/"},"sameAs":["https:\/\/www.linkedin.com\/company\/dmi-65","https:\/\/www.youtube.com\/channel\/UCbXoMn5KBp2jrnx4KR_Qg4A"]}]}},"_links":{"self":[{"href":"https:\/\/dmi65.com\/es\/wp-json\/wp\/v2\/pages\/6267","targetHints":{"allow":["GET"]}}],"collection":[{"href":"https:\/\/dmi65.com\/es\/wp-json\/wp\/v2\/pages"}],"about":[{"href":"https:\/\/dmi65.com\/es\/wp-json\/wp\/v2\/types\/page"}],"author":[{"embeddable":true,"href":"https:\/\/dmi65.com\/es\/wp-json\/wp\/v2\/users\/1"}],"replies":[{"embeddable":true,"href":"https:\/\/dmi65.com\/es\/wp-json\/wp\/v2\/comments?post=6267"}],"version-history":[{"count":0,"href":"https:\/\/dmi65.com\/es\/wp-json\/wp\/v2\/pages\/6267\/revisions"}],"up":[{"embeddable":true,"href":"https:\/\/dmi65.com\/es\/wp-json\/wp\/v2\/pages\/7166"}],"wp:attachment":[{"href":"https:\/\/dmi65.com\/es\/wp-json\/wp\/v2\/media?parent=6267"}],"curies":[{"name":"wp","href":"https:\/\/api.w.org\/{rel}","templated":true}]}}