{"id":6154,"date":"2020-06-09T19:27:32","date_gmt":"2020-06-09T11:27:32","guid":{"rendered":"http:\/\/dmi65.com\/certificacion-calidad-del-agua\/"},"modified":"2020-06-09T19:27:36","modified_gmt":"2020-06-09T11:27:36","slug":"certificacion-calidad-del-agua","status":"publish","type":"page","link":"https:\/\/dmi65.com\/es\/tecnicas\/certificacion-calidad-del-agua\/","title":{"rendered":"Certificaci\u00f3n y calidad del agua"},"content":{"rendered":"<div class=\"wpb-content-wrapper\"><p>[vc_row][vc_column width=\u00bb2\/3&#8243;][vc_column_text]<\/p>\n<h4>Asociaci\u00f3n de Calidad del Agua<\/h4>\n<p><strong>COMPONENTES CERTIFICADOS DEL SISTEMA DE AGUA POTABLE<\/strong><\/p>\n<p>NSF\/ANSI-61 (03\/05\/2012): Componentes del sistema de agua potable \u2013 Efectos en la salud est\u00e1 dentro del alcance aprobado por ANSI y SCC de la acreditaci\u00f3n bajo el Esquema de Componentes del Sistema de Agua Potable<\/p>\n<p>Esta Norma establece requisitos m\u00ednimos de efectos para la salud para los contaminantes qu\u00edmicos y las impurezas que se imparten indirectamente al agua potable a partir de productos, componentes y materiales utilizados en sistemas de agua potable. Esta Norma no establece requisitos de rendimiento, sabor y olor, ni de soporte de crecimiento microbiano para productos, componentes o materiales de sistemas de agua potable.<\/p>\n<p>Los productos de tratamiento de agua potable certificados seg\u00fan NSF\/ANSI 61 no han sido probados ni evaluados para determinar el rendimiento de reducci\u00f3n de contaminantes. Las pruebas de reducci\u00f3n de contaminantes y las reclamaciones de certificaci\u00f3n se evaluar\u00e1n a trav\u00e9s de las normas de tratamiento residencial de agua potable de la industria.<\/p>\n<p><strong>Inglaterra y Gales<\/strong><\/p>\n<p><em>En virtud del Reglamento 31, apartado 4, letra a), del Reglamento de suministro de agua (Calidad del Agua) 2010 Sl No.994 (W.99)<\/em>[\/vc_column_text][\/vc_column][vc_column width=\u00bb1\/3&#8243;][vc_single_image image=\u00bb4791&#8243; img_size=\u00bbfull\u00bb][vc_single_image image=\u00bb5126&#8243; img_size=\u00bbfull\u00bb onclick=\u00bblink_image\u00bb][\/vc_column][\/vc_row]<\/p>\n<\/div>","protected":false},"excerpt":{"rendered":"<p>[vc_row][vc_column width=\u00bb2\/3&#8243;][vc_column_text] Asociaci\u00f3n de Calidad del Agua COMPONENTES CERTIFICADOS DEL SISTEMA DE AGUA POTABLE NSF\/ANSI-61 (03\/05\/2012): Componentes del sistema de agua potable \u2013 Efectos en la salud est\u00e1 dentro del alcance aprobado por ANSI y SCC de la acreditaci\u00f3n bajo el Esquema de Componentes del Sistema de Agua Potable Esta Norma establece requisitos m\u00ednimos de&hellip;<\/p>\n","protected":false},"author":1,"featured_media":0,"parent":7166,"menu_order":0,"comment_status":"closed","ping_status":"closed","template":"","meta":{"content-type":"","footnotes":""},"class_list":["post-6154","page","type-page","status-publish","hentry","description-off"],"yoast_head":"<!-- This site is optimized with the Yoast SEO plugin v25.2 - https:\/\/yoast.com\/wordpress\/plugins\/seo\/ -->\n<title>Certificaci\u00f3n y calidad del agua - DMI-65\u00ae<\/title>\n<meta name=\"robots\" content=\"index, follow, max-snippet:-1, max-image-preview:large, max-video-preview:-1\" \/>\n<link rel=\"canonical\" href=\"https:\/\/dmi65.com\/es\/tecnicas\/certificacion-calidad-del-agua\/\" \/>\n<meta property=\"og:locale\" content=\"es_ES\" \/>\n<meta property=\"og:type\" content=\"article\" \/>\n<meta property=\"og:title\" content=\"Certificaci\u00f3n y calidad del agua - DMI-65\u00ae\" \/>\n<meta property=\"og:description\" content=\"[vc_row][vc_column width=\u00bb2\/3&#8243;][vc_column_text] Asociaci\u00f3n de Calidad del Agua COMPONENTES CERTIFICADOS DEL SISTEMA DE AGUA POTABLE NSF\/ANSI-61 (03\/05\/2012): Componentes del sistema de agua potable \u2013 Efectos en la salud est\u00e1 dentro del alcance aprobado por ANSI y SCC de la acreditaci\u00f3n bajo el Esquema de Componentes del Sistema de Agua Potable Esta Norma establece requisitos m\u00ednimos de&hellip;\" \/>\n<meta property=\"og:url\" content=\"https:\/\/dmi65.com\/es\/tecnicas\/certificacion-calidad-del-agua\/\" \/>\n<meta property=\"og:site_name\" content=\"DMI-65\u00ae\" \/>\n<meta property=\"article:modified_time\" content=\"2020-06-09T11:27:36+00:00\" \/>\n<meta property=\"og:image\" content=\"https:\/\/dmi65.com\/wp-content\/uploads\/2020\/06\/dmi65_Logo_Blk.png\" \/>\n\t<meta property=\"og:image:width\" content=\"466\" \/>\n\t<meta property=\"og:image:height\" content=\"200\" \/>\n\t<meta property=\"og:image:type\" content=\"image\/png\" \/>\n<meta name=\"twitter:card\" content=\"summary_large_image\" \/>\n<meta name=\"twitter:label1\" content=\"Tiempo de lectura\" \/>\n\t<meta name=\"twitter:data1\" content=\"1 minuto\" \/>\n<script type=\"application\/ld+json\" class=\"yoast-schema-graph\">{\"@context\":\"https:\/\/schema.org\",\"@graph\":[{\"@type\":\"WebPage\",\"@id\":\"https:\/\/dmi65.com\/es\/tecnicas\/certificacion-calidad-del-agua\/\",\"url\":\"https:\/\/dmi65.com\/es\/tecnicas\/certificacion-calidad-del-agua\/\",\"name\":\"Certificaci\u00f3n y calidad del agua - DMI-65\u00ae\",\"isPartOf\":{\"@id\":\"https:\/\/dmi65.com\/es\/#website\"},\"datePublished\":\"2020-06-09T11:27:32+00:00\",\"dateModified\":\"2020-06-09T11:27:36+00:00\",\"breadcrumb\":{\"@id\":\"https:\/\/dmi65.com\/es\/tecnicas\/certificacion-calidad-del-agua\/#breadcrumb\"},\"inLanguage\":\"es\",\"potentialAction\":[{\"@type\":\"ReadAction\",\"target\":[\"https:\/\/dmi65.com\/es\/tecnicas\/certificacion-calidad-del-agua\/\"]}]},{\"@type\":\"BreadcrumbList\",\"@id\":\"https:\/\/dmi65.com\/es\/tecnicas\/certificacion-calidad-del-agua\/#breadcrumb\",\"itemListElement\":[{\"@type\":\"ListItem\",\"position\":1,\"name\":\"Home\",\"item\":\"https:\/\/dmi65.com\/es\/\"},{\"@type\":\"ListItem\",\"position\":2,\"name\":\"T\u00e9cnicas\",\"item\":\"https:\/\/dmi65.com\/es\/tecnicas\/\"},{\"@type\":\"ListItem\",\"position\":3,\"name\":\"Certificaci\u00f3n y calidad del agua\"}]},{\"@type\":\"WebSite\",\"@id\":\"https:\/\/dmi65.com\/es\/#website\",\"url\":\"https:\/\/dmi65.com\/es\/\",\"name\":\"DMI-65\u00ae\",\"description\":\"Water Filtration &amp; Reverse Osmosis Treatment, Catalytic Media\",\"publisher\":{\"@id\":\"https:\/\/dmi65.com\/es\/#organization\"},\"potentialAction\":[{\"@type\":\"SearchAction\",\"target\":{\"@type\":\"EntryPoint\",\"urlTemplate\":\"https:\/\/dmi65.com\/es\/?s={search_term_string}\"},\"query-input\":{\"@type\":\"PropertyValueSpecification\",\"valueRequired\":true,\"valueName\":\"search_term_string\"}}],\"inLanguage\":\"es\"},{\"@type\":\"Organization\",\"@id\":\"https:\/\/dmi65.com\/es\/#organization\",\"name\":\"DMI-65 & Quantum Filtration Pty Ltd\",\"url\":\"https:\/\/dmi65.com\/es\/\",\"logo\":{\"@type\":\"ImageObject\",\"inLanguage\":\"es\",\"@id\":\"https:\/\/dmi65.com\/es\/#\/schema\/logo\/image\/\",\"url\":\"https:\/\/dmi65.com\/wp-content\/uploads\/2020\/04\/dmi65.png\",\"contentUrl\":\"https:\/\/dmi65.com\/wp-content\/uploads\/2020\/04\/dmi65.png\",\"width\":440,\"height\":205,\"caption\":\"DMI-65 & Quantum Filtration Pty Ltd\"},\"image\":{\"@id\":\"https:\/\/dmi65.com\/es\/#\/schema\/logo\/image\/\"},\"sameAs\":[\"https:\/\/www.linkedin.com\/company\/dmi-65\",\"https:\/\/www.youtube.com\/channel\/UCbXoMn5KBp2jrnx4KR_Qg4A\"]}]}<\/script>\n<!-- \/ Yoast SEO plugin. -->","yoast_head_json":{"title":"Certificaci\u00f3n y calidad del agua - DMI-65\u00ae","robots":{"index":"index","follow":"follow","max-snippet":"max-snippet:-1","max-image-preview":"max-image-preview:large","max-video-preview":"max-video-preview:-1"},"canonical":"https:\/\/dmi65.com\/es\/tecnicas\/certificacion-calidad-del-agua\/","og_locale":"es_ES","og_type":"article","og_title":"Certificaci\u00f3n y calidad del agua - DMI-65\u00ae","og_description":"[vc_row][vc_column width=\u00bb2\/3&#8243;][vc_column_text] Asociaci\u00f3n de Calidad del Agua COMPONENTES CERTIFICADOS DEL SISTEMA DE AGUA POTABLE NSF\/ANSI-61 (03\/05\/2012): Componentes del sistema de agua potable \u2013 Efectos en la salud est\u00e1 dentro del alcance aprobado por ANSI y SCC de la acreditaci\u00f3n bajo el Esquema de Componentes del Sistema de Agua Potable Esta Norma establece requisitos m\u00ednimos de&hellip;","og_url":"https:\/\/dmi65.com\/es\/tecnicas\/certificacion-calidad-del-agua\/","og_site_name":"DMI-65\u00ae","article_modified_time":"2020-06-09T11:27:36+00:00","og_image":[{"width":466,"height":200,"url":"https:\/\/dmi65.com\/wp-content\/uploads\/2020\/06\/dmi65_Logo_Blk.png","type":"image\/png"}],"twitter_card":"summary_large_image","twitter_misc":{"Tiempo de lectura":"1 minuto"},"schema":{"@context":"https:\/\/schema.org","@graph":[{"@type":"WebPage","@id":"https:\/\/dmi65.com\/es\/tecnicas\/certificacion-calidad-del-agua\/","url":"https:\/\/dmi65.com\/es\/tecnicas\/certificacion-calidad-del-agua\/","name":"Certificaci\u00f3n y calidad del agua - DMI-65\u00ae","isPartOf":{"@id":"https:\/\/dmi65.com\/es\/#website"},"datePublished":"2020-06-09T11:27:32+00:00","dateModified":"2020-06-09T11:27:36+00:00","breadcrumb":{"@id":"https:\/\/dmi65.com\/es\/tecnicas\/certificacion-calidad-del-agua\/#breadcrumb"},"inLanguage":"es","potentialAction":[{"@type":"ReadAction","target":["https:\/\/dmi65.com\/es\/tecnicas\/certificacion-calidad-del-agua\/"]}]},{"@type":"BreadcrumbList","@id":"https:\/\/dmi65.com\/es\/tecnicas\/certificacion-calidad-del-agua\/#breadcrumb","itemListElement":[{"@type":"ListItem","position":1,"name":"Home","item":"https:\/\/dmi65.com\/es\/"},{"@type":"ListItem","position":2,"name":"T\u00e9cnicas","item":"https:\/\/dmi65.com\/es\/tecnicas\/"},{"@type":"ListItem","position":3,"name":"Certificaci\u00f3n y calidad del agua"}]},{"@type":"WebSite","@id":"https:\/\/dmi65.com\/es\/#website","url":"https:\/\/dmi65.com\/es\/","name":"DMI-65\u00ae","description":"Water Filtration &amp; Reverse Osmosis Treatment, Catalytic Media","publisher":{"@id":"https:\/\/dmi65.com\/es\/#organization"},"potentialAction":[{"@type":"SearchAction","target":{"@type":"EntryPoint","urlTemplate":"https:\/\/dmi65.com\/es\/?s={search_term_string}"},"query-input":{"@type":"PropertyValueSpecification","valueRequired":true,"valueName":"search_term_string"}}],"inLanguage":"es"},{"@type":"Organization","@id":"https:\/\/dmi65.com\/es\/#organization","name":"DMI-65 & Quantum Filtration Pty Ltd","url":"https:\/\/dmi65.com\/es\/","logo":{"@type":"ImageObject","inLanguage":"es","@id":"https:\/\/dmi65.com\/es\/#\/schema\/logo\/image\/","url":"https:\/\/dmi65.com\/wp-content\/uploads\/2020\/04\/dmi65.png","contentUrl":"https:\/\/dmi65.com\/wp-content\/uploads\/2020\/04\/dmi65.png","width":440,"height":205,"caption":"DMI-65 & Quantum Filtration Pty Ltd"},"image":{"@id":"https:\/\/dmi65.com\/es\/#\/schema\/logo\/image\/"},"sameAs":["https:\/\/www.linkedin.com\/company\/dmi-65","https:\/\/www.youtube.com\/channel\/UCbXoMn5KBp2jrnx4KR_Qg4A"]}]}},"_links":{"self":[{"href":"https:\/\/dmi65.com\/es\/wp-json\/wp\/v2\/pages\/6154","targetHints":{"allow":["GET"]}}],"collection":[{"href":"https:\/\/dmi65.com\/es\/wp-json\/wp\/v2\/pages"}],"about":[{"href":"https:\/\/dmi65.com\/es\/wp-json\/wp\/v2\/types\/page"}],"author":[{"embeddable":true,"href":"https:\/\/dmi65.com\/es\/wp-json\/wp\/v2\/users\/1"}],"replies":[{"embeddable":true,"href":"https:\/\/dmi65.com\/es\/wp-json\/wp\/v2\/comments?post=6154"}],"version-history":[{"count":0,"href":"https:\/\/dmi65.com\/es\/wp-json\/wp\/v2\/pages\/6154\/revisions"}],"up":[{"embeddable":true,"href":"https:\/\/dmi65.com\/es\/wp-json\/wp\/v2\/pages\/7166"}],"wp:attachment":[{"href":"https:\/\/dmi65.com\/es\/wp-json\/wp\/v2\/media?parent=6154"}],"curies":[{"name":"wp","href":"https:\/\/api.w.org\/{rel}","templated":true}]}}