{"id":6114,"date":"2020-06-09T18:53:27","date_gmt":"2020-06-09T10:53:27","guid":{"rendered":"http:\/\/dmi65.com\/advanced-oxidation-process-for-water-filtration\/"},"modified":"2020-06-26T15:31:21","modified_gmt":"2020-06-26T07:31:21","slug":"advanced-oxidation-process-for-water-filtration","status":"publish","type":"page","link":"https:\/\/dmi65.com\/es\/tecnicas\/advanced-oxidation-process-for-water-filtration\/","title":{"rendered":"Proceso avanzado de oxidaci\u00f3n para la filtraci\u00f3n de agua"},"content":{"rendered":"<div class=\"wpb-content-wrapper\"><p>[vc_row][vc_column]<div class=\"dt-fancy-separator title-left h2-size style-disabled\" style=\"width: 100%;\"><div class=\"dt-fancy-title\"><span class=\"separator-holder separator-left\"><\/span>Proceso avanzado de oxidaci\u00f3n para la filtraci\u00f3n de agua<span class=\"separator-holder separator-right\"><\/span><\/div><\/div>[vc_separator color=\u00bbcustom\u00bb accent_color=\u00bb#162441&#8243; css=\u00bb.vc_custom_1590629801215{margin-top: 15px !important;margin-bottom: 15px !important;}\u00bb][vc_column_text css=\u00bb.vc_custom_1593060991353{margin-bottom: 15px !important;}\u00bb]<strong>Proceso avanzado de oxidaci\u00f3n<\/strong> DMI-65 es un medio de filtraci\u00f3n de agua catal\u00edtico basado en arena de s\u00edlice extremadamente potente que est\u00e1 dise\u00f1ado para la eliminaci\u00f3n de hierro y manganeso sin el uso de permanganato de potasio. La estructura microporosa \u00fanica de DMI-65 elimina eficientemente el hierro disuelto a los niveles casi indetectables de tan solo 0,001 PPM y manganeso a 0,001 PPM. DMI-65 act\u00faa como catalizador de oxidaci\u00f3n con oxidaci\u00f3n inmediata y filtraci\u00f3n de los precipitados insolubles derivados de esta reacci\u00f3n de oxidaci\u00f3n. DMI-65 tambi\u00e9n puede <a href=\"http:\/\/dmi65.com\/es\/soluciones\/eliminacion-de-arsenico\/\">eliminar ars\u00e9nico,<\/a>aluminio y otros metales pesados y <a href=\"https:\/\/en.wikipedia.org\/wiki\/Hydrogen_sulfide\" target=\"_blank\" rel=\"noopener noreferrer\">sulfuro de hidr\u00f3geno<\/a> bajo ciertas condiciones.[\/vc_column_text]<div class=\"uavc-list-icon uavc-list-icon-wrapper ult-adjust-bottom-margin   vc_custom_1592371109262  vc_custom_1592371109262\"><ul class=\"uavc-list\"><li><div class=\"uavc-list-content\" id=\"list-icon-wrap-4070\">\n<div class=\"uavc-list-icon  \" data-animation=\"\" data-animation-delay=\"03\" style=\"margin-right:20px;\"><div class=\"ult-just-icon-wrapper  \"><div class=\"align-icon\" style=\"text-align:center;\">\n<div class=\"aio-icon none \"  style=\"color:#81d742;font-size:20px;display:inline-block;\">\n\t<i class=\"fas fa-check\"><\/i>\n<\/div><\/div><\/div>\n<\/div><span  data-ultimate-target='#list-icon-wrap-4070 .uavc-list-desc'  data-responsive-json-new='{\"font-size\":\"\",\"line-height\":\"\"}'  class=\"uavc-list-desc ult-responsive\" style=\"\"><strong>Reducir el tiempo de inactividad<\/strong><\/p>\n<p><\/span><\/div><\/li><li><div class=\"uavc-list-content\" id=\"list-icon-wrap-3756\">\n<div class=\"uavc-list-icon  \" data-animation=\"\" data-animation-delay=\"03\" style=\"margin-right:20px;\"><div class=\"ult-just-icon-wrapper  \"><div class=\"align-icon\" style=\"text-align:center;\">\n<div class=\"aio-icon none \"  style=\"color:#81d742;font-size:20px;display:inline-block;\">\n\t<i class=\"fas fa-check\"><\/i>\n<\/div><\/div><\/div>\n<\/div><span  data-ultimate-target='#list-icon-wrap-3756 .uavc-list-desc'  data-responsive-json-new='{\"font-size\":\"\",\"line-height\":\"\"}'  class=\"uavc-list-desc ult-responsive\" style=\"\"><strong>Ahorre en costosas limpiezas y reemplazos de membranas<\/strong><\/p>\n<p><\/span><\/div><\/li><li><div class=\"uavc-list-content\" id=\"list-icon-wrap-7556\">\n<div class=\"uavc-list-icon  \" data-animation=\"\" data-animation-delay=\"03\" style=\"margin-right:20px;\"><div class=\"ult-just-icon-wrapper  \"><div class=\"align-icon\" style=\"text-align:center;\">\n<div class=\"aio-icon none \"  style=\"color:#81d742;font-size:20px;display:inline-block;\">\n\t<i class=\"fas fa-check\"><\/i>\n<\/div><\/div><\/div>\n<\/div><span  data-ultimate-target='#list-icon-wrap-7556 .uavc-list-desc'  data-responsive-json-new='{\"font-size\":\"\",\"line-height\":\"\"}'  class=\"uavc-list-desc ult-responsive\" style=\"\"><strong>Mejorar significativamente el rendimiento del sistema reduciendo la inversi\u00f3n inicial de capital del sistema<\/strong><\/p>\n<p><\/span><\/div><\/li><li><div class=\"uavc-list-content\" id=\"list-icon-wrap-2022\">\n<div class=\"uavc-list-icon  \" data-animation=\"\" data-animation-delay=\"03\" style=\"margin-right:20px;\"><div class=\"ult-just-icon-wrapper  \"><div class=\"align-icon\" style=\"text-align:center;\">\n<div class=\"aio-icon none \"  style=\"color:#81d742;font-size:20px;display:inline-block;\">\n\t<i class=\"fas fa-check\"><\/i>\n<\/div><\/div><\/div>\n<\/div><span  data-ultimate-target='#list-icon-wrap-2022 .uavc-list-desc'  data-responsive-json-new='{\"font-size\":\"\",\"line-height\":\"\"}'  class=\"uavc-list-desc ult-responsive\" style=\"\"><strong>Alta tasa de desinfecci\u00f3n alcanzada<\/strong><\/p>\n<p><\/span><\/div><\/li><li><div class=\"uavc-list-content\" id=\"list-icon-wrap-7617\">\n<div class=\"uavc-list-icon  \" data-animation=\"\" data-animation-delay=\"03\" style=\"margin-right:20px;\"><div class=\"ult-just-icon-wrapper  \"><div class=\"align-icon\" style=\"text-align:center;\">\n<div class=\"aio-icon none \"  style=\"color:#81d742;font-size:20px;display:inline-block;\">\n\t<i class=\"fas fa-check\"><\/i>\n<\/div><\/div><\/div>\n<\/div><span  data-ultimate-target='#list-icon-wrap-7617 .uavc-list-desc'  data-responsive-json-new='{\"font-size\":\"\",\"line-height\":\"\"}'  class=\"uavc-list-desc ult-responsive\" style=\"\"><strong>Sin lixiviaci\u00f3n de productos qu\u00edmicos<\/strong><\/p>\n<p><\/span><\/div><\/li><li><div class=\"uavc-list-content\" id=\"list-icon-wrap-1474\">\n<div class=\"uavc-list-icon  \" data-animation=\"\" data-animation-delay=\"03\" style=\"margin-right:20px;\"><div class=\"ult-just-icon-wrapper  \"><div class=\"align-icon\" style=\"text-align:center;\">\n<div class=\"aio-icon none \"  style=\"color:#81d742;font-size:20px;display:inline-block;\">\n\t<i class=\"fas fa-check\"><\/i>\n<\/div><\/div><\/div>\n<\/div><span  data-ultimate-target='#list-icon-wrap-1474 .uavc-list-desc'  data-responsive-json-new='{\"font-size\":\"\",\"line-height\":\"\"}'  class=\"uavc-list-desc ult-responsive\" style=\"\"><strong>Ahorro sustancial de costes de toda la vida<\/strong><\/p>\n<p><\/span><\/div><\/li><\/ul><\/div>[vc_column_text css=\u00bb.vc_custom_1592371070967{margin-top: 0px !important;}\u00bb]<\/p>\n<h4>Soluci\u00f3n de costo de toda la vida m\u00e1s baja<\/h4>\n<p><strong>Tratamiento de Hierro y Manganeso de Bajo Costo<\/strong><br \/>\nDMI-65 reduce significativamente los costos operativos de la eliminaci\u00f3n de hierro y manganeso en la filtraci\u00f3n de agua debido a las siguientes caracter\u00edsticas de rendimiento:<\/p>\n<p><strong>Regeneraci\u00f3n no requerida<\/strong><br \/>\nEl medio funciona con una inyecci\u00f3n continua de hipoclorito s\u00f3dico a niveles residuales bajos (0,1 a 0,3 ppm) lo que elimina la necesidad de regeneraci\u00f3n con permanganato de potasio que tanto el costo como el tiempo son caros<\/p>\n<p><strong>Larga vida<\/strong><br \/>\nDMI-65 no se consume en el proceso d\u00e1ndole una vida operativa esperada de hasta 10 a\u00f1os, proporcionando ventajas considerables sobre otros procesos o medios. El medio no muestra una capacidad en descomposici\u00f3n para realizar su trabajo catal\u00edtico. Durante el per\u00edodo de 5 a 10 a\u00f1os, a trav\u00e9s de muchas operaciones de retrolavado de la cama para eliminar los s\u00f3lidos retenidos, se produce una p\u00e9rdida de desgaste de los medios por contacto entre part\u00edculas y abrasi\u00f3n mec\u00e1nica.<\/p>\n<p><strong>Alta capacidad de carga<\/strong><br \/>\nDebido al aumento de la superficie debido a la estructura micro porosa del material de matriz, DMI-65 tiene una mayor capacidad de carga de hierro y manganeso que puede extender la duraci\u00f3n de los conductos de filtro y el tiempo entre el lavado hacia atr\u00e1s, reduciendo as\u00ed el tiempo de inactividad, los gastos de funcionamiento y el desperdicio.<\/p>\n<p><strong>Reducci\u00f3n de los costos totales de la soluci\u00f3n de tratamiento de agua<\/strong><\/p>\n<p>El uso de DMI-65 en una soluci\u00f3n de tratamiento de agua para la eliminaci\u00f3n o la eliminaci\u00f3n de hierro y manganeso contribuye a una reducci\u00f3n del costo de inversi\u00f3n de capital de la soluci\u00f3n de filtraci\u00f3n de agua:<\/p>\n<p><strong>Altas tasas de flujo<\/strong><br \/>\nLa tecnolog\u00eda infundida de DMI-65 promueve la mayor tasa de oxidaci\u00f3n de cualquier medio de filtraci\u00f3n catal\u00edtica. Esto permite un caudal de agua significativamente mayor para lograr el mismo nivel de eliminaci\u00f3n de hierro y manganeso. DMI-65 puede operar a velocidades de filtraci\u00f3n lineales de hasta el doble que los medios convencionales con la correspondiente reducci\u00f3n en los costos de los equipos de capital.<\/p>\n<p><strong>Reducir la redundancia<\/strong><br \/>\nLa contaminaci\u00f3n por hierro y manganeso puede reducir materialmente el rendimiento de los sistemas de tratamiento de agua. La eficacia de DMI-65 en la eliminaci\u00f3n de los niveles de contaminaci\u00f3n de hierro y manganeso permite que el sistema de filtraci\u00f3n de agua funcione m\u00e1s cerca de los niveles clasificados, reduciendo as\u00ed la cantidad de sobrecapacidad costosa que se adquirir\u00eda para alcanzar los niveles de producci\u00f3n requeridos.<\/p>\n<p><strong>Amplio entorno operativo<\/strong><br \/>\nRendimiento estable y satisfactorio a pH 5.8 a 8.6. y una temperatura m\u00e1xima de funcionamiento de 113o F (45oC) reduce la necesidad de inversi\u00f3n para alterar el entorno operativo.<\/p>\n<h4>DMI-65 Proceso avanzado de oxidaci\u00f3n<\/h4>\n<p>Nuestro Proceso Avanzado de Oxidaci\u00f3n (\u00abAOP\u00bb) utiliza el material catal\u00edtico altamente reactivo DMI-65 para impulsar los procesos de reducci\u00f3n\/oxidaci\u00f3n (redox) en el agua. Este material promueve una oxidaci\u00f3n m\u00e1s fuerte que el ox\u00edgeno molecular y los oxidantes ordinarios. Bajo ciertas condiciones los metales pesados pueden ser dif\u00edciles de oxidar a hidr\u00f3xidos insolubles, sin embargo nuestro AOP basado en DMI-65 aumenta la tasa de reacci\u00f3n y logra un mayor grado de purificaci\u00f3n.<\/p>\n<p>En esencia, los oxidantes y los medios trabajan juntos para oxidar un s\u00f3lido disuelto en un s\u00f3lido suspendido que luego se filtra en la profundidad del lecho de medios. Si un elemento no se puede oxidar y precipitar, el medio no puede eliminarlo. El medio \u00abayuda\u00bb a que se produzcan reacciones qu\u00edmicas al interactuar con la reacci\u00f3n de oxidaci\u00f3n sin ser alterado permanentemente.<\/p>\n<p>El hierro y el manganeso existen en el agua del agujero como bicarbonato. DMI-65 act\u00faa como un catalizador de oxidaci\u00f3n en el verdadero significado de la palabra y facilita la oxidaci\u00f3n \u2013 precipitaci\u00f3n \u2013 filtraci\u00f3n. Estrictamente hablando, el medio facilita las reacciones qu\u00edmicas y no elimina expl\u00edcitamente nada, aunque una vez oxidado, el aspecto de filtraci\u00f3n de profundidad de los medios elimina los s\u00f3lidos creados por la oxidaci\u00f3n que luego se sacan peri\u00f3dicamente de los recipientes filtrantes.<\/p>\n<p>El cloro, alimentado como hipoclorito de sodio o lej\u00eda (12,5 NaOCl), es el oxidante preferido ya que es relativamente barato, f\u00e1cilmente disponible en todo el mundo y es eficaz. Otros oxidantes como el per\u00f3xido de hidr\u00f3geno (H2O2), el di\u00f3xido de cloro (ClO2) o el ozono tambi\u00e9n se pueden utilizar siempre y cuando se pueda medir y mantener un residuo. La elecci\u00f3n de oxidantes debe estar sujeta a un an\u00e1lisis detallado, ya que el rendimiento var\u00eda seg\u00fan el entorno operativo.<\/p>\n<p>Otra funci\u00f3n del cloro es que mantiene los medios libres de bioensuciamiento bacteriano o crecimiento de baba que reducen su rendimiento. La necesidad de a\u00f1adir un oxidante como parte del proceso DMI-65 tambi\u00e9n significa que tambi\u00e9n se aborda la etapa final del proceso de desinfecci\u00f3n del tratamiento del agua.<\/p>\n<p>Para obtener resultados de tratamiento eficaces, el proceso avanzado de oxidaci\u00f3n DMI-65 se integra en un sistema de tratamiento completo. Los procesos de tratamiento se organizan en tres etapas: acondicionamiento previo al tratamiento, tratamiento catal\u00edtico DMI-65 AOP y tratamiento de AOP catal\u00edtico posterior a DMI-65.<\/p>\n<p>El proceso de oxidaci\u00f3n avanzado DMI-65 funcionar\u00e1 en la mayor\u00eda de las configuraciones de filtraci\u00f3n vertical.<br \/>\nEl pretratamiento permite la implementaci\u00f3n flexible de una serie de procesos tradicionales; sin embargo, las mejoras significativas en el rendimiento y las reducciones de costos generalmente se logran a partir de la integraci\u00f3n con la siguiente etapa, AOP. La etapa de tratamiento catal\u00edtico posterior a DMI-65 puede incluir filtraci\u00f3n fina que comprende filtros de 5 y 1 micra, una barrera de filtraci\u00f3n secundaria que utiliza filtros de resoluci\u00f3n fina.<\/p>\n<p><strong>Eliminaci\u00f3n de ars\u00e9nico<\/strong><br \/>\nEl medio tambi\u00e9n se puede utilizar para eliminar el ars\u00e9nico (As). En este caso, los medios de comunicaci\u00f3n en realidad no quitan el As, sino que se basa en el hecho de que el ars\u00e9nico y el hierro (Fe) forman f\u00e1cilmente un complejo y cuando los medios de comunicaci\u00f3n sacan el Fe toma el As con \u00e9l. Si el agua tiene Como presente pero no Fe ser\u00e1 necesario a\u00f1adir cloruro f\u00e9rrico al agua. Cabe se\u00f1alar que esto s\u00f3lo se aplica a inorg\u00e1nico Como (Como III y V) ya que no todos org\u00e1nicos como se une f\u00e1cilmente con el Fe. Dado que el ars\u00e9nico es extremadamente venenoso (clasificado como sustancia cancer\u00edgena humana del grupo 1), el dise\u00f1o de la planta de tratamiento de agua debe probarse mediante pruebas piloto para establecer la configuraci\u00f3n correcta o el uso de sistemas de eliminaci\u00f3n de ars\u00e9nico basados en DMI-65 ya probados.<\/p>\n<p><strong>Eliminaci\u00f3n de sulfuro de hidr\u00f3geno<\/strong><br \/>\nLos medios tambi\u00e9n se pueden utilizar como una tecnolog\u00eda simple y de bajo costo para eliminar H2S. El proceso de oxidaci\u00f3n avanzado DMI-65 act\u00faa como catalizador de oxidaci\u00f3n y facilita la oxidaci\u00f3n de cualquier H2S no oxidado por la inyecci\u00f3n de cloro. El azufre se filtra en el lecho de medios.<\/p>\n<h4>Utiliza<\/h4>\n<p>Adem\u00e1s del derecho humano b\u00e1sico a tener acceso a agua potable limpia y segura, la mayor\u00eda de las industrias que utilizan agua en su producci\u00f3n requieren purificaci\u00f3n de agua para garantizar la integridad de sus productos de la m\u00e1s alta calidad y que el rendimiento de sus equipos de procesamiento o fabricaci\u00f3n no se ve comprometido.<br \/>\nEl agua para el consumo o utilizada en las industrias de procesamiento de alimentos debe estar limpia, con hierro y manganeso muy por debajo de los niveles regulados, baja dureza y alcalinidad y libre de sabor indeseable, olores y cloro.<\/p>\n<p>El agua utilizada en las industrias y sistemas de procesamiento necesita agua que se trate para la eliminaci\u00f3n de hierro y manganeso con el fin de lograr el mayor rendimiento posible de sus sistemas. Este rendimiento puede ser una medida de la salida o el tiempo de inactividad para el mantenimiento.<br \/>\nTambi\u00e9n debe abordarse el impacto en el medio ambiente. El agua gastada, o la producci\u00f3n de las operaciones de deshidrataci\u00f3n deben tener el exceso de hierro y manganeso eliminados para evitar da\u00f1os a las \u00e1reas de producci\u00f3n del ecosistema. Las instalaciones deben cumplir con las normas, reducirse con productos qu\u00edmicos, reciclar y minimizarse.[\/vc_column_text][\/vc_column][\/vc_row][vc_row content_placement=\u00bbmiddle\u00bb css=\u00bb.vc_custom_1592794121420{padding-top: 20px !important;padding-right: 20px !important;padding-bottom: 5px !important;padding-left: 20px !important;}\u00bb el_class=\u00bbcta\u00bb][vc_column]<div class=\"dt-fancy-separator\" style=\"width: 100%;\"><div class=\"dt-fancy-title\"><span class=\"separator-holder separator-left\"><\/span>Consulte para obtener m\u00e1s informaci\u00f3n sobre el proceso de oxidaci\u00f3n avanzada mediante DMI-65\u00ae<span class=\"separator-holder separator-right\"><\/span><\/div><\/div>[vc_btn title=\u00bbPreguntas t\u00e9cnicas\u00bb style=\u00bbcustom\u00bb custom_background=\u00bb#162441&#8243; custom_text=\u00bb#ffffff\u00bb shape=\u00bbsquare\u00bb size=\u00bblg\u00bb align=\u00bbcenter\u00bb i_align=\u00bbright\u00bb i_icon_fontawesome=\u00bbfas fa-chevron-right\u00bb add_icon=\u00bbtrue\u00bb css=\u00bb.vc_custom_1593050402705{margin-top: 20px !important;}\u00bb el_class=\u00bbctaButton sg-popup-id-8549&#8243;][\/vc_column][\/vc_row]<\/p>\n<\/div>","protected":false},"excerpt":{"rendered":"<p>[vc_row][vc_column][vc_separator color=\u00bbcustom\u00bb accent_color=\u00bb#162441&#8243; css=\u00bb.vc_custom_1590629801215{margin-top: 15px !important;margin-bottom: 15px !important;}\u00bb][vc_column_text css=\u00bb.vc_custom_1593060991353{margin-bottom: 15px !important;}\u00bb]Proceso avanzado de oxidaci\u00f3n DMI-65 es un medio de filtraci\u00f3n de agua catal\u00edtico basado en arena de s\u00edlice extremadamente potente que est\u00e1 dise\u00f1ado para la eliminaci\u00f3n de hierro y manganeso sin el uso de permanganato de potasio. La estructura microporosa \u00fanica de DMI-65 elimina eficientemente&hellip;<\/p>\n","protected":false},"author":1,"featured_media":0,"parent":7166,"menu_order":0,"comment_status":"closed","ping_status":"closed","template":"","meta":{"content-type":"","footnotes":""},"class_list":["post-6114","page","type-page","status-publish","hentry","description-off"],"yoast_head":"<!-- This site is optimized with the Yoast SEO plugin v25.2 - https:\/\/yoast.com\/wordpress\/plugins\/seo\/ -->\n<title>Proceso avanzado de oxidaci\u00f3n para la filtraci\u00f3n de agua - DMI-65\u00ae<\/title>\n<meta name=\"description\" content=\"El proceso avanzado de oxidaci\u00f3n para la filtraci\u00f3n de agua utilizando DMI-65 crea ventajas significativas en comparaci\u00f3n con los productos de la competencia.\" \/>\n<meta name=\"robots\" content=\"index, follow, max-snippet:-1, max-image-preview:large, max-video-preview:-1\" \/>\n<link rel=\"canonical\" href=\"https:\/\/dmi65.com\/es\/tecnicas\/advanced-oxidation-process-for-water-filtration\/\" \/>\n<meta property=\"og:locale\" content=\"es_ES\" \/>\n<meta property=\"og:type\" content=\"article\" \/>\n<meta property=\"og:title\" content=\"Proceso avanzado de oxidaci\u00f3n para la filtraci\u00f3n de agua - DMI-65\u00ae\" \/>\n<meta property=\"og:description\" content=\"El proceso avanzado de oxidaci\u00f3n para la filtraci\u00f3n de agua utilizando DMI-65 crea ventajas significativas en comparaci\u00f3n con los productos de la competencia.\" \/>\n<meta property=\"og:url\" content=\"https:\/\/dmi65.com\/es\/tecnicas\/advanced-oxidation-process-for-water-filtration\/\" \/>\n<meta property=\"og:site_name\" content=\"DMI-65\u00ae\" \/>\n<meta property=\"article:modified_time\" content=\"2020-06-26T07:31:21+00:00\" \/>\n<meta property=\"og:image\" content=\"https:\/\/dmi65.com\/wp-content\/uploads\/2020\/06\/dmi65_Logo_Blk.png\" \/>\n\t<meta property=\"og:image:width\" content=\"466\" \/>\n\t<meta property=\"og:image:height\" content=\"200\" \/>\n\t<meta property=\"og:image:type\" content=\"image\/png\" \/>\n<meta name=\"twitter:card\" content=\"summary_large_image\" \/>\n<meta name=\"twitter:label1\" content=\"Tiempo de lectura\" \/>\n\t<meta name=\"twitter:data1\" content=\"9 minutos\" \/>\n<script type=\"application\/ld+json\" class=\"yoast-schema-graph\">{\"@context\":\"https:\/\/schema.org\",\"@graph\":[{\"@type\":\"WebPage\",\"@id\":\"https:\/\/dmi65.com\/es\/tecnicas\/advanced-oxidation-process-for-water-filtration\/\",\"url\":\"https:\/\/dmi65.com\/es\/tecnicas\/advanced-oxidation-process-for-water-filtration\/\",\"name\":\"Proceso avanzado de oxidaci\u00f3n para la filtraci\u00f3n de agua - DMI-65\u00ae\",\"isPartOf\":{\"@id\":\"https:\/\/dmi65.com\/es\/#website\"},\"datePublished\":\"2020-06-09T10:53:27+00:00\",\"dateModified\":\"2020-06-26T07:31:21+00:00\",\"description\":\"El proceso avanzado de oxidaci\u00f3n para la filtraci\u00f3n de agua utilizando DMI-65 crea ventajas significativas en comparaci\u00f3n con los productos de la competencia.\",\"breadcrumb\":{\"@id\":\"https:\/\/dmi65.com\/es\/tecnicas\/advanced-oxidation-process-for-water-filtration\/#breadcrumb\"},\"inLanguage\":\"es\",\"potentialAction\":[{\"@type\":\"ReadAction\",\"target\":[\"https:\/\/dmi65.com\/es\/tecnicas\/advanced-oxidation-process-for-water-filtration\/\"]}]},{\"@type\":\"BreadcrumbList\",\"@id\":\"https:\/\/dmi65.com\/es\/tecnicas\/advanced-oxidation-process-for-water-filtration\/#breadcrumb\",\"itemListElement\":[{\"@type\":\"ListItem\",\"position\":1,\"name\":\"Home\",\"item\":\"https:\/\/dmi65.com\/es\/\"},{\"@type\":\"ListItem\",\"position\":2,\"name\":\"T\u00e9cnicas\",\"item\":\"https:\/\/dmi65.com\/es\/tecnicas\/\"},{\"@type\":\"ListItem\",\"position\":3,\"name\":\"Proceso avanzado de oxidaci\u00f3n para la filtraci\u00f3n de agua\"}]},{\"@type\":\"WebSite\",\"@id\":\"https:\/\/dmi65.com\/es\/#website\",\"url\":\"https:\/\/dmi65.com\/es\/\",\"name\":\"DMI-65\u00ae\",\"description\":\"Water Filtration &amp; Reverse Osmosis Treatment, Catalytic Media\",\"publisher\":{\"@id\":\"https:\/\/dmi65.com\/es\/#organization\"},\"potentialAction\":[{\"@type\":\"SearchAction\",\"target\":{\"@type\":\"EntryPoint\",\"urlTemplate\":\"https:\/\/dmi65.com\/es\/?s={search_term_string}\"},\"query-input\":{\"@type\":\"PropertyValueSpecification\",\"valueRequired\":true,\"valueName\":\"search_term_string\"}}],\"inLanguage\":\"es\"},{\"@type\":\"Organization\",\"@id\":\"https:\/\/dmi65.com\/es\/#organization\",\"name\":\"DMI-65 & Quantum Filtration Pty Ltd\",\"url\":\"https:\/\/dmi65.com\/es\/\",\"logo\":{\"@type\":\"ImageObject\",\"inLanguage\":\"es\",\"@id\":\"https:\/\/dmi65.com\/es\/#\/schema\/logo\/image\/\",\"url\":\"https:\/\/dmi65.com\/wp-content\/uploads\/2020\/04\/dmi65.png\",\"contentUrl\":\"https:\/\/dmi65.com\/wp-content\/uploads\/2020\/04\/dmi65.png\",\"width\":440,\"height\":205,\"caption\":\"DMI-65 & Quantum Filtration Pty Ltd\"},\"image\":{\"@id\":\"https:\/\/dmi65.com\/es\/#\/schema\/logo\/image\/\"},\"sameAs\":[\"https:\/\/www.linkedin.com\/company\/dmi-65\",\"https:\/\/www.youtube.com\/channel\/UCbXoMn5KBp2jrnx4KR_Qg4A\"]}]}<\/script>\n<!-- \/ Yoast SEO plugin. -->","yoast_head_json":{"title":"Proceso avanzado de oxidaci\u00f3n para la filtraci\u00f3n de agua - DMI-65\u00ae","description":"El proceso avanzado de oxidaci\u00f3n para la filtraci\u00f3n de agua utilizando DMI-65 crea ventajas significativas en comparaci\u00f3n con los productos de la competencia.","robots":{"index":"index","follow":"follow","max-snippet":"max-snippet:-1","max-image-preview":"max-image-preview:large","max-video-preview":"max-video-preview:-1"},"canonical":"https:\/\/dmi65.com\/es\/tecnicas\/advanced-oxidation-process-for-water-filtration\/","og_locale":"es_ES","og_type":"article","og_title":"Proceso avanzado de oxidaci\u00f3n para la filtraci\u00f3n de agua - DMI-65\u00ae","og_description":"El proceso avanzado de oxidaci\u00f3n para la filtraci\u00f3n de agua utilizando DMI-65 crea ventajas significativas en comparaci\u00f3n con los productos de la competencia.","og_url":"https:\/\/dmi65.com\/es\/tecnicas\/advanced-oxidation-process-for-water-filtration\/","og_site_name":"DMI-65\u00ae","article_modified_time":"2020-06-26T07:31:21+00:00","og_image":[{"width":466,"height":200,"url":"https:\/\/dmi65.com\/wp-content\/uploads\/2020\/06\/dmi65_Logo_Blk.png","type":"image\/png"}],"twitter_card":"summary_large_image","twitter_misc":{"Tiempo de lectura":"9 minutos"},"schema":{"@context":"https:\/\/schema.org","@graph":[{"@type":"WebPage","@id":"https:\/\/dmi65.com\/es\/tecnicas\/advanced-oxidation-process-for-water-filtration\/","url":"https:\/\/dmi65.com\/es\/tecnicas\/advanced-oxidation-process-for-water-filtration\/","name":"Proceso avanzado de oxidaci\u00f3n para la filtraci\u00f3n de agua - DMI-65\u00ae","isPartOf":{"@id":"https:\/\/dmi65.com\/es\/#website"},"datePublished":"2020-06-09T10:53:27+00:00","dateModified":"2020-06-26T07:31:21+00:00","description":"El proceso avanzado de oxidaci\u00f3n para la filtraci\u00f3n de agua utilizando DMI-65 crea ventajas significativas en comparaci\u00f3n con los productos de la competencia.","breadcrumb":{"@id":"https:\/\/dmi65.com\/es\/tecnicas\/advanced-oxidation-process-for-water-filtration\/#breadcrumb"},"inLanguage":"es","potentialAction":[{"@type":"ReadAction","target":["https:\/\/dmi65.com\/es\/tecnicas\/advanced-oxidation-process-for-water-filtration\/"]}]},{"@type":"BreadcrumbList","@id":"https:\/\/dmi65.com\/es\/tecnicas\/advanced-oxidation-process-for-water-filtration\/#breadcrumb","itemListElement":[{"@type":"ListItem","position":1,"name":"Home","item":"https:\/\/dmi65.com\/es\/"},{"@type":"ListItem","position":2,"name":"T\u00e9cnicas","item":"https:\/\/dmi65.com\/es\/tecnicas\/"},{"@type":"ListItem","position":3,"name":"Proceso avanzado de oxidaci\u00f3n para la filtraci\u00f3n de agua"}]},{"@type":"WebSite","@id":"https:\/\/dmi65.com\/es\/#website","url":"https:\/\/dmi65.com\/es\/","name":"DMI-65\u00ae","description":"Water Filtration &amp; Reverse Osmosis Treatment, Catalytic Media","publisher":{"@id":"https:\/\/dmi65.com\/es\/#organization"},"potentialAction":[{"@type":"SearchAction","target":{"@type":"EntryPoint","urlTemplate":"https:\/\/dmi65.com\/es\/?s={search_term_string}"},"query-input":{"@type":"PropertyValueSpecification","valueRequired":true,"valueName":"search_term_string"}}],"inLanguage":"es"},{"@type":"Organization","@id":"https:\/\/dmi65.com\/es\/#organization","name":"DMI-65 & Quantum Filtration Pty Ltd","url":"https:\/\/dmi65.com\/es\/","logo":{"@type":"ImageObject","inLanguage":"es","@id":"https:\/\/dmi65.com\/es\/#\/schema\/logo\/image\/","url":"https:\/\/dmi65.com\/wp-content\/uploads\/2020\/04\/dmi65.png","contentUrl":"https:\/\/dmi65.com\/wp-content\/uploads\/2020\/04\/dmi65.png","width":440,"height":205,"caption":"DMI-65 & Quantum Filtration Pty Ltd"},"image":{"@id":"https:\/\/dmi65.com\/es\/#\/schema\/logo\/image\/"},"sameAs":["https:\/\/www.linkedin.com\/company\/dmi-65","https:\/\/www.youtube.com\/channel\/UCbXoMn5KBp2jrnx4KR_Qg4A"]}]}},"_links":{"self":[{"href":"https:\/\/dmi65.com\/es\/wp-json\/wp\/v2\/pages\/6114","targetHints":{"allow":["GET"]}}],"collection":[{"href":"https:\/\/dmi65.com\/es\/wp-json\/wp\/v2\/pages"}],"about":[{"href":"https:\/\/dmi65.com\/es\/wp-json\/wp\/v2\/types\/page"}],"author":[{"embeddable":true,"href":"https:\/\/dmi65.com\/es\/wp-json\/wp\/v2\/users\/1"}],"replies":[{"embeddable":true,"href":"https:\/\/dmi65.com\/es\/wp-json\/wp\/v2\/comments?post=6114"}],"version-history":[{"count":0,"href":"https:\/\/dmi65.com\/es\/wp-json\/wp\/v2\/pages\/6114\/revisions"}],"up":[{"embeddable":true,"href":"https:\/\/dmi65.com\/es\/wp-json\/wp\/v2\/pages\/7166"}],"wp:attachment":[{"href":"https:\/\/dmi65.com\/es\/wp-json\/wp\/v2\/media?parent=6114"}],"curies":[{"name":"wp","href":"https:\/\/api.w.org\/{rel}","templated":true}]}}