{"id":6012,"date":"2020-06-09T11:44:19","date_gmt":"2020-06-09T03:44:19","guid":{"rendered":"http:\/\/dmi65.com\/reticulacion-del-espacio-terrestre\/"},"modified":"2020-06-26T11:32:03","modified_gmt":"2020-06-26T03:32:03","slug":"reticulacion-del-espacio-terrestre","status":"publish","type":"page","link":"https:\/\/dmi65.com\/es\/soluciones\/reticulacion-del-espacio-terrestre\/","title":{"rendered":"Tratamiento de agua para aguas grises"},"content":{"rendered":"<div class=\"wpb-content-wrapper\"><p>[vc_row][vc_column][vc_column_text css=\u00bb.vc_custom_1592451670113{margin-top: 15px !important;margin-bottom: 15px !important;}\u00bb]<strong>Tratamiento de aguas grises, reticulaci\u00f3n paisaj\u00edstica y jardines:<\/strong> DMI-65 es un medio de filtraci\u00f3n de agua de acci\u00f3n catal\u00edtica basado en arena de s\u00edlice extremadamente potente que est\u00e1 dise\u00f1ado para la eliminaci\u00f3n de hierro y manganeso sin el uso de permanganato de potasio a trav\u00e9s de un proceso de oxidaci\u00f3n avanzado. La suciedad de hierro es muy com\u00fan. Como cualquier suciedad, causa una p\u00e9rdida de rendimiento del sistema de membrana, espec\u00edficamente p\u00e9rdida de flujo. Adem\u00e1s, la presencia de hierro hace que la membrana sea m\u00e1s susceptible al da\u00f1o por oxidaci\u00f3n.[\/vc_column_text][\/vc_column][\/vc_row][vc_row][vc_column]<div class=\"uavc-list-icon uavc-list-icon-wrapper ult-adjust-bottom-margin   vc_custom_1590987405882  vc_custom_1590987405882\"><ul class=\"uavc-list\"><li><div class=\"uavc-list-content\" id=\"list-icon-wrap-1555\">\n<div class=\"uavc-list-icon  \" data-animation=\"\" data-animation-delay=\"03\" style=\"margin-right:20px;\"><div class=\"ult-just-icon-wrapper  \"><div class=\"align-icon\" style=\"text-align:center;\">\n<div class=\"aio-icon none \"  style=\"color:#81d742;font-size:20px;display:inline-block;\">\n\t<i class=\"fas fa-check\"><\/i>\n<\/div><\/div><\/div>\n<\/div><span  data-ultimate-target='#list-icon-wrap-1555 .uavc-list-desc'  data-responsive-json-new='{\"font-size\":\"\",\"line-height\":\"\"}'  class=\"uavc-list-desc ult-responsive\" style=\"\"><strong>Reducir el tiempo de inactividad<\/strong><\/p>\n<p><\/span><\/div><\/li><li><div class=\"uavc-list-content\" id=\"list-icon-wrap-6197\">\n<div class=\"uavc-list-icon  \" data-animation=\"\" data-animation-delay=\"03\" style=\"margin-right:20px;\"><div class=\"ult-just-icon-wrapper  \"><div class=\"align-icon\" style=\"text-align:center;\">\n<div class=\"aio-icon none \"  style=\"color:#81d742;font-size:20px;display:inline-block;\">\n\t<i class=\"fas fa-check\"><\/i>\n<\/div><\/div><\/div>\n<\/div><span  data-ultimate-target='#list-icon-wrap-6197 .uavc-list-desc'  data-responsive-json-new='{\"font-size\":\"\",\"line-height\":\"\"}'  class=\"uavc-list-desc ult-responsive\" style=\"\"><strong>Ahorre en costosas limpiezas y reemplazos de membranas<\/strong><\/p>\n<p><\/span><\/div><\/li><li><div class=\"uavc-list-content\" id=\"list-icon-wrap-2096\">\n<div class=\"uavc-list-icon  \" data-animation=\"\" data-animation-delay=\"03\" style=\"margin-right:20px;\"><div class=\"ult-just-icon-wrapper  \"><div class=\"align-icon\" style=\"text-align:center;\">\n<div class=\"aio-icon none \"  style=\"color:#81d742;font-size:20px;display:inline-block;\">\n\t<i class=\"fas fa-check\"><\/i>\n<\/div><\/div><\/div>\n<\/div><span  data-ultimate-target='#list-icon-wrap-2096 .uavc-list-desc'  data-responsive-json-new='{\"font-size\":\"\",\"line-height\":\"\"}'  class=\"uavc-list-desc ult-responsive\" style=\"\"><strong>Mejorar significativamente el rendimiento del sistema reduciendo la inversi\u00f3n inicial de capital del sistema<\/strong><\/p>\n<p><\/span><\/div><\/li><li><div class=\"uavc-list-content\" id=\"list-icon-wrap-4071\">\n<div class=\"uavc-list-icon  \" data-animation=\"\" data-animation-delay=\"03\" style=\"margin-right:20px;\"><div class=\"ult-just-icon-wrapper  \"><div class=\"align-icon\" style=\"text-align:center;\">\n<div class=\"aio-icon none \"  style=\"color:#81d742;font-size:20px;display:inline-block;\">\n\t<i class=\"fas fa-check\"><\/i>\n<\/div><\/div><\/div>\n<\/div><span  data-ultimate-target='#list-icon-wrap-4071 .uavc-list-desc'  data-responsive-json-new='{\"font-size\":\"\",\"line-height\":\"\"}'  class=\"uavc-list-desc ult-responsive\" style=\"\"><strong>Alta tasa de desinfecci\u00f3n alcanzada<\/strong><\/p>\n<p><\/span><\/div><\/li><li><div class=\"uavc-list-content\" id=\"list-icon-wrap-6248\">\n<div class=\"uavc-list-icon  \" data-animation=\"\" data-animation-delay=\"03\" style=\"margin-right:20px;\"><div class=\"ult-just-icon-wrapper  \"><div class=\"align-icon\" style=\"text-align:center;\">\n<div class=\"aio-icon none \"  style=\"color:#81d742;font-size:20px;display:inline-block;\">\n\t<i class=\"fas fa-check\"><\/i>\n<\/div><\/div><\/div>\n<\/div><span  data-ultimate-target='#list-icon-wrap-6248 .uavc-list-desc'  data-responsive-json-new='{\"font-size\":\"\",\"line-height\":\"\"}'  class=\"uavc-list-desc ult-responsive\" style=\"\"><strong>Sin lixiviaci\u00f3n de productos qu\u00edmicos<\/strong><\/p>\n<p><\/span><\/div><\/li><li><div class=\"uavc-list-content\" id=\"list-icon-wrap-9115\">\n<div class=\"uavc-list-icon  \" data-animation=\"\" data-animation-delay=\"03\" style=\"margin-right:20px;\"><div class=\"ult-just-icon-wrapper  \"><div class=\"align-icon\" style=\"text-align:center;\">\n<div class=\"aio-icon none \"  style=\"color:#81d742;font-size:20px;display:inline-block;\">\n\t<i class=\"fas fa-check\"><\/i>\n<\/div><\/div><\/div>\n<\/div><span  data-ultimate-target='#list-icon-wrap-9115 .uavc-list-desc'  data-responsive-json-new='{\"font-size\":\"\",\"line-height\":\"\"}'  class=\"uavc-list-desc ult-responsive\" style=\"\"><strong>Ahorro sustancial de costes de toda la vida <\/strong><\/p>\n<p><\/span><\/div><\/li><\/ul><\/div><q class=\"text-big shortcode-pullquote wf-cell align-left wf-1\"><p>DMI-65 es un medio de filtraci\u00f3n de agua de acci\u00f3n catal\u00edtica basado en arena de s\u00edlice extremadamente potente que est\u00e1 dise\u00f1ado para la eliminaci\u00f3n de hierro y manganeso sin el uso de permanganato de potasio a trav\u00e9s de un <a href=\"http:\/\/dmi65.com\/es\/tecnicas\/advanced-oxidation-process-for-water-filtration\/\">proceso de oxidaci\u00f3n avanzado.<\/a><\/p>\n<\/q>[vc_column_text css=\u00bb.vc_custom_1592452309378{margin-bottom: 0px !important;}\u00bb]El hierro disuelto en las aguas subterr\u00e1neas que se entrega a trav\u00e9s de sistemas de riego puede producir manchas antiest\u00e9ticas de \u00f3xido en edificios, caminos, cercas y plantas en muchas \u00e1reas. El hidr\u00f3xido de hierro disuelto de aguas subterr\u00e1neas ricas en hierro com\u00fanmente asociados con sedimentos org\u00e1nicos, condiciones \u00e1cidas, ausencia de ox\u00edgeno disuelto y\/o actividad microbiol\u00f3gica (bacterias de hierro). El resultado es una tinci\u00f3n oxidada (de color marr\u00f3n rojizo a veces acompa\u00f1ada de rayas multicolores) en cualquier estructura o planta que reciba aerosol de riego durante un per\u00edodo prolongado. La tinci\u00f3n negra asociada puede ser causada por la presencia de carbono del suelo o \u00f3xido de manganeso. Estas manchas de \u00f3xido resisten la limpieza con jabones, detergentes y lej\u00eda.<\/p>\n<p>El hierro es el metal que es m\u00e1s abundante en la Tierra y por lo tanto es muy com\u00fan en los suelos y las aguas subterr\u00e1neas. El hierro disuelto se produce naturalmente en aguas subterr\u00e1neas en concentraciones de hasta alrededor de 50 mg\/L. Las sales de hierro se vuelven cada vez m\u00e1s solubles a medida que las aguas subterr\u00e1neas se vuelven m\u00e1s \u00e1cidas. En las aguas subterr\u00e1neas sin ox\u00edgeno y \u00e1cidas (con un pH inferior a 5), las concentraciones de hierro de entre 1 y 20 mg\/L son comunes (generalmente como carbonatos estables). El hierro se encuentra normalmente disuelto en las aguas subterr\u00e1neas en la forma ferrosa reducida (Fe2+) y se oxida a una forma f\u00e9rrica relativamente insoluble (Fe3+) cuando se eleva el pH de las aguas subterr\u00e1neas (alcalinidad) y se expone al ox\u00edgeno en el aire.<\/p>\n<p>Cuando las aguas subterr\u00e1neas \u00e1cidas ricas en hierro se extraen y se mezclan con aire, di\u00f3xido de carbono y sulfuro de hidr\u00f3geno (gas de huevo podrido) se libera con frecuencia, el pH se eleva y el hierro se deposita como hidr\u00f3xido f\u00e9rrico (\u00f3xido) en cualquier superficie plana a medida que el agua se evapora. Con el tiempo, este recubrimiento de \u00f3xido se acumula causando decoloraci\u00f3n, especialmente en superficies de color claro.<\/p>\n<p>El hierro tambi\u00e9n puede estar presente naturalmente en las aguas subterr\u00e1neas como filamentos de bacterias viscosas, a veces mal olorosos (como Acidithiobacillus ferrooxidans). Estas bacterias son inofensivas, poco probable que se asienten, y decoloran el agua marr\u00f3n, a menudo con un brillo aceitoso.<\/p>\n<p>Los dep\u00f3sitos de hierro y las bacterias del hierro pueden causar incrustaciones y problemas de bloqueo en los sistemas de riego, especialmente aquellos que dependen de peque\u00f1os orificios para el control de la presi\u00f3n o la entrega a trav\u00e9s de goteros de agua. La b\u00e1scula de hierro tambi\u00e9n puede afectar la transferencia de calor en los sistemas de agua caliente.<\/p>\n<p>La tinci\u00f3n de hierro es antiest\u00e9tica, pero no debe causar da\u00f1os graves a las plantas, animales o seres humanos o da\u00f1os estructurales. Con altas concentraciones de hierro (m\u00e1s de 20 mg\/L) algunas plantas con tinci\u00f3n de hierro pueden experimentar una reducci\u00f3n en la fotos\u00edntesis y el vigor.<\/p>\n<p>Las aguas con concentraciones de hierro superiores a 1 mg\/L (equivalentes a una parte por mill\u00f3n) son m\u00e1s propensas a producir tinci\u00f3n de hierro.<\/p>\n<p>La incorporaci\u00f3n de una filtraci\u00f3n de pretratamiento DMI-65 reducir\u00e1 materialmente estos s\u00edntomas, as\u00ed como beneficiar\u00e1 al sistema de RO total al realizar la desintenci\u00f3n y la filtraci\u00f3n mec\u00e1nica de s\u00f3lidos no resueltos.<\/p>\n<p>DMI-65 es tecnolog\u00eda infundida y no s\u00f3lo una tecnolog\u00eda de recubrimiento superficial, a diferencia de otros medios de filtraci\u00f3n de agua catal\u00edtico, que elimina la posibilidad de cualquier lixiviaci\u00f3n qu\u00edmica en la corriente de agua. Es ideal para problemas relacionados con el tratamiento del agua para aguas grises y la optimizaci\u00f3n de los sistemas de reticulaci\u00f3n del paisaje.<\/p>\n<p>Para iniciar el proceso de oxidaci\u00f3n del hierro (y manganeso) en la soluci\u00f3n DMI-65 est\u00e1 dise\u00f1ado para funcionar en presencia de cloro u otro oxidante. En este proceso el oxidante elimina electrones y se consume en el proceso. El operador debe asegurarse de que hay un residuo de cloro libre de 0,1 a 0,3 ppm en el agua del efluente. El cloro, alimentado como hipoclorito de sodio o lej\u00eda (12,5 NaOCl), es el oxidante preferido ya que es relativamente barato, f\u00e1cilmente disponible en todo el mundo y es eficaz. Tambi\u00e9n realiza la gran mayor\u00eda de cualquier proceso desinfectante.<\/p>\n<p>DMI-65 ha sido certificado seg\u00fan la Norma estadounidense de NSF\/ANSI 61 para componentes del sistema de agua potable y para su uso en Inglaterra y Gales en virtud de la Regulaci\u00f3n 31(4)(a) de las regulaciones de suministro de agua (Calidad del Agua) 2010 y tambi\u00e9n ha sido probado por muchas otras autoridades y laboratorios de tratamiento de agua.<\/p>\n<p>DMI-65 se fabrica en Australia.<br \/>\n<strong><br \/>\nHistorial de casos: tratamiento de agua para la reticulaci\u00f3n de aguas grises y paisajes<\/strong><br \/>\nEl campus de salud de St John of God Bunbury se encuentra en el principal centro regional en el suroeste de Australia Occidental. El sitio de 15 hect\u00e1reas tiene un extenso paisaje que se reticula utilizando agua subterr\u00e1nea. Como es t\u00edpico de las aguas subterr\u00e1neas, tiene altos niveles de hierro (fe) y (Mn), que dejan manchas antiest\u00e9ticas, hierro rojo bio fouling y lodo de manganeso negro en caminos a pie, paredes caracter\u00edsticas, puertas de vidrio y ventanas<\/p>\n<p>Despu\u00e9s de extensas pruebas se identific\u00f3 que el sistema de filtraci\u00f3n basado en greensand de manganeso existente era capaz de eliminar s\u00f3lo un poco de hierro disuelto y ten\u00eda poco o ning\u00fan efecto en el nivel de manganeso.<\/p>\n<p>El sistema basado en permanganato de potasio se cambi\u00f3 a un sistema que utiliza Quantum DMI-65, lo que aument\u00f3 el nivel de eliminaci\u00f3n de hierro y tambi\u00e9n abord\u00f3 el problema con el manganeso. Los niveles se redujeron a muy por debajo de las Directrices Australianas de Agua Potable y las Normas de la Organizaci\u00f3n Mundial de la Salud para el Agua Potable. Los niveles de hierro se redujeron de 11,8 mg\/l a 0,005 mg\/l y los niveles de manganeso pasaron de 0,49 mg\/l a 0,001 mg\/l. Adem\u00e1s, tambi\u00e9n hay pruebas de que el DMI-65 elimin\u00f3 positivamente otros metales pesados como el zinc (Zn), el bario (Ba) y <a href=\"https:\/\/en.wikipedia.org\/wiki\/Arsenic\" target=\"_blank\" rel=\"noopener noreferrer\">el ars\u00e9nico (As).<\/a><\/p>\n<p>Menor costo de toda la vida \u00fatil; Puntos de venta clave espec\u00edficos de RO<\/p>\n<p>La tecnolog\u00eda infundida de DMI-65 promueve la mayor tasa de oxidaci\u00f3n de cualquier medio de filtraci\u00f3n catal\u00edtica. Como consecuencia, esto permite un caudal significativamente mayor para lograr el mismo nivel de eliminaci\u00f3n de hierro y manganeso.<\/p>\n<h4><strong>Tratamiento de agua para aguas grises &#8211; usando DMI-65 resolver\u00e1 sus problemas con la tinci\u00f3n de hierro y manganeso,<\/strong><strong>, <\/strong> <\/h4>\n<p><strong>Altas tasas de flujo<\/strong><strong>. <\/strong>DMI-65 puede operar a velocidades de filtraci\u00f3n lineales de hasta el doble que los medios convencionales con la correspondiente reducci\u00f3n en los costos de los equipos de capital. Esto se traduce en mayores caudales a trav\u00e9s del sistema RO, particularmente debido a la mejora del rendimiento como resultado de la reducci\u00f3n de la suciedad del hierro.<\/p>\n<p>Debido al aumento de la superficie de la estructura micro porosa del material m\u00e1trico utilizado, el DMI-65 tambi\u00e9n tiene una mayor capacidad de carga, extendiendo as\u00ed el tiempo entre el lavado hacia atr\u00e1s, reduciendo as\u00ed el tiempo de inactividad y el desperdicio.<\/p>\n<p>DMI-65 es muy bajo mantenimiento, despu\u00e9s de la activaci\u00f3n inicial, s\u00f3lo se requiere alimentaci\u00f3n de hipoclorito de sodio junto con retrolavado regular. Funciona bajo un amplio rango de pH, se logra un rendimiento estable y satisfactorio a un pH de 5,8 a 8,6.<\/p>\n<p>Los medios no tienen un recubrimiento en el sentido tradicional. Los componentes activos no se colocan simplemente en capas sobre la superficie, sino que se aplican con una mejor adherencia a trav\u00e9s de la difusi\u00f3n en el sustrato de s\u00edlice. DMI-65 no se consume en el proceso, proporcionando ventajas considerables sobre otros procesos o medios no muestra una capacidad en descomposici\u00f3n para hacer su trabajo catal\u00edtico. Durante un per\u00edodo de 5 a 10 a\u00f1os, a trav\u00e9s de muchas operaciones de retrolavado de la cama para eliminar los s\u00f3lidos retenidos, la capa catal\u00edtica se degrada por el contacto entre las part\u00edculas y la abrasi\u00f3n mec\u00e1nica.[\/vc_column_text][\/vc_column][\/vc_row][vc_row][vc_column][vc_empty_space height=\u00bb20px\u00bb]<div class=\"dt-fancy-separator\" style=\"width: 100%;\"><div class=\"dt-fancy-title\"><span class=\"separator-holder separator-left\"><\/span>Caso pr\u00e1ctico: Tratamiento del agua para la reticulaci\u00f3n del paisaje<span class=\"separator-holder separator-right\"><\/span><\/div><\/div>[vc_empty_space height=\u00bb20px\u00bb][vc_basic_grid post_type=\u00bbpost\u00bb max_items=\u00bb2&#8243; element_width=\u00bb6&#8243; item=\u00bbmasonryGrid_Default\u00bb grid_id=\u00bbvc_gid:1592798402547-5c399c1c-8988-6&#8243; taxonomies=\u00bb1132&#8243;][\/vc_column][\/vc_row][vc_row content_placement=\u00bbmiddle\u00bb css=\u00bb.vc_custom_1592794121420{padding-top: 20px !important;padding-right: 20px !important;padding-bottom: 5px !important;padding-left: 20px !important;}\u00bb el_class=\u00bbcta\u00bb][vc_column]<div class=\"dt-fancy-separator\" style=\"width: 100%;\"><div class=\"dt-fancy-title\"><span class=\"separator-holder separator-left\"><\/span>Consulte c\u00f3mo los medios de filtraci\u00f3n DMI-65\u00ae pueden ayudarle con sus necesidades de reticulaci\u00f3n de aguas grises y paisajes.<span class=\"separator-holder separator-right\"><\/span><\/div><\/div>[vc_btn title=\u00bbInvestigar\u00bb style=\u00bbcustom\u00bb custom_background=\u00bb#162441&#8243; custom_text=\u00bb#ffffff\u00bb shape=\u00bbsquare\u00bb size=\u00bblg\u00bb align=\u00bbcenter\u00bb i_align=\u00bbright\u00bb i_icon_fontawesome=\u00bbfas fa-chevron-right\u00bb add_icon=\u00bbtrue\u00bb css=\u00bb.vc_custom_1592793128520{margin-top: 20px !important;}\u00bb el_class=\u00bbctaButton sg-popup-id-8233&#8243;][\/vc_column][\/vc_row]<\/p>\n<\/div>","protected":false},"excerpt":{"rendered":"<p>[vc_row][vc_column][vc_column_text css=\u00bb.vc_custom_1592451670113{margin-top: 15px !important;margin-bottom: 15px !important;}\u00bb]Tratamiento de aguas grises, reticulaci\u00f3n paisaj\u00edstica y jardines: DMI-65 es un medio de filtraci\u00f3n de agua de acci\u00f3n catal\u00edtica basado en arena de s\u00edlice extremadamente potente que est\u00e1 dise\u00f1ado para la eliminaci\u00f3n de hierro y manganeso sin el uso de permanganato de potasio a trav\u00e9s de un proceso de oxidaci\u00f3n&hellip;<\/p>\n","protected":false},"author":1,"featured_media":0,"parent":7148,"menu_order":0,"comment_status":"closed","ping_status":"closed","template":"","meta":{"content-type":"","footnotes":""},"class_list":["post-6012","page","type-page","status-publish","hentry","description-off"],"yoast_head":"<!-- This site is optimized with the Yoast SEO plugin v25.2 - https:\/\/yoast.com\/wordpress\/plugins\/seo\/ -->\n<title>Tratamiento de agua para aguas grises y reticulaci\u00f3n del paisaje - DMI-65\u00ae<\/title>\n<meta name=\"description\" content=\"DMI-65 se puede utilizar como tratamiento de agua para sistemas de reticulaci\u00f3n de aguas grises y paisajes, lo que resulta en menos mantenimiento y gastos.\" \/>\n<meta name=\"robots\" content=\"index, follow, max-snippet:-1, max-image-preview:large, max-video-preview:-1\" \/>\n<link rel=\"canonical\" href=\"https:\/\/dmi65.com\/es\/soluciones\/reticulacion-del-espacio-terrestre\/\" \/>\n<meta property=\"og:locale\" content=\"es_ES\" \/>\n<meta property=\"og:type\" content=\"article\" \/>\n<meta property=\"og:title\" content=\"Tratamiento de agua para aguas grises y reticulaci\u00f3n del paisaje - DMI-65\u00ae\" \/>\n<meta property=\"og:description\" content=\"DMI-65 se puede utilizar como tratamiento de agua para sistemas de reticulaci\u00f3n de aguas grises y paisajes, lo que resulta en menos mantenimiento y gastos.\" \/>\n<meta property=\"og:url\" content=\"https:\/\/dmi65.com\/es\/soluciones\/reticulacion-del-espacio-terrestre\/\" \/>\n<meta property=\"og:site_name\" content=\"DMI-65\u00ae\" \/>\n<meta property=\"article:modified_time\" content=\"2020-06-26T03:32:03+00:00\" \/>\n<meta property=\"og:image\" content=\"https:\/\/dmi65.com\/wp-content\/uploads\/2020\/06\/dmi65_Logo_Blk.png\" \/>\n\t<meta property=\"og:image:width\" content=\"466\" \/>\n\t<meta property=\"og:image:height\" content=\"200\" \/>\n\t<meta property=\"og:image:type\" content=\"image\/png\" \/>\n<meta name=\"twitter:card\" content=\"summary_large_image\" \/>\n<meta name=\"twitter:label1\" content=\"Tiempo de lectura\" \/>\n\t<meta name=\"twitter:data1\" content=\"10 minutos\" \/>\n<script type=\"application\/ld+json\" class=\"yoast-schema-graph\">{\"@context\":\"https:\/\/schema.org\",\"@graph\":[{\"@type\":\"WebPage\",\"@id\":\"https:\/\/dmi65.com\/es\/soluciones\/reticulacion-del-espacio-terrestre\/\",\"url\":\"https:\/\/dmi65.com\/es\/soluciones\/reticulacion-del-espacio-terrestre\/\",\"name\":\"Tratamiento de agua para aguas grises y reticulaci\u00f3n del paisaje - DMI-65\u00ae\",\"isPartOf\":{\"@id\":\"https:\/\/dmi65.com\/es\/#website\"},\"datePublished\":\"2020-06-09T03:44:19+00:00\",\"dateModified\":\"2020-06-26T03:32:03+00:00\",\"description\":\"DMI-65 se puede utilizar como tratamiento de agua para sistemas de reticulaci\u00f3n de aguas grises y paisajes, lo que resulta en menos mantenimiento y gastos.\",\"breadcrumb\":{\"@id\":\"https:\/\/dmi65.com\/es\/soluciones\/reticulacion-del-espacio-terrestre\/#breadcrumb\"},\"inLanguage\":\"es\",\"potentialAction\":[{\"@type\":\"ReadAction\",\"target\":[\"https:\/\/dmi65.com\/es\/soluciones\/reticulacion-del-espacio-terrestre\/\"]}]},{\"@type\":\"BreadcrumbList\",\"@id\":\"https:\/\/dmi65.com\/es\/soluciones\/reticulacion-del-espacio-terrestre\/#breadcrumb\",\"itemListElement\":[{\"@type\":\"ListItem\",\"position\":1,\"name\":\"Home\",\"item\":\"https:\/\/dmi65.com\/es\/\"},{\"@type\":\"ListItem\",\"position\":2,\"name\":\"Soluciones\",\"item\":\"https:\/\/dmi65.com\/es\/soluciones\/\"},{\"@type\":\"ListItem\",\"position\":3,\"name\":\"Tratamiento de agua para aguas grises\"}]},{\"@type\":\"WebSite\",\"@id\":\"https:\/\/dmi65.com\/es\/#website\",\"url\":\"https:\/\/dmi65.com\/es\/\",\"name\":\"DMI-65\u00ae\",\"description\":\"Water Filtration &amp; Reverse Osmosis Treatment, Catalytic Media\",\"publisher\":{\"@id\":\"https:\/\/dmi65.com\/es\/#organization\"},\"potentialAction\":[{\"@type\":\"SearchAction\",\"target\":{\"@type\":\"EntryPoint\",\"urlTemplate\":\"https:\/\/dmi65.com\/es\/?s={search_term_string}\"},\"query-input\":{\"@type\":\"PropertyValueSpecification\",\"valueRequired\":true,\"valueName\":\"search_term_string\"}}],\"inLanguage\":\"es\"},{\"@type\":\"Organization\",\"@id\":\"https:\/\/dmi65.com\/es\/#organization\",\"name\":\"DMI-65 & Quantum Filtration Pty Ltd\",\"url\":\"https:\/\/dmi65.com\/es\/\",\"logo\":{\"@type\":\"ImageObject\",\"inLanguage\":\"es\",\"@id\":\"https:\/\/dmi65.com\/es\/#\/schema\/logo\/image\/\",\"url\":\"https:\/\/dmi65.com\/wp-content\/uploads\/2020\/04\/dmi65.png\",\"contentUrl\":\"https:\/\/dmi65.com\/wp-content\/uploads\/2020\/04\/dmi65.png\",\"width\":440,\"height\":205,\"caption\":\"DMI-65 & Quantum Filtration Pty Ltd\"},\"image\":{\"@id\":\"https:\/\/dmi65.com\/es\/#\/schema\/logo\/image\/\"},\"sameAs\":[\"https:\/\/www.linkedin.com\/company\/dmi-65\",\"https:\/\/www.youtube.com\/channel\/UCbXoMn5KBp2jrnx4KR_Qg4A\"]}]}<\/script>\n<!-- \/ Yoast SEO plugin. -->","yoast_head_json":{"title":"Tratamiento de agua para aguas grises y reticulaci\u00f3n del paisaje - DMI-65\u00ae","description":"DMI-65 se puede utilizar como tratamiento de agua para sistemas de reticulaci\u00f3n de aguas grises y paisajes, lo que resulta en menos mantenimiento y gastos.","robots":{"index":"index","follow":"follow","max-snippet":"max-snippet:-1","max-image-preview":"max-image-preview:large","max-video-preview":"max-video-preview:-1"},"canonical":"https:\/\/dmi65.com\/es\/soluciones\/reticulacion-del-espacio-terrestre\/","og_locale":"es_ES","og_type":"article","og_title":"Tratamiento de agua para aguas grises y reticulaci\u00f3n del paisaje - DMI-65\u00ae","og_description":"DMI-65 se puede utilizar como tratamiento de agua para sistemas de reticulaci\u00f3n de aguas grises y paisajes, lo que resulta en menos mantenimiento y gastos.","og_url":"https:\/\/dmi65.com\/es\/soluciones\/reticulacion-del-espacio-terrestre\/","og_site_name":"DMI-65\u00ae","article_modified_time":"2020-06-26T03:32:03+00:00","og_image":[{"width":466,"height":200,"url":"https:\/\/dmi65.com\/wp-content\/uploads\/2020\/06\/dmi65_Logo_Blk.png","type":"image\/png"}],"twitter_card":"summary_large_image","twitter_misc":{"Tiempo de lectura":"10 minutos"},"schema":{"@context":"https:\/\/schema.org","@graph":[{"@type":"WebPage","@id":"https:\/\/dmi65.com\/es\/soluciones\/reticulacion-del-espacio-terrestre\/","url":"https:\/\/dmi65.com\/es\/soluciones\/reticulacion-del-espacio-terrestre\/","name":"Tratamiento de agua para aguas grises y reticulaci\u00f3n del paisaje - DMI-65\u00ae","isPartOf":{"@id":"https:\/\/dmi65.com\/es\/#website"},"datePublished":"2020-06-09T03:44:19+00:00","dateModified":"2020-06-26T03:32:03+00:00","description":"DMI-65 se puede utilizar como tratamiento de agua para sistemas de reticulaci\u00f3n de aguas grises y paisajes, lo que resulta en menos mantenimiento y gastos.","breadcrumb":{"@id":"https:\/\/dmi65.com\/es\/soluciones\/reticulacion-del-espacio-terrestre\/#breadcrumb"},"inLanguage":"es","potentialAction":[{"@type":"ReadAction","target":["https:\/\/dmi65.com\/es\/soluciones\/reticulacion-del-espacio-terrestre\/"]}]},{"@type":"BreadcrumbList","@id":"https:\/\/dmi65.com\/es\/soluciones\/reticulacion-del-espacio-terrestre\/#breadcrumb","itemListElement":[{"@type":"ListItem","position":1,"name":"Home","item":"https:\/\/dmi65.com\/es\/"},{"@type":"ListItem","position":2,"name":"Soluciones","item":"https:\/\/dmi65.com\/es\/soluciones\/"},{"@type":"ListItem","position":3,"name":"Tratamiento de agua para aguas grises"}]},{"@type":"WebSite","@id":"https:\/\/dmi65.com\/es\/#website","url":"https:\/\/dmi65.com\/es\/","name":"DMI-65\u00ae","description":"Water Filtration &amp; Reverse Osmosis Treatment, Catalytic Media","publisher":{"@id":"https:\/\/dmi65.com\/es\/#organization"},"potentialAction":[{"@type":"SearchAction","target":{"@type":"EntryPoint","urlTemplate":"https:\/\/dmi65.com\/es\/?s={search_term_string}"},"query-input":{"@type":"PropertyValueSpecification","valueRequired":true,"valueName":"search_term_string"}}],"inLanguage":"es"},{"@type":"Organization","@id":"https:\/\/dmi65.com\/es\/#organization","name":"DMI-65 & Quantum Filtration Pty Ltd","url":"https:\/\/dmi65.com\/es\/","logo":{"@type":"ImageObject","inLanguage":"es","@id":"https:\/\/dmi65.com\/es\/#\/schema\/logo\/image\/","url":"https:\/\/dmi65.com\/wp-content\/uploads\/2020\/04\/dmi65.png","contentUrl":"https:\/\/dmi65.com\/wp-content\/uploads\/2020\/04\/dmi65.png","width":440,"height":205,"caption":"DMI-65 & Quantum Filtration Pty Ltd"},"image":{"@id":"https:\/\/dmi65.com\/es\/#\/schema\/logo\/image\/"},"sameAs":["https:\/\/www.linkedin.com\/company\/dmi-65","https:\/\/www.youtube.com\/channel\/UCbXoMn5KBp2jrnx4KR_Qg4A"]}]}},"_links":{"self":[{"href":"https:\/\/dmi65.com\/es\/wp-json\/wp\/v2\/pages\/6012","targetHints":{"allow":["GET"]}}],"collection":[{"href":"https:\/\/dmi65.com\/es\/wp-json\/wp\/v2\/pages"}],"about":[{"href":"https:\/\/dmi65.com\/es\/wp-json\/wp\/v2\/types\/page"}],"author":[{"embeddable":true,"href":"https:\/\/dmi65.com\/es\/wp-json\/wp\/v2\/users\/1"}],"replies":[{"embeddable":true,"href":"https:\/\/dmi65.com\/es\/wp-json\/wp\/v2\/comments?post=6012"}],"version-history":[{"count":0,"href":"https:\/\/dmi65.com\/es\/wp-json\/wp\/v2\/pages\/6012\/revisions"}],"up":[{"embeddable":true,"href":"https:\/\/dmi65.com\/es\/wp-json\/wp\/v2\/pages\/7148"}],"wp:attachment":[{"href":"https:\/\/dmi65.com\/es\/wp-json\/wp\/v2\/media?parent=6012"}],"curies":[{"name":"wp","href":"https:\/\/api.w.org\/{rel}","templated":true}]}}