{"id":5973,"date":"2020-06-09T11:40:38","date_gmt":"2020-06-09T03:40:38","guid":{"rendered":"http:\/\/dmi65.com\/aplicaciones-industriales\/"},"modified":"2020-06-26T11:17:51","modified_gmt":"2020-06-26T03:17:51","slug":"aplicaciones-industriales","status":"publish","type":"page","link":"https:\/\/dmi65.com\/es\/soluciones\/aplicaciones-industriales\/","title":{"rendered":"Tratamiento Industrial de Aguas"},"content":{"rendered":"<div class=\"wpb-content-wrapper\"><p>[vc_row][vc_column][vc_column_text css=\u00bb.vc_custom_1592453960133{margin-top: 15px !important;margin-bottom: 15px !important;}\u00bb]<strong>Tratamiento Industrial de Aguas<\/strong> DMI-65 es un medio de filtraci\u00f3n de agua de acci\u00f3n catal\u00edtica basado en arena de s\u00edlice extremadamente potente que est\u00e1 dise\u00f1ado para la eliminaci\u00f3n de hierro y manganeso sin el uso de permanganato de potasio a trav\u00e9s de un <a href=\"http:\/\/dmi65.com\/es\/tecnicas\/advanced-oxidation-process-for-water-filtration\/\">proceso de oxidaci\u00f3n avanzado.<\/a>[\/vc_column_text][\/vc_column][\/vc_row][vc_row][vc_column]<div class=\"uavc-list-icon uavc-list-icon-wrapper ult-adjust-bottom-margin   vc_custom_1590987405882  vc_custom_1590987405882\"><ul class=\"uavc-list\"><li><div class=\"uavc-list-content\" id=\"list-icon-wrap-8023\">\n<div class=\"uavc-list-icon  \" data-animation=\"\" data-animation-delay=\"03\" style=\"margin-right:20px;\"><div class=\"ult-just-icon-wrapper  \"><div class=\"align-icon\" style=\"text-align:center;\">\n<div class=\"aio-icon none \"  style=\"color:#81d742;font-size:20px;display:inline-block;\">\n\t<i class=\"fas fa-check\"><\/i>\n<\/div><\/div><\/div>\n<\/div><span  data-ultimate-target='#list-icon-wrap-8023 .uavc-list-desc'  data-responsive-json-new='{\"font-size\":\"\",\"line-height\":\"\"}'  class=\"uavc-list-desc ult-responsive\" style=\"\"><strong>Previene la tinci\u00f3n<\/strong><\/p>\n<p><\/span><\/div><\/li><li><div class=\"uavc-list-content\" id=\"list-icon-wrap-4291\">\n<div class=\"uavc-list-icon  \" data-animation=\"\" data-animation-delay=\"03\" style=\"margin-right:20px;\"><div class=\"ult-just-icon-wrapper  \"><div class=\"align-icon\" style=\"text-align:center;\">\n<div class=\"aio-icon none \"  style=\"color:#81d742;font-size:20px;display:inline-block;\">\n\t<i class=\"fas fa-check\"><\/i>\n<\/div><\/div><\/div>\n<\/div><span  data-ultimate-target='#list-icon-wrap-4291 .uavc-list-desc'  data-responsive-json-new='{\"font-size\":\"\",\"line-height\":\"\"}'  class=\"uavc-list-desc ult-responsive\" style=\"\"><strong>Mejorar significativamente el rendimiento del sistema reduciendo la inversi\u00f3n inicial de capital del sistema<\/strong><\/p>\n<p><\/span><\/div><\/li><li><div class=\"uavc-list-content\" id=\"list-icon-wrap-9439\">\n<div class=\"uavc-list-icon  \" data-animation=\"\" data-animation-delay=\"03\" style=\"margin-right:20px;\"><div class=\"ult-just-icon-wrapper  \"><div class=\"align-icon\" style=\"text-align:center;\">\n<div class=\"aio-icon none \"  style=\"color:#81d742;font-size:20px;display:inline-block;\">\n\t<i class=\"fas fa-check\"><\/i>\n<\/div><\/div><\/div>\n<\/div><span  data-ultimate-target='#list-icon-wrap-9439 .uavc-list-desc'  data-responsive-json-new='{\"font-size\":\"\",\"line-height\":\"\"}'  class=\"uavc-list-desc ult-responsive\" style=\"\"><strong>Sin lixiviaci\u00f3n de productos qu\u00edmicos<\/strong><\/p>\n<p><\/span><\/div><\/li><li><div class=\"uavc-list-content\" id=\"list-icon-wrap-8364\">\n<div class=\"uavc-list-icon  \" data-animation=\"\" data-animation-delay=\"03\" style=\"margin-right:20px;\"><div class=\"ult-just-icon-wrapper  \"><div class=\"align-icon\" style=\"text-align:center;\">\n<div class=\"aio-icon none \"  style=\"color:#81d742;font-size:20px;display:inline-block;\">\n\t<i class=\"fas fa-check\"><\/i>\n<\/div><\/div><\/div>\n<\/div><span  data-ultimate-target='#list-icon-wrap-8364 .uavc-list-desc'  data-responsive-json-new='{\"font-size\":\"\",\"line-height\":\"\"}'  class=\"uavc-list-desc ult-responsive\" style=\"\"><strong>Ahorro sustancial de costes de toda la vida <\/strong><\/p>\n<p><\/span><\/div><\/li><\/ul><\/div>[vc_column_text css=\u00bb.vc_custom_1592454162234{margin-bottom: 0px !important;}\u00bb]En pozos profundos, donde el contenido de ox\u00edgeno es bajo, el agua portadora de hierro\/manganeso es clara e incolora (el hierro y el manganeso se disuelven). El agua del grifo puede ser clara, pero cuando se expone al aire, el hierro y el manganeso se oxidan y cambian de formas incoloras y disueltas a formas coloreadas y s\u00f3lidas.<\/p>\n<p><a href=\"https:\/\/www.thoughtco.com\/definition-of-oxidation-in-chemistry-605456\" target=\"_blank\" rel=\"noopener noreferrer\">La oxidaci\u00f3n<\/a> de part\u00edculas de hierro disuelto en el agua cambia el hierro a blanco, luego amarillo y finalmente a part\u00edculas s\u00f3lidas de color marr\u00f3n rojizo que se asientan fuera del agua. Hierro que no forma part\u00edculas lo suficientemente grandes como para asentarse y que permanece suspendido (hierro coloidal) deja el agua con un tinte rojo. El manganeso generalmente se disuelve en agua, aunque algunos pozos poco profundos contienen manganeso coloidal (tinte negro). Estos sedimentos son responsables de las propiedades de tinci\u00f3n del agua que contiene altas concentraciones de hierro y manganeso. Estos precipitados o sedimentos pueden ser lo suficientemente graves como para taponar tuber\u00edas de agua y aspersores.<br \/>\nEl hierro causar\u00e1 manchas de color marr\u00f3n rojizo de la ropa, la porcelana, los platos, los utensilios e incluso la cristaler\u00eda. El manganeso act\u00faa de manera similar, pero causa una mancha de color marr\u00f3n-negro. Los jabones y detergentes no eliminan estas manchas, y el uso de cloro blanqueador y constructores alcalinos (como sodio y carbonato) puede intensificar las manchas.<\/p>\n<p>Los dep\u00f3sitos de hierro y manganeso se acumular\u00e1n en tuber\u00edas, tanques de presi\u00f3n, calentadores de agua y suavizantes de agua. Esto reduce la cantidad disponible y la presi\u00f3n del suministro de agua. Las acumulaciones de hierro y manganeso se convierten en un problema econ\u00f3mico cuando se debe sustituir el suministro de agua o el equipo de ablandamiento de agua. Tambi\u00e9n hay aumentos asociados en los costos de energ\u00eda de bombeo de agua a trav\u00e9s de tuber\u00edas restringidas o agua de calefacci\u00f3n con barras de calentamiento recubiertas con hierro o dep\u00f3sitos minerales de manganeso.<\/p>\n<p><a href=\"http:\/\/www.water-research.net\/index.php\/manganese\">http:\/\/www.water-research.net\/index.php\/manganese<\/a><\/p>\n<p>La incorporaci\u00f3n de un sistema de filtraci\u00f3n basado en DMI-65 reducir\u00e1 materialmente estos s\u00edntomas, as\u00ed como la desinfecci\u00f3n y filtraci\u00f3n mec\u00e1nica de s\u00f3lidos no resueltos.<\/p>\n<p>DMI-65 es tecnolog\u00eda infundida y no s\u00f3lo una tecnolog\u00eda de recubrimiento superficial, a diferencia de otros medios de filtraci\u00f3n de agua catal\u00edtico, que elimina la posibilidad de cualquier lixiviaci\u00f3n qu\u00edmica en la corriente de agua.<\/p>\n<p>Para iniciar el proceso de oxidaci\u00f3n del hierro (y manganeso) en la soluci\u00f3n DMI-65 est\u00e1 dise\u00f1ado para funcionar en presencia de cloro u otro oxidante. En este proceso el oxidante elimina electrones y se consume en el proceso. El operador debe asegurarse de que hay un residuo de cloro libre de 0,1 a 0,3 ppm en el agua del efluente. El cloro, alimentado como hipoclorito de sodio o lej\u00eda (12,5 NaOCl), es el oxidante preferido ya que es relativamente barato, f\u00e1cilmente disponible en todo el mundo y es eficaz. Tambi\u00e9n realiza la gran mayor\u00eda de cualquier proceso desinfectante.<\/p>\n<p>A diferencia de las resinas de intercambio i\u00f3nico donde dosis regeneradoras m\u00e1s altas aumentar\u00e1n la capacidad de intercambio i\u00f3nico, los residuos o concentraciones de NaOCl m\u00e1s altos que los necesarios para oxidar el Fe y el Mn no aumentan las propiedades oxidativas de los medios.<\/p>\n<p>DMI-65 ha sido certificado seg\u00fan la Norma estadounidense de NSF\/ANSI 61 para componentes del sistema de agua potable y para su uso en Inglaterra y Gales en virtud de la Regulaci\u00f3n 31(4)(a) de las regulaciones de suministro de agua (Calidad del Agua) 2010 y tambi\u00e9n ha sido probado por muchas otras autoridades y laboratorios de tratamiento de agua.<\/p>\n<p>DMI-65 se fabrica en Australia, y es utilizado por muchos <a href=\"http:\/\/dmi65.com\/es\/clientes\/\">clientes<\/a> para el tratamiento industrial de agua.[\/vc_column_text]<q class=\"text-big shortcode-pullquote wf-cell align-left wf-1\"><p>El hierro y el manganeso son elementos no peligrosos que pueden ser una molestia en el suministro de agua. El hierro y el manganeso son qu\u00edmicamente similares y causan problemas similares. El hierro es el m\u00e1s frecuente de los dos contaminantes en el suministro de agua; el manganeso se encuentra t\u00edpicamente en el agua de hierro. El hierro y el manganeso pueden manchar la ropa, los platos y los accesorios.<\/p>\n<\/q>[vc_row_inner css=\u00bb.vc_custom_1591000039537{margin-top: 10px !important;}\u00bb][vc_column_inner width=\u00bb1\/2&#8243;][vc_single_image image=\u00bb5420&#8243; img_size=\u00bb600&#215;400&#8243;][\/vc_column_inner][vc_column_inner width=\u00bb1\/2&#8243;][vc_single_image image=\u00bb5409&#8243; img_size=\u00bb600&#215;400&#8243;][\/vc_column_inner][\/vc_row_inner][vc_column_text]<strong>Historial del caso: Tratamiento industrial del agua<br \/>\n<\/strong><\/p>\n<p>La levadura de Fleischmann selecciona la filtraci\u00f3n de agua Yardney \/ DMI-65 para la eliminaci\u00f3n de hierro (Fe)<\/p>\n<p>Esta planta de procesamiento de alimentos ubicada en Memphis, TN no pudo utilizar el agua de un pozo reci\u00e9n perforado para la caldera y el maquillaje de la torre de refrigeraci\u00f3n debido al alto nivel de hierro (Fe) en el agua. Esto result\u00f3 en costos de operaci\u00f3n de la planta m\u00e1s altos de lo esperado ya que la compa\u00f1\u00eda tuvo que comprar agua de la ciudad para estos usos.<\/p>\n<p>Durante el per\u00edodo de prueba, Yardney Water Management Systems, Inc de Riverside, CA se asoci\u00f3 con Sparkling Clear Industries de Houston, TX (SCI) para un ensayo de campo en la planta utilizando DMI-65, un nuevo y revolucionario medio de filtraci\u00f3n fabricado por Quantum Filtration Medium en Australia Occidental. DMI-65 es un medio de filtraci\u00f3n a base de arena de s\u00edlice que eliminar\u00e1 el hierro, el manganeso y el ars\u00e9nico cuando se opere en presencia de cloro (hipoclorito de sodio). El objetivo del ensayo fue doble: determinar la eficacia de las propiedades de eliminaci\u00f3n de hierro del DMI-65, y determinar el caudal hidr\u00e1ulico adecuado (en gpm\/ft2) para el dimensionamiento y dise\u00f1o del equipo de filtraci\u00f3n requerido.<\/p>\n<p>El sistema fue instalado y encargado a mediados de 2009 (Figura 1). Desde la puesta en marcha, la calidad del agua suministrada por el sistema Yardney utilizando los medios especiales de eliminaci\u00f3n de hierro ha cumplido y superado las expectativas del cliente. Esto ha permitido a la planta utilizar el agua del pozo tratada por el sistema Yardney para el maquillaje de las calderas y torres de refrigeraci\u00f3n. Adem\u00e1s, han encontrado otros usos en la planta debido a la alta calidad del agua producida. En t\u00e9rminos de ahorro de costos, el cliente est\u00e1 realizando m\u00e1s de $9,000\/mes en ahorro de agua desde la instalaci\u00f3n y puesta en marcha del sistema de tratamiento. Los ahorros adicionales, a\u00fan por cuantificar, son en la naturaleza el ahorro de gas y qu\u00edmicos debido a la reducci\u00f3n significativa de la caldera y la torre de refrigeraci\u00f3n.<\/p>\n<h4>Ventajas de utilizar DMI-65 para el tratamiento industrial de aguas<\/h4>\n<p><strong>Inhibe la tinci\u00f3n. <\/strong>DMI-65 elimina eficientemente el hierro disuelto a los niveles casi indetectables de tan solo 0,001 PPM y manganeso a 0,001 PPM, lo que permitir\u00e1 el uso del agua en la mayor\u00eda de las aplicaciones industriales sin causar manchas antiest\u00e9ticas o bloqueos al flujo de agua que afecte negativamente al rendimiento del sistema.<\/p>\n<p><strong>Reducci\u00f3n de costos <\/strong>El costo total del sistema de filtraci\u00f3n de agua de eliminaci\u00f3n de hierro y manganeso es significativamente menor que las soluciones alternativas, la eficacia, pero la simplicidad relativa, de los sistemas basados en DMI-65 reduce el gasto inicial de capital en la complejidad de las plantas, as\u00ed como el gasto operativo continuo en la recuperaci\u00f3n de productos qu\u00edmicos, energ\u00eda y aguas residuales de retrolavado.<\/p>\n<p><strong>Altas tasas de flujo<\/strong>. La tecnolog\u00eda infundida de <em>DMI-65 promueve la mayor tasa de oxidaci\u00f3n de cualquier medio de filtraci\u00f3n catal\u00edtica.<\/em> Esto permite un caudal de agua significativamente mayor para lograr el mismo nivel de eliminaci\u00f3n de hierro y manganeso. DMI-65 puede operar a velocidades de filtraci\u00f3n lineales de hasta el doble que los medios convencionales con la correspondiente reducci\u00f3n en los costos de los equipos de capital.<\/p>\n<p> <strong>Alta capacidad de carga<\/strong> DMI-65 tambi\u00e9n tiene una mayor capacidad de carga de hierro y manganeso que puede extender la duraci\u00f3n de los conductos de filtro y el tiempo entre el lavado de espalda, reduciendo as\u00ed el tiempo de inactividad, los gastos de funcionamiento y el desperdicio.<\/p>\n<p><strong>Regeneraci\u00f3n no necesaria<\/strong><strong>. <\/strong>El medio funciona con una inyecci\u00f3n continua de hipoclorito de sodio a niveles residuales bajos (0,1 a 0,3 ppm) lo que elimina la necesidad de permanganato de potasio.<\/p>\n<p><strong>Amplio entorno operativo.<\/strong><strong> <\/strong>Un rendimiento estable y satisfactorio a un pH de 5,8 a 8,6 y una temperatura m\u00e1xima de funcionamiento de 113 oF (45 oC) reduce la necesidad de inversi\u00f3n para alterar el entorno operativo.<\/p>\n<p><strong>Larga vida. <\/strong>DMI-65 no se consume en el proceso d\u00e1ndole una vida operativa esperada de hasta 10 a\u00f1os, proporcionando ventajas considerables sobre otros procesos o medios. El medio no muestra una capacidad en descomposici\u00f3n para realizar su trabajo catal\u00edtico. Durante el per\u00edodo de 5 a 10 a\u00f1os, a trav\u00e9s de muchas operaciones de retrolavado de la cama para eliminar los s\u00f3lidos retenidos, se produce una p\u00e9rdida de desgaste de los medios por contacto entre part\u00edculas y abrasi\u00f3n mec\u00e1nica[\/vc_column_text][\/vc_column][\/vc_row][vc_row][vc_column]<div class=\"dt-fancy-separator\" style=\"width: 100%;\"><div class=\"dt-fancy-title\"><span class=\"separator-holder separator-left\"><\/span>Testimonios: Aplicaciones industriales<span class=\"separator-holder separator-right\"><\/span><\/div><\/div>[vc_empty_space height=\u00bb20px\u00bb][\/vc_column][\/vc_row][vc_row content_placement=\u00bbmiddle\u00bb css=\u00bb.vc_custom_1592798713236{margin-top: 30px !important;padding-top: 20px !important;padding-right: 20px !important;padding-bottom: 5px !important;padding-left: 20px !important;}\u00bb el_class=\u00bbcta\u00bb][vc_column]<div class=\"dt-fancy-separator\" style=\"width: 100%;\"><div class=\"dt-fancy-title\"><span class=\"separator-holder separator-left\"><\/span>Consulte c\u00f3mo los medios de filtraci\u00f3n DMI-65\u00ae pueden ayudarle con sus aplicaciones de tratamiento de agua industrial<span class=\"separator-holder separator-right\"><\/span><\/div><\/div>[vc_btn title=\u00bbInvestigar\u00bb style=\u00bbcustom\u00bb custom_background=\u00bb#162441&#8243; custom_text=\u00bb#ffffff\u00bb shape=\u00bbsquare\u00bb size=\u00bblg\u00bb align=\u00bbcenter\u00bb i_align=\u00bbright\u00bb i_icon_fontawesome=\u00bbfas fa-chevron-right\u00bb add_icon=\u00bbtrue\u00bb css=\u00bb.vc_custom_1592793128520{margin-top: 20px !important;}\u00bb el_class=\u00bbctaButton sg-popup-id-8233&#8243;][\/vc_column][\/vc_row]<\/p>\n<\/div>","protected":false},"excerpt":{"rendered":"<p>[vc_row][vc_column][vc_column_text css=\u00bb.vc_custom_1592453960133{margin-top: 15px !important;margin-bottom: 15px !important;}\u00bb]Tratamiento Industrial de Aguas DMI-65 es un medio de filtraci\u00f3n de agua de acci\u00f3n catal\u00edtica basado en arena de s\u00edlice extremadamente potente que est\u00e1 dise\u00f1ado para la eliminaci\u00f3n de hierro y manganeso sin el uso de permanganato de potasio a trav\u00e9s de un proceso de oxidaci\u00f3n avanzado.[\/vc_column_text][\/vc_column][\/vc_row][vc_row][vc_column][vc_column_text css=\u00bb.vc_custom_1592454162234{margin-bottom: 0px !important;}\u00bb]En&hellip;<\/p>\n","protected":false},"author":1,"featured_media":0,"parent":7148,"menu_order":0,"comment_status":"closed","ping_status":"closed","template":"","meta":{"content-type":"","footnotes":""},"class_list":["post-5973","page","type-page","status-publish","hentry","description-off"],"yoast_head":"<!-- This site is optimized with the Yoast SEO plugin v25.2 - https:\/\/yoast.com\/wordpress\/plugins\/seo\/ -->\n<title>Tratamiento de Agua Industrial &amp; Aplicaciones - DMI-65\u00ae<\/title>\n<meta name=\"description\" content=\"DMI-65 ofrece ventajas significativas para aplicaciones industriales de tratamiento de agua con una vida \u00fatil significativamente m\u00e1s larga que los productos de la competencia.\" \/>\n<meta name=\"robots\" content=\"index, follow, max-snippet:-1, max-image-preview:large, max-video-preview:-1\" \/>\n<link rel=\"canonical\" href=\"https:\/\/dmi65.com\/es\/soluciones\/aplicaciones-industriales\/\" \/>\n<meta property=\"og:locale\" content=\"es_ES\" \/>\n<meta property=\"og:type\" content=\"article\" \/>\n<meta property=\"og:title\" content=\"Tratamiento de Agua Industrial &amp; Aplicaciones - DMI-65\u00ae\" \/>\n<meta property=\"og:description\" content=\"DMI-65 ofrece ventajas significativas para aplicaciones industriales de tratamiento de agua con una vida \u00fatil significativamente m\u00e1s larga que los productos de la competencia.\" \/>\n<meta property=\"og:url\" content=\"https:\/\/dmi65.com\/es\/soluciones\/aplicaciones-industriales\/\" \/>\n<meta property=\"og:site_name\" content=\"DMI-65\u00ae\" \/>\n<meta property=\"article:modified_time\" content=\"2020-06-26T03:17:51+00:00\" \/>\n<meta property=\"og:image\" content=\"https:\/\/dmi65.com\/wp-content\/uploads\/2020\/06\/dmi65_Logo_Blk.png\" \/>\n\t<meta property=\"og:image:width\" content=\"466\" \/>\n\t<meta property=\"og:image:height\" content=\"200\" \/>\n\t<meta property=\"og:image:type\" content=\"image\/png\" \/>\n<meta name=\"twitter:card\" content=\"summary_large_image\" \/>\n<meta name=\"twitter:label1\" content=\"Tiempo de lectura\" \/>\n\t<meta name=\"twitter:data1\" content=\"10 minutos\" \/>\n<script type=\"application\/ld+json\" class=\"yoast-schema-graph\">{\"@context\":\"https:\/\/schema.org\",\"@graph\":[{\"@type\":\"WebPage\",\"@id\":\"https:\/\/dmi65.com\/es\/soluciones\/aplicaciones-industriales\/\",\"url\":\"https:\/\/dmi65.com\/es\/soluciones\/aplicaciones-industriales\/\",\"name\":\"Tratamiento de Agua Industrial & Aplicaciones - DMI-65\u00ae\",\"isPartOf\":{\"@id\":\"https:\/\/dmi65.com\/es\/#website\"},\"datePublished\":\"2020-06-09T03:40:38+00:00\",\"dateModified\":\"2020-06-26T03:17:51+00:00\",\"description\":\"DMI-65 ofrece ventajas significativas para aplicaciones industriales de tratamiento de agua con una vida \u00fatil significativamente m\u00e1s larga que los productos de la competencia.\",\"breadcrumb\":{\"@id\":\"https:\/\/dmi65.com\/es\/soluciones\/aplicaciones-industriales\/#breadcrumb\"},\"inLanguage\":\"es\",\"potentialAction\":[{\"@type\":\"ReadAction\",\"target\":[\"https:\/\/dmi65.com\/es\/soluciones\/aplicaciones-industriales\/\"]}]},{\"@type\":\"BreadcrumbList\",\"@id\":\"https:\/\/dmi65.com\/es\/soluciones\/aplicaciones-industriales\/#breadcrumb\",\"itemListElement\":[{\"@type\":\"ListItem\",\"position\":1,\"name\":\"Home\",\"item\":\"https:\/\/dmi65.com\/es\/\"},{\"@type\":\"ListItem\",\"position\":2,\"name\":\"Soluciones\",\"item\":\"https:\/\/dmi65.com\/es\/soluciones\/\"},{\"@type\":\"ListItem\",\"position\":3,\"name\":\"Tratamiento Industrial de Aguas\"}]},{\"@type\":\"WebSite\",\"@id\":\"https:\/\/dmi65.com\/es\/#website\",\"url\":\"https:\/\/dmi65.com\/es\/\",\"name\":\"DMI-65\u00ae\",\"description\":\"Water Filtration &amp; Reverse Osmosis Treatment, Catalytic Media\",\"publisher\":{\"@id\":\"https:\/\/dmi65.com\/es\/#organization\"},\"potentialAction\":[{\"@type\":\"SearchAction\",\"target\":{\"@type\":\"EntryPoint\",\"urlTemplate\":\"https:\/\/dmi65.com\/es\/?s={search_term_string}\"},\"query-input\":{\"@type\":\"PropertyValueSpecification\",\"valueRequired\":true,\"valueName\":\"search_term_string\"}}],\"inLanguage\":\"es\"},{\"@type\":\"Organization\",\"@id\":\"https:\/\/dmi65.com\/es\/#organization\",\"name\":\"DMI-65 & Quantum Filtration Pty Ltd\",\"url\":\"https:\/\/dmi65.com\/es\/\",\"logo\":{\"@type\":\"ImageObject\",\"inLanguage\":\"es\",\"@id\":\"https:\/\/dmi65.com\/es\/#\/schema\/logo\/image\/\",\"url\":\"https:\/\/dmi65.com\/wp-content\/uploads\/2020\/04\/dmi65.png\",\"contentUrl\":\"https:\/\/dmi65.com\/wp-content\/uploads\/2020\/04\/dmi65.png\",\"width\":440,\"height\":205,\"caption\":\"DMI-65 & Quantum Filtration Pty Ltd\"},\"image\":{\"@id\":\"https:\/\/dmi65.com\/es\/#\/schema\/logo\/image\/\"},\"sameAs\":[\"https:\/\/www.linkedin.com\/company\/dmi-65\",\"https:\/\/www.youtube.com\/channel\/UCbXoMn5KBp2jrnx4KR_Qg4A\"]}]}<\/script>\n<!-- \/ Yoast SEO plugin. -->","yoast_head_json":{"title":"Tratamiento de Agua Industrial & Aplicaciones - DMI-65\u00ae","description":"DMI-65 ofrece ventajas significativas para aplicaciones industriales de tratamiento de agua con una vida \u00fatil significativamente m\u00e1s larga que los productos de la competencia.","robots":{"index":"index","follow":"follow","max-snippet":"max-snippet:-1","max-image-preview":"max-image-preview:large","max-video-preview":"max-video-preview:-1"},"canonical":"https:\/\/dmi65.com\/es\/soluciones\/aplicaciones-industriales\/","og_locale":"es_ES","og_type":"article","og_title":"Tratamiento de Agua Industrial & Aplicaciones - DMI-65\u00ae","og_description":"DMI-65 ofrece ventajas significativas para aplicaciones industriales de tratamiento de agua con una vida \u00fatil significativamente m\u00e1s larga que los productos de la competencia.","og_url":"https:\/\/dmi65.com\/es\/soluciones\/aplicaciones-industriales\/","og_site_name":"DMI-65\u00ae","article_modified_time":"2020-06-26T03:17:51+00:00","og_image":[{"width":466,"height":200,"url":"https:\/\/dmi65.com\/wp-content\/uploads\/2020\/06\/dmi65_Logo_Blk.png","type":"image\/png"}],"twitter_card":"summary_large_image","twitter_misc":{"Tiempo de lectura":"10 minutos"},"schema":{"@context":"https:\/\/schema.org","@graph":[{"@type":"WebPage","@id":"https:\/\/dmi65.com\/es\/soluciones\/aplicaciones-industriales\/","url":"https:\/\/dmi65.com\/es\/soluciones\/aplicaciones-industriales\/","name":"Tratamiento de Agua Industrial & Aplicaciones - DMI-65\u00ae","isPartOf":{"@id":"https:\/\/dmi65.com\/es\/#website"},"datePublished":"2020-06-09T03:40:38+00:00","dateModified":"2020-06-26T03:17:51+00:00","description":"DMI-65 ofrece ventajas significativas para aplicaciones industriales de tratamiento de agua con una vida \u00fatil significativamente m\u00e1s larga que los productos de la competencia.","breadcrumb":{"@id":"https:\/\/dmi65.com\/es\/soluciones\/aplicaciones-industriales\/#breadcrumb"},"inLanguage":"es","potentialAction":[{"@type":"ReadAction","target":["https:\/\/dmi65.com\/es\/soluciones\/aplicaciones-industriales\/"]}]},{"@type":"BreadcrumbList","@id":"https:\/\/dmi65.com\/es\/soluciones\/aplicaciones-industriales\/#breadcrumb","itemListElement":[{"@type":"ListItem","position":1,"name":"Home","item":"https:\/\/dmi65.com\/es\/"},{"@type":"ListItem","position":2,"name":"Soluciones","item":"https:\/\/dmi65.com\/es\/soluciones\/"},{"@type":"ListItem","position":3,"name":"Tratamiento Industrial de Aguas"}]},{"@type":"WebSite","@id":"https:\/\/dmi65.com\/es\/#website","url":"https:\/\/dmi65.com\/es\/","name":"DMI-65\u00ae","description":"Water Filtration &amp; Reverse Osmosis Treatment, Catalytic Media","publisher":{"@id":"https:\/\/dmi65.com\/es\/#organization"},"potentialAction":[{"@type":"SearchAction","target":{"@type":"EntryPoint","urlTemplate":"https:\/\/dmi65.com\/es\/?s={search_term_string}"},"query-input":{"@type":"PropertyValueSpecification","valueRequired":true,"valueName":"search_term_string"}}],"inLanguage":"es"},{"@type":"Organization","@id":"https:\/\/dmi65.com\/es\/#organization","name":"DMI-65 & Quantum Filtration Pty Ltd","url":"https:\/\/dmi65.com\/es\/","logo":{"@type":"ImageObject","inLanguage":"es","@id":"https:\/\/dmi65.com\/es\/#\/schema\/logo\/image\/","url":"https:\/\/dmi65.com\/wp-content\/uploads\/2020\/04\/dmi65.png","contentUrl":"https:\/\/dmi65.com\/wp-content\/uploads\/2020\/04\/dmi65.png","width":440,"height":205,"caption":"DMI-65 & Quantum Filtration Pty Ltd"},"image":{"@id":"https:\/\/dmi65.com\/es\/#\/schema\/logo\/image\/"},"sameAs":["https:\/\/www.linkedin.com\/company\/dmi-65","https:\/\/www.youtube.com\/channel\/UCbXoMn5KBp2jrnx4KR_Qg4A"]}]}},"_links":{"self":[{"href":"https:\/\/dmi65.com\/es\/wp-json\/wp\/v2\/pages\/5973","targetHints":{"allow":["GET"]}}],"collection":[{"href":"https:\/\/dmi65.com\/es\/wp-json\/wp\/v2\/pages"}],"about":[{"href":"https:\/\/dmi65.com\/es\/wp-json\/wp\/v2\/types\/page"}],"author":[{"embeddable":true,"href":"https:\/\/dmi65.com\/es\/wp-json\/wp\/v2\/users\/1"}],"replies":[{"embeddable":true,"href":"https:\/\/dmi65.com\/es\/wp-json\/wp\/v2\/comments?post=5973"}],"version-history":[{"count":0,"href":"https:\/\/dmi65.com\/es\/wp-json\/wp\/v2\/pages\/5973\/revisions"}],"up":[{"embeddable":true,"href":"https:\/\/dmi65.com\/es\/wp-json\/wp\/v2\/pages\/7148"}],"wp:attachment":[{"href":"https:\/\/dmi65.com\/es\/wp-json\/wp\/v2\/media?parent=5973"}],"curies":[{"name":"wp","href":"https:\/\/api.w.org\/{rel}","templated":true}]}}