{"id":5896,"date":"2020-06-09T11:31:06","date_gmt":"2020-06-09T03:31:06","guid":{"rendered":"http:\/\/dmi65.com\/deshidratacion-ambiental\/"},"modified":"2020-06-26T11:15:36","modified_gmt":"2020-06-26T03:15:36","slug":"deshidratacion-ambiental","status":"publish","type":"page","link":"https:\/\/dmi65.com\/es\/soluciones\/deshidratacion-ambiental\/","title":{"rendered":"Sistemas de deshidrataci\u00f3n"},"content":{"rendered":"<div class=\"wpb-content-wrapper\"><p>[vc_row][vc_column][vc_column_text css=\u00bb.vc_custom_1592380872429{margin-top: 15px !important;margin-bottom: 15px !important;}\u00bb]Sistemas de deshidrataci\u00f3n environmet\u00e1ricos: <a href=\"https:\/\/en.wikipedia.org\/wiki\/Dewatering\" target=\"_blank\" rel=\"noopener noreferrer\"><br \/>\n  <em>La deshidrataci\u00f3n<\/em><br \/>\n<\/a> se define por el proceso de eliminaci\u00f3n de agua de un sitio que se acumula en excavaciones de tierra o debajo de estructuras en o por debajo de la tabla de agua existente. Las actividades de deshidrataci\u00f3n son permanentes o temporales. Las descargas permanentes se producen en sitios que tienen estructuras en o por debajo de la tabla de agua existente, por ejemplo, pozos de minas, aparcamientos subterr\u00e1neos debajo de los edificios. Las descargas temporales se producen de sitios que tienen agua que entra en la excavaci\u00f3n de tierra. Una descarga temporal generalmente ocurre durante la fase de construcci\u00f3n.[\/vc_column_text][\/vc_column][\/vc_row][vc_row][vc_column]<div class=\"uavc-list-icon uavc-list-icon-wrapper ult-adjust-bottom-margin   vc_custom_1590987405882  vc_custom_1590987405882\"><ul class=\"uavc-list\"><li><div class=\"uavc-list-content\" id=\"list-icon-wrap-4818\">\n<div class=\"uavc-list-icon  \" data-animation=\"\" data-animation-delay=\"03\" style=\"margin-right:20px;\"><div class=\"ult-just-icon-wrapper  \"><div class=\"align-icon\" style=\"text-align:center;\">\n<div class=\"aio-icon none \"  style=\"color:#81d742;font-size:20px;display:inline-block;\">\n\t<i class=\"fas fa-check\"><\/i>\n<\/div><\/div><\/div>\n<\/div><span  data-ultimate-target='#list-icon-wrap-4818 .uavc-list-desc'  data-responsive-json-new='{\"font-size\":\"\",\"line-height\":\"\"}'  class=\"uavc-list-desc ult-responsive\" style=\"\"><strong>Reducir el tiempo de inactividad<\/strong><\/p>\n<p><\/span><\/div><\/li><li><div class=\"uavc-list-content\" id=\"list-icon-wrap-2236\">\n<div class=\"uavc-list-icon  \" data-animation=\"\" data-animation-delay=\"03\" style=\"margin-right:20px;\"><div class=\"ult-just-icon-wrapper  \"><div class=\"align-icon\" style=\"text-align:center;\">\n<div class=\"aio-icon none \"  style=\"color:#81d742;font-size:20px;display:inline-block;\">\n\t<i class=\"fas fa-check\"><\/i>\n<\/div><\/div><\/div>\n<\/div><span  data-ultimate-target='#list-icon-wrap-2236 .uavc-list-desc'  data-responsive-json-new='{\"font-size\":\"\",\"line-height\":\"\"}'  class=\"uavc-list-desc ult-responsive\" style=\"\"><strong>Ahorre en costosas limpiezas y reemplazos de membranas<\/strong><\/p>\n<p><\/span><\/div><\/li><li><div class=\"uavc-list-content\" id=\"list-icon-wrap-1239\">\n<div class=\"uavc-list-icon  \" data-animation=\"\" data-animation-delay=\"03\" style=\"margin-right:20px;\"><div class=\"ult-just-icon-wrapper  \"><div class=\"align-icon\" style=\"text-align:center;\">\n<div class=\"aio-icon none \"  style=\"color:#81d742;font-size:20px;display:inline-block;\">\n\t<i class=\"fas fa-check\"><\/i>\n<\/div><\/div><\/div>\n<\/div><span  data-ultimate-target='#list-icon-wrap-1239 .uavc-list-desc'  data-responsive-json-new='{\"font-size\":\"\",\"line-height\":\"\"}'  class=\"uavc-list-desc ult-responsive\" style=\"\"><strong>Mejorar significativamente el rendimiento del sistema reduciendo la inversi\u00f3n inicial de capital del sistema<\/strong><\/p>\n<p><\/span><\/div><\/li><li><div class=\"uavc-list-content\" id=\"list-icon-wrap-5916\">\n<div class=\"uavc-list-icon  \" data-animation=\"\" data-animation-delay=\"03\" style=\"margin-right:20px;\"><div class=\"ult-just-icon-wrapper  \"><div class=\"align-icon\" style=\"text-align:center;\">\n<div class=\"aio-icon none \"  style=\"color:#81d742;font-size:20px;display:inline-block;\">\n\t<i class=\"fas fa-check\"><\/i>\n<\/div><\/div><\/div>\n<\/div><span  data-ultimate-target='#list-icon-wrap-5916 .uavc-list-desc'  data-responsive-json-new='{\"font-size\":\"\",\"line-height\":\"\"}'  class=\"uavc-list-desc ult-responsive\" style=\"\"><strong>Alta tasa de desinfecci\u00f3n alcanzada<\/strong><\/p>\n<p><\/span><\/div><\/li><li><div class=\"uavc-list-content\" id=\"list-icon-wrap-2764\">\n<div class=\"uavc-list-icon  \" data-animation=\"\" data-animation-delay=\"03\" style=\"margin-right:20px;\"><div class=\"ult-just-icon-wrapper  \"><div class=\"align-icon\" style=\"text-align:center;\">\n<div class=\"aio-icon none \"  style=\"color:#81d742;font-size:20px;display:inline-block;\">\n\t<i class=\"fas fa-check\"><\/i>\n<\/div><\/div><\/div>\n<\/div><span  data-ultimate-target='#list-icon-wrap-2764 .uavc-list-desc'  data-responsive-json-new='{\"font-size\":\"\",\"line-height\":\"\"}'  class=\"uavc-list-desc ult-responsive\" style=\"\"><strong>Sin lixiviaci\u00f3n de productos qu\u00edmicos<\/strong><\/span><\/div><\/li><li><div class=\"uavc-list-content\" id=\"list-icon-wrap-7014\">\n<div class=\"uavc-list-icon  \" data-animation=\"\" data-animation-delay=\"03\" style=\"margin-right:20px;\"><div class=\"ult-just-icon-wrapper  \"><div class=\"align-icon\" style=\"text-align:center;\">\n<div class=\"aio-icon none \"  style=\"color:#81d742;font-size:20px;display:inline-block;\">\n\t<i class=\"fas fa-check\"><\/i>\n<\/div><\/div><\/div>\n<\/div><span  data-ultimate-target='#list-icon-wrap-7014 .uavc-list-desc'  data-responsive-json-new='{\"font-size\":\"\",\"line-height\":\"\"}'  class=\"uavc-list-desc ult-responsive\" style=\"\"><strong>Ahorro sustancial de costes de toda la vida<\/strong><\/p>\n<p><\/span><\/div><\/li><\/ul><\/div>[vc_column_text]La excavaci\u00f3n por debajo del nivel de aguas subterr\u00e1neas existente tiene el potencial de crear sedimentaciones significativas, problemas de servicios y otros impactos de la calidad del agua en entornos sensibles de recepci\u00f3n de estuarina y agua dulce. El problema surge de las operaciones <a href=\"https:\/\/en.wikipedia.org\/wiki\/Dewatering\" target=\"_blank\" rel=\"noopener noreferrer\">de deshidrataci\u00f3n<\/a> ubicadas en zonas costeras donde los niveles de superficie natural est\u00e1n por debajo de 5mAHD. Es probable que estas \u00e1reas contengan suelos de sulfato de \u00e1cido real o potencial. Por lo tanto, la deshidrataci\u00f3n necesaria para la construcci\u00f3n de estos s\u00f3tanos a menudo resulta en la extracci\u00f3n (mediante el uso de lanzas de agua subterr\u00e1nea) de bajo pH (\u00e1cido) aguas subterr\u00e1neas.<\/p>\n<p>La solubilidad de muchos metales es sensible al pH y, en particular, la solubilidad del hierro y el manganeso aumenta significativamente a un pH m\u00e1s bajo. Debido a esta propiedad, las aguas subterr\u00e1neas \u00e1cidas a menudo contienen altas concentraciones de metales solubles, que son pr\u00e1cticamente incoloros mientras que en un estado disuelto (soluble). Mientras que presentes en una forma soluble a pH bajo, estos metales tambi\u00e9n son extremadamente t\u00f3xicos para muchas formas de vida acu\u00e1tica.<\/p>\n<p>Si las aguas subterr\u00e1neas \u00e1cidas extra\u00eddas se descargan sin tratar a las aguas de estuarina o marinas receptoras, es probable que se produzcan una serie de posibles impactos, incluida la mortalidad directa o lesiones a la vida acu\u00e1tica, la reducci\u00f3n de la capacidad de amortiguaci\u00f3n del pH de los estuarios, los da\u00f1os a la infraestructura y la p\u00e9rdida de servicios visuales por las plumas visuales y las manchas.<\/p>\n<p>Antes de la deshidrataci\u00f3n, se debe realizar una evaluaci\u00f3n del impacto en la vegetaci\u00f3n local, los manantiales, los humedales y los agujeros de aguas subterr\u00e1neas utilizados por otros en las proximidades de un proyecto de deshidrataci\u00f3n. Cuando la evaluaci\u00f3n indique una posible reducci\u00f3n del manta de agua o de la calidad de las aguas subterr\u00e1neas, el operador deber\u00e1 dise\u00f1ar el sistema de deshidrataci\u00f3n para superar esta amenaza o proporcionar un suministro alternativo aceptable de agua a las partes afectadas.<\/p>\n<p>Los problemas de olor que emanan de las actividades de deshidrataci\u00f3n pueden afectar negativamente a los residentes que rodean el sitio. Si las aguas subterr\u00e1neas est\u00e1n contaminadas, se pueden liberar gases como el sulfuro de hidr\u00f3geno y el hidrocarburo durante el proceso de deshidrataci\u00f3n. Cuando se liberan estos gases pueden causar olores graves que pueden ser ofensivos para los residentes cercanos.<\/p>\n<p>DMI-65 es un medio de filtraci\u00f3n de agua de acci\u00f3n catal\u00edtica basado en arena de s\u00edlice extremadamente potente que est\u00e1 dise\u00f1ado para la eliminaci\u00f3n de hierro y manganeso sin el uso de permanganato de potasio a trav\u00e9s de un <a href=\"http:\/\/dmi65.com\/es\/tecnicas\/advanced-oxidation-process-for-water-filtration\/\">proceso de oxidaci\u00f3n avanzado.<\/a><\/p>\n<p>DMI-65 es tecnolog\u00eda infundida y no s\u00f3lo una tecnolog\u00eda de recubrimiento superficial, a diferencia de otros medios de filtraci\u00f3n de agua catal\u00edtico, que elimina la posibilidad de cualquier lixiviaci\u00f3n qu\u00edmica en la corriente de agua.<\/p>\n<p>Para iniciar el proceso de oxidaci\u00f3n del hierro (y manganeso) en la soluci\u00f3n DMI-65 est\u00e1 dise\u00f1ado para funcionar en presencia de cloro u otro oxidante. En este proceso el oxidante elimina electrones y se consume en el proceso. El operador debe asegurarse de que hay un residuo de cloro libre de 0,1 a 0,3 ppm en el agua del efluente. El cloro, alimentado como hipoclorito de sodio o lej\u00eda (12,5 NaOCl), es el oxidante preferido ya que es relativamente barato, f\u00e1cilmente disponible en todo el mundo y es eficaz. Tambi\u00e9n realiza la gran mayor\u00eda de cualquier proceso desinfectante.<\/p>\n<h4>Ventajas de utilizar DMI-65 en deshidrataci\u00f3n ambiental<\/h4>\n<p><strong>Cumplimiento normativo. <\/strong>DMI-65 elimina eficientemente el hierro disuelto a los niveles casi indetectables de tan solo 0,001 PPM y manganeso a 0,001 PPM, lo que permitir\u00e1 la descarga de agua en el medio ambiente en pr\u00e1cticamente todas las jurisdicciones.<\/p>\n<p><strong>Reducci\u00f3n de costos <\/strong>El costo total del sistema de filtraci\u00f3n de agua de eliminaci\u00f3n de hierro y manganeso es significativamente menor que las soluciones alternativas, la eficacia, pero la simplicidad relativa, de los sistemas basados en DMI-65 reduce el gasto inicial de capital en la complejidad de las plantas, as\u00ed como el gasto operativo continuo en la recuperaci\u00f3n de productos qu\u00edmicos, energ\u00eda y aguas residuales de retrolavado.<\/p>\n<p><strong>Altas tasas de flujo<\/strong>. La tecnolog\u00eda infundida de <em>DMI-65 promueve la mayor tasa de oxidaci\u00f3n de cualquier medio de filtraci\u00f3n catal\u00edtica.<\/em> Esto permite un caudal de agua significativamente mayor para lograr el mismo nivel de eliminaci\u00f3n de hierro y manganeso. DMI-65 puede operar a velocidades de filtraci\u00f3n lineales de hasta el doble que los medios convencionales con la correspondiente reducci\u00f3n en los costos de los equipos de capital.<\/p>\n<p><strong>Alta capacidad de carga<\/strong> Debido al aumento de la superficie debido a la estructura micro porosa del material de matriz, el DMI-65 tambi\u00e9n tiene una mayor capacidad de carga de hierro y manganeso que puede extender la duraci\u00f3n de los conductos de filtro y el tiempo entre el lavado hacia atr\u00e1s, reduciendo as\u00ed el tiempo de inactividad, los gastos de funcionamiento y el desperdicio.<\/p>\n<p><strong>Regeneraci\u00f3n no necesaria<\/strong><strong>. <\/strong>El medio funciona con una inyecci\u00f3n continua de hipoclorito de sodio a niveles residuales bajos (0,1 a 0,3 ppm) lo que elimina la necesidad de permanganato de potasio.<\/p>\n<p><strong>Amplio entorno operativo.<\/strong><strong> <\/strong>Un rendimiento estable y satisfactorio a un pH de 5,8 a 8,6 y una temperatura m\u00e1xima de funcionamiento de 113 oF (45 oC) reduce la necesidad de inversi\u00f3n para alterar el entorno operativo.<\/p>\n<p><strong>Larga vida. <\/strong>DMI-65 no se consume en el proceso d\u00e1ndole una vida operativa esperada de hasta 10 a\u00f1os, proporcionando ventajas considerables sobre otros procesos o medios. El medio no muestra una capacidad en descomposici\u00f3n para realizar su trabajo catal\u00edtico. Durante el per\u00edodo de 5 a 10 a\u00f1os, a trav\u00e9s de muchas operaciones de retrolavado de la cama para eliminar los s\u00f3lidos retenidos, se produce una p\u00e9rdida de desgaste de los medios por contacto entre part\u00edculas y abrasi\u00f3n mec\u00e1nica[\/vc_column_text][\/vc_column][\/vc_row][vc_row][vc_column]<div class=\"dt-fancy-separator title-left\" style=\"width: 100%;\"><div class=\"dt-fancy-title\"><span class=\"separator-holder separator-left\"><\/span>Caso pr\u00e1ctico: Deshidrataci\u00f3n ambiental<span class=\"separator-holder separator-right\"><\/span><\/div><\/div>[\/vc_column][\/vc_row][vc_row][vc_column][vc_masonry_grid post_type=\u00bbpost\u00bb max_items=\u00bb4&#8243; element_width=\u00bb6&#8243; grid_id=\u00bbvc_gid:1592797707753-1da1fd6c-51c1-4&#8243; taxonomies=\u00bb1061&#8243; css=\u00bb.vc_custom_1592706876269{margin-top: 15px !important;}\u00bb][\/vc_column][\/vc_row][vc_row content_placement=\u00bbmiddle\u00bb css=\u00bb.vc_custom_1592794121420{padding-top: 20px !important;padding-right: 20px !important;padding-bottom: 5px !important;padding-left: 20px !important;}\u00bb el_class=\u00bbcta\u00bb][vc_column]<div class=\"dt-fancy-separator\" style=\"width: 100%;\"><div class=\"dt-fancy-title\"><span class=\"separator-holder separator-left\"><\/span>Consulte c\u00f3mo los medios de filtraci\u00f3n DMI-65\u00ae pueden ayudarle con sus necesidades de deshidrataci\u00f3n ambiental.<span class=\"separator-holder separator-right\"><\/span><\/div><\/div>[vc_btn title=\u00bbInvestigar\u00bb style=\u00bbcustom\u00bb custom_background=\u00bb#162441&#8243; custom_text=\u00bb#ffffff\u00bb shape=\u00bbsquare\u00bb size=\u00bblg\u00bb align=\u00bbcenter\u00bb i_align=\u00bbright\u00bb i_icon_fontawesome=\u00bbfas fa-chevron-right\u00bb add_icon=\u00bbtrue\u00bb css=\u00bb.vc_custom_1592793128520{margin-top: 20px !important;}\u00bb el_class=\u00bbctaButton sg-popup-id-8233&#8243;][\/vc_column][\/vc_row]<\/p>\n<\/div>","protected":false},"excerpt":{"rendered":"<p>[vc_row][vc_column][vc_column_text css=\u00bb.vc_custom_1592380872429{margin-top: 15px !important;margin-bottom: 15px !important;}\u00bb]Sistemas de deshidrataci\u00f3n environmet\u00e1ricos: La deshidrataci\u00f3n se define por el proceso de eliminaci\u00f3n de agua de un sitio que se acumula en excavaciones de tierra o debajo de estructuras en o por debajo de la tabla de agua existente. Las actividades de deshidrataci\u00f3n son permanentes o temporales. Las descargas permanentes&hellip;<\/p>\n","protected":false},"author":1,"featured_media":0,"parent":7148,"menu_order":0,"comment_status":"closed","ping_status":"closed","template":"","meta":{"content-type":"","footnotes":""},"class_list":["post-5896","page","type-page","status-publish","hentry","description-off"],"yoast_head":"<!-- This site is optimized with the Yoast SEO plugin v25.2 - https:\/\/yoast.com\/wordpress\/plugins\/seo\/ -->\n<title>Sistemas de deshidrataci\u00f3n environmet\u00e1nmetal para construcci\u00f3n - DMI-65\u00ae<\/title>\n<meta name=\"description\" content=\"DMI-65\u00ae se puede utilizar para sistemas de deshidrataci\u00f3n environmetal: que es el proceso de eliminaci\u00f3n de agua de un sitio que se acumula en excavaciones de tierra\" \/>\n<meta name=\"robots\" content=\"index, follow, max-snippet:-1, max-image-preview:large, max-video-preview:-1\" \/>\n<link rel=\"canonical\" href=\"https:\/\/dmi65.com\/es\/soluciones\/deshidratacion-ambiental\/\" \/>\n<meta property=\"og:locale\" content=\"es_ES\" \/>\n<meta property=\"og:type\" content=\"article\" \/>\n<meta property=\"og:title\" content=\"Sistemas de deshidrataci\u00f3n environmet\u00e1nmetal para construcci\u00f3n - DMI-65\u00ae\" \/>\n<meta property=\"og:description\" content=\"DMI-65\u00ae se puede utilizar para sistemas de deshidrataci\u00f3n environmetal: que es el proceso de eliminaci\u00f3n de agua de un sitio que se acumula en excavaciones de tierra\" \/>\n<meta property=\"og:url\" content=\"https:\/\/dmi65.com\/es\/soluciones\/deshidratacion-ambiental\/\" \/>\n<meta property=\"og:site_name\" content=\"DMI-65\u00ae\" \/>\n<meta property=\"article:modified_time\" content=\"2020-06-26T03:15:36+00:00\" \/>\n<meta property=\"og:image\" content=\"https:\/\/dmi65.com\/wp-content\/uploads\/2020\/06\/dmi65_Logo_Blk.png\" \/>\n\t<meta property=\"og:image:width\" content=\"466\" \/>\n\t<meta property=\"og:image:height\" content=\"200\" \/>\n\t<meta property=\"og:image:type\" content=\"image\/png\" \/>\n<meta name=\"twitter:card\" content=\"summary_large_image\" \/>\n<meta name=\"twitter:label1\" content=\"Tiempo de lectura\" \/>\n\t<meta name=\"twitter:data1\" content=\"7 minutos\" \/>\n<script type=\"application\/ld+json\" class=\"yoast-schema-graph\">{\"@context\":\"https:\/\/schema.org\",\"@graph\":[{\"@type\":\"WebPage\",\"@id\":\"https:\/\/dmi65.com\/es\/soluciones\/deshidratacion-ambiental\/\",\"url\":\"https:\/\/dmi65.com\/es\/soluciones\/deshidratacion-ambiental\/\",\"name\":\"Sistemas de deshidrataci\u00f3n environmet\u00e1nmetal para construcci\u00f3n - DMI-65\u00ae\",\"isPartOf\":{\"@id\":\"https:\/\/dmi65.com\/es\/#website\"},\"datePublished\":\"2020-06-09T03:31:06+00:00\",\"dateModified\":\"2020-06-26T03:15:36+00:00\",\"description\":\"DMI-65\u00ae se puede utilizar para sistemas de deshidrataci\u00f3n environmetal: que es el proceso de eliminaci\u00f3n de agua de un sitio que se acumula en excavaciones de tierra\",\"breadcrumb\":{\"@id\":\"https:\/\/dmi65.com\/es\/soluciones\/deshidratacion-ambiental\/#breadcrumb\"},\"inLanguage\":\"es\",\"potentialAction\":[{\"@type\":\"ReadAction\",\"target\":[\"https:\/\/dmi65.com\/es\/soluciones\/deshidratacion-ambiental\/\"]}]},{\"@type\":\"BreadcrumbList\",\"@id\":\"https:\/\/dmi65.com\/es\/soluciones\/deshidratacion-ambiental\/#breadcrumb\",\"itemListElement\":[{\"@type\":\"ListItem\",\"position\":1,\"name\":\"Home\",\"item\":\"https:\/\/dmi65.com\/es\/\"},{\"@type\":\"ListItem\",\"position\":2,\"name\":\"Soluciones\",\"item\":\"https:\/\/dmi65.com\/es\/soluciones\/\"},{\"@type\":\"ListItem\",\"position\":3,\"name\":\"Sistemas de deshidrataci\u00f3n\"}]},{\"@type\":\"WebSite\",\"@id\":\"https:\/\/dmi65.com\/es\/#website\",\"url\":\"https:\/\/dmi65.com\/es\/\",\"name\":\"DMI-65\u00ae\",\"description\":\"Water Filtration &amp; Reverse Osmosis Treatment, Catalytic Media\",\"publisher\":{\"@id\":\"https:\/\/dmi65.com\/es\/#organization\"},\"potentialAction\":[{\"@type\":\"SearchAction\",\"target\":{\"@type\":\"EntryPoint\",\"urlTemplate\":\"https:\/\/dmi65.com\/es\/?s={search_term_string}\"},\"query-input\":{\"@type\":\"PropertyValueSpecification\",\"valueRequired\":true,\"valueName\":\"search_term_string\"}}],\"inLanguage\":\"es\"},{\"@type\":\"Organization\",\"@id\":\"https:\/\/dmi65.com\/es\/#organization\",\"name\":\"DMI-65 & Quantum Filtration Pty Ltd\",\"url\":\"https:\/\/dmi65.com\/es\/\",\"logo\":{\"@type\":\"ImageObject\",\"inLanguage\":\"es\",\"@id\":\"https:\/\/dmi65.com\/es\/#\/schema\/logo\/image\/\",\"url\":\"https:\/\/dmi65.com\/wp-content\/uploads\/2020\/04\/dmi65.png\",\"contentUrl\":\"https:\/\/dmi65.com\/wp-content\/uploads\/2020\/04\/dmi65.png\",\"width\":440,\"height\":205,\"caption\":\"DMI-65 & Quantum Filtration Pty Ltd\"},\"image\":{\"@id\":\"https:\/\/dmi65.com\/es\/#\/schema\/logo\/image\/\"},\"sameAs\":[\"https:\/\/www.linkedin.com\/company\/dmi-65\",\"https:\/\/www.youtube.com\/channel\/UCbXoMn5KBp2jrnx4KR_Qg4A\"]}]}<\/script>\n<!-- \/ Yoast SEO plugin. -->","yoast_head_json":{"title":"Sistemas de deshidrataci\u00f3n environmet\u00e1nmetal para construcci\u00f3n - DMI-65\u00ae","description":"DMI-65\u00ae se puede utilizar para sistemas de deshidrataci\u00f3n environmetal: que es el proceso de eliminaci\u00f3n de agua de un sitio que se acumula en excavaciones de tierra","robots":{"index":"index","follow":"follow","max-snippet":"max-snippet:-1","max-image-preview":"max-image-preview:large","max-video-preview":"max-video-preview:-1"},"canonical":"https:\/\/dmi65.com\/es\/soluciones\/deshidratacion-ambiental\/","og_locale":"es_ES","og_type":"article","og_title":"Sistemas de deshidrataci\u00f3n environmet\u00e1nmetal para construcci\u00f3n - DMI-65\u00ae","og_description":"DMI-65\u00ae se puede utilizar para sistemas de deshidrataci\u00f3n environmetal: que es el proceso de eliminaci\u00f3n de agua de un sitio que se acumula en excavaciones de tierra","og_url":"https:\/\/dmi65.com\/es\/soluciones\/deshidratacion-ambiental\/","og_site_name":"DMI-65\u00ae","article_modified_time":"2020-06-26T03:15:36+00:00","og_image":[{"width":466,"height":200,"url":"https:\/\/dmi65.com\/wp-content\/uploads\/2020\/06\/dmi65_Logo_Blk.png","type":"image\/png"}],"twitter_card":"summary_large_image","twitter_misc":{"Tiempo de lectura":"7 minutos"},"schema":{"@context":"https:\/\/schema.org","@graph":[{"@type":"WebPage","@id":"https:\/\/dmi65.com\/es\/soluciones\/deshidratacion-ambiental\/","url":"https:\/\/dmi65.com\/es\/soluciones\/deshidratacion-ambiental\/","name":"Sistemas de deshidrataci\u00f3n environmet\u00e1nmetal para construcci\u00f3n - DMI-65\u00ae","isPartOf":{"@id":"https:\/\/dmi65.com\/es\/#website"},"datePublished":"2020-06-09T03:31:06+00:00","dateModified":"2020-06-26T03:15:36+00:00","description":"DMI-65\u00ae se puede utilizar para sistemas de deshidrataci\u00f3n environmetal: que es el proceso de eliminaci\u00f3n de agua de un sitio que se acumula en excavaciones de tierra","breadcrumb":{"@id":"https:\/\/dmi65.com\/es\/soluciones\/deshidratacion-ambiental\/#breadcrumb"},"inLanguage":"es","potentialAction":[{"@type":"ReadAction","target":["https:\/\/dmi65.com\/es\/soluciones\/deshidratacion-ambiental\/"]}]},{"@type":"BreadcrumbList","@id":"https:\/\/dmi65.com\/es\/soluciones\/deshidratacion-ambiental\/#breadcrumb","itemListElement":[{"@type":"ListItem","position":1,"name":"Home","item":"https:\/\/dmi65.com\/es\/"},{"@type":"ListItem","position":2,"name":"Soluciones","item":"https:\/\/dmi65.com\/es\/soluciones\/"},{"@type":"ListItem","position":3,"name":"Sistemas de deshidrataci\u00f3n"}]},{"@type":"WebSite","@id":"https:\/\/dmi65.com\/es\/#website","url":"https:\/\/dmi65.com\/es\/","name":"DMI-65\u00ae","description":"Water Filtration &amp; Reverse Osmosis Treatment, Catalytic Media","publisher":{"@id":"https:\/\/dmi65.com\/es\/#organization"},"potentialAction":[{"@type":"SearchAction","target":{"@type":"EntryPoint","urlTemplate":"https:\/\/dmi65.com\/es\/?s={search_term_string}"},"query-input":{"@type":"PropertyValueSpecification","valueRequired":true,"valueName":"search_term_string"}}],"inLanguage":"es"},{"@type":"Organization","@id":"https:\/\/dmi65.com\/es\/#organization","name":"DMI-65 & Quantum Filtration Pty Ltd","url":"https:\/\/dmi65.com\/es\/","logo":{"@type":"ImageObject","inLanguage":"es","@id":"https:\/\/dmi65.com\/es\/#\/schema\/logo\/image\/","url":"https:\/\/dmi65.com\/wp-content\/uploads\/2020\/04\/dmi65.png","contentUrl":"https:\/\/dmi65.com\/wp-content\/uploads\/2020\/04\/dmi65.png","width":440,"height":205,"caption":"DMI-65 & Quantum Filtration Pty Ltd"},"image":{"@id":"https:\/\/dmi65.com\/es\/#\/schema\/logo\/image\/"},"sameAs":["https:\/\/www.linkedin.com\/company\/dmi-65","https:\/\/www.youtube.com\/channel\/UCbXoMn5KBp2jrnx4KR_Qg4A"]}]}},"_links":{"self":[{"href":"https:\/\/dmi65.com\/es\/wp-json\/wp\/v2\/pages\/5896","targetHints":{"allow":["GET"]}}],"collection":[{"href":"https:\/\/dmi65.com\/es\/wp-json\/wp\/v2\/pages"}],"about":[{"href":"https:\/\/dmi65.com\/es\/wp-json\/wp\/v2\/types\/page"}],"author":[{"embeddable":true,"href":"https:\/\/dmi65.com\/es\/wp-json\/wp\/v2\/users\/1"}],"replies":[{"embeddable":true,"href":"https:\/\/dmi65.com\/es\/wp-json\/wp\/v2\/comments?post=5896"}],"version-history":[{"count":0,"href":"https:\/\/dmi65.com\/es\/wp-json\/wp\/v2\/pages\/5896\/revisions"}],"up":[{"embeddable":true,"href":"https:\/\/dmi65.com\/es\/wp-json\/wp\/v2\/pages\/7148"}],"wp:attachment":[{"href":"https:\/\/dmi65.com\/es\/wp-json\/wp\/v2\/media?parent=5896"}],"curies":[{"name":"wp","href":"https:\/\/api.w.org\/{rel}","templated":true}]}}