{"id":5864,"date":"2020-06-09T11:28:01","date_gmt":"2020-06-09T03:28:01","guid":{"rendered":"http:\/\/dmi65.com\/aplicaciones-de-agua-potable\/"},"modified":"2020-06-26T11:26:07","modified_gmt":"2020-06-26T03:26:07","slug":"aplicaciones-de-agua-potable","status":"publish","type":"page","link":"https:\/\/dmi65.com\/es\/soluciones\/aplicaciones-de-agua-potable\/","title":{"rendered":"Tratamiento de agua para beber"},"content":{"rendered":"<div class=\"wpb-content-wrapper\"><p>[vc_row][vc_column][vc_column_text css=\u00bb.vc_custom_1592382953428{margin-top: 15px !important;margin-bottom: 15px !important;}\u00bb]El acceso al agua potable se considera un derecho humano b\u00e1sico. Sin embargo, m\u00e1s de una sexta parte de la poblaci\u00f3n mundial, principalmente en los pa\u00edses en desarrollo, carecen de acceso fiable a esas aguas. Los clientes se quejan ante las empresas de agua potable con respecto a incidentes como el sabor, el olor, el color, la baba, la baja presi\u00f3n y el suministro de agua. En el Reino Unido, se estima que un tercio de todas las quejas de los clientes relativas al agua potable est\u00e1n relacionadas con la decoloraci\u00f3n del agua (Cook et al., 2005). Estas quejas socavan en gran medida la confianza de los clientes en las empresas de agua.[\/vc_column_text][\/vc_column][\/vc_row][vc_row][vc_column]<div class=\"uavc-list-icon uavc-list-icon-wrapper ult-adjust-bottom-margin   vc_custom_1590987405882  vc_custom_1590987405882\"><ul class=\"uavc-list\"><li><div class=\"uavc-list-content\" id=\"list-icon-wrap-6749\">\n<div class=\"uavc-list-icon  \" data-animation=\"\" data-animation-delay=\"03\" style=\"margin-right:20px;\"><div class=\"ult-just-icon-wrapper  \"><div class=\"align-icon\" style=\"text-align:center;\">\n<div class=\"aio-icon none \"  style=\"color:#81d742;font-size:20px;display:inline-block;\">\n\t<i class=\"fas fa-check\"><\/i>\n<\/div><\/div><\/div>\n<\/div><span  data-ultimate-target='#list-icon-wrap-6749 .uavc-list-desc'  data-responsive-json-new='{\"font-size\":\"\",\"line-height\":\"\"}'  class=\"uavc-list-desc ult-responsive\" style=\"\"><strong>Reducir el tiempo de inactividad<\/strong><\/p>\n<p><\/span><\/div><\/li><li><div class=\"uavc-list-content\" id=\"list-icon-wrap-7227\">\n<div class=\"uavc-list-icon  \" data-animation=\"\" data-animation-delay=\"03\" style=\"margin-right:20px;\"><div class=\"ult-just-icon-wrapper  \"><div class=\"align-icon\" style=\"text-align:center;\">\n<div class=\"aio-icon none \"  style=\"color:#81d742;font-size:20px;display:inline-block;\">\n\t<i class=\"fas fa-check\"><\/i>\n<\/div><\/div><\/div>\n<\/div><span  data-ultimate-target='#list-icon-wrap-7227 .uavc-list-desc'  data-responsive-json-new='{\"font-size\":\"\",\"line-height\":\"\"}'  class=\"uavc-list-desc ult-responsive\" style=\"\"><strong>Ahorre en costosas limpiezas y reemplazos de membranas<\/strong><\/p>\n<p><\/span><\/div><\/li><li><div class=\"uavc-list-content\" id=\"list-icon-wrap-5648\">\n<div class=\"uavc-list-icon  \" data-animation=\"\" data-animation-delay=\"03\" style=\"margin-right:20px;\"><div class=\"ult-just-icon-wrapper  \"><div class=\"align-icon\" style=\"text-align:center;\">\n<div class=\"aio-icon none \"  style=\"color:#81d742;font-size:20px;display:inline-block;\">\n\t<i class=\"fas fa-check\"><\/i>\n<\/div><\/div><\/div>\n<\/div><span  data-ultimate-target='#list-icon-wrap-5648 .uavc-list-desc'  data-responsive-json-new='{\"font-size\":\"\",\"line-height\":\"\"}'  class=\"uavc-list-desc ult-responsive\" style=\"\"><strong>Mejorar significativamente el rendimiento del sistema reduciendo la inversi\u00f3n inicial de capital del sistema<\/strong><\/p>\n<p><\/span><\/div><\/li><li><div class=\"uavc-list-content\" id=\"list-icon-wrap-1553\">\n<div class=\"uavc-list-icon  \" data-animation=\"\" data-animation-delay=\"03\" style=\"margin-right:20px;\"><div class=\"ult-just-icon-wrapper  \"><div class=\"align-icon\" style=\"text-align:center;\">\n<div class=\"aio-icon none \"  style=\"color:#81d742;font-size:20px;display:inline-block;\">\n\t<i class=\"fas fa-check\"><\/i>\n<\/div><\/div><\/div>\n<\/div><span  data-ultimate-target='#list-icon-wrap-1553 .uavc-list-desc'  data-responsive-json-new='{\"font-size\":\"\",\"line-height\":\"\"}'  class=\"uavc-list-desc ult-responsive\" style=\"\"><strong>Alta tasa de desinfecci\u00f3n alcanzada<\/strong><\/p>\n<p><\/span><\/div><\/li><li><div class=\"uavc-list-content\" id=\"list-icon-wrap-4549\">\n<div class=\"uavc-list-icon  \" data-animation=\"\" data-animation-delay=\"03\" style=\"margin-right:20px;\"><div class=\"ult-just-icon-wrapper  \"><div class=\"align-icon\" style=\"text-align:center;\">\n<div class=\"aio-icon none \"  style=\"color:#81d742;font-size:20px;display:inline-block;\">\n\t<i class=\"fas fa-check\"><\/i>\n<\/div><\/div><\/div>\n<\/div><span  data-ultimate-target='#list-icon-wrap-4549 .uavc-list-desc'  data-responsive-json-new='{\"font-size\":\"\",\"line-height\":\"\"}'  class=\"uavc-list-desc ult-responsive\" style=\"\"><strong>Sin lixiviaci\u00f3n de productos qu\u00edmicos<\/strong><\/p>\n<p><\/span><\/div><\/li><li><div class=\"uavc-list-content\" id=\"list-icon-wrap-1308\">\n<div class=\"uavc-list-icon  \" data-animation=\"\" data-animation-delay=\"03\" style=\"margin-right:20px;\"><div class=\"ult-just-icon-wrapper  \"><div class=\"align-icon\" style=\"text-align:center;\">\n<div class=\"aio-icon none \"  style=\"color:#81d742;font-size:20px;display:inline-block;\">\n\t<i class=\"fas fa-check\"><\/i>\n<\/div><\/div><\/div>\n<\/div><span  data-ultimate-target='#list-icon-wrap-1308 .uavc-list-desc'  data-responsive-json-new='{\"font-size\":\"\",\"line-height\":\"\"}'  class=\"uavc-list-desc ult-responsive\" style=\"\"><strong>Ahorro sustancial de costes de toda la vida <\/strong><\/p>\n<p><\/span><\/div><\/li><\/ul><\/div>[vc_column_text]Durante mucho tiempo se ha considerado que la contaminaci\u00f3n del hierro y el manganeso del agua s\u00f3lo conducen a problemas est\u00e9ticos, ya que son contaminantes secundarios que tienen pocos o ning\u00fan efecto adverso para la salud. Sin embargo, la investigaci\u00f3n llevada a cabo por Wasserman et al. (2006) indic\u00f3 una relaci\u00f3n entre el aumento de las concentraciones de Mn en el agua potable y la reducci\u00f3n de las funciones intelectuales de los ni\u00f1os. Se ha encontrado que el aumento de los niveles de concentraciones de hierro y manganeso es la principal causa de decoloraci\u00f3n del agua potable (Slaats, 2002). Adem\u00e1s, el agua decolorada tambi\u00e9n podr\u00eda conducir a manchas de color en lavander\u00edas y fregaderos, mayores costos de tratamiento, menor capacidad de tratamiento y aumento de los costos de bombeo. El agua con altas concentraciones de hierro y manganeso se ha encontrado para dar al agua un sabor met\u00e1lico desagradable y verduras cocinadas con ella se vuelven oscuras y se ven poco apegaras (Herman, 1996).<\/p>\n<p>Los altos niveles de hierro y manganeso pueden llevar a que no se cumplan las regulaciones de agua potable. El est\u00e1ndar de agua potable para la mayor\u00eda de las jurisdicciones de hierro es de 0,3 miligramos por litro (mg\/l), y el est\u00e1ndar para el manganeso es de 0,05 mg\/l respectivamente. La calidad del agua cambia a medida que viaja de la fuente a los consumidores en las redes de distribuci\u00f3n de agua (en lo sucesivo, \u00abWDN\u00bb). Aunque las compa\u00f1\u00edas de agua generalmente establecen objetivos post-tratamiento de Fe y Mn a aproximadamente 3 de sus respectivos MCL, las bajas concentraciones de Fe y Mn todav\u00eda entran en la red y se acumulan gradualmente en las tuber\u00edas dentro de los WDN. Dadas las condiciones equivocadas, como los altos flujos creados por una explosi\u00f3n principal de agua o un alto consumo diurno de agua potable, estas part\u00edculas acumuladas pueden posteriormente conducir a la decoloraci\u00f3n del agua y terminar en los grifos de los clientes.<\/p>\n<p>Para iniciar el proceso de oxidaci\u00f3n del hierro (y manganeso) en la soluci\u00f3n DMI-65 est\u00e1 dise\u00f1ado para funcionar en presencia de cloro u otro oxidante. En este proceso el oxidante elimina electrones y se consume en el proceso. El operador debe asegurarse de que hay un residuo de cloro libre de 0,1 a 0,3 ppm en el agua del efluente. El cloro, alimentado como hipoclorito de sodio o lej\u00eda (12,5 NaOCl), es el oxidante preferido ya que es relativamente barato, f\u00e1cilmente disponible en todo el mundo y es eficaz. Tambi\u00e9n realiza la gran mayor\u00eda de cualquier proceso desinfectante.<\/p>\n<p>A diferencia de las resinas de intercambio i\u00f3nico donde dosis regeneradoras m\u00e1s altas aumentar\u00e1n la capacidad de intercambio i\u00f3nico, los residuos o concentraciones de NaOCl m\u00e1s altos que los necesarios para oxidar el hierro y el manganeso no aumentan las propiedades oxidativas de los medios. Adem\u00e1s, dado que los medios se utilizan a menudo para pretratar las aguas antes de un sistema de RO, un residuo de cloro libre m\u00e1s alto requerir\u00eda un tratamiento posterior m\u00e1s extenso para reducir el residuo y proteger las membranas del ataque de cloro.<\/p>\n<p>DMI-65 ha sido certificado seg\u00fan la Norma estadounidense de NSF\/ANSI 61 para componentes del sistema de agua potable y para su uso en Inglaterra y Gales en virtud de la Regulaci\u00f3n 31(4)(a) de las regulaciones de suministro de agua (Calidad del Agua) 2010 y tambi\u00e9n ha sido probado por muchas otras autoridades y laboratorios de tratamiento de agua.<\/p>\n<p>DMI-65 se fabrica en Australia.<\/p>\n<p><strong>Historial del caso: George Water Works utiliza el tratamiento de agua DMI-65 para beber<br \/>\n<\/strong><\/p>\n<p>George Municipal Water Works, Sud\u00e1frica, utiliza m\u00e1s de 550 toneladas m\u00e9tricas de DMI-65. El agua de George es altamente coloreada que contiene \u00e1cidos h\u00famicos y f\u00falvicos \u2013 el color de agua cruda es aprox. 800 unidades de color PtCo. Se cree que este tipo de agua es una de las m\u00e1s dif\u00edciles de filtrar. La eliminaci\u00f3n de hierro es muy eficaz independientemente del pH. El hierro residual m\u00e1s alto encontrado fue de 0,01 mg\/l. La eliminaci\u00f3n de manganeso tambi\u00e9n es muy eficiente. El manganeso restante m\u00e1s alto encontrado fue 0,06 mg\/l Mn se elimina mejor a pH 8 m\u00e1s alto. El beneficio adicional de la extracci\u00f3n de aluminio incluso en el pH m\u00e1s alto. La turbidez m\u00e1s alta registrada fue 0,06 NTU. Seg\u00fan nuestras pruebas de laboratorio, el color m\u00e1s alto fue de 4 mg\/l de PtCo, pero la mayor\u00eda de las veces el color<\/p>\n<p>m\u00e1s bajo que el color del agua destilada comprada en una farmacia en George. La planta funciona desde principios de enero de 2007 y sigue teniendo excelentes resultados. Consulte el caso pr\u00e1ctico de tratamiento de agua potable a continuaci\u00f3n, o<a href=\"http:\/\/dmi65.com\/es\/case-studies\/municipal-water-treatment-south-africa\/\"> haga clic aqu\u00ed para ver el post.<\/a><\/p>\n<h4>Ventajas de usar DMI-65 en el tratamiento de agua potable<\/h4>\n<p><strong>Cumplimiento normativo<\/strong>. La demanda de agua potable limpia y confiable se expande a tasas mucho mayores que las fuentes de agua superficiales disponibles. Las nuevas fuentes municipales de agua potable provienen cada vez m\u00e1s de agua subterr\u00e1nea, que m\u00e1s com\u00fanmente tiene niveles de contaminaci\u00f3n de hierro y manganeso muy por encima de los niveles aceptables designados. DMI-65 elimina eficientemente el hierro disuelto a los niveles casi indetectables de tan solo 0,001 PPM y manganeso a 0,001 PPM para lograr el cumplimiento en pr\u00e1cticamente todas las jurisdicciones.<\/p>\n<p><strong>Reducci\u00f3n de costos <\/strong>El costo total del sistema de filtraci\u00f3n de agua de eliminaci\u00f3n de hierro y manganeso es significativamente menor que las soluciones alternativas, la eficacia, pero la simplicidad relativa, de los sistemas basados en DMI-65 reduce el gasto inicial de capital en la complejidad de las plantas, as\u00ed como el gasto operativo continuo en la recuperaci\u00f3n de productos qu\u00edmicos, energ\u00eda y aguas residuales de retrolavado.<\/p>\n<p><strong>Altas tasas de flujo<\/strong>. La tecnolog\u00eda infundida de <em>DMI-65 promueve la mayor tasa de oxidaci\u00f3n de cualquier medio de filtraci\u00f3n catal\u00edtica.<\/em> Esto permite un caudal de agua significativamente mayor para lograr el mismo nivel de eliminaci\u00f3n de hierro y manganeso. DMI-65 puede operar a velocidades de filtraci\u00f3n lineales de hasta el doble que los medios convencionales con la correspondiente reducci\u00f3n en los costos de los equipos de capital.<\/p>\n<p><strong>Alta capacidad de carga<\/strong> Debido al aumento de la superficie debido a la estructura micro &#8211; porosa del material de matriz, el DMI-65 tambi\u00e9n tiene una mayor capacidad de carga de hierro y manganeso que puede extender la duraci\u00f3n de los conductos de filtro y el tiempo entre el lavado de espaldas, reduciendo as\u00ed el tiempo de inactividad, los gastos de funcionamiento y el desperdicio.<\/p>\n<p><strong>Regeneraci\u00f3n no necesaria<\/strong><strong>. <\/strong>El medio funciona con una inyecci\u00f3n continua de hipoclorito de sodio a niveles residuales bajos (0,1 a 0,3 ppm) lo que elimina la necesidad de permanganato de potasio.<\/p>\n<p><strong>Amplio entorno operativo.<\/strong><strong> <\/strong>Un rendimiento estable y satisfactorio a un pH de 5,8 a 8,6 y una temperatura m\u00e1xima de funcionamiento de 113 oF (45 oC) reduce la necesidad de inversi\u00f3n para alterar el entorno operativo.<\/p>\n<p><strong>Larga vida. <\/strong>DMI-65 no se consume en el proceso d\u00e1ndole una vida operativa esperada de hasta 10 a\u00f1os, proporcionando ventajas considerables sobre otros procesos o medios. El medio no muestra una capacidad en descomposici\u00f3n para realizar su trabajo catal\u00edtico. Durante el per\u00edodo de 5 a 10 a\u00f1os, a trav\u00e9s de muchas operaciones de <a href=\"https:\/\/en.wikipedia.org\/wiki\/Backwashing_(water_treatment)\" target=\"_blank\" rel=\"noopener noreferrer\">retrolavado<\/a> de la cama para eliminar los s\u00f3lidos retenidos, se produce una p\u00e9rdida de desgaste de los medios por contacto entre part\u00edculas y abrasi\u00f3n mec\u00e1nica[\/vc_column_text][\/vc_column][\/vc_row][vc_row][vc_column]<div class=\"dt-fancy-separator title-left\" style=\"width: 100%;\"><div class=\"dt-fancy-title\"><span class=\"separator-holder separator-left\"><\/span>Caso pr\u00e1ctico: George Waterworks utiliza DMI-65\u00ae para el tratamiento de agua potable<span class=\"separator-holder separator-right\"><\/span><\/div><\/div>[\/vc_column][\/vc_row][vc_row][vc_column width=\u00bb1\/2&#8243;][vc_masonry_grid post_type=\u00bbpost\u00bb max_items=\u00bb10&#8243; element_width=\u00bb12&#8243; grid_id=\u00bbvc_gid:1592797919903-ffc3dc49-5272-3&#8243; taxonomies=\u00bb1064&#8243; css=\u00bb.vc_custom_1592383153931{margin-top: 15px !important;}\u00bb][\/vc_column][vc_column width=\u00bb1\/2&#8243;][\/vc_column][\/vc_row][vc_row content_placement=\u00bbmiddle\u00bb css=\u00bb.vc_custom_1592794121420{padding-top: 20px !important;padding-right: 20px !important;padding-bottom: 5px !important;padding-left: 20px !important;}\u00bb el_class=\u00bbcta\u00bb][vc_column][vc_empty_space]<div class=\"dt-fancy-separator\" style=\"width: 100%;\"><div class=\"dt-fancy-title\"><span class=\"separator-holder separator-left\"><\/span>Pregunte c\u00f3mo se puede utilizar DMI-65\u00ae medios de filtraci\u00f3n como tratamiento para el agua potable<span class=\"separator-holder separator-right\"><\/span><\/div><\/div>[vc_btn title=\u00bbInvestigar\u00bb style=\u00bbcustom\u00bb custom_background=\u00bb#162441&#8243; custom_text=\u00bb#ffffff\u00bb shape=\u00bbsquare\u00bb size=\u00bblg\u00bb align=\u00bbcenter\u00bb i_align=\u00bbright\u00bb i_icon_fontawesome=\u00bbfas fa-chevron-right\u00bb add_icon=\u00bbtrue\u00bb css=\u00bb.vc_custom_1592793128520{margin-top: 20px !important;}\u00bb el_class=\u00bbctaButton sg-popup-id-8233&#8243;][\/vc_column][\/vc_row]<\/p>\n<\/div>","protected":false},"excerpt":{"rendered":"<p>[vc_row][vc_column][vc_column_text css=\u00bb.vc_custom_1592382953428{margin-top: 15px !important;margin-bottom: 15px !important;}\u00bb]El acceso al agua potable se considera un derecho humano b\u00e1sico. Sin embargo, m\u00e1s de una sexta parte de la poblaci\u00f3n mundial, principalmente en los pa\u00edses en desarrollo, carecen de acceso fiable a esas aguas. Los clientes se quejan ante las empresas de agua potable con respecto a incidentes como&hellip;<\/p>\n","protected":false},"author":1,"featured_media":5303,"parent":7148,"menu_order":0,"comment_status":"closed","ping_status":"closed","template":"","meta":{"content-type":"","footnotes":""},"class_list":["post-5864","page","type-page","status-publish","has-post-thumbnail","hentry","description-off"],"yoast_head":"<!-- This site is optimized with the Yoast SEO plugin v25.2 - https:\/\/yoast.com\/wordpress\/plugins\/seo\/ -->\n<title>Tratamiento de agua para beber, purificaci\u00f3n- DMI-65\u00ae<\/title>\n<meta name=\"description\" content=\"Tratamiento de agua para beber con DMI-65\u00ae: El acceso al agua potable se considera un derecho humano b\u00e1sico, aprender sobre las ventajas de DMI-65\u00ae.\" \/>\n<meta name=\"robots\" content=\"index, follow, max-snippet:-1, max-image-preview:large, max-video-preview:-1\" \/>\n<link rel=\"canonical\" href=\"https:\/\/dmi65.com\/es\/soluciones\/aplicaciones-de-agua-potable\/\" \/>\n<meta property=\"og:locale\" content=\"es_ES\" \/>\n<meta property=\"og:type\" content=\"article\" \/>\n<meta property=\"og:title\" content=\"Tratamiento de agua para beber, purificaci\u00f3n- DMI-65\u00ae\" \/>\n<meta property=\"og:description\" content=\"Tratamiento de agua para beber con DMI-65\u00ae: El acceso al agua potable se considera un derecho humano b\u00e1sico, aprender sobre las ventajas de DMI-65\u00ae.\" \/>\n<meta property=\"og:url\" content=\"https:\/\/dmi65.com\/es\/soluciones\/aplicaciones-de-agua-potable\/\" \/>\n<meta property=\"og:site_name\" content=\"DMI-65\u00ae\" \/>\n<meta property=\"article:modified_time\" content=\"2020-06-26T03:26:07+00:00\" \/>\n<meta property=\"og:image\" content=\"https:\/\/dmi65.com\/wp-content\/uploads\/2020\/06\/dmi65_Logo_Blk.png\" \/>\n\t<meta property=\"og:image:width\" content=\"466\" \/>\n\t<meta property=\"og:image:height\" content=\"200\" \/>\n\t<meta property=\"og:image:type\" content=\"image\/png\" \/>\n<meta name=\"twitter:card\" content=\"summary_large_image\" \/>\n<meta name=\"twitter:label1\" content=\"Tiempo de lectura\" \/>\n\t<meta name=\"twitter:data1\" content=\"9 minutos\" \/>\n<script type=\"application\/ld+json\" class=\"yoast-schema-graph\">{\"@context\":\"https:\/\/schema.org\",\"@graph\":[{\"@type\":\"WebPage\",\"@id\":\"https:\/\/dmi65.com\/es\/soluciones\/aplicaciones-de-agua-potable\/\",\"url\":\"https:\/\/dmi65.com\/es\/soluciones\/aplicaciones-de-agua-potable\/\",\"name\":\"Tratamiento de agua para beber, purificaci\u00f3n- DMI-65\u00ae\",\"isPartOf\":{\"@id\":\"https:\/\/dmi65.com\/es\/#website\"},\"primaryImageOfPage\":{\"@id\":\"https:\/\/dmi65.com\/es\/soluciones\/aplicaciones-de-agua-potable\/#primaryimage\"},\"image\":{\"@id\":\"https:\/\/dmi65.com\/es\/soluciones\/aplicaciones-de-agua-potable\/#primaryimage\"},\"thumbnailUrl\":\"https:\/\/dmi65.com\/wp-content\/uploads\/2020\/06\/DrinkingWaterBG.jpg\",\"datePublished\":\"2020-06-09T03:28:01+00:00\",\"dateModified\":\"2020-06-26T03:26:07+00:00\",\"description\":\"Tratamiento de agua para beber con DMI-65\u00ae: El acceso al agua potable se considera un derecho humano b\u00e1sico, aprender sobre las ventajas de DMI-65\u00ae.\",\"breadcrumb\":{\"@id\":\"https:\/\/dmi65.com\/es\/soluciones\/aplicaciones-de-agua-potable\/#breadcrumb\"},\"inLanguage\":\"es\",\"potentialAction\":[{\"@type\":\"ReadAction\",\"target\":[\"https:\/\/dmi65.com\/es\/soluciones\/aplicaciones-de-agua-potable\/\"]}]},{\"@type\":\"ImageObject\",\"inLanguage\":\"es\",\"@id\":\"https:\/\/dmi65.com\/es\/soluciones\/aplicaciones-de-agua-potable\/#primaryimage\",\"url\":\"https:\/\/dmi65.com\/wp-content\/uploads\/2020\/06\/DrinkingWaterBG.jpg\",\"contentUrl\":\"https:\/\/dmi65.com\/wp-content\/uploads\/2020\/06\/DrinkingWaterBG.jpg\",\"width\":1600,\"height\":1067},{\"@type\":\"BreadcrumbList\",\"@id\":\"https:\/\/dmi65.com\/es\/soluciones\/aplicaciones-de-agua-potable\/#breadcrumb\",\"itemListElement\":[{\"@type\":\"ListItem\",\"position\":1,\"name\":\"Home\",\"item\":\"https:\/\/dmi65.com\/es\/\"},{\"@type\":\"ListItem\",\"position\":2,\"name\":\"Soluciones\",\"item\":\"https:\/\/dmi65.com\/es\/soluciones\/\"},{\"@type\":\"ListItem\",\"position\":3,\"name\":\"Tratamiento de agua para beber\"}]},{\"@type\":\"WebSite\",\"@id\":\"https:\/\/dmi65.com\/es\/#website\",\"url\":\"https:\/\/dmi65.com\/es\/\",\"name\":\"DMI-65\u00ae\",\"description\":\"Water Filtration &amp; Reverse Osmosis Treatment, Catalytic Media\",\"publisher\":{\"@id\":\"https:\/\/dmi65.com\/es\/#organization\"},\"potentialAction\":[{\"@type\":\"SearchAction\",\"target\":{\"@type\":\"EntryPoint\",\"urlTemplate\":\"https:\/\/dmi65.com\/es\/?s={search_term_string}\"},\"query-input\":{\"@type\":\"PropertyValueSpecification\",\"valueRequired\":true,\"valueName\":\"search_term_string\"}}],\"inLanguage\":\"es\"},{\"@type\":\"Organization\",\"@id\":\"https:\/\/dmi65.com\/es\/#organization\",\"name\":\"DMI-65 & Quantum Filtration Pty Ltd\",\"url\":\"https:\/\/dmi65.com\/es\/\",\"logo\":{\"@type\":\"ImageObject\",\"inLanguage\":\"es\",\"@id\":\"https:\/\/dmi65.com\/es\/#\/schema\/logo\/image\/\",\"url\":\"https:\/\/dmi65.com\/wp-content\/uploads\/2020\/04\/dmi65.png\",\"contentUrl\":\"https:\/\/dmi65.com\/wp-content\/uploads\/2020\/04\/dmi65.png\",\"width\":440,\"height\":205,\"caption\":\"DMI-65 & Quantum Filtration Pty Ltd\"},\"image\":{\"@id\":\"https:\/\/dmi65.com\/es\/#\/schema\/logo\/image\/\"},\"sameAs\":[\"https:\/\/www.linkedin.com\/company\/dmi-65\",\"https:\/\/www.youtube.com\/channel\/UCbXoMn5KBp2jrnx4KR_Qg4A\"]}]}<\/script>\n<!-- \/ Yoast SEO plugin. -->","yoast_head_json":{"title":"Tratamiento de agua para beber, purificaci\u00f3n- DMI-65\u00ae","description":"Tratamiento de agua para beber con DMI-65\u00ae: El acceso al agua potable se considera un derecho humano b\u00e1sico, aprender sobre las ventajas de DMI-65\u00ae.","robots":{"index":"index","follow":"follow","max-snippet":"max-snippet:-1","max-image-preview":"max-image-preview:large","max-video-preview":"max-video-preview:-1"},"canonical":"https:\/\/dmi65.com\/es\/soluciones\/aplicaciones-de-agua-potable\/","og_locale":"es_ES","og_type":"article","og_title":"Tratamiento de agua para beber, purificaci\u00f3n- DMI-65\u00ae","og_description":"Tratamiento de agua para beber con DMI-65\u00ae: El acceso al agua potable se considera un derecho humano b\u00e1sico, aprender sobre las ventajas de DMI-65\u00ae.","og_url":"https:\/\/dmi65.com\/es\/soluciones\/aplicaciones-de-agua-potable\/","og_site_name":"DMI-65\u00ae","article_modified_time":"2020-06-26T03:26:07+00:00","og_image":[{"width":466,"height":200,"url":"https:\/\/dmi65.com\/wp-content\/uploads\/2020\/06\/dmi65_Logo_Blk.png","type":"image\/png"}],"twitter_card":"summary_large_image","twitter_misc":{"Tiempo de lectura":"9 minutos"},"schema":{"@context":"https:\/\/schema.org","@graph":[{"@type":"WebPage","@id":"https:\/\/dmi65.com\/es\/soluciones\/aplicaciones-de-agua-potable\/","url":"https:\/\/dmi65.com\/es\/soluciones\/aplicaciones-de-agua-potable\/","name":"Tratamiento de agua para beber, purificaci\u00f3n- DMI-65\u00ae","isPartOf":{"@id":"https:\/\/dmi65.com\/es\/#website"},"primaryImageOfPage":{"@id":"https:\/\/dmi65.com\/es\/soluciones\/aplicaciones-de-agua-potable\/#primaryimage"},"image":{"@id":"https:\/\/dmi65.com\/es\/soluciones\/aplicaciones-de-agua-potable\/#primaryimage"},"thumbnailUrl":"https:\/\/dmi65.com\/wp-content\/uploads\/2020\/06\/DrinkingWaterBG.jpg","datePublished":"2020-06-09T03:28:01+00:00","dateModified":"2020-06-26T03:26:07+00:00","description":"Tratamiento de agua para beber con DMI-65\u00ae: El acceso al agua potable se considera un derecho humano b\u00e1sico, aprender sobre las ventajas de DMI-65\u00ae.","breadcrumb":{"@id":"https:\/\/dmi65.com\/es\/soluciones\/aplicaciones-de-agua-potable\/#breadcrumb"},"inLanguage":"es","potentialAction":[{"@type":"ReadAction","target":["https:\/\/dmi65.com\/es\/soluciones\/aplicaciones-de-agua-potable\/"]}]},{"@type":"ImageObject","inLanguage":"es","@id":"https:\/\/dmi65.com\/es\/soluciones\/aplicaciones-de-agua-potable\/#primaryimage","url":"https:\/\/dmi65.com\/wp-content\/uploads\/2020\/06\/DrinkingWaterBG.jpg","contentUrl":"https:\/\/dmi65.com\/wp-content\/uploads\/2020\/06\/DrinkingWaterBG.jpg","width":1600,"height":1067},{"@type":"BreadcrumbList","@id":"https:\/\/dmi65.com\/es\/soluciones\/aplicaciones-de-agua-potable\/#breadcrumb","itemListElement":[{"@type":"ListItem","position":1,"name":"Home","item":"https:\/\/dmi65.com\/es\/"},{"@type":"ListItem","position":2,"name":"Soluciones","item":"https:\/\/dmi65.com\/es\/soluciones\/"},{"@type":"ListItem","position":3,"name":"Tratamiento de agua para beber"}]},{"@type":"WebSite","@id":"https:\/\/dmi65.com\/es\/#website","url":"https:\/\/dmi65.com\/es\/","name":"DMI-65\u00ae","description":"Water Filtration &amp; Reverse Osmosis Treatment, Catalytic Media","publisher":{"@id":"https:\/\/dmi65.com\/es\/#organization"},"potentialAction":[{"@type":"SearchAction","target":{"@type":"EntryPoint","urlTemplate":"https:\/\/dmi65.com\/es\/?s={search_term_string}"},"query-input":{"@type":"PropertyValueSpecification","valueRequired":true,"valueName":"search_term_string"}}],"inLanguage":"es"},{"@type":"Organization","@id":"https:\/\/dmi65.com\/es\/#organization","name":"DMI-65 & Quantum Filtration Pty Ltd","url":"https:\/\/dmi65.com\/es\/","logo":{"@type":"ImageObject","inLanguage":"es","@id":"https:\/\/dmi65.com\/es\/#\/schema\/logo\/image\/","url":"https:\/\/dmi65.com\/wp-content\/uploads\/2020\/04\/dmi65.png","contentUrl":"https:\/\/dmi65.com\/wp-content\/uploads\/2020\/04\/dmi65.png","width":440,"height":205,"caption":"DMI-65 & Quantum Filtration Pty Ltd"},"image":{"@id":"https:\/\/dmi65.com\/es\/#\/schema\/logo\/image\/"},"sameAs":["https:\/\/www.linkedin.com\/company\/dmi-65","https:\/\/www.youtube.com\/channel\/UCbXoMn5KBp2jrnx4KR_Qg4A"]}]}},"_links":{"self":[{"href":"https:\/\/dmi65.com\/es\/wp-json\/wp\/v2\/pages\/5864","targetHints":{"allow":["GET"]}}],"collection":[{"href":"https:\/\/dmi65.com\/es\/wp-json\/wp\/v2\/pages"}],"about":[{"href":"https:\/\/dmi65.com\/es\/wp-json\/wp\/v2\/types\/page"}],"author":[{"embeddable":true,"href":"https:\/\/dmi65.com\/es\/wp-json\/wp\/v2\/users\/1"}],"replies":[{"embeddable":true,"href":"https:\/\/dmi65.com\/es\/wp-json\/wp\/v2\/comments?post=5864"}],"version-history":[{"count":0,"href":"https:\/\/dmi65.com\/es\/wp-json\/wp\/v2\/pages\/5864\/revisions"}],"up":[{"embeddable":true,"href":"https:\/\/dmi65.com\/es\/wp-json\/wp\/v2\/pages\/7148"}],"wp:featuredmedia":[{"embeddable":true,"href":"https:\/\/dmi65.com\/es\/wp-json\/wp\/v2\/media\/5303"}],"wp:attachment":[{"href":"https:\/\/dmi65.com\/es\/wp-json\/wp\/v2\/media?parent=5864"}],"curies":[{"name":"wp","href":"https:\/\/api.w.org\/{rel}","templated":true}]}}