{"id":5828,"date":"2020-06-09T11:25:21","date_gmt":"2020-06-09T03:25:21","guid":{"rendered":"http:\/\/dmi65.com\/refrigeracion-torres-calderas\/"},"modified":"2020-06-26T11:23:44","modified_gmt":"2020-06-26T03:23:44","slug":"refrigeracion-torres-calderas","status":"publish","type":"page","link":"https:\/\/dmi65.com\/es\/soluciones\/refrigeracion-torres-calderas\/","title":{"rendered":"Tratamiento de agua para torres de refrigeraci\u00f3n y calderas"},"content":{"rendered":"<div class=\"wpb-content-wrapper\"><p>[vc_row][vc_column][vc_column_text css=\u00bb.vc_custom_1592450472298{margin-top: 15px !important;margin-bottom: 15px !important;}\u00bb]<strong>Tratamiento de agua Torres de Refrigeraci\u00f3n y Calderas:<\/strong> Todas las aguas naturales contienen cantidades variables de materia suspendida y disuelta, as\u00ed como gases disueltos. El tipo y la cantidad de impurezas en agua dulce var\u00edan con la fuente (lago, r\u00edo y pozo) y con el \u00e1rea de ubicaci\u00f3n. Las impurezas en el agua se convierten en una consideraci\u00f3n importante cuando el agua se va a utilizar para la generaci\u00f3n de vapor. Con la tendencia hacia calderas de mayor presi\u00f3n, el pretratamiento se ha convertido en la clave para el buen funcionamiento de las centrales el\u00e9ctricas industriales. El agua de alimentaci\u00f3n debe ser pretratada para eliminar las impurezas para controlar la deposici\u00f3n, el arrastre y la corrosi\u00f3n en el sistema de calderas. El agua de mala calidad da vapor de mala calidad.[\/vc_column_text][\/vc_column][\/vc_row][vc_row][vc_column]<div class=\"uavc-list-icon uavc-list-icon-wrapper ult-adjust-bottom-margin   vc_custom_1590987405882  vc_custom_1590987405882\"><ul class=\"uavc-list\"><li><div class=\"uavc-list-content\" id=\"list-icon-wrap-5385\">\n<div class=\"uavc-list-icon  \" data-animation=\"\" data-animation-delay=\"03\" style=\"margin-right:20px;\"><div class=\"ult-just-icon-wrapper  \"><div class=\"align-icon\" style=\"text-align:center;\">\n<div class=\"aio-icon none \"  style=\"color:#81d742;font-size:20px;display:inline-block;\">\n\t<i class=\"fas fa-check\"><\/i>\n<\/div><\/div><\/div>\n<\/div><span  data-ultimate-target='#list-icon-wrap-5385 .uavc-list-desc'  data-responsive-json-new='{\"font-size\":\"\",\"line-height\":\"\"}'  class=\"uavc-list-desc ult-responsive\" style=\"\"><strong>Reducir el tiempo de inactividad<\/strong><\/p>\n<p><\/span><\/div><\/li><li><div class=\"uavc-list-content\" id=\"list-icon-wrap-3126\">\n<div class=\"uavc-list-icon  \" data-animation=\"\" data-animation-delay=\"03\" style=\"margin-right:20px;\"><div class=\"ult-just-icon-wrapper  \"><div class=\"align-icon\" style=\"text-align:center;\">\n<div class=\"aio-icon none \"  style=\"color:#81d742;font-size:20px;display:inline-block;\">\n\t<i class=\"fas fa-check\"><\/i>\n<\/div><\/div><\/div>\n<\/div><span  data-ultimate-target='#list-icon-wrap-3126 .uavc-list-desc'  data-responsive-json-new='{\"font-size\":\"\",\"line-height\":\"\"}'  class=\"uavc-list-desc ult-responsive\" style=\"\"><strong>Ahorre en costosas limpiezas y reemplazos de membranas<\/strong><\/p>\n<p><\/span><\/div><\/li><li><div class=\"uavc-list-content\" id=\"list-icon-wrap-5829\">\n<div class=\"uavc-list-icon  \" data-animation=\"\" data-animation-delay=\"03\" style=\"margin-right:20px;\"><div class=\"ult-just-icon-wrapper  \"><div class=\"align-icon\" style=\"text-align:center;\">\n<div class=\"aio-icon none \"  style=\"color:#81d742;font-size:20px;display:inline-block;\">\n\t<i class=\"fas fa-check\"><\/i>\n<\/div><\/div><\/div>\n<\/div><span  data-ultimate-target='#list-icon-wrap-5829 .uavc-list-desc'  data-responsive-json-new='{\"font-size\":\"\",\"line-height\":\"\"}'  class=\"uavc-list-desc ult-responsive\" style=\"\"><strong>Mejorar significativamente el rendimiento del sistema reduciendo la inversi\u00f3n inicial de capital del sistema<\/strong><\/p>\n<p><\/span><\/div><\/li><li><div class=\"uavc-list-content\" id=\"list-icon-wrap-6270\">\n<div class=\"uavc-list-icon  \" data-animation=\"\" data-animation-delay=\"03\" style=\"margin-right:20px;\"><div class=\"ult-just-icon-wrapper  \"><div class=\"align-icon\" style=\"text-align:center;\">\n<div class=\"aio-icon none \"  style=\"color:#81d742;font-size:20px;display:inline-block;\">\n\t<i class=\"fas fa-check\"><\/i>\n<\/div><\/div><\/div>\n<\/div><span  data-ultimate-target='#list-icon-wrap-6270 .uavc-list-desc'  data-responsive-json-new='{\"font-size\":\"\",\"line-height\":\"\"}'  class=\"uavc-list-desc ult-responsive\" style=\"\"><strong>Alta tasa de desinfecci\u00f3n alcanzada<\/strong><\/p>\n<p><\/span><\/div><\/li><li><div class=\"uavc-list-content\" id=\"list-icon-wrap-4025\">\n<div class=\"uavc-list-icon  \" data-animation=\"\" data-animation-delay=\"03\" style=\"margin-right:20px;\"><div class=\"ult-just-icon-wrapper  \"><div class=\"align-icon\" style=\"text-align:center;\">\n<div class=\"aio-icon none \"  style=\"color:#81d742;font-size:20px;display:inline-block;\">\n\t<i class=\"fas fa-check\"><\/i>\n<\/div><\/div><\/div>\n<\/div><span  data-ultimate-target='#list-icon-wrap-4025 .uavc-list-desc'  data-responsive-json-new='{\"font-size\":\"\",\"line-height\":\"\"}'  class=\"uavc-list-desc ult-responsive\" style=\"\"><strong>Sin lixiviaci\u00f3n de productos qu\u00edmicos<\/strong><\/p>\n<p><\/span><\/div><\/li><li><div class=\"uavc-list-content\" id=\"list-icon-wrap-7667\">\n<div class=\"uavc-list-icon  \" data-animation=\"\" data-animation-delay=\"03\" style=\"margin-right:20px;\"><div class=\"ult-just-icon-wrapper  \"><div class=\"align-icon\" style=\"text-align:center;\">\n<div class=\"aio-icon none \"  style=\"color:#81d742;font-size:20px;display:inline-block;\">\n\t<i class=\"fas fa-check\"><\/i>\n<\/div><\/div><\/div>\n<\/div><span  data-ultimate-target='#list-icon-wrap-7667 .uavc-list-desc'  data-responsive-json-new='{\"font-size\":\"\",\"line-height\":\"\"}'  class=\"uavc-list-desc ult-responsive\" style=\"\"><strong>Ahorro sustancial de costes de toda la vida <\/strong><\/p>\n<p><\/span><\/div><\/li><\/ul><\/div><q class=\"text-big shortcode-pullquote wf-cell align-left wf-1\"><p>Los sistemas de filtraci\u00f3n de agua en las torres de refrigeraci\u00f3n aumentan la eficacia del tratamiento qu\u00edmico, lo que reduce el uso qu\u00edmico. La filtraci\u00f3n tambi\u00e9n reduce la necesidad de limpieza y soplado frecuentes de torres, y aumenta la eficiencia de transferencia de calor. La acumulaci\u00f3n de hierro y manganeso en estos sistemas afecta significativamente su rendimiento.<\/p>\n<\/q>[vc_column_text css=\u00bb.vc_custom_1590997806052{margin-bottom: 0px !important;}\u00bb]La evaporaci\u00f3n de agua en la caldera hace que las impurezas se concentren. La b\u00e1scula de la caldera es el resultado de que la materia suspendida se asienta sobre el metal o las impurezas disueltas que se precipitan en las superficies de transferencia de calor y se vuelven duras y adherentes. Los dep\u00f3sitos de hierro son de color muy oscuro y se deben a productos de corrosi\u00f3n o contaminaci\u00f3n por hierro en el agua de alimentaci\u00f3n. Los dep\u00f3sitos de hierro son generalmente de naturaleza magn\u00e9tica. Son solubles en \u00e1cido caliente, dando una soluci\u00f3n de color marr\u00f3n oscuro.<\/p>\n<p>El principal problema que causan los dep\u00f3sitos es la falla del tubo por sobrecalentamiento. Esto se debe al hecho de que los dep\u00f3sitos act\u00faan como un aislante y los dep\u00f3sitos excesivos impiden la transferencia de calor eficiente a trav\u00e9s de los tubos al agua. Esto hace que el metal se sobrecaliente y con el tiempo el metal falla. Estos dep\u00f3sitos tambi\u00e9n pueden causar taponamiento o obstrucci\u00f3n parcial de los tubos de la caldera, lo que conduce a la inanici\u00f3n y posterior sobrecalentamiento de los tubos. Debajo de la capa de dep\u00f3sito tambi\u00e9n puede ocurrir corrosi\u00f3n. Los dep\u00f3sitos causan interrupciones no programadas, mayor tiempo de limpieza y gastos. Los dep\u00f3sitos de calderas reducen la eficiencia operativa general, lo que resulta en un mayor consumo de combustible.<\/p>\n<p>[\/vc_column_text]<q class=\"text-big shortcode-pullquote wf-cell align-left wf-1\"><p>DMI-65 es un medio de filtraci\u00f3n de agua de acci\u00f3n catal\u00edtica basado en arena de s\u00edlice extremadamente potente que est\u00e1 dise\u00f1ado para la eliminaci\u00f3n de hierro y manganeso sin el uso de permanganato de potasio a trav\u00e9s de un proceso de oxidaci\u00f3n avanzado. La incorporaci\u00f3n de una filtraci\u00f3n DMI-65 reducir\u00e1 materialmente los s\u00edntomas, as\u00ed como beneficiar\u00e1 el sistema total mediante la desinfecci\u00f3n y filtraci\u00f3n mec\u00e1nica de s\u00f3lidos no resueltos. DMI-65 es tecnolog\u00eda infundida y no s\u00f3lo una tecnolog\u00eda de recubrimiento superficial, a diferencia de otros medios de filtraci\u00f3n de agua catal\u00edtico, que elimina la posibilidad de cualquier lixiviaci\u00f3n qu\u00edmica en la corriente de agua.<\/p>\n<\/q>[vc_column_text]Para iniciar el proceso de oxidaci\u00f3n del hierro (y manganeso) en la soluci\u00f3n DMI-65 est\u00e1 dise\u00f1ado para funcionar en presencia de cloro u otro oxidante. En este proceso el oxidante elimina electrones y se consume en el proceso. El operador debe asegurarse de que hay un residuo de cloro libre de 0,1 a 0,3 ppm en el agua del efluente. El cloro, alimentado como hipoclorito de sodio o lej\u00eda (12,5 NaOCl), es el oxidante preferido ya que es relativamente barato, f\u00e1cilmente disponible en todo el mundo y es eficaz. Tambi\u00e9n realiza la gran mayor\u00eda de cualquier proceso desinfectante.<\/p>\n<p>A diferencia de las resinas de intercambio i\u00f3nico donde dosis regeneradoras m\u00e1s altas aumentar\u00e1n la capacidad de intercambio i\u00f3nico, los residuos o concentraciones de NaOCl m\u00e1s altos que los necesarios para oxidar el Fe y el Mn no aumentan las propiedades oxidativas de los medios. Adem\u00e1s, dado que los medios se utilizan a menudo para pretratar las aguas antes de un sistema de RO, un residuo de cloro libre m\u00e1s alto requerir\u00eda un tratamiento posterior m\u00e1s extenso para reducir el residuo y proteger las membranas del ataque de cloro.<\/p>\n<p>DMI-65 ha sido certificado seg\u00fan el est\u00e1ndar estadounidense de NSF\/ANSI 61 para componentes del sistema de agua potable y ha sido probado por muchos otros laboratorios de tratamiento de agua<\/p>\n<p>DMI-65 se fabrica en Australia.<\/p>\n<p><strong>Historial del caso: Tratamiento de agua para torres de refrigeraci\u00f3n y calderas:<br \/>\n<\/strong><\/p>\n<p>Una planta de alimentos en Memphis, TN perfor\u00f3 un pozo para proporcionar 1000 gpm de torre de refrigeraci\u00f3n y agua de maquillaje de la caldera. Sin embargo, los niveles de hierro de 1,0 ppm restringieron el uso del agua para estos servicios que requer\u00edan que la planta comprara agua de la ciudad a un costo de $10,000 por mes. En 2009 instalaron un nuevo sistema de filtro utilizando 576 ft<sup>3<\/sup> de DMI-65. El sistema consta de doce (12) recipientes de filtro de 54&#8243; x 60&#8243; que operan a 5 gpm\/ft<sup>2<\/sup>. Una vez que el sistema fue puesto en servicio, el nivel <a href=\"https:\/\/en.wikipedia.org\/wiki\/Iron\" target=\"_blank\" rel=\"noopener noreferrer\">de Fe<\/a> se control\u00f3 a 0,01 ppm y la planta fue capaz de interrumpir el uso de agua de la ciudad.<\/p>\n<h5><a href=\"http:\/\/dmi65.com\/es\/tecnicas\/ventajas-de-la-filtracion-de-agua\/\">Ventajas<\/a> de utilizar el tratamiento de agua DMI-65 para torres de refrigeraci\u00f3n y calderas:<\/h5>\n<p><strong>Acumulaci\u00f3n de hierro y manganeso. <\/strong> La acumulaci\u00f3n de hierro y manganeso en calderas y torres de refrigeraci\u00f3n da como resultado una sobrecarga de mantenimiento muy alta, p\u00e9rdida de producci\u00f3n y potencialmente fallo del sistema. DMI-65 elimina eficientemente el hierro disuelto a los niveles casi indetectables de tan solo 0,005 PPM y manganeso a 0,001 PPM, as\u00ed como part\u00edculas, eliminando eficazmente este riesgo.<\/p>\n<p><strong>Reducci\u00f3n de costos <\/strong>El costo total del sistema de filtraci\u00f3n de agua de eliminaci\u00f3n de hierro y manganeso es significativamente menor que las soluciones alternativas, la eficacia, pero la simplicidad relativa, de los sistemas basados en DMI-65 reduce el gasto inicial de capital en la complejidad de las plantas, as\u00ed como el gasto operativo continuo en la recuperaci\u00f3n de productos qu\u00edmicos, energ\u00eda y aguas residuales de retrolavado.<\/p>\n<p><strong>Altas tasas de flujo<\/strong>. La tecnolog\u00eda infundida de <em>DMI-65 promueve la mayor tasa de oxidaci\u00f3n de cualquier medio de filtraci\u00f3n catal\u00edtica.<\/em> Esto permite un caudal de agua significativamente mayor para lograr el mismo nivel de eliminaci\u00f3n de hierro y manganeso. DMI-65 puede operar a velocidades de filtraci\u00f3n lineales de hasta el doble que los medios convencionales con la correspondiente reducci\u00f3n de los equipos de capital<\/p>\n<p><strong>Alta capacidad de carga<\/strong> Debido al aumento de la superficie debido a la estructura micro porosa del material de matriz, el DMI-65 tambi\u00e9n tiene una mayor capacidad de carga de hierro y manganeso que puede extender la duraci\u00f3n de los conductos de filtro y el tiempo entre el lavado hacia atr\u00e1s, reduciendo as\u00ed el tiempo de inactividad, los gastos de funcionamiento y el desperdicio.<strong><br \/>\n<\/strong><\/p>\n<p><strong>Regeneraci\u00f3n no necesaria<\/strong><strong>. <\/strong>El medio funciona con una inyecci\u00f3n continua de hipoclorito de sodio a niveles residuales bajos (0,1 a 0,3 ppm) lo que elimina la necesidad de permanganato de potasio.<\/p>\n<p><strong>Amplio entorno operativo.<\/strong><strong> <\/strong>Un rendimiento estable y satisfactorio a un pH de 5,8 a 8,6 y una temperatura m\u00e1xima de funcionamiento de 113 oF (45 oC) reduce la necesidad de inversi\u00f3n para alterar el entorno operativo.<\/p>\n<p><strong>Larga vida. <\/strong>DMI-65 no se consume en el proceso d\u00e1ndole una vida operativa esperada de hasta 10 a\u00f1os, proporcionando ventajas considerables sobre otros procesos o medios. El medio no muestra una capacidad en descomposici\u00f3n para realizar su trabajo catal\u00edtico. Durante el per\u00edodo de 5 a 10 a\u00f1os, a trav\u00e9s de muchas operaciones de retrolavado de la cama para eliminar los s\u00f3lidos retenidos, se produce una p\u00e9rdida de desgaste de los medios por contacto entre part\u00edculas y abrasi\u00f3n mec\u00e1nica[\/vc_column_text][\/vc_column][\/vc_row][vc_row][vc_column]<div class=\"dt-fancy-separator title-left\" style=\"width: 100%;\"><div class=\"dt-fancy-title\"><span class=\"separator-holder separator-left\"><\/span>Caso pr\u00e1ctico para torres de refrigeraci\u00f3n y calderas<span class=\"separator-holder separator-right\"><\/span><\/div><\/div>[vc_empty_space height=\u00bb20px\u00bb][vc_basic_grid post_type=\u00bbpost\u00bb max_items=\u00bb2&#8243; element_width=\u00bb6&#8243; grid_id=\u00bbvc_gid:1592798356893-42002dbc-97ba-1&#8243; taxonomies=\u00bb1128&#8243;][\/vc_column][\/vc_row][vc_row content_placement=\u00bbmiddle\u00bb css=\u00bb.vc_custom_1592798366666{padding-top: 20px !important;padding-right: 20px !important;padding-bottom: 5px !important;padding-left: 20px !important;}\u00bb el_class=\u00bbcta\u00bb][vc_column]<div class=\"dt-fancy-separator\" style=\"width: 100%;\"><div class=\"dt-fancy-title\"><span class=\"separator-holder separator-left\"><\/span>Pregunte c\u00f3mo se puede utilizar DMI-65\u00ae medios de filtraci\u00f3n como tratamiento de agua para torres de refrigeraci\u00f3n y calderas<span class=\"separator-holder separator-right\"><\/span><\/div><\/div>[vc_btn title=\u00bbInvestigar\u00bb style=\u00bbcustom\u00bb custom_background=\u00bb#162441&#8243; custom_text=\u00bb#ffffff\u00bb shape=\u00bbsquare\u00bb size=\u00bblg\u00bb align=\u00bbcenter\u00bb i_align=\u00bbright\u00bb i_icon_fontawesome=\u00bbfas fa-chevron-right\u00bb add_icon=\u00bbtrue\u00bb css=\u00bb.vc_custom_1592793128520{margin-top: 20px !important;}\u00bb el_class=\u00bbctaButton sg-popup-id-8233&#8243;][\/vc_column][\/vc_row]<\/p>\n<\/div>","protected":false},"excerpt":{"rendered":"<p>[vc_row][vc_column][vc_column_text css=\u00bb.vc_custom_1592450472298{margin-top: 15px !important;margin-bottom: 15px !important;}\u00bb]Tratamiento de agua Torres de Refrigeraci\u00f3n y Calderas: Todas las aguas naturales contienen cantidades variables de materia suspendida y disuelta, as\u00ed como gases disueltos. El tipo y la cantidad de impurezas en agua dulce var\u00edan con la fuente (lago, r\u00edo y pozo) y con el \u00e1rea de ubicaci\u00f3n. Las impurezas&hellip;<\/p>\n","protected":false},"author":1,"featured_media":0,"parent":7148,"menu_order":0,"comment_status":"closed","ping_status":"closed","template":"","meta":{"content-type":"","footnotes":""},"class_list":["post-5828","page","type-page","status-publish","hentry","description-off"],"yoast_head":"<!-- This site is optimized with the Yoast SEO plugin v25.2 - https:\/\/yoast.com\/wordpress\/plugins\/seo\/ -->\n<title>Tratamiento de agua para torres de refrigeraci\u00f3n y calderas - DMI-65\u00ae<\/title>\n<meta name=\"description\" content=\"Los medios DMI-65 son el tratamiento de agua ideal para torres de refrigeraci\u00f3n y calderas, aumentando la eficacia del tratamiento qu\u00edmico, reduciendo el uso qu\u00edmico.\" \/>\n<meta name=\"robots\" content=\"index, follow, max-snippet:-1, max-image-preview:large, max-video-preview:-1\" \/>\n<link rel=\"canonical\" href=\"https:\/\/dmi65.com\/es\/soluciones\/refrigeracion-torres-calderas\/\" \/>\n<meta property=\"og:locale\" content=\"es_ES\" \/>\n<meta property=\"og:type\" content=\"article\" \/>\n<meta property=\"og:title\" content=\"Tratamiento de agua para torres de refrigeraci\u00f3n y calderas - DMI-65\u00ae\" \/>\n<meta property=\"og:description\" content=\"Los medios DMI-65 son el tratamiento de agua ideal para torres de refrigeraci\u00f3n y calderas, aumentando la eficacia del tratamiento qu\u00edmico, reduciendo el uso qu\u00edmico.\" \/>\n<meta property=\"og:url\" content=\"https:\/\/dmi65.com\/es\/soluciones\/refrigeracion-torres-calderas\/\" \/>\n<meta property=\"og:site_name\" content=\"DMI-65\u00ae\" \/>\n<meta property=\"article:modified_time\" content=\"2020-06-26T03:23:44+00:00\" \/>\n<meta property=\"og:image\" content=\"https:\/\/dmi65.com\/wp-content\/uploads\/2020\/06\/dmi65_Logo_Blk.png\" \/>\n\t<meta property=\"og:image:width\" content=\"466\" \/>\n\t<meta property=\"og:image:height\" content=\"200\" \/>\n\t<meta property=\"og:image:type\" content=\"image\/png\" \/>\n<meta name=\"twitter:card\" content=\"summary_large_image\" \/>\n<meta name=\"twitter:label1\" content=\"Tiempo de lectura\" \/>\n\t<meta name=\"twitter:data1\" content=\"9 minutos\" \/>\n<script type=\"application\/ld+json\" class=\"yoast-schema-graph\">{\"@context\":\"https:\/\/schema.org\",\"@graph\":[{\"@type\":\"WebPage\",\"@id\":\"https:\/\/dmi65.com\/es\/soluciones\/refrigeracion-torres-calderas\/\",\"url\":\"https:\/\/dmi65.com\/es\/soluciones\/refrigeracion-torres-calderas\/\",\"name\":\"Tratamiento de agua para torres de refrigeraci\u00f3n y calderas - DMI-65\u00ae\",\"isPartOf\":{\"@id\":\"https:\/\/dmi65.com\/es\/#website\"},\"datePublished\":\"2020-06-09T03:25:21+00:00\",\"dateModified\":\"2020-06-26T03:23:44+00:00\",\"description\":\"Los medios DMI-65 son el tratamiento de agua ideal para torres de refrigeraci\u00f3n y calderas, aumentando la eficacia del tratamiento qu\u00edmico, reduciendo el uso qu\u00edmico.\",\"breadcrumb\":{\"@id\":\"https:\/\/dmi65.com\/es\/soluciones\/refrigeracion-torres-calderas\/#breadcrumb\"},\"inLanguage\":\"es\",\"potentialAction\":[{\"@type\":\"ReadAction\",\"target\":[\"https:\/\/dmi65.com\/es\/soluciones\/refrigeracion-torres-calderas\/\"]}]},{\"@type\":\"BreadcrumbList\",\"@id\":\"https:\/\/dmi65.com\/es\/soluciones\/refrigeracion-torres-calderas\/#breadcrumb\",\"itemListElement\":[{\"@type\":\"ListItem\",\"position\":1,\"name\":\"Home\",\"item\":\"https:\/\/dmi65.com\/es\/\"},{\"@type\":\"ListItem\",\"position\":2,\"name\":\"Soluciones\",\"item\":\"https:\/\/dmi65.com\/es\/soluciones\/\"},{\"@type\":\"ListItem\",\"position\":3,\"name\":\"Tratamiento de agua para torres de refrigeraci\u00f3n y calderas\"}]},{\"@type\":\"WebSite\",\"@id\":\"https:\/\/dmi65.com\/es\/#website\",\"url\":\"https:\/\/dmi65.com\/es\/\",\"name\":\"DMI-65\u00ae\",\"description\":\"Water Filtration &amp; Reverse Osmosis Treatment, Catalytic Media\",\"publisher\":{\"@id\":\"https:\/\/dmi65.com\/es\/#organization\"},\"potentialAction\":[{\"@type\":\"SearchAction\",\"target\":{\"@type\":\"EntryPoint\",\"urlTemplate\":\"https:\/\/dmi65.com\/es\/?s={search_term_string}\"},\"query-input\":{\"@type\":\"PropertyValueSpecification\",\"valueRequired\":true,\"valueName\":\"search_term_string\"}}],\"inLanguage\":\"es\"},{\"@type\":\"Organization\",\"@id\":\"https:\/\/dmi65.com\/es\/#organization\",\"name\":\"DMI-65 & Quantum Filtration Pty Ltd\",\"url\":\"https:\/\/dmi65.com\/es\/\",\"logo\":{\"@type\":\"ImageObject\",\"inLanguage\":\"es\",\"@id\":\"https:\/\/dmi65.com\/es\/#\/schema\/logo\/image\/\",\"url\":\"https:\/\/dmi65.com\/wp-content\/uploads\/2020\/04\/dmi65.png\",\"contentUrl\":\"https:\/\/dmi65.com\/wp-content\/uploads\/2020\/04\/dmi65.png\",\"width\":440,\"height\":205,\"caption\":\"DMI-65 & Quantum Filtration Pty Ltd\"},\"image\":{\"@id\":\"https:\/\/dmi65.com\/es\/#\/schema\/logo\/image\/\"},\"sameAs\":[\"https:\/\/www.linkedin.com\/company\/dmi-65\",\"https:\/\/www.youtube.com\/channel\/UCbXoMn5KBp2jrnx4KR_Qg4A\"]}]}<\/script>\n<!-- \/ Yoast SEO plugin. -->","yoast_head_json":{"title":"Tratamiento de agua para torres de refrigeraci\u00f3n y calderas - DMI-65\u00ae","description":"Los medios DMI-65 son el tratamiento de agua ideal para torres de refrigeraci\u00f3n y calderas, aumentando la eficacia del tratamiento qu\u00edmico, reduciendo el uso qu\u00edmico.","robots":{"index":"index","follow":"follow","max-snippet":"max-snippet:-1","max-image-preview":"max-image-preview:large","max-video-preview":"max-video-preview:-1"},"canonical":"https:\/\/dmi65.com\/es\/soluciones\/refrigeracion-torres-calderas\/","og_locale":"es_ES","og_type":"article","og_title":"Tratamiento de agua para torres de refrigeraci\u00f3n y calderas - DMI-65\u00ae","og_description":"Los medios DMI-65 son el tratamiento de agua ideal para torres de refrigeraci\u00f3n y calderas, aumentando la eficacia del tratamiento qu\u00edmico, reduciendo el uso qu\u00edmico.","og_url":"https:\/\/dmi65.com\/es\/soluciones\/refrigeracion-torres-calderas\/","og_site_name":"DMI-65\u00ae","article_modified_time":"2020-06-26T03:23:44+00:00","og_image":[{"width":466,"height":200,"url":"https:\/\/dmi65.com\/wp-content\/uploads\/2020\/06\/dmi65_Logo_Blk.png","type":"image\/png"}],"twitter_card":"summary_large_image","twitter_misc":{"Tiempo de lectura":"9 minutos"},"schema":{"@context":"https:\/\/schema.org","@graph":[{"@type":"WebPage","@id":"https:\/\/dmi65.com\/es\/soluciones\/refrigeracion-torres-calderas\/","url":"https:\/\/dmi65.com\/es\/soluciones\/refrigeracion-torres-calderas\/","name":"Tratamiento de agua para torres de refrigeraci\u00f3n y calderas - DMI-65\u00ae","isPartOf":{"@id":"https:\/\/dmi65.com\/es\/#website"},"datePublished":"2020-06-09T03:25:21+00:00","dateModified":"2020-06-26T03:23:44+00:00","description":"Los medios DMI-65 son el tratamiento de agua ideal para torres de refrigeraci\u00f3n y calderas, aumentando la eficacia del tratamiento qu\u00edmico, reduciendo el uso qu\u00edmico.","breadcrumb":{"@id":"https:\/\/dmi65.com\/es\/soluciones\/refrigeracion-torres-calderas\/#breadcrumb"},"inLanguage":"es","potentialAction":[{"@type":"ReadAction","target":["https:\/\/dmi65.com\/es\/soluciones\/refrigeracion-torres-calderas\/"]}]},{"@type":"BreadcrumbList","@id":"https:\/\/dmi65.com\/es\/soluciones\/refrigeracion-torres-calderas\/#breadcrumb","itemListElement":[{"@type":"ListItem","position":1,"name":"Home","item":"https:\/\/dmi65.com\/es\/"},{"@type":"ListItem","position":2,"name":"Soluciones","item":"https:\/\/dmi65.com\/es\/soluciones\/"},{"@type":"ListItem","position":3,"name":"Tratamiento de agua para torres de refrigeraci\u00f3n y calderas"}]},{"@type":"WebSite","@id":"https:\/\/dmi65.com\/es\/#website","url":"https:\/\/dmi65.com\/es\/","name":"DMI-65\u00ae","description":"Water Filtration &amp; Reverse Osmosis Treatment, Catalytic Media","publisher":{"@id":"https:\/\/dmi65.com\/es\/#organization"},"potentialAction":[{"@type":"SearchAction","target":{"@type":"EntryPoint","urlTemplate":"https:\/\/dmi65.com\/es\/?s={search_term_string}"},"query-input":{"@type":"PropertyValueSpecification","valueRequired":true,"valueName":"search_term_string"}}],"inLanguage":"es"},{"@type":"Organization","@id":"https:\/\/dmi65.com\/es\/#organization","name":"DMI-65 & Quantum Filtration Pty Ltd","url":"https:\/\/dmi65.com\/es\/","logo":{"@type":"ImageObject","inLanguage":"es","@id":"https:\/\/dmi65.com\/es\/#\/schema\/logo\/image\/","url":"https:\/\/dmi65.com\/wp-content\/uploads\/2020\/04\/dmi65.png","contentUrl":"https:\/\/dmi65.com\/wp-content\/uploads\/2020\/04\/dmi65.png","width":440,"height":205,"caption":"DMI-65 & Quantum Filtration Pty Ltd"},"image":{"@id":"https:\/\/dmi65.com\/es\/#\/schema\/logo\/image\/"},"sameAs":["https:\/\/www.linkedin.com\/company\/dmi-65","https:\/\/www.youtube.com\/channel\/UCbXoMn5KBp2jrnx4KR_Qg4A"]}]}},"_links":{"self":[{"href":"https:\/\/dmi65.com\/es\/wp-json\/wp\/v2\/pages\/5828","targetHints":{"allow":["GET"]}}],"collection":[{"href":"https:\/\/dmi65.com\/es\/wp-json\/wp\/v2\/pages"}],"about":[{"href":"https:\/\/dmi65.com\/es\/wp-json\/wp\/v2\/types\/page"}],"author":[{"embeddable":true,"href":"https:\/\/dmi65.com\/es\/wp-json\/wp\/v2\/users\/1"}],"replies":[{"embeddable":true,"href":"https:\/\/dmi65.com\/es\/wp-json\/wp\/v2\/comments?post=5828"}],"version-history":[{"count":0,"href":"https:\/\/dmi65.com\/es\/wp-json\/wp\/v2\/pages\/5828\/revisions"}],"up":[{"embeddable":true,"href":"https:\/\/dmi65.com\/es\/wp-json\/wp\/v2\/pages\/7148"}],"wp:attachment":[{"href":"https:\/\/dmi65.com\/es\/wp-json\/wp\/v2\/media?parent=5828"}],"curies":[{"name":"wp","href":"https:\/\/api.w.org\/{rel}","templated":true}]}}