{"id":5756,"date":"2020-06-09T11:03:46","date_gmt":"2020-06-09T03:03:46","guid":{"rendered":"http:\/\/dmi65.com\/proteccion-contra-la-osmosis\/"},"modified":"2020-06-26T11:20:37","modified_gmt":"2020-06-26T03:20:37","slug":"proteccion-contra-la-osmosis","status":"publish","type":"page","link":"https:\/\/dmi65.com\/es\/soluciones\/proteccion-contra-la-osmosis\/","title":{"rendered":"Protecci\u00f3n contra \u00f3smosis inversa"},"content":{"rendered":"<div class=\"wpb-content-wrapper\"><p>[vc_row][vc_column][vc_column_text css=\u00bb.vc_custom_1592378764391{margin-top: 15px !important;margin-bottom: 15px !important;}\u00bb]<strong>Protecci\u00f3n de \u00f3smosis inversa:<\/strong> DMI-65 es un medio de filtraci\u00f3n de agua de acci\u00f3n catal\u00edtica basado en arena de s\u00edlice extremadamente potente que est\u00e1 dise\u00f1ado para la eliminaci\u00f3n de hierro y manganeso sin el uso de permanganato de potasio a trav\u00e9s de un proceso de oxidaci\u00f3n avanzado.[\/vc_column_text][\/vc_column][\/vc_row][vc_row][vc_column]<div class=\"uavc-list-icon uavc-list-icon-wrapper ult-adjust-bottom-margin   vc_custom_1590987405882  vc_custom_1590987405882\"><ul class=\"uavc-list\"><li><div class=\"uavc-list-content\" id=\"list-icon-wrap-8186\">\n<div class=\"uavc-list-icon  \" data-animation=\"\" data-animation-delay=\"03\" style=\"margin-right:20px;\"><div class=\"ult-just-icon-wrapper  \"><div class=\"align-icon\" style=\"text-align:center;\">\n<div class=\"aio-icon none \"  style=\"color:#81d742;font-size:20px;display:inline-block;\">\n\t<i class=\"fas fa-check\"><\/i>\n<\/div><\/div><\/div>\n<\/div><span  data-ultimate-target='#list-icon-wrap-8186 .uavc-list-desc'  data-responsive-json-new='{\"font-size\":\"\",\"line-height\":\"\"}'  class=\"uavc-list-desc ult-responsive\" style=\"\"><strong>Ahorro sustancial de costes de toda la vida <\/strong><\/p>\n<p><\/span><\/div><\/li><li><div class=\"uavc-list-content\" id=\"list-icon-wrap-6730\">\n<div class=\"uavc-list-icon  \" data-animation=\"\" data-animation-delay=\"03\" style=\"margin-right:20px;\"><div class=\"ult-just-icon-wrapper  \"><div class=\"align-icon\" style=\"text-align:center;\">\n<div class=\"aio-icon none \"  style=\"color:#81d742;font-size:20px;display:inline-block;\">\n\t<i class=\"fas fa-check\"><\/i>\n<\/div><\/div><\/div>\n<\/div><span  data-ultimate-target='#list-icon-wrap-6730 .uavc-list-desc'  data-responsive-json-new='{\"font-size\":\"\",\"line-height\":\"\"}'  class=\"uavc-list-desc ult-responsive\" style=\"\"><strong>Reducir el tiempo de inactividad<\/strong><\/p>\n<p><\/span><\/div><\/li><li><div class=\"uavc-list-content\" id=\"list-icon-wrap-5847\">\n<div class=\"uavc-list-icon  \" data-animation=\"\" data-animation-delay=\"03\" style=\"margin-right:20px;\"><div class=\"ult-just-icon-wrapper  \"><div class=\"align-icon\" style=\"text-align:center;\">\n<div class=\"aio-icon none \"  style=\"color:#81d742;font-size:20px;display:inline-block;\">\n\t<i class=\"fas fa-check\"><\/i>\n<\/div><\/div><\/div>\n<\/div><span  data-ultimate-target='#list-icon-wrap-5847 .uavc-list-desc'  data-responsive-json-new='{\"font-size\":\"\",\"line-height\":\"\"}'  class=\"uavc-list-desc ult-responsive\" style=\"\"><strong>Ahorre en costosas limpiezas y reemplazos de membranas<\/strong><\/p>\n<p><\/span><\/div><\/li><li><div class=\"uavc-list-content\" id=\"list-icon-wrap-4297\">\n<div class=\"uavc-list-icon  \" data-animation=\"\" data-animation-delay=\"03\" style=\"margin-right:20px;\"><div class=\"ult-just-icon-wrapper  \"><div class=\"align-icon\" style=\"text-align:center;\">\n<div class=\"aio-icon none \"  style=\"color:#81d742;font-size:20px;display:inline-block;\">\n\t<i class=\"fas fa-check\"><\/i>\n<\/div><\/div><\/div>\n<\/div><span  data-ultimate-target='#list-icon-wrap-4297 .uavc-list-desc'  data-responsive-json-new='{\"font-size\":\"\",\"line-height\":\"\"}'  class=\"uavc-list-desc ult-responsive\" style=\"\"><strong>Mejorar significativamente el rendimiento del sistema reduciendo la inversi\u00f3n inicial de capital del sistema<\/strong><\/p>\n<p><\/span><\/div><\/li><\/ul><\/div>[vc_column_text css=\u00bb.vc_custom_1590989684555{margin-top: 15px !important;margin-bottom: 15px !important;}\u00bb]<\/p>\n<h5>La suciedad de hierro en los sistemas de filtraci\u00f3n de agua de membrana es muy com\u00fan. Como cualquier suciedad, causa una p\u00e9rdida de rendimiento del sistema de membrana, espec\u00edficamente p\u00e9rdida de flujo. Adem\u00e1s, la presencia de hierro hace que la membrana sea m\u00e1s susceptible al da\u00f1o por oxidaci\u00f3n.<\/h5>\n<p>[\/vc_column_text][vc_column_text]<\/p>\n<div class=\"wpb_text_column wpb_content_element \">\n<p>En el contexto de la protecci\u00f3n contra la \u00f3smosis inversa, las fuentes t\u00edpicas de<\/p>\n<ul>\n<li>Acu\u00edferos an\u00f3xicos que contienen hierro divalente soluble y\/o manganeso<\/li>\n<li>Flocs de hidr\u00f3xido de hierro oxidado y\/o manganeso de agua cruda<\/li>\n<li>Materia org\u00e1nica natural (NOM) que contiene complejos de hierro<\/li>\n<li>Flocs de hidr\u00f3xido del proceso de coagulaci\u00f3n<\/li>\n<li>Productos de corrosi\u00f3n de materiales de tuber\u00eda utilizados para el agua de alimentaci\u00f3n<\/li>\n<li>Silicatos que contienen hierro<\/li>\n<\/ul>\n<p>Los siguientes son s\u00edntomas de suciedad de hierro y manganeso:<\/p>\n<ul>\n<li>Descoloraci\u00f3n de membranas.<\/li>\n<li>Rechazo deficiente de sal en los datos de prueba de membrana individuales.<\/li>\n<li>Flujo bajo en datos de prueba de membrana individuales.<\/li>\n<li>Posible diferencial de alta presi\u00f3n en los datos de prueba de membrana individuales.<\/li>\n<li>Altos valores de hierro o manganeso reportados en agua de alimentaci\u00f3n.<\/li>\n<li>Diferencial de alta presi\u00f3n reportado en la primera matriz.<\/li>\n<\/ul>\n<p>La incorporaci\u00f3n de la filtraci\u00f3n de pretratamiento DMI-65 reducir\u00e1 materialmente estos s\u00edntomas, adem\u00e1s de beneficiar al sistema de RO total.<\/p>\n<p><a href=\"http:\/\/dmi65.com\/technical\/how-it-works\/\">DMI-65<\/a> es tecnolog\u00eda infundida y no s\u00f3lo una tecnolog\u00eda de recubrimiento superficial, a diferencia de otros medios de filtraci\u00f3n de agua catal\u00edtico, que elimina la posibilidad de cualquier lixiviaci\u00f3n qu\u00edmica en la corriente de agua.<\/p>\n<p>Para iniciar el proceso de oxidaci\u00f3n del hierro (y manganeso) en la soluci\u00f3n DMI-65 est\u00e1 dise\u00f1ado para funcionar en presencia de cloro u otro oxidante. En este proceso el oxidante elimina electrones y se consume en el proceso. El operador debe asegurarse de que hay un residuo de cloro libre de 0,1 a 0,3 ppm en el agua del efluente. El cloro, alimentado como hipoclorito de sodio o lej\u00eda (12,5 NaOCl), es el oxidante preferido ya que es relativamente barato, f\u00e1cilmente disponible en todo el mundo y es eficaz. Tambi\u00e9n realiza la gran mayor\u00eda de cualquier proceso desinfectante.<\/p>\n<p>A diferencia de las resinas de intercambio i\u00f3nico donde las dosis de regeneraci\u00f3n m\u00e1s altas aumentar\u00e1n la capacidad de intercambio i\u00f3nico, los residuos de cloro o concentraciones superiores a las requeridas para oxidar el Fe y el Mn no aumentan las propiedades oxidativas de los medios. Adem\u00e1s, un residuo de cloro libre m\u00e1s alto en un sistema de RO requerir\u00eda un tratamiento posterior m\u00e1s extenso para reducir el residuo y proteger las membranas del ataque de cloro.<\/p>\n<p>DMI-65 ha sido certificado seg\u00fan la Norma estadounidense de NSF\/ANSI 61 para componentes del sistema de agua potable y para su uso en Inglaterra y Gales en virtud de la Regulaci\u00f3n 31(4)(a) de las regulaciones de suministro de agua (Calidad del Agua) 2010 y tambi\u00e9n ha sido probado por muchas otras autoridades y laboratorios de tratamiento de agua.<\/p>\n<p>DMI-65 se fabrica en Australia.<\/p>\n<p><span style=\"text-decoration: underline;\">Historial de casos<\/span><\/p>\n<p>Una planta de energ\u00eda en el centro de Texas ten\u00eda un sistema de \u00f3smosis inversa (RO) con una historia de 30 a\u00f1os de ensuciamiento de hierro de los filtros de protecci\u00f3n de cartuchos y membranas RO. El Fe en el agua del pozo promedi\u00f3 2.0 ppm y a pesar de varias configuraciones de equipos no pudieron reducirlo por debajo de 0.2 ppm. Esto dio lugar a la sustituci\u00f3n frecuente y costosa de los cartuchos de filtro de 5,0 micras. Ten\u00edan dos filtros de 6&#8242; de di\u00e1metro, uno con antracita y otro con Birm que se utilizaron en serie en un intento de aliviar la suciedad de hierro. Todos los medios existentes de estos filtros se eliminaron y los canalizaron para que se ejecutara en paralelo. A continuaci\u00f3n, instalaron DMI-65 y tuvieron un \u00e9xito inmediato con la operaci\u00f3n del filtro. El hierro en el efluente de los filtros promedia 0.007 ppm cuando se mide usando un Hach DR5000. El reemplazo de los filtros de cartuchos pas\u00f3 de d\u00edas o semanas a meses.<\/p>\n<h4>Las ventajas de usar DMI-65 en la protecci\u00f3n de \u00f3smosis inversa<\/h4>\n<p><strong>Protecci\u00f3n de membranas. <\/strong>La eliminaci\u00f3n eficiente del hierro disuelto a niveles casi indetectables de tan solo 0,001 PPM reduce materialmente la incidencia de suciedad de hierro, lo que reduce la necesidad de reemplazo de membrana y mantiene el sistema de tratamiento funcionando en sus niveles \u00f3ptimos. Las membranas son costosas, al igual que el costo de tiempo para reemplazarlas y el tiempo de inactividad de la producci\u00f3n<strong><br \/>\n<\/strong><\/p>\n<p><strong>Altas tasas de flujo<\/strong>. La tecnolog\u00eda infundida de DMI-65 promueve la mayor tasa de oxidaci\u00f3n de cualquier medio de filtraci\u00f3n catal\u00edtica. Esto permite un caudal de agua significativamente mayor para lograr el mismo nivel de eliminaci\u00f3n de hierro y manganeso. DMI-65 puede operar a velocidades de filtraci\u00f3n lineales de hasta el doble que los medios convencionales con la correspondiente reducci\u00f3n en los costos de los equipos de capital.<\/p>\n<p><strong>Alta capacidad de carga<\/strong> Debido al aumento de la superficie debido a la estructura micro porosa del material de matriz, el DMI-65 tambi\u00e9n tiene una mayor capacidad de carga de hierro y manganeso que puede extender la duraci\u00f3n de los conductos de filtro y el tiempo entre el lavado hacia atr\u00e1s, reduciendo as\u00ed el tiempo de inactividad, los gastos de funcionamiento y el desperdicio.<\/p>\n<p><strong>Regeneraci\u00f3n no necesaria<\/strong><strong>. <\/strong>El medio funciona con una inyecci\u00f3n continua de hipoclorito de sodio a niveles residuales bajos (0,1 a 0,3 ppm) que elimina la necesidad de <a href=\"https:\/\/en.wikipedia.org\/wiki\/Potassium_permanganate\" target=\"_blank\" rel=\"noopener noreferrer\">permanganato de potasio.<\/a><\/p>\n<p><strong>Amplio entorno operativo.<\/strong><strong> <\/strong>Un rendimiento estable y satisfactorio a un pH de 5,8 a 8,6 y una temperatura m\u00e1xima de funcionamiento de 113 oF (45 oC) reduce la necesidad de inversi\u00f3n para alterar el entorno operativo.<\/p>\n<p><strong>Larga vida. <\/strong>DMI-65 no se consume en el proceso, proporcionando ventajas considerables sobre otros procesos o medios. El medio no muestra una capacidad en descomposici\u00f3n para realizar su trabajo catal\u00edtico. Durante un per\u00edodo de 5 a 10 a\u00f1os, a trav\u00e9s de muchas operaciones de retrolavado de la cama para eliminar los s\u00f3lidos retenidos, se produce una p\u00e9rdida de desgaste del medio por contacto entre part\u00edculas y abrasi\u00f3n mec\u00e1nica.<\/p>\n<\/div>\n<p>[\/vc_column_text]<div class=\"dt-fancy-separator title-left h4-size\" style=\"width: 100%;\"><div class=\"dt-fancy-title\"><span class=\"separator-holder separator-left\"><\/span>Caso pr\u00e1ctico y testimonio para la protecci\u00f3n de la \u00f3smosis inversa<span class=\"separator-holder separator-right\"><\/span><\/div><\/div>[\/vc_column][\/vc_row][vc_row css=\u00bb.vc_custom_1592377977982{margin-top: 30px !important;}\u00bb][vc_column width=\u00bb1\/2&#8243;][vc_basic_grid post_type=\u00bbpost\u00bb max_items=\u00bb1&#8243; element_width=\u00bb12&#8243; item=\u00bbmasonryGrid_Default\u00bb grid_id=\u00bbvc_gid:1592797105275-c49d71c5-9558-2&#8243; taxonomies=\u00bb1046&#8243;][\/vc_column][vc_column width=\u00bb1\/2&#8243;][\/vc_column][\/vc_row][vc_row content_placement=\u00bbmiddle\u00bb css=\u00bb.vc_custom_1592797123999{padding-top: 20px !important;padding-right: 20px !important;padding-bottom: 5px !important;padding-left: 20px !important;}\u00bb el_class=\u00bbcta\u00bb][vc_column]<div class=\"dt-fancy-separator\" style=\"width: 100%;\"><div class=\"dt-fancy-title\"><span class=\"separator-holder separator-left\"><\/span>Consulte c\u00f3mo los medios de filtraci\u00f3n DMI-65\u00ae pueden ayudarle con sus necesidades de protecci\u00f3n contra \u00f3smosis inversa.<span class=\"separator-holder separator-right\"><\/span><\/div><\/div>[vc_btn title=\u00bbInvestigar\u00bb style=\u00bbcustom\u00bb custom_background=\u00bb#162441&#8243; custom_text=\u00bb#ffffff\u00bb shape=\u00bbsquare\u00bb size=\u00bblg\u00bb align=\u00bbcenter\u00bb i_align=\u00bbright\u00bb i_icon_fontawesome=\u00bbfas fa-chevron-right\u00bb add_icon=\u00bbtrue\u00bb css=\u00bb.vc_custom_1592793128520{margin-top: 20px !important;}\u00bb el_class=\u00bbctaButton sg-popup-id-8233&#8243;][\/vc_column][\/vc_row]<\/p>\n<\/div>","protected":false},"excerpt":{"rendered":"<p>[vc_row][vc_column][vc_column_text css=\u00bb.vc_custom_1592378764391{margin-top: 15px !important;margin-bottom: 15px !important;}\u00bb]Protecci\u00f3n de \u00f3smosis inversa: DMI-65 es un medio de filtraci\u00f3n de agua de acci\u00f3n catal\u00edtica basado en arena de s\u00edlice extremadamente potente que est\u00e1 dise\u00f1ado para la eliminaci\u00f3n de hierro y manganeso sin el uso de permanganato de potasio a trav\u00e9s de un proceso de oxidaci\u00f3n avanzado.[\/vc_column_text][\/vc_column][\/vc_row][vc_row][vc_column][vc_column_text css=\u00bb.vc_custom_1590989684555{margin-top: 15px !important;margin-bottom:&hellip;<\/p>\n","protected":false},"author":1,"featured_media":0,"parent":7148,"menu_order":0,"comment_status":"closed","ping_status":"closed","template":"","meta":{"content-type":"","footnotes":""},"class_list":["post-5756","page","type-page","status-publish","hentry","description-off"],"yoast_head":"<!-- This site is optimized with the Yoast SEO plugin v25.2 - https:\/\/yoast.com\/wordpress\/plugins\/seo\/ -->\n<title>DMI-65 ? Protecci\u00f3n contra \u00f3smosis inversa, sistemas de filtraci\u00f3n para la falta de hierro<\/title>\n<meta name=\"description\" content=\"Los medios de filtraci\u00f3n DMI-65 se utilizan para la protecci\u00f3n contra la \u00f3smosis inversa (RO) para reducir significativamente todos los metales pesados y contaminantes para sistemas con ensuciamiento de hierro.\" \/>\n<meta name=\"robots\" content=\"index, follow, max-snippet:-1, max-image-preview:large, max-video-preview:-1\" \/>\n<link rel=\"canonical\" href=\"https:\/\/dmi65.com\/es\/soluciones\/proteccion-contra-la-osmosis\/\" \/>\n<meta property=\"og:locale\" content=\"es_ES\" \/>\n<meta property=\"og:type\" content=\"article\" \/>\n<meta property=\"og:title\" content=\"DMI-65 ? Protecci\u00f3n contra \u00f3smosis inversa, sistemas de filtraci\u00f3n para la falta de hierro\" \/>\n<meta property=\"og:description\" content=\"Los medios de filtraci\u00f3n DMI-65 se utilizan para la protecci\u00f3n contra la \u00f3smosis inversa (RO) para reducir significativamente todos los metales pesados y contaminantes para sistemas con ensuciamiento de hierro.\" \/>\n<meta property=\"og:url\" content=\"https:\/\/dmi65.com\/es\/soluciones\/proteccion-contra-la-osmosis\/\" \/>\n<meta property=\"og:site_name\" content=\"DMI-65\u00ae\" \/>\n<meta property=\"article:modified_time\" content=\"2020-06-26T03:20:37+00:00\" \/>\n<meta property=\"og:image\" content=\"https:\/\/dmi65.com\/wp-content\/uploads\/2020\/06\/dmi65_Logo_Blk.png\" \/>\n\t<meta property=\"og:image:width\" content=\"466\" \/>\n\t<meta property=\"og:image:height\" content=\"200\" \/>\n\t<meta property=\"og:image:type\" content=\"image\/png\" \/>\n<meta name=\"twitter:card\" content=\"summary_large_image\" \/>\n<meta name=\"twitter:label1\" content=\"Tiempo de lectura\" \/>\n\t<meta name=\"twitter:data1\" content=\"7 minutos\" \/>\n<script type=\"application\/ld+json\" class=\"yoast-schema-graph\">{\"@context\":\"https:\/\/schema.org\",\"@graph\":[{\"@type\":\"WebPage\",\"@id\":\"https:\/\/dmi65.com\/es\/soluciones\/proteccion-contra-la-osmosis\/\",\"url\":\"https:\/\/dmi65.com\/es\/soluciones\/proteccion-contra-la-osmosis\/\",\"name\":\"DMI-65 ? Protecci\u00f3n contra \u00f3smosis inversa, sistemas de filtraci\u00f3n para la falta de hierro\",\"isPartOf\":{\"@id\":\"https:\/\/dmi65.com\/es\/#website\"},\"datePublished\":\"2020-06-09T03:03:46+00:00\",\"dateModified\":\"2020-06-26T03:20:37+00:00\",\"description\":\"Los medios de filtraci\u00f3n DMI-65 se utilizan para la protecci\u00f3n contra la \u00f3smosis inversa (RO) para reducir significativamente todos los metales pesados y contaminantes para sistemas con ensuciamiento de hierro.\",\"breadcrumb\":{\"@id\":\"https:\/\/dmi65.com\/es\/soluciones\/proteccion-contra-la-osmosis\/#breadcrumb\"},\"inLanguage\":\"es\",\"potentialAction\":[{\"@type\":\"ReadAction\",\"target\":[\"https:\/\/dmi65.com\/es\/soluciones\/proteccion-contra-la-osmosis\/\"]}]},{\"@type\":\"BreadcrumbList\",\"@id\":\"https:\/\/dmi65.com\/es\/soluciones\/proteccion-contra-la-osmosis\/#breadcrumb\",\"itemListElement\":[{\"@type\":\"ListItem\",\"position\":1,\"name\":\"Home\",\"item\":\"https:\/\/dmi65.com\/es\/\"},{\"@type\":\"ListItem\",\"position\":2,\"name\":\"Soluciones\",\"item\":\"https:\/\/dmi65.com\/es\/soluciones\/\"},{\"@type\":\"ListItem\",\"position\":3,\"name\":\"Protecci\u00f3n contra \u00f3smosis inversa\"}]},{\"@type\":\"WebSite\",\"@id\":\"https:\/\/dmi65.com\/es\/#website\",\"url\":\"https:\/\/dmi65.com\/es\/\",\"name\":\"DMI-65\u00ae\",\"description\":\"Water Filtration &amp; Reverse Osmosis Treatment, Catalytic Media\",\"publisher\":{\"@id\":\"https:\/\/dmi65.com\/es\/#organization\"},\"potentialAction\":[{\"@type\":\"SearchAction\",\"target\":{\"@type\":\"EntryPoint\",\"urlTemplate\":\"https:\/\/dmi65.com\/es\/?s={search_term_string}\"},\"query-input\":{\"@type\":\"PropertyValueSpecification\",\"valueRequired\":true,\"valueName\":\"search_term_string\"}}],\"inLanguage\":\"es\"},{\"@type\":\"Organization\",\"@id\":\"https:\/\/dmi65.com\/es\/#organization\",\"name\":\"DMI-65 & Quantum Filtration Pty Ltd\",\"url\":\"https:\/\/dmi65.com\/es\/\",\"logo\":{\"@type\":\"ImageObject\",\"inLanguage\":\"es\",\"@id\":\"https:\/\/dmi65.com\/es\/#\/schema\/logo\/image\/\",\"url\":\"https:\/\/dmi65.com\/wp-content\/uploads\/2020\/04\/dmi65.png\",\"contentUrl\":\"https:\/\/dmi65.com\/wp-content\/uploads\/2020\/04\/dmi65.png\",\"width\":440,\"height\":205,\"caption\":\"DMI-65 & Quantum Filtration Pty Ltd\"},\"image\":{\"@id\":\"https:\/\/dmi65.com\/es\/#\/schema\/logo\/image\/\"},\"sameAs\":[\"https:\/\/www.linkedin.com\/company\/dmi-65\",\"https:\/\/www.youtube.com\/channel\/UCbXoMn5KBp2jrnx4KR_Qg4A\"]}]}<\/script>\n<!-- \/ Yoast SEO plugin. -->","yoast_head_json":{"title":"DMI-65 ? Protecci\u00f3n contra \u00f3smosis inversa, sistemas de filtraci\u00f3n para la falta de hierro","description":"Los medios de filtraci\u00f3n DMI-65 se utilizan para la protecci\u00f3n contra la \u00f3smosis inversa (RO) para reducir significativamente todos los metales pesados y contaminantes para sistemas con ensuciamiento de hierro.","robots":{"index":"index","follow":"follow","max-snippet":"max-snippet:-1","max-image-preview":"max-image-preview:large","max-video-preview":"max-video-preview:-1"},"canonical":"https:\/\/dmi65.com\/es\/soluciones\/proteccion-contra-la-osmosis\/","og_locale":"es_ES","og_type":"article","og_title":"DMI-65 ? Protecci\u00f3n contra \u00f3smosis inversa, sistemas de filtraci\u00f3n para la falta de hierro","og_description":"Los medios de filtraci\u00f3n DMI-65 se utilizan para la protecci\u00f3n contra la \u00f3smosis inversa (RO) para reducir significativamente todos los metales pesados y contaminantes para sistemas con ensuciamiento de hierro.","og_url":"https:\/\/dmi65.com\/es\/soluciones\/proteccion-contra-la-osmosis\/","og_site_name":"DMI-65\u00ae","article_modified_time":"2020-06-26T03:20:37+00:00","og_image":[{"width":466,"height":200,"url":"https:\/\/dmi65.com\/wp-content\/uploads\/2020\/06\/dmi65_Logo_Blk.png","type":"image\/png"}],"twitter_card":"summary_large_image","twitter_misc":{"Tiempo de lectura":"7 minutos"},"schema":{"@context":"https:\/\/schema.org","@graph":[{"@type":"WebPage","@id":"https:\/\/dmi65.com\/es\/soluciones\/proteccion-contra-la-osmosis\/","url":"https:\/\/dmi65.com\/es\/soluciones\/proteccion-contra-la-osmosis\/","name":"DMI-65 ? Protecci\u00f3n contra \u00f3smosis inversa, sistemas de filtraci\u00f3n para la falta de hierro","isPartOf":{"@id":"https:\/\/dmi65.com\/es\/#website"},"datePublished":"2020-06-09T03:03:46+00:00","dateModified":"2020-06-26T03:20:37+00:00","description":"Los medios de filtraci\u00f3n DMI-65 se utilizan para la protecci\u00f3n contra la \u00f3smosis inversa (RO) para reducir significativamente todos los metales pesados y contaminantes para sistemas con ensuciamiento de hierro.","breadcrumb":{"@id":"https:\/\/dmi65.com\/es\/soluciones\/proteccion-contra-la-osmosis\/#breadcrumb"},"inLanguage":"es","potentialAction":[{"@type":"ReadAction","target":["https:\/\/dmi65.com\/es\/soluciones\/proteccion-contra-la-osmosis\/"]}]},{"@type":"BreadcrumbList","@id":"https:\/\/dmi65.com\/es\/soluciones\/proteccion-contra-la-osmosis\/#breadcrumb","itemListElement":[{"@type":"ListItem","position":1,"name":"Home","item":"https:\/\/dmi65.com\/es\/"},{"@type":"ListItem","position":2,"name":"Soluciones","item":"https:\/\/dmi65.com\/es\/soluciones\/"},{"@type":"ListItem","position":3,"name":"Protecci\u00f3n contra \u00f3smosis inversa"}]},{"@type":"WebSite","@id":"https:\/\/dmi65.com\/es\/#website","url":"https:\/\/dmi65.com\/es\/","name":"DMI-65\u00ae","description":"Water Filtration &amp; Reverse Osmosis Treatment, Catalytic Media","publisher":{"@id":"https:\/\/dmi65.com\/es\/#organization"},"potentialAction":[{"@type":"SearchAction","target":{"@type":"EntryPoint","urlTemplate":"https:\/\/dmi65.com\/es\/?s={search_term_string}"},"query-input":{"@type":"PropertyValueSpecification","valueRequired":true,"valueName":"search_term_string"}}],"inLanguage":"es"},{"@type":"Organization","@id":"https:\/\/dmi65.com\/es\/#organization","name":"DMI-65 & Quantum Filtration Pty Ltd","url":"https:\/\/dmi65.com\/es\/","logo":{"@type":"ImageObject","inLanguage":"es","@id":"https:\/\/dmi65.com\/es\/#\/schema\/logo\/image\/","url":"https:\/\/dmi65.com\/wp-content\/uploads\/2020\/04\/dmi65.png","contentUrl":"https:\/\/dmi65.com\/wp-content\/uploads\/2020\/04\/dmi65.png","width":440,"height":205,"caption":"DMI-65 & Quantum Filtration Pty Ltd"},"image":{"@id":"https:\/\/dmi65.com\/es\/#\/schema\/logo\/image\/"},"sameAs":["https:\/\/www.linkedin.com\/company\/dmi-65","https:\/\/www.youtube.com\/channel\/UCbXoMn5KBp2jrnx4KR_Qg4A"]}]}},"_links":{"self":[{"href":"https:\/\/dmi65.com\/es\/wp-json\/wp\/v2\/pages\/5756","targetHints":{"allow":["GET"]}}],"collection":[{"href":"https:\/\/dmi65.com\/es\/wp-json\/wp\/v2\/pages"}],"about":[{"href":"https:\/\/dmi65.com\/es\/wp-json\/wp\/v2\/types\/page"}],"author":[{"embeddable":true,"href":"https:\/\/dmi65.com\/es\/wp-json\/wp\/v2\/users\/1"}],"replies":[{"embeddable":true,"href":"https:\/\/dmi65.com\/es\/wp-json\/wp\/v2\/comments?post=5756"}],"version-history":[{"count":0,"href":"https:\/\/dmi65.com\/es\/wp-json\/wp\/v2\/pages\/5756\/revisions"}],"up":[{"embeddable":true,"href":"https:\/\/dmi65.com\/es\/wp-json\/wp\/v2\/pages\/7148"}],"wp:attachment":[{"href":"https:\/\/dmi65.com\/es\/wp-json\/wp\/v2\/media?parent=5756"}],"curies":[{"name":"wp","href":"https:\/\/api.w.org\/{rel}","templated":true}]}}